{"id":6476,"date":"2023-04-17T09:55:54","date_gmt":"2023-04-17T09:55:54","guid":{"rendered":"https:\/\/www.3sqair.com\/junta-te\/"},"modified":"2023-04-18T09:56:37","modified_gmt":"2023-04-18T09:56:37","slug":"junta-te-ao-projeto","status":"publish","type":"page","link":"https:\/\/www.3sqair.com\/pt-pt\/junta-te-ao-projeto\/","title":{"rendered":"Junta-te ao projeto"},"content":{"rendered":"<p>[vc_row][vc_column]<h3 class=\"grve-element grve-title grve-align-center grve-h3\"><span><span class=\"jCAhz ChMk0b\"><span class=\"ryNqvb\">ENCONTRA AQUI TODOS OS AGENTES E AS INFORMA\u00c7\u00d5ES ATUALIZADAS DA <\/span><\/span><span style=\"color: #fdc608;\">CAI<\/span><\/span><\/h3><div style=\"height: 50px;\" class=\"grve-empty-space\"><\/div>[\/vc_column][\/vc_row][vc_row][vc_column][vc_column_text]Com o objetivo de manter o interesse e a utilidade do projeto 3SqAir de melhoria da qualidade do ar interior, esta plataforma est\u00e1 aberta a receber nova documenta\u00e7\u00e3o e novos agentes.<\/p>\n<p>Neste sentido, se est\u00e1s interessado a promover-te como profissional (Agente) ou se contas com documenta\u00e7\u00e3o relacionada com a tem\u00e1tica do projeto para partilhar (Centro documental), <strong>oferecemos-te a possibilidade de o fazeres nesta plataforma<\/strong><\/p>\n<p>Preenche este formul\u00e1rio e entraremos em contacto para saber como gostarias de te juntar ao projeto[\/vc_column_text][\/vc_column][\/vc_row][vc_row][vc_column]<div style=\"height: 50px;\" class=\"grve-empty-space\"><\/div>\n<div class=\"wpcf7 no-js\" id=\"wpcf7-f1759-o1\" lang=\"pt-PT\" dir=\"ltr\">\n<div class=\"screen-reader-response\"><p role=\"status\" aria-live=\"polite\" aria-atomic=\"true\"><\/p> <ul><\/ul><\/div>\n<form action=\"\/pt-pt\/wp-json\/wp\/v2\/pages\/6476#wpcf7-f1759-o1\" method=\"post\" class=\"wpcf7-form init\" aria-label=\"Formul\u00e1rio de contacto\" novalidate=\"novalidate\" data-status=\"init\">\n<div style=\"display: none;\">\n<input type=\"hidden\" name=\"_wpcf7\" value=\"1759\" \/>\n<input type=\"hidden\" name=\"_wpcf7_version\" value=\"5.7.7\" \/>\n<input type=\"hidden\" name=\"_wpcf7_locale\" value=\"pt_PT\" \/>\n<input type=\"hidden\" name=\"_wpcf7_unit_tag\" value=\"wpcf7-f1759-o1\" \/>\n<input type=\"hidden\" name=\"_wpcf7_container_post\" value=\"0\" \/>\n<input type=\"hidden\" name=\"_wpcf7_posted_data_hash\" value=\"\" \/>\n<\/div>\n<div class=\"grve-form grve-fields-grey-bg grve-fields-round\">\n\t<div class=\"grve-fields-wrapper\">\n\t\t<div class=\"grve-one-half\">\n\t\t\t<p><span class=\"wpcf7-form-control-wrap\" data-name=\"your-name\"><input size=\"40\" class=\"wpcf7-form-control wpcf7-text wpcf7-validates-as-required\" autocomplete=\"off\" aria-required=\"true\" aria-invalid=\"false\" placeholder=\"Nome *\" value=\"\" type=\"text\" name=\"your-name\" \/><\/span>\n\t\t\t<\/p>\n\t\t<\/div>\n\t\t<div class=\"grve-one-half grve-last-column\">\n\t\t\t<p><span class=\"wpcf7-form-control-wrap\" data-name=\"your-email\"><input size=\"40\" class=\"wpcf7-form-control wpcf7-text wpcf7-email wpcf7-validates-as-required wpcf7-validates-as-email\" autocomplete=\"off\" aria-required=\"true\" aria-invalid=\"false\" placeholder=\"Email *\" value=\"\" type=\"email\" name=\"your-email\" \/><\/span>\n\t\t\t<\/p>\n\t\t<\/div>\n\t\t<div class=\"grve-one-half\">\n\t\t\t<p><span class=\"wpcf7-form-control-wrap\" data-name=\"your-subject\"><input size=\"40\" class=\"wpcf7-form-control wpcf7-text\" autocomplete=\"off\" aria-invalid=\"false\" placeholder=\"Assunto\" value=\"\" type=\"text\" name=\"your-subject\" \/><\/span>\n\t\t\t<\/p>\n\t\t<\/div>\n\t\t<div class=\"grve-one-half grve-last-column\">\n\t\t\t<p><span class=\"wpcf7-form-control-wrap\" data-name=\"your-phone\"><input size=\"40\" class=\"wpcf7-form-control wpcf7-text\" aria-invalid=\"false\" placeholder=\"Telefone\" value=\"\" type=\"text\" name=\"your-phone\" \/><\/span>\n\t\t\t<\/p>\n\t\t<\/div>\n\t\t<div>\n\t\t\t<p><span class=\"wpcf7-form-control-wrap\" data-name=\"your-message\"><textarea cols=\"40\" rows=\"10\" class=\"wpcf7-form-control wpcf7-textarea\" aria-invalid=\"false\" placeholder=\"Mensagem\" name=\"your-message\"><\/textarea><\/span>\n\t\t\t<\/p>\n\t\t<\/div>\n\t\t<div class=\"aceptacion\">\n\t\t\t<div class=\"aceptacionUno\">\n\t\t\t\t<p><span class=\"wpcf7-form-control-wrap\" data-name=\"acceptance-376\"><span class=\"wpcf7-form-control wpcf7-acceptance\"><span class=\"wpcf7-list-item\"><label><input type=\"checkbox\" name=\"acceptance-376\" value=\"1\" aria-invalid=\"false\" \/><span class=\"wpcf7-list-item-label\">Eu li e aceito a<\/span><\/label><\/span><\/span><\/span>\n\t\t\t\t<\/p>\n\t\t\t<\/div>\n\t\t\t<div class=\"aceptacionDos\">\n\t\t\t\t<p><a href=\"#\" target=\"_blank\">Pol\u00edtica de privacidade<\/a>\n\t\t\t\t<\/p>\n\t\t\t<\/div>\n\t\t<\/div>\n\t\t<div>\n\t\t\t<p><input class=\"wpcf7-form-control has-spinner wpcf7-submit grve-fluid-button\" type=\"submit\" value=\"ENVIAR\" \/>\n\t\t\t<\/p>\n\t\t<\/div>\n\t<\/div>\n<\/div><p style=\"display: none !important;\" class=\"akismet-fields-container\" data-prefix=\"_wpcf7_ak_\"><label>&#916;<textarea name=\"_wpcf7_ak_hp_textarea\" cols=\"45\" rows=\"8\" maxlength=\"100\"><\/textarea><\/label><input type=\"hidden\" id=\"ak_js_1\" name=\"_wpcf7_ak_js\" value=\"62\"\/><script>document.getElementById( \"ak_js_1\" ).setAttribute( \"value\", ( new Date() ).getTime() );<\/script><\/p><div class=\"wpcf7-response-output\" aria-hidden=\"true\"><\/div>\n<\/form>\n<\/div>\n[\/vc_column][\/vc_row][vc_row][vc_column]<div style=\"height: 50px;\" class=\"grve-empty-space\"><\/div>[\/vc_column][\/vc_row]<\/p>\n","protected":false},"excerpt":{"rendered":"<p>[vc_row][vc_column][\/vc_column][\/vc_row][vc_row][vc_column][vc_column_text]Com o objetivo de manter o interesse e a utilidade do projeto 3SqAir de melhoria da qualidade do ar interior, esta plataforma est\u00e1 aberta a receber nova documenta\u00e7\u00e3o e novos agentes. Neste sentido, se est\u00e1s interessado a promover-te como profissional (Agente) ou se contas com documenta\u00e7\u00e3o relacionada com a tem\u00e1tica do projeto para partilhar (Centro [&hellip;]<\/p>\n","protected":false},"author":2,"featured_media":0,"parent":0,"menu_order":0,"comment_status":"closed","ping_status":"closed","template":"","meta":{"_monsterinsights_skip_tracking":false,"_monsterinsights_sitenote_active":false,"_monsterinsights_sitenote_note":"","_monsterinsights_sitenote_category":0},"acf":[],"yoast_head":"<!-- This site is optimized with the Yoast SEO plugin v20.4 - https:\/\/yoast.com\/wordpress\/plugins\/seo\/ -->\n<title>Junta-te ao projeto - 3SqAIR<\/title>\n<meta name=\"robots\" content=\"index, follow, max-snippet:-1, max-image-preview:large, max-video-preview:-1\" \/>\n<link rel=\"canonical\" href=\"https:\/\/www.3sqair.com\/pt-pt\/junta-te-ao-projeto\/\" \/>\n<meta property=\"og:locale\" content=\"pt_PT\" \/>\n<meta property=\"og:type\" content=\"article\" \/>\n<meta property=\"og:title\" content=\"Junta-te ao projeto - 3SqAIR\" \/>\n<meta property=\"og:description\" content=\"[vc_row][vc_column][\/vc_column][\/vc_row][vc_row][vc_column][vc_column_text]Com o objetivo de manter o interesse e a utilidade do projeto 3SqAir de melhoria da qualidade do ar interior, esta plataforma est\u00e1 aberta a receber nova documenta\u00e7\u00e3o e novos agentes. Neste sentido, se est\u00e1s interessado a promover-te como profissional (Agente) ou se contas com documenta\u00e7\u00e3o relacionada com a tem\u00e1tica do projeto para partilhar (Centro [&hellip;]\" \/>\n<meta property=\"og:url\" content=\"https:\/\/www.3sqair.com\/pt-pt\/junta-te-ao-projeto\/\" \/>\n<meta property=\"og:site_name\" content=\"3SqAIR\" \/>\n<meta property=\"article:modified_time\" content=\"2023-04-18T09:56:37+00:00\" \/>\n<meta name=\"twitter:card\" content=\"summary_large_image\" \/>\n<meta name=\"twitter:label1\" content=\"Tempo estimado de leitura\" \/>\n\t<meta name=\"twitter:data1\" content=\"1 minuto\" \/>\n<script type=\"application\/ld+json\" class=\"yoast-schema-graph\">{\"@context\":\"https:\/\/schema.org\",\"@graph\":[{\"@type\":\"WebPage\",\"@id\":\"https:\/\/www.3sqair.com\/pt-pt\/junta-te-ao-projeto\/\",\"url\":\"https:\/\/www.3sqair.com\/pt-pt\/junta-te-ao-projeto\/\",\"name\":\"Junta-te ao projeto - 3SqAIR\",\"isPartOf\":{\"@id\":\"https:\/\/www.3sqair.com\/pt-pt\/#website\"},\"datePublished\":\"2023-04-17T09:55:54+00:00\",\"dateModified\":\"2023-04-18T09:56:37+00:00\",\"breadcrumb\":{\"@id\":\"https:\/\/www.3sqair.com\/pt-pt\/junta-te-ao-projeto\/#breadcrumb\"},\"inLanguage\":\"pt-PT\",\"potentialAction\":[{\"@type\":\"ReadAction\",\"target\":[\"https:\/\/www.3sqair.com\/pt-pt\/junta-te-ao-projeto\/\"]}]},{\"@type\":\"BreadcrumbList\",\"@id\":\"https:\/\/www.3sqair.com\/pt-pt\/junta-te-ao-projeto\/#breadcrumb\",\"itemListElement\":[{\"@type\":\"ListItem\",\"position\":1,\"name\":\"Home\",\"item\":\"https:\/\/www.3sqair.com\/pt-pt\/\"},{\"@type\":\"ListItem\",\"position\":2,\"name\":\"Junta-te ao projeto\"}]},{\"@type\":\"WebSite\",\"@id\":\"https:\/\/www.3sqair.com\/pt-pt\/#website\",\"url\":\"https:\/\/www.3sqair.com\/pt-pt\/\",\"name\":\"3SqAIR\",\"description\":\"SUSTAINABLE SMART STRATEGY FOR AIR QUALITY ASSURANCE IN CLASSROOMS\",\"potentialAction\":[{\"@type\":\"SearchAction\",\"target\":{\"@type\":\"EntryPoint\",\"urlTemplate\":\"https:\/\/www.3sqair.com\/pt-pt\/?s={search_term_string}\"},\"query-input\":\"required name=search_term_string\"}],\"inLanguage\":\"pt-PT\"}]}<\/script>\n<!-- \/ Yoast SEO plugin. -->","yoast_head_json":{"title":"Junta-te ao projeto - 3SqAIR","robots":{"index":"index","follow":"follow","max-snippet":"max-snippet:-1","max-image-preview":"max-image-preview:large","max-video-preview":"max-video-preview:-1"},"canonical":"https:\/\/www.3sqair.com\/pt-pt\/junta-te-ao-projeto\/","og_locale":"pt_PT","og_type":"article","og_title":"Junta-te ao projeto - 3SqAIR","og_description":"[vc_row][vc_column][\/vc_column][\/vc_row][vc_row][vc_column][vc_column_text]Com o objetivo de manter o interesse e a utilidade do projeto 3SqAir de melhoria da qualidade do ar interior, esta plataforma est\u00e1 aberta a receber nova documenta\u00e7\u00e3o e novos agentes. Neste sentido, se est\u00e1s interessado a promover-te como profissional (Agente) ou se contas com documenta\u00e7\u00e3o relacionada com a tem\u00e1tica do projeto para partilhar (Centro [&hellip;]","og_url":"https:\/\/www.3sqair.com\/pt-pt\/junta-te-ao-projeto\/","og_site_name":"3SqAIR","article_modified_time":"2023-04-18T09:56:37+00:00","twitter_card":"summary_large_image","twitter_misc":{"Tempo estimado de leitura":"1 minuto"},"schema":{"@context":"https:\/\/schema.org","@graph":[{"@type":"WebPage","@id":"https:\/\/www.3sqair.com\/pt-pt\/junta-te-ao-projeto\/","url":"https:\/\/www.3sqair.com\/pt-pt\/junta-te-ao-projeto\/","name":"Junta-te ao projeto - 3SqAIR","isPartOf":{"@id":"https:\/\/www.3sqair.com\/pt-pt\/#website"},"datePublished":"2023-04-17T09:55:54+00:00","dateModified":"2023-04-18T09:56:37+00:00","breadcrumb":{"@id":"https:\/\/www.3sqair.com\/pt-pt\/junta-te-ao-projeto\/#breadcrumb"},"inLanguage":"pt-PT","potentialAction":[{"@type":"ReadAction","target":["https:\/\/www.3sqair.com\/pt-pt\/junta-te-ao-projeto\/"]}]},{"@type":"BreadcrumbList","@id":"https:\/\/www.3sqair.com\/pt-pt\/junta-te-ao-projeto\/#breadcrumb","itemListElement":[{"@type":"ListItem","position":1,"name":"Home","item":"https:\/\/www.3sqair.com\/pt-pt\/"},{"@type":"ListItem","position":2,"name":"Junta-te ao projeto"}]},{"@type":"WebSite","@id":"https:\/\/www.3sqair.com\/pt-pt\/#website","url":"https:\/\/www.3sqair.com\/pt-pt\/","name":"3SqAIR","description":"SUSTAINABLE SMART STRATEGY FOR AIR QUALITY ASSURANCE IN CLASSROOMS","potentialAction":[{"@type":"SearchAction","target":{"@type":"EntryPoint","urlTemplate":"https:\/\/www.3sqair.com\/pt-pt\/?s={search_term_string}"},"query-input":"required name=search_term_string"}],"inLanguage":"pt-PT"}]}},"_links":{"self":[{"href":"https:\/\/www.3sqair.com\/pt-pt\/wp-json\/wp\/v2\/pages\/6476"}],"collection":[{"href":"https:\/\/www.3sqair.com\/pt-pt\/wp-json\/wp\/v2\/pages"}],"about":[{"href":"https:\/\/www.3sqair.com\/pt-pt\/wp-json\/wp\/v2\/types\/page"}],"author":[{"embeddable":true,"href":"https:\/\/www.3sqair.com\/pt-pt\/wp-json\/wp\/v2\/users\/2"}],"replies":[{"embeddable":true,"href":"https:\/\/www.3sqair.com\/pt-pt\/wp-json\/wp\/v2\/comments?post=6476"}],"version-history":[{"count":5,"href":"https:\/\/www.3sqair.com\/pt-pt\/wp-json\/wp\/v2\/pages\/6476\/revisions"}],"predecessor-version":[{"id":6667,"href":"https:\/\/www.3sqair.com\/pt-pt\/wp-json\/wp\/v2\/pages\/6476\/revisions\/6667"}],"wp:attachment":[{"href":"https:\/\/www.3sqair.com\/pt-pt\/wp-json\/wp\/v2\/media?parent=6476"}],"curies":[{"name":"wp","href":"https:\/\/api.w.org\/{rel}","templated":true}]}}