{"id":1526,"date":"2021-06-24T08:44:52","date_gmt":"2021-06-24T08:44:52","guid":{"rendered":"https:\/\/www.3sqair.com\/?page_id=1526"},"modified":"2022-10-27T10:05:06","modified_gmt":"2022-10-27T10:05:06","slug":"parceiros","status":"publish","type":"page","link":"https:\/\/www.3sqair.com\/pt-pt\/parceiros\/","title":{"rendered":"Parceiros"},"content":{"rendered":"<p>[vc_row padding_top_multiplier=&#8221;&#8221; padding_bottom_multiplier=&#8221;3x&#8221;][vc_column]<h1 class=\"grve-element grve-title grve-align-center grve-h1\"><span><br>\n<h1 style=\"text-align: center;\">Parceiros<br \/>\ndo <span style=\"color: #fdc608;\">projeto 3SqAir<\/span><\/h1>\n<\/span><\/h1>[vc_row_inner tablet_sm_visibility=&#8221;hide&#8221; mobile_visibility=&#8221;hide&#8221;][vc_column_inner width=&#8221;1\/2&#8243;][vc_column_text]<\/p>\n<p style=\"text-align: right;\">Todos os parceiros s\u00e3o entidades,<br \/>\ncentros educacionais e empresas<br \/>\ncom experi\u00eancia comprovada em projetos europeus.<\/p>\n<p>[\/vc_column_text][\/vc_column_inner][vc_column_inner width=&#8221;1\/2&#8243;][vc_column_text]A base do projeto 3SqAir<br \/>\n\u00e9 a colabora\u00e7\u00e3o entre os atores envolvidos e a partilha<br \/>\ndos conhecimentos adquiridos durante as diferentes fases do projeto.[\/vc_column_text][\/vc_column_inner][\/vc_row_inner][vc_row_inner desktop_visibility=&#8221;hide&#8221; tablet_visibility=&#8221;hide&#8221;][vc_column_inner][vc_column_text]<\/p>\n<p style=\"text-align: center;\">Todos os parceiros s\u00e3o entidades, centros educacionais e empresas com experi\u00eancia comprovada em projetos europeus.<\/p>\n<p style=\"text-align: center;\">A base do projeto 3SqAir \u00e9 a colabora\u00e7\u00e3o entre os atores envolvidos e a partilha dos conhecimentos adquiridos durante as diferentes fases do projeto.<\/p>\n<p>[\/vc_column_text][\/vc_column_inner][\/vc_row_inner][\/vc_column][\/vc_row][vc_row columns_gap=&#8221;40&#8243; equal_column_height=&#8221;equal&#8221;][vc_column width=&#8221;1\/5&#8243; text_align=&#8221;center&#8221; hover_animation=&#8221;magnetism&#8221;]<div class=\"grve-element grve-image grve-align-center\">\r\n\t<div class=\"grve-image-item\">\r\n\t\t\r\n\r\n<div class=\"grve-image-wrapper grve-no-effect\">\r\n\t\t<a href=\"https:\/\/www.3sqair.com\/pt-pt\/parceiros\/catie-centro-de-tecnologia-digital-nouvelle-aquitaine\/\" title=\"CATIE Centro de Tecnologia Digital Nouvelle-Aquitaine\">\t\t<div class=\"grve-thumbnail-wrapper\"  style=\"width: 1000px;\"><div class=\"grve-thumbnail\"  style=\"padding-top: 64.8%;\"><img width=\"1000\" height=\"648\" src=\"https:\/\/www.3sqair.com\/wp-content\/uploads\/2021\/05\/partners-3sqair-catie-logo.jpg\" class=\"attachment-full size-full\" alt=\"\" data-column-space=\"auto\" data-lazyload=\"\" data-grve-filter=\"yes\" srcset=\"https:\/\/www.3sqair.com\/wp-content\/uploads\/2021\/05\/partners-3sqair-catie-logo.jpg 1000w, https:\/\/www.3sqair.com\/wp-content\/uploads\/2021\/05\/partners-3sqair-catie-logo-300x194.jpg 300w, https:\/\/www.3sqair.com\/wp-content\/uploads\/2021\/05\/partners-3sqair-catie-logo-768x498.jpg 768w\" sizes=\"(max-width: 1000px) 100vw, 1000px\" \/><\/div><\/div>\t<\/a><\/div>\r\n\t<\/div>\r\n<\/div>\r\n[\/vc_column][vc_column width=&#8221;1\/5&#8243; text_align=&#8221;center&#8221; hover_animation=&#8221;magnetism&#8221;]<div class=\"grve-element grve-image grve-align-center\">\r\n\t<div class=\"grve-image-item\">\r\n\t\t\r\n\r\n<div class=\"grve-image-wrapper grve-no-effect\">\r\n\t\t<a href=\"https:\/\/www.3sqair.com\/pt-pt\/parceiros\/cerema\/\" title=\"CEREMA\">\t\t<div class=\"grve-thumbnail-wrapper\"  style=\"width: 1000px;\"><div class=\"grve-thumbnail\"  style=\"padding-top: 64.8%;\"><img width=\"1000\" height=\"648\" src=\"https:\/\/www.3sqair.com\/wp-content\/uploads\/2021\/05\/partners-3sqair-cerema-logo.jpg\" class=\"attachment-full size-full\" alt=\"\" data-column-space=\"auto\" data-lazyload=\"\" data-grve-filter=\"yes\" srcset=\"https:\/\/www.3sqair.com\/wp-content\/uploads\/2021\/05\/partners-3sqair-cerema-logo.jpg 1000w, https:\/\/www.3sqair.com\/wp-content\/uploads\/2021\/05\/partners-3sqair-cerema-logo-300x194.jpg 300w, https:\/\/www.3sqair.com\/wp-content\/uploads\/2021\/05\/partners-3sqair-cerema-logo-768x498.jpg 768w\" sizes=\"(max-width: 1000px) 100vw, 1000px\" \/><\/div><\/div>\t<\/a><\/div>\r\n\t<\/div>\r\n<\/div>\r\n[\/vc_column][vc_column width=&#8221;1\/5&#8243; text_align=&#8221;center&#8221; hover_animation=&#8221;magnetism&#8221;]<div class=\"grve-element grve-image grve-align-center\">\r\n\t<div class=\"grve-image-item\">\r\n\t\t\r\n\r\n<div class=\"grve-image-wrapper grve-no-effect\">\r\n\t\t<a href=\"https:\/\/www.3sqair.com\/pt-pt\/parceiros\/eraikune-cluster-de-construcao-do-pais-basco\/\" title=\"Eraikune, Cluster de Constru\u00e7\u00e3o do Pa\u00eds Basco\">\t\t<div class=\"grve-thumbnail-wrapper\"  style=\"width: 1000px;\"><div class=\"grve-thumbnail\"  style=\"padding-top: 64.8%;\"><img width=\"1000\" height=\"648\" src=\"https:\/\/www.3sqair.com\/wp-content\/uploads\/2021\/05\/partners-3sqair-eraikune-logo.jpg\" class=\"attachment-full size-full\" alt=\"\" data-column-space=\"auto\" data-lazyload=\"\" data-grve-filter=\"yes\" srcset=\"https:\/\/www.3sqair.com\/wp-content\/uploads\/2021\/05\/partners-3sqair-eraikune-logo.jpg 1000w, https:\/\/www.3sqair.com\/wp-content\/uploads\/2021\/05\/partners-3sqair-eraikune-logo-300x194.jpg 300w, https:\/\/www.3sqair.com\/wp-content\/uploads\/2021\/05\/partners-3sqair-eraikune-logo-768x498.jpg 768w\" sizes=\"(max-width: 1000px) 100vw, 1000px\" \/><\/div><\/div>\t<\/a><\/div>\r\n\t<\/div>\r\n<\/div>\r\n[\/vc_column][vc_column width=&#8221;1\/5&#8243; text_align=&#8221;center&#8221; hover_animation=&#8221;magnetism&#8221;]<div class=\"grve-element grve-image grve-align-center\">\r\n\t<div class=\"grve-image-item\">\r\n\t\t\r\n\r\n<div class=\"grve-image-wrapper grve-no-effect\">\r\n\t\t<a href=\"https:\/\/www.3sqair.com\/pt-pt\/parceiros\/greease\/\" title=\"Greease\">\t\t<div class=\"grve-thumbnail-wrapper\"  style=\"width: 1000px;\"><div class=\"grve-thumbnail\"  style=\"padding-top: 64.8%;\"><img width=\"1000\" height=\"648\" src=\"https:\/\/www.3sqair.com\/wp-content\/uploads\/2021\/05\/partners-3sqair-greease-logo.jpg\" class=\"attachment-full size-full\" alt=\"\" data-column-space=\"auto\" data-lazyload=\"\" data-grve-filter=\"yes\" srcset=\"https:\/\/www.3sqair.com\/wp-content\/uploads\/2021\/05\/partners-3sqair-greease-logo.jpg 1000w, https:\/\/www.3sqair.com\/wp-content\/uploads\/2021\/05\/partners-3sqair-greease-logo-300x194.jpg 300w, https:\/\/www.3sqair.com\/wp-content\/uploads\/2021\/05\/partners-3sqair-greease-logo-768x498.jpg 768w\" sizes=\"(max-width: 1000px) 100vw, 1000px\" \/><\/div><\/div>\t<\/a><\/div>\r\n\t<\/div>\r\n<\/div>\r\n[\/vc_column][vc_column width=&#8221;1\/5&#8243; text_align=&#8221;center&#8221; hover_animation=&#8221;magnetism&#8221;]<div class=\"grve-element grve-image grve-align-center\">\r\n\t<div class=\"grve-image-item\">\r\n\t\t\r\n\r\n<div class=\"grve-image-wrapper grve-no-effect\">\r\n\t\t<a href=\"https:\/\/www.3sqair.com\/pt-pt\/parceiros\/ikerlan\/\" title=\"Ikerlan\">\t\t<div class=\"grve-thumbnail-wrapper\"  style=\"width: 1000px;\"><div class=\"grve-thumbnail\"  style=\"padding-top: 64.8%;\"><img width=\"1000\" height=\"648\" src=\"https:\/\/www.3sqair.com\/wp-content\/uploads\/2021\/05\/partners-3sqair-ikerlan-logo.jpg\" class=\"attachment-full size-full\" alt=\"\" data-column-space=\"auto\" data-lazyload=\"\" data-grve-filter=\"yes\" srcset=\"https:\/\/www.3sqair.com\/wp-content\/uploads\/2021\/05\/partners-3sqair-ikerlan-logo.jpg 1000w, https:\/\/www.3sqair.com\/wp-content\/uploads\/2021\/05\/partners-3sqair-ikerlan-logo-300x194.jpg 300w, https:\/\/www.3sqair.com\/wp-content\/uploads\/2021\/05\/partners-3sqair-ikerlan-logo-768x498.jpg 768w\" sizes=\"(max-width: 1000px) 100vw, 1000px\" \/><\/div><\/div>\t<\/a><\/div>\r\n\t<\/div>\r\n<\/div>\r\n[\/vc_column][\/vc_row][vc_row][vc_column]<div style=\"height: 80px;\" class=\"grve-empty-space\"><\/div>[\/vc_column][\/vc_row][vc_row columns_gap=&#8221;40&#8243; equal_column_height=&#8221;equal&#8221;][vc_column width=&#8221;1\/5&#8243; text_align=&#8221;center&#8221; hover_animation=&#8221;magnetism&#8221;]<div class=\"grve-element grve-image grve-align-center\">\r\n\t<div class=\"grve-image-item\">\r\n\t\t\r\n\r\n<div class=\"grve-image-wrapper grve-no-effect\">\r\n\t\t<a href=\"https:\/\/www.3sqair.com\/pt-pt\/parceiros\/instituto-superior-tecnico\/\" title=\"Instituto Superior T\u00e9cnico\">\t\t<div class=\"grve-thumbnail-wrapper\"  style=\"width: 1000px;\"><div class=\"grve-thumbnail\"  style=\"padding-top: 64.8%;\"><img width=\"1000\" height=\"648\" src=\"https:\/\/www.3sqair.com\/wp-content\/uploads\/2021\/05\/partners-3sqair-ist-logo.jpg\" class=\"attachment-full size-full\" alt=\"\" data-column-space=\"auto\" data-lazyload=\"\" data-grve-filter=\"yes\" srcset=\"https:\/\/www.3sqair.com\/wp-content\/uploads\/2021\/05\/partners-3sqair-ist-logo.jpg 1000w, https:\/\/www.3sqair.com\/wp-content\/uploads\/2021\/05\/partners-3sqair-ist-logo-300x194.jpg 300w, https:\/\/www.3sqair.com\/wp-content\/uploads\/2021\/05\/partners-3sqair-ist-logo-768x498.jpg 768w\" sizes=\"(max-width: 1000px) 100vw, 1000px\" \/><\/div><\/div>\t<\/a><\/div>\r\n\t<\/div>\r\n<\/div>\r\n[\/vc_column][vc_column width=&#8221;1\/5&#8243; text_align=&#8221;center&#8221; hover_animation=&#8221;magnetism&#8221;]<div class=\"grve-element grve-image grve-align-center\">\r\n\t<div class=\"grve-image-item\">\r\n\t\t\r\n\r\n<div class=\"grve-image-wrapper grve-no-effect\">\r\n\t\t<a href=\"https:\/\/www.3sqair.com\/pt-pt\/parceiros\/universidade-de-coimbra\/\" title=\"Universidade de Coimbra\">\t\t<div class=\"grve-thumbnail-wrapper\"  style=\"width: 1000px;\"><div class=\"grve-thumbnail\"  style=\"padding-top: 64.8%;\"><img width=\"1000\" height=\"648\" src=\"https:\/\/www.3sqair.com\/wp-content\/uploads\/2021\/05\/partners-3sqair-coimbra-logo.jpg\" class=\"attachment-full size-full\" alt=\"\" data-column-space=\"auto\" data-lazyload=\"\" data-grve-filter=\"yes\" srcset=\"https:\/\/www.3sqair.com\/wp-content\/uploads\/2021\/05\/partners-3sqair-coimbra-logo.jpg 1000w, https:\/\/www.3sqair.com\/wp-content\/uploads\/2021\/05\/partners-3sqair-coimbra-logo-300x194.jpg 300w, https:\/\/www.3sqair.com\/wp-content\/uploads\/2021\/05\/partners-3sqair-coimbra-logo-768x498.jpg 768w\" sizes=\"(max-width: 1000px) 100vw, 1000px\" \/><\/div><\/div>\t<\/a><\/div>\r\n\t<\/div>\r\n<\/div>\r\n[\/vc_column][vc_column width=&#8221;1\/5&#8243; text_align=&#8221;center&#8221; hover_animation=&#8221;magnetism&#8221;]<div class=\"grve-element grve-image grve-align-center\">\r\n\t<div class=\"grve-image-item\">\r\n\t\t\r\n\r\n<div class=\"grve-image-wrapper grve-no-effect\">\r\n\t\t<a href=\"https:\/\/www.3sqair.com\/pt-pt\/parceiros\/universidade-do-pais-basco\/\" title=\"Universidade do Pa\u00eds Basco\">\t\t<div class=\"grve-thumbnail-wrapper\"  style=\"width: 1000px;\"><div class=\"grve-thumbnail\"  style=\"padding-top: 64.8%;\"><img width=\"1000\" height=\"648\" src=\"https:\/\/www.3sqair.com\/wp-content\/uploads\/2021\/05\/partners-3sqair-upv-logo.jpg\" class=\"attachment-full size-full\" alt=\"\" data-column-space=\"auto\" data-lazyload=\"\" data-grve-filter=\"yes\" srcset=\"https:\/\/www.3sqair.com\/wp-content\/uploads\/2021\/05\/partners-3sqair-upv-logo.jpg 1000w, https:\/\/www.3sqair.com\/wp-content\/uploads\/2021\/05\/partners-3sqair-upv-logo-300x194.jpg 300w, https:\/\/www.3sqair.com\/wp-content\/uploads\/2021\/05\/partners-3sqair-upv-logo-768x498.jpg 768w\" sizes=\"(max-width: 1000px) 100vw, 1000px\" \/><\/div><\/div>\t<\/a><\/div>\r\n\t<\/div>\r\n<\/div>\r\n[\/vc_column][vc_column width=&#8221;1\/5&#8243; text_align=&#8221;center&#8221; hover_animation=&#8221;magnetism&#8221;]<div class=\"grve-element grve-image grve-align-center\">\r\n\t<div class=\"grve-image-item\">\r\n\t\t\r\n\r\n<div class=\"grve-image-wrapper grve-no-effect\">\r\n\t\t<a href=\"https:\/\/www.3sqair.com\/pt-pt\/parceiros\/universidade-paul-sabatier\/\" title=\"Universidade Paul Sabatier\">\t\t<div class=\"grve-thumbnail-wrapper\"  style=\"width: 1000px;\"><div class=\"grve-thumbnail\"  style=\"padding-top: 64.8%;\"><img width=\"1000\" height=\"648\" src=\"https:\/\/www.3sqair.com\/wp-content\/uploads\/2021\/05\/partners-3sqair-toulouse-university-logo.jpg\" class=\"attachment-full size-full\" alt=\"\" data-column-space=\"auto\" data-lazyload=\"\" data-grve-filter=\"yes\" srcset=\"https:\/\/www.3sqair.com\/wp-content\/uploads\/2021\/05\/partners-3sqair-toulouse-university-logo.jpg 1000w, https:\/\/www.3sqair.com\/wp-content\/uploads\/2021\/05\/partners-3sqair-toulouse-university-logo-300x194.jpg 300w, https:\/\/www.3sqair.com\/wp-content\/uploads\/2021\/05\/partners-3sqair-toulouse-university-logo-768x498.jpg 768w\" sizes=\"(max-width: 1000px) 100vw, 1000px\" \/><\/div><\/div>\t<\/a><\/div>\r\n\t<\/div>\r\n<\/div>\r\n[\/vc_column][vc_column width=&#8221;1\/5&#8243; text_align=&#8221;center&#8221; hover_animation=&#8221;magnetism&#8221;]<div class=\"grve-element grve-image grve-align-center\">\r\n\t<div class=\"grve-image-item\">\r\n\t\t\r\n\r\n<div class=\"grve-image-wrapper grve-no-effect\">\r\n\t\t<a href=\"https:\/\/www.3sqair.com\/pt-pt\/parceiros\/zubigune-fundazioa\/\" title=\"Zubigune Fundazioa\">\t\t<div class=\"grve-thumbnail-wrapper\"  style=\"width: 1000px;\"><div class=\"grve-thumbnail\"  style=\"padding-top: 64.8%;\"><img width=\"1000\" height=\"648\" src=\"https:\/\/www.3sqair.com\/wp-content\/uploads\/2021\/05\/partners-3sqair-zubigune-logo.jpg\" class=\"attachment-full size-full\" alt=\"\" data-column-space=\"auto\" data-lazyload=\"\" data-grve-filter=\"yes\" srcset=\"https:\/\/www.3sqair.com\/wp-content\/uploads\/2021\/05\/partners-3sqair-zubigune-logo.jpg 1000w, https:\/\/www.3sqair.com\/wp-content\/uploads\/2021\/05\/partners-3sqair-zubigune-logo-300x194.jpg 300w, https:\/\/www.3sqair.com\/wp-content\/uploads\/2021\/05\/partners-3sqair-zubigune-logo-768x498.jpg 768w\" sizes=\"(max-width: 1000px) 100vw, 1000px\" \/><\/div><\/div>\t<\/a><\/div>\r\n\t<\/div>\r\n<\/div>\r\n[\/vc_column][\/vc_row][vc_row padding_top_multiplier=&#8221;&#8221; padding_bottom_multiplier=&#8221;3x&#8221;][vc_column]<div style=\"height: 80px;\" class=\"grve-empty-space\"><\/div>[\/vc_column][\/vc_row][vc_row padding_top_multiplier=&#8221;2x&#8221; padding_bottom_multiplier=&#8221;3x&#8221; rc_bg_type=&#8221;gradient&#8221; rc_bg_gradient_color_1=&#8221;rgba(0,51,153,0.05)&#8221; rc_bg_gradient_color_2=&#8221;rgba(0,239,231,0.11)&#8221;][vc_column]<h2 class=\"grve-element grve-title grve-align-left grve-h2\"><span><br>\n<h2 style=\"text-align: left;\">Benefici\u00e1rios associados<\/h2>\n<\/span><\/h2><div style=\"height: 35px;\" class=\"grve-empty-space\"><\/div>[vc_row_inner][vc_column_inner width=&#8221;1\/3&#8243;][vc_column_text]<\/p>\n<ul>\n<li class=\"AssociatedList\"><a href=\"https:\/\/www.ikaslangipuzkoa.eus\/es\/cartografia\/cifp-desarrollo-sostenible-en-edificacion-inteligente-eagi-lhii\" target=\"_blank\" rel=\"noopener\">CIFP Desarrollo Sostenible en edificaci\u00f3n inteligente\u00a0<\/a><\/li>\n<li class=\"AssociatedList\"><a href=\"http:\/\/www.navarra.es\/home_es\/Gobierno+de+Navarra\/organigramas+departamentos\/organigrama+departamento+de+educacion.htm?idunidadactual=10009417\" target=\"_blank\" rel=\"noopener\">Direcci\u00f3n General de Formaci\u00f3n Profesional (Gobierno de Navarra)<\/a><\/li>\n<li class=\"AssociatedList\"><a href=\"http:\/\/www.lhusurbil.com\/web\/\" target=\"_blank\" rel=\"noopener\">CIFP Usurbil LHII<\/a><\/li>\n<li class=\"AssociatedList\"><a href=\"https:\/\/www.biodonostia.org\/\" target=\"_blank\" rel=\"noopener\">Biodonostia Health Research Institute<\/a><\/li>\n<li class=\"AssociatedList\"><a href=\"https:\/\/www.uva.es\/export\/sites\/uva\/\" target=\"_blank\" rel=\"noopener\">Universidad de Valladolid<\/a><\/li>\n<li class=\"AssociatedList\"><a href=\"https:\/\/www.euskadi.eus\/gobierno-vasco\/vivienda\/inicio\/\" target=\"_blank\" rel=\"noopener\">Gobierno Vasco \/ Eusko Jaurlaritza: Viceconsejer\u00eda de Vivienda<\/a><\/li>\n<\/ul>\n<p>[\/vc_column_text][\/vc_column_inner][vc_column_inner width=&#8221;1\/3&#8243;][vc_column_text]<\/p>\n<ul>\n<li class=\"AssociatedList\"><a href=\"https:\/\/www.cenifer.com\/\" target=\"_blank\" rel=\"noopener\">Centro Integrado Superior Energ\u00edas Renovables<\/a><\/li>\n<li class=\"AssociatedList\"><a href=\"https:\/\/www.hautespyrenees.fr\/\" target=\"_blank\" rel=\"noopener\">D\u00e9partement des Hautes-Pyr\u00e9n\u00e9es<\/a><\/li>\n<li class=\"AssociatedList\"><a href=\"https:\/\/www.irit.fr\/neocampus\/fr\/\" target=\"_blank\" rel=\"noopener\">Groupement d&#8217;Int\u00e9r\u00eat Scientifique neoCampus<\/a><\/li>\n<li class=\"AssociatedList\"><a href=\"https:\/\/www.gironde.fr\/\" target=\"_blank\" rel=\"noopener\">Conseil D\u00e9partemental de la Gironde<\/a><\/li>\n<li class=\"AssociatedList\"><a href=\"https:\/\/www.uc.pt\/fmuc\" target=\"_blank\" rel=\"noopener\">Faculdade de Medicina da Universidade de Coimbra<\/a><\/li>\n<\/ul>\n<p>[\/vc_column_text][\/vc_column_inner][vc_column_inner width=&#8221;1\/3&#8243;][vc_column_text]<\/p>\n<ul>\n<li class=\"AssociatedList\"><a href=\"https:\/\/fenix.tecnico.ulisboa.pt\/departamentos\/deg\/campus-da-alameda\" target=\"_blank\" rel=\"noopener\">Campus da Alameda do Instituto Superior T\u00e9cnico<\/a><\/li>\n<li class=\"AssociatedList\"><a href=\"https:\/\/apist.tecnico.ulisboa.pt\/infantario.html\" target=\"_blank\" rel=\"noopener\">Infant\u00e1rio e Jardim de Inf\u00e2ncia da Associa\u00e7\u00e3o do Pessoal do Instituto Superior T\u00e9cnico<\/a><\/li>\n<li class=\"AssociatedList\"><a href=\"https:\/\/www.rehva.eu\/\" target=\"_blank\" rel=\"noopener\">REHVA Federation of European Heating, Ventilation and Air-conditioning Associations<\/a><\/li>\n<li class=\"AssociatedList\"><a href=\"https:\/\/www.aivc.org\/\" target=\"_blank\" rel=\"noopener\">Air Infiltration and Ventilation Centre<\/a><\/li>\n<li class=\"AssociatedList\"><a href=\"https:\/\/www.rehva.eu\/about-us\/members\/ttmd\" target=\"_blank\" rel=\"noopener\">Turkish Society of HVAC and Sanitary Engineers<\/a><\/li>\n<\/ul>\n<p>[\/vc_column_text][\/vc_column_inner][\/vc_row_inner][\/vc_column][\/vc_row]<\/p>\n","protected":false},"excerpt":{"rendered":"<p>[vc_row padding_top_multiplier=&#8221;&#8221; padding_bottom_multiplier=&#8221;3x&#8221;][vc_column][vc_row_inner tablet_sm_visibility=&#8221;hide&#8221; mobile_visibility=&#8221;hide&#8221;][vc_column_inner width=&#8221;1\/2&#8243;][vc_column_text] Todos os parceiros s\u00e3o entidades, centros educacionais e empresas com experi\u00eancia comprovada em projetos europeus. [\/vc_column_text][\/vc_column_inner][vc_column_inner width=&#8221;1\/2&#8243;][vc_column_text]A base do projeto 3SqAir \u00e9 a colabora\u00e7\u00e3o entre os atores envolvidos e a partilha dos conhecimentos adquiridos durante as diferentes fases do projeto.[\/vc_column_text][\/vc_column_inner][\/vc_row_inner][vc_row_inner desktop_visibility=&#8221;hide&#8221; tablet_visibility=&#8221;hide&#8221;][vc_column_inner][vc_column_text] Todos os parceiros s\u00e3o entidades, centros educacionais [&hellip;]<\/p>\n","protected":false},"author":1,"featured_media":1584,"parent":0,"menu_order":0,"comment_status":"closed","ping_status":"closed","template":"","meta":{"_monsterinsights_skip_tracking":false,"_monsterinsights_sitenote_active":false,"_monsterinsights_sitenote_note":"","_monsterinsights_sitenote_category":0},"acf":[],"yoast_head":"<!-- This site is optimized with the Yoast SEO plugin v20.4 - https:\/\/yoast.com\/wordpress\/plugins\/seo\/ -->\n<title>Parceiros - 3SqAIR<\/title>\n<meta name=\"robots\" content=\"index, follow, max-snippet:-1, max-image-preview:large, max-video-preview:-1\" \/>\n<link rel=\"canonical\" href=\"https:\/\/www.3sqair.com\/pt-pt\/parceiros\/\" \/>\n<meta property=\"og:locale\" content=\"pt_PT\" \/>\n<meta property=\"og:type\" content=\"article\" \/>\n<meta property=\"og:title\" content=\"Parceiros - 3SqAIR\" \/>\n<meta property=\"og:description\" content=\"[vc_row padding_top_multiplier=&#8221;&#8221; padding_bottom_multiplier=&#8221;3x&#8221;][vc_column][vc_row_inner tablet_sm_visibility=&#8221;hide&#8221; mobile_visibility=&#8221;hide&#8221;][vc_column_inner width=&#8221;1\/2&#8243;][vc_column_text] Todos os parceiros s\u00e3o entidades, centros educacionais e empresas com experi\u00eancia comprovada em projetos europeus. [\/vc_column_text][\/vc_column_inner][vc_column_inner width=&#8221;1\/2&#8243;][vc_column_text]A base do projeto 3SqAir \u00e9 a colabora\u00e7\u00e3o entre os atores envolvidos e a partilha dos conhecimentos adquiridos durante as diferentes fases do projeto.[\/vc_column_text][\/vc_column_inner][\/vc_row_inner][vc_row_inner desktop_visibility=&#8221;hide&#8221; tablet_visibility=&#8221;hide&#8221;][vc_column_inner][vc_column_text] Todos os parceiros s\u00e3o entidades, centros educacionais [&hellip;]\" \/>\n<meta property=\"og:url\" content=\"https:\/\/www.3sqair.com\/pt-pt\/parceiros\/\" \/>\n<meta property=\"og:site_name\" content=\"3SqAIR\" \/>\n<meta property=\"article:modified_time\" content=\"2022-10-27T10:05:06+00:00\" \/>\n<meta property=\"og:image\" content=\"https:\/\/www.3sqair.com\/wp-content\/uploads\/2021\/06\/3sqair-partners-dest.jpg\" \/>\n\t<meta property=\"og:image:width\" content=\"800\" \/>\n\t<meta property=\"og:image:height\" content=\"540\" \/>\n\t<meta property=\"og:image:type\" content=\"image\/jpeg\" \/>\n<meta name=\"twitter:card\" content=\"summary_large_image\" \/>\n<meta name=\"twitter:label1\" content=\"Tempo estimado de leitura\" \/>\n\t<meta name=\"twitter:data1\" content=\"2 minutos\" \/>\n<script type=\"application\/ld+json\" class=\"yoast-schema-graph\">{\"@context\":\"https:\/\/schema.org\",\"@graph\":[{\"@type\":\"WebPage\",\"@id\":\"https:\/\/www.3sqair.com\/pt-pt\/parceiros\/\",\"url\":\"https:\/\/www.3sqair.com\/pt-pt\/parceiros\/\",\"name\":\"Parceiros - 3SqAIR\",\"isPartOf\":{\"@id\":\"https:\/\/www.3sqair.com\/pt-pt\/#website\"},\"datePublished\":\"2021-06-24T08:44:52+00:00\",\"dateModified\":\"2022-10-27T10:05:06+00:00\",\"breadcrumb\":{\"@id\":\"https:\/\/www.3sqair.com\/pt-pt\/parceiros\/#breadcrumb\"},\"inLanguage\":\"pt-PT\",\"potentialAction\":[{\"@type\":\"ReadAction\",\"target\":[\"https:\/\/www.3sqair.com\/pt-pt\/parceiros\/\"]}]},{\"@type\":\"BreadcrumbList\",\"@id\":\"https:\/\/www.3sqair.com\/pt-pt\/parceiros\/#breadcrumb\",\"itemListElement\":[{\"@type\":\"ListItem\",\"position\":1,\"name\":\"Home\",\"item\":\"https:\/\/www.3sqair.com\/pt-pt\/\"},{\"@type\":\"ListItem\",\"position\":2,\"name\":\"Parceiros\"}]},{\"@type\":\"WebSite\",\"@id\":\"https:\/\/www.3sqair.com\/pt-pt\/#website\",\"url\":\"https:\/\/www.3sqair.com\/pt-pt\/\",\"name\":\"3SqAIR\",\"description\":\"SUSTAINABLE SMART STRATEGY FOR AIR QUALITY ASSURANCE IN CLASSROOMS\",\"potentialAction\":[{\"@type\":\"SearchAction\",\"target\":{\"@type\":\"EntryPoint\",\"urlTemplate\":\"https:\/\/www.3sqair.com\/pt-pt\/?s={search_term_string}\"},\"query-input\":\"required name=search_term_string\"}],\"inLanguage\":\"pt-PT\"}]}<\/script>\n<!-- \/ Yoast SEO plugin. -->","yoast_head_json":{"title":"Parceiros - 3SqAIR","robots":{"index":"index","follow":"follow","max-snippet":"max-snippet:-1","max-image-preview":"max-image-preview:large","max-video-preview":"max-video-preview:-1"},"canonical":"https:\/\/www.3sqair.com\/pt-pt\/parceiros\/","og_locale":"pt_PT","og_type":"article","og_title":"Parceiros - 3SqAIR","og_description":"[vc_row padding_top_multiplier=&#8221;&#8221; padding_bottom_multiplier=&#8221;3x&#8221;][vc_column][vc_row_inner tablet_sm_visibility=&#8221;hide&#8221; mobile_visibility=&#8221;hide&#8221;][vc_column_inner width=&#8221;1\/2&#8243;][vc_column_text] Todos os parceiros s\u00e3o entidades, centros educacionais e empresas com experi\u00eancia comprovada em projetos europeus. [\/vc_column_text][\/vc_column_inner][vc_column_inner width=&#8221;1\/2&#8243;][vc_column_text]A base do projeto 3SqAir \u00e9 a colabora\u00e7\u00e3o entre os atores envolvidos e a partilha dos conhecimentos adquiridos durante as diferentes fases do projeto.[\/vc_column_text][\/vc_column_inner][\/vc_row_inner][vc_row_inner desktop_visibility=&#8221;hide&#8221; tablet_visibility=&#8221;hide&#8221;][vc_column_inner][vc_column_text] Todos os parceiros s\u00e3o entidades, centros educacionais [&hellip;]","og_url":"https:\/\/www.3sqair.com\/pt-pt\/parceiros\/","og_site_name":"3SqAIR","article_modified_time":"2022-10-27T10:05:06+00:00","og_image":[{"width":800,"height":540,"url":"https:\/\/www.3sqair.com\/wp-content\/uploads\/2021\/06\/3sqair-partners-dest.jpg","type":"image\/jpeg"}],"twitter_card":"summary_large_image","twitter_misc":{"Tempo estimado de leitura":"2 minutos"},"schema":{"@context":"https:\/\/schema.org","@graph":[{"@type":"WebPage","@id":"https:\/\/www.3sqair.com\/pt-pt\/parceiros\/","url":"https:\/\/www.3sqair.com\/pt-pt\/parceiros\/","name":"Parceiros - 3SqAIR","isPartOf":{"@id":"https:\/\/www.3sqair.com\/pt-pt\/#website"},"datePublished":"2021-06-24T08:44:52+00:00","dateModified":"2022-10-27T10:05:06+00:00","breadcrumb":{"@id":"https:\/\/www.3sqair.com\/pt-pt\/parceiros\/#breadcrumb"},"inLanguage":"pt-PT","potentialAction":[{"@type":"ReadAction","target":["https:\/\/www.3sqair.com\/pt-pt\/parceiros\/"]}]},{"@type":"BreadcrumbList","@id":"https:\/\/www.3sqair.com\/pt-pt\/parceiros\/#breadcrumb","itemListElement":[{"@type":"ListItem","position":1,"name":"Home","item":"https:\/\/www.3sqair.com\/pt-pt\/"},{"@type":"ListItem","position":2,"name":"Parceiros"}]},{"@type":"WebSite","@id":"https:\/\/www.3sqair.com\/pt-pt\/#website","url":"https:\/\/www.3sqair.com\/pt-pt\/","name":"3SqAIR","description":"SUSTAINABLE SMART STRATEGY FOR AIR QUALITY ASSURANCE IN CLASSROOMS","potentialAction":[{"@type":"SearchAction","target":{"@type":"EntryPoint","urlTemplate":"https:\/\/www.3sqair.com\/pt-pt\/?s={search_term_string}"},"query-input":"required name=search_term_string"}],"inLanguage":"pt-PT"}]}},"_links":{"self":[{"href":"https:\/\/www.3sqair.com\/pt-pt\/wp-json\/wp\/v2\/pages\/1526"}],"collection":[{"href":"https:\/\/www.3sqair.com\/pt-pt\/wp-json\/wp\/v2\/pages"}],"about":[{"href":"https:\/\/www.3sqair.com\/pt-pt\/wp-json\/wp\/v2\/types\/page"}],"author":[{"embeddable":true,"href":"https:\/\/www.3sqair.com\/pt-pt\/wp-json\/wp\/v2\/users\/1"}],"replies":[{"embeddable":true,"href":"https:\/\/www.3sqair.com\/pt-pt\/wp-json\/wp\/v2\/comments?post=1526"}],"version-history":[{"count":0,"href":"https:\/\/www.3sqair.com\/pt-pt\/wp-json\/wp\/v2\/pages\/1526\/revisions"}],"wp:featuredmedia":[{"embeddable":true,"href":"https:\/\/www.3sqair.com\/pt-pt\/wp-json\/wp\/v2\/media\/1584"}],"wp:attachment":[{"href":"https:\/\/www.3sqair.com\/pt-pt\/wp-json\/wp\/v2\/media?parent=1526"}],"curies":[{"name":"wp","href":"https:\/\/api.w.org\/{rel}","templated":true}]}}