{"id":1524,"date":"2021-06-24T08:43:25","date_gmt":"2021-06-24T08:43:25","guid":{"rendered":"https:\/\/www.3sqair.com\/?page_id=1524"},"modified":"2021-06-25T09:14:31","modified_gmt":"2021-06-25T09:14:31","slug":"plano-de-acao","status":"publish","type":"page","link":"https:\/\/www.3sqair.com\/pt-pt\/plano-de-acao\/","title":{"rendered":"Plano de A\u00e7\u00e3o"},"content":{"rendered":"<p>[vc_row padding_bottom_multiplier=&#8221;3x&#8221; equal_column_height=&#8221;equal&#8221; separator_top_color=&#8221;#1e73be&#8221;][vc_column width=&#8221;1\/2&#8243; vertical_content_position=&#8221;middle&#8221; full_height=&#8221;yes&#8221; rc_bg_type=&#8221;color&#8221; tablet_sm_width=&#8221;hide&#8221; mobile_width=&#8221;hide&#8221; grve_css=&#8221;{&#8220;desktop&#8220;:{&#8220;padding-left&#8220;:&#8220;2&#8220;,&#8220;class&#8220;:&#8220;grve-wpb-1620388670143&#8220;},&#8220;tablet_landscape&#8220;:{&#8220;padding-right&#8220;:&#8220;15%&#8220;,&#8220;padding-left&#8220;:&#8220;2%&#8220;}}&#8221;]<h6 data-animation=\"clipping-left\" data-delay=\"100\" data-duration=\"slow\" class=\"grve-element grve-title grve-align-left grve-clipping-animation grve-advanced-animation grve-animated-item grve-h6 grve-text-primary-1\"><span><br>\n<h6 style=\"text-align: left;\">PLANO DE A\u00c7\u00c3O<\/h6>\n<\/span><\/h6><h1 data-animation=\"clipping-left\" data-delay=\"200\" data-duration=\"slow\" class=\"grve-element grve-title grve-align-left grve-clipping-animation grve-advanced-animation grve-animated-item grve-h1\"><span>O road map<br \/>\ne a <span style=\"color: #fdc608;\">estrat\u00e9gia RIS3<\/span><\/span><\/h1>[vc_column_text animation=&#8221;fade-in-up&#8221; animation_delay=&#8221;2&#8243;]Este \u00e9 o road map que inclui a estrat\u00e9gia RIS3 para implementar objetivos relativos \u00e0 sustentabilidade de forma equilibrada, permitindo a compatibilidade com uma boa QAI nas salas de aula dos pa\u00edses envolvidos.<\/p>\n<p>Esta estrat\u00e9gia permite obter benef\u00edcios na competitividade dos sistemas educativos parceiros, atrav\u00e9s da melhoria do desempenho de aprendizagem dos alunos.<\/p>\n<p>Al\u00e9m disso, as empresas relacionadas aumentar\u00e3o os seus conhecimentos, o que levar\u00e1 a uma melhoria na qualidade dos seus servi\u00e7os de controlo da QAI.[\/vc_column_text][\/vc_column][vc_column width=&#8221;1\/2&#8243; vertical_content_position=&#8221;middle&#8221; full_height=&#8221;yes&#8221; animation=&#8221;clipping&#8221; clipping_animation=&#8221;clipping-right&#8221; animation_delay=&#8221;100&#8243; animation_duration=&#8221;slow&#8221; column_sticky=&#8221;yes&#8221; hover_animation=&#8221;magnetism&#8221; tablet_sm_width=&#8221;hide&#8221; mobile_width=&#8221;hide&#8221;]<div style=\"height: 40px;\" class=\"grve-empty-space\"><\/div><div class=\"grve-element grve-image grve-align-center\">\r\n\t<div class=\"grve-image-item\">\r\n\t\t\r\n\r\n<div class=\"grve-image-wrapper grve-radius-5 grve-shadow-small grve-no-effect\">\r\n\t\t<div class=\"grve-thumbnail-wrapper\"  style=\"width: 1500px;\"><div class=\"grve-thumbnail\"  style=\"padding-top: 56.333%;\"><img width=\"1500\" height=\"845\" src=\"https:\/\/www.3sqair.com\/wp-content\/uploads\/2021\/05\/prueba-fondo1.jpg\" class=\"attachment-full size-full\" alt=\"\" data-column-space=\"auto\" data-lazyload=\"\" data-grve-filter=\"yes\" srcset=\"https:\/\/www.3sqair.com\/wp-content\/uploads\/2021\/05\/prueba-fondo1.jpg 1500w, https:\/\/www.3sqair.com\/wp-content\/uploads\/2021\/05\/prueba-fondo1-300x169.jpg 300w, https:\/\/www.3sqair.com\/wp-content\/uploads\/2021\/05\/prueba-fondo1-1024x577.jpg 1024w, https:\/\/www.3sqair.com\/wp-content\/uploads\/2021\/05\/prueba-fondo1-768x433.jpg 768w, https:\/\/www.3sqair.com\/wp-content\/uploads\/2021\/05\/prueba-fondo1-1390x782.jpg 1390w\" sizes=\"(max-width: 1500px) 100vw, 1500px\" \/><\/div><\/div>\t<\/div>\r\n\t<\/div>\r\n<\/div>\r\n[\/vc_column][\/vc_row][vc_row padding_top_multiplier=&#8221;&#8221; padding_bottom_multiplier=&#8221;4x&#8221; separator_top_color=&#8221;#1e73be&#8221;][vc_column full_height=&#8221;yes&#8221; rc_bg_type=&#8221;color&#8221; desktop_hide=&#8221;hide&#8221; tablet_width=&#8221;hide&#8221; mobile_text_align=&#8221;left&#8221; grve_css=&#8221;{&#8220;desktop&#8220;:{&#8220;padding-left&#8220;:&#8220;2&#8220;,&#8220;class&#8220;:&#8220;grve-wpb-1620201796856&#8220;},&#8220;tablet_landscape&#8220;:{&#8220;padding-right&#8220;:&#8220;15%&#8220;,&#8220;padding-left&#8220;:&#8220;2%&#8220;}}&#8221;]<h6 class=\"grve-element grve-title grve-align-left grve-h6 grve-text-primary-1\"><span><br>\n<h6 style=\"text-align: left;\">PLANO DE A\u00c7\u00c3O<\/h6>\n<\/span><\/h6><h1 class=\"grve-element grve-title grve-align-left grve-h1\"><span>O road map<br \/>\ne a <span style=\"color: #fdc608;\">estrat\u00e9gia RIS3<\/span><\/span><\/h1>[vc_column_text animation_delay=&#8221;2&#8243;]Este \u00e9 o road map que inclui a estrat\u00e9gia RIS3 para implementar objetivos relativos \u00e0 sustentabilidade de forma equilibrada, permitindo a compatibilidade com uma boa QAI nas salas de aula dos pa\u00edses envolvidos.<\/p>\n<p>Esta estrat\u00e9gia permite obter benef\u00edcios na competitividade dos sistemas educativos parceiros, atrav\u00e9s da melhoria do desempenho de aprendizagem dos alunos.<\/p>\n<p>Al\u00e9m disso, as empresas relacionadas aumentar\u00e3o os seus conhecimentos, o que levar\u00e1 a uma melhoria na qualidade dos seus servi\u00e7os de controlo da QAI.[\/vc_column_text][\/vc_column][\/vc_row][vc_row padding_top_multiplier=&#8221;&#8221;][vc_column tablet_sm_width=&#8221;hide&#8221; mobile_width=&#8221;hide&#8221;][\/vc_column][\/vc_row][vc_row section_type=&#8221;fullwidth&#8221;][vc_column tablet_sm_width=&#8221;hide&#8221; mobile_width=&#8221;hide&#8221; grve_css=&#8221;{&#8220;desktop&#8220;:{&#8220;margin-bottom&#8220;:&#8220;-22%&#8220;,&#8220;class&#8220;:&#8220;grve-wpb-1620201043011&#8220;}}&#8221;][vc_row_inner][vc_column_inner width=&#8221;1\/2&#8243;]<div data-animation=\"clipping-left\" data-delay=\"100\" data-duration=\"slow\" class=\"grve-element grve-image grve-align-center grve-clipping-animation grve-advanced-animation grve-animated-item\">\r\n\t<div class=\"grve-image-item\">\r\n\t\t\r\n\r\n<div class=\"grve-image-wrapper grve-radius-5 grve-shadow-small grve-no-effect\">\r\n\t\t<div class=\"grve-thumbnail-wrapper\"  style=\"width: 1500px;\"><div class=\"grve-thumbnail\"  style=\"padding-top: 56.333%;\"><img width=\"1500\" height=\"845\" src=\"https:\/\/www.3sqair.com\/wp-content\/uploads\/2021\/05\/action-plan-3sqair-img02.jpg\" class=\"attachment-full size-full\" alt=\"\" data-column-space=\"auto\" data-lazyload=\"\" data-grve-filter=\"yes\" srcset=\"https:\/\/www.3sqair.com\/wp-content\/uploads\/2021\/05\/action-plan-3sqair-img02.jpg 1500w, https:\/\/www.3sqair.com\/wp-content\/uploads\/2021\/05\/action-plan-3sqair-img02-300x169.jpg 300w, https:\/\/www.3sqair.com\/wp-content\/uploads\/2021\/05\/action-plan-3sqair-img02-1024x577.jpg 1024w, https:\/\/www.3sqair.com\/wp-content\/uploads\/2021\/05\/action-plan-3sqair-img02-768x433.jpg 768w, https:\/\/www.3sqair.com\/wp-content\/uploads\/2021\/05\/action-plan-3sqair-img02-1390x782.jpg 1390w\" sizes=\"(max-width: 1500px) 100vw, 1500px\" \/><\/div><\/div>\t<\/div>\r\n\t<\/div>\r\n<\/div>\r\n[\/vc_column_inner][vc_column_inner width=&#8221;1\/2&#8243;][\/vc_column_inner][\/vc_row_inner][\/vc_column][\/vc_row][vc_row rc_bg_type=&#8221;color&#8221; rc_bg_color=&#8221;rgba(0,51,153,0.08)&#8221;][vc_column tablet_sm_width=&#8221;hide&#8221; mobile_width=&#8221;hide&#8221;][vc_row_inner][vc_column_inner width=&#8221;1\/2&#8243;]<div style=\"height: 500px;\" class=\"grve-empty-space\"><\/div>[\/vc_column_inner][vc_column_inner width=&#8221;1\/2&#8243;]<div style=\"height: 70px;\" class=\"grve-empty-space\"><\/div><h1 data-animation=\"clipping-left\" data-delay=\"200\" data-duration=\"slow\" class=\"grve-element grve-title grve-align-left grve-clipping-animation grve-advanced-animation grve-animated-item grve-h1\"><span>Campanhas<br \/>\nde sensibiliza\u00e7\u00e3o<br \/>\n<\/span><\/h1>[vc_column_text animation=&#8221;fade-in-up&#8221; animation_delay=&#8221;2&#8243;]Um dos objetivos do projeto \u00e9 disseminar o conhecimento adquirido e aproveitar todos os resultados e estudos, que ser\u00e3o disponibilizados para que todos os agentes envolvidos possam destes beneficiar.<\/p>\n<p>Isso inclui cursos de forma\u00e7\u00e3o sobre a melhoria da qualidade do ar interior em edif\u00edcios educacionais nos tr\u00eas pa\u00edses parceiros.[\/vc_column_text][\/vc_column_inner][\/vc_row_inner][vc_row_inner][vc_column_inner][vc_column_text animation=&#8221;fade-in-up&#8221; animation_delay=&#8221;2&#8243;]<\/p>\n<h5 style=\"text-align: center;\">Os benefici\u00e1rios deste material ser\u00e3o:<\/h5>\n<p>[\/vc_column_text][\/vc_column_inner][\/vc_row_inner]<div style=\"height: 50px;\" class=\"grve-empty-space\"><\/div>[vc_row_inner][vc_column_inner width=&#8221;1\/3&#8243;]<div class=\"grve-element grve-fancy-box grve-align-left grve-bg-light-grey grve-radius-5 grve-small-shadow\"><div class=\"grve-fancy-box-inner\"><div class=\"grve-fancy-box-icon\"><i class=\"et-icon-presentation grve-text-primary-1 grve-small\"><\/i><\/div><p class=\"grve-description\">A Administra\u00e7\u00e3o Geral do Estado.<br \/>\nAssocia\u00e7\u00f5es profissionais.<br \/>\nAssocia\u00e7\u00f5es interprofissionais.<br \/>\nAssocia\u00e7\u00f5es empresariais de produ\u00e7\u00e3o e manufatura.<br \/>\nUniversidades e centros de ensino superior.<br \/>\nOutros centros de aprendizagem.<br \/>\nCentros e parques tecnol\u00f3gicos \/ cient\u00edficos.<\/p>\n<p><\/p>  <\/div><div class=\"grve-fancy-box-bg grve-bg-primary-1 grve-radius-5\"><\/div><\/div>[\/vc_column_inner][vc_column_inner width=&#8221;1\/3&#8243;]<div class=\"grve-element grve-fancy-box grve-align-left grve-bg-light-grey grve-radius-5 grve-small-shadow\"><div class=\"grve-fancy-box-inner\"><div class=\"grve-fancy-box-icon\"><i class=\"et-icon-mobile grve-text-primary-2 grve-small\"><\/i><\/div><p class=\"grve-description\">Institutos, laborat\u00f3rios e centros de investiga\u00e7\u00e3o.<br \/>\nAdministra\u00e7\u00e3o regional.<br \/>\nOutros atores p\u00fablicos envolvidos na inova\u00e7\u00e3o e transfer\u00eancia de tecnologia.<br \/>\nAg\u00eancias regionais de inova\u00e7\u00e3o.<br \/>\nAg\u00eancias de desenvolvimento regional.<br \/>\nAssocia\u00e7\u00f5es (excluindo B2).<\/p>\n<p><\/p>  <\/div><div class=\"grve-fancy-box-bg grve-bg-primary-2 grve-radius-5\"><\/div><\/div>[\/vc_column_inner][vc_column_inner width=&#8221;1\/3&#8243;]<div class=\"grve-element grve-fancy-box grve-align-left grve-bg-light-grey grve-radius-5 grve-small-shadow\"><div class=\"grve-fancy-box-inner\"><div class=\"grve-fancy-box-icon\"><i class=\"et-icon-linegraph grve-text-primary-3 grve-small\"><\/i><\/div><p class=\"grve-description\">Entidades parap\u00fablicas pertencentes a uma estrutura administrativa.<br \/>\nEntidades p\u00fablicas.<br \/>\nEmpresas p\u00fablicas.<br \/>\nAgrupamentos Europeus de Coopera\u00e7\u00e3o Territorial.<br \/>\nMicro empresas.<br \/>\nPequenas m\u00e9dias e grandes empresas.<br \/>\nAdministra\u00e7\u00e3o local.<br \/>\nCons\u00f3rcios.<\/p>\n<p><\/p>  <\/div><div class=\"grve-fancy-box-bg grve-bg-primary-3 grve-radius-5\"><\/div><\/div>[\/vc_column_inner][\/vc_row_inner][vc_row_inner][vc_column_inner]<div style=\"height: 100px;\" class=\"grve-empty-space\"><\/div>[\/vc_column_inner][\/vc_row_inner][\/vc_column][\/vc_row][vc_row rc_bg_type=&#8221;color&#8221; rc_bg_color=&#8221;rgba(0,51,153,0.08)&#8221;][vc_column desktop_hide=&#8221;hide&#8221; tablet_width=&#8221;hide&#8221;]<div style=\"height: 100px;\" class=\"grve-empty-space\"><\/div><div class=\"grve-element grve-image grve-align-center\">\r\n\t<div class=\"grve-image-item\">\r\n\t\t\r\n\r\n<div class=\"grve-image-wrapper grve-radius-5 grve-shadow-small grve-no-effect\">\r\n\t\t<div class=\"grve-thumbnail-wrapper\"  style=\"width: 1500px;\"><div class=\"grve-thumbnail\"  style=\"padding-top: 56.333%;\"><img width=\"1500\" height=\"845\" src=\"https:\/\/www.3sqair.com\/wp-content\/uploads\/2021\/05\/prueba-fondo1.jpg\" class=\"attachment-full size-full\" alt=\"\" data-column-space=\"auto\" data-lazyload=\"\" data-grve-filter=\"yes\" srcset=\"https:\/\/www.3sqair.com\/wp-content\/uploads\/2021\/05\/prueba-fondo1.jpg 1500w, https:\/\/www.3sqair.com\/wp-content\/uploads\/2021\/05\/prueba-fondo1-300x169.jpg 300w, https:\/\/www.3sqair.com\/wp-content\/uploads\/2021\/05\/prueba-fondo1-1024x577.jpg 1024w, https:\/\/www.3sqair.com\/wp-content\/uploads\/2021\/05\/prueba-fondo1-768x433.jpg 768w, https:\/\/www.3sqair.com\/wp-content\/uploads\/2021\/05\/prueba-fondo1-1390x782.jpg 1390w\" sizes=\"(max-width: 1500px) 100vw, 1500px\" \/><\/div><\/div>\t<\/div>\r\n\t<\/div>\r\n<\/div>\r\n<div style=\"height: 50px;\" class=\"grve-empty-space\"><\/div><h1 class=\"grve-element grve-title grve-align-left grve-h1\"><span>Campanhas<br \/>\nde sensibiliza\u00e7\u00e3o<\/span><\/h1>[vc_column_text]Um dos objetivos do projeto \u00e9 disseminar o conhecimento adquirido e aproveitar todos os resultados e estudos, que ser\u00e3o disponibilizados para que todos os agentes envolvidos possam destes beneficiar.<\/p>\n<p>Isso inclui cursos de forma\u00e7\u00e3o sobre a melhoria da qualidade do ar interior em edif\u00edcios educacionais nos tr\u00eas pa\u00edses parceiros.<\/p>\n<h5 style=\"text-align: left;\">Os benefici\u00e1rios deste material ser\u00e3o<\/h5>\n<p>[\/vc_column_text]<div style=\"height: 50px;\" class=\"grve-empty-space\"><\/div><div class=\"grve-element grve-fancy-box grve-align-left grve-bg-light-grey grve-radius-5 grve-small-shadow\"><div class=\"grve-fancy-box-inner\"><div class=\"grve-fancy-box-icon\"><i class=\"et-icon-presentation grve-text-primary-1 grve-small\"><\/i><\/div><p class=\"grve-description\">A Administra\u00e7\u00e3o Geral do Estado.<br \/>\nAssocia\u00e7\u00f5es profissionais.<br \/>\nAssocia\u00e7\u00f5es interprofissionais.<br \/>\nAssocia\u00e7\u00f5es empresariais de produ\u00e7\u00e3o e manufatura.<br \/>\nUniversidades e centros de ensino superior.<br \/>\nOutros centros de aprendizagem.<br \/>\nCentros e parques tecnol\u00f3gicos \/ cient\u00edficos.<\/p>\n<p><\/p>  <\/div><div class=\"grve-fancy-box-bg grve-bg-primary-1 grve-radius-5\"><\/div><\/div><div style=\"height: 100px;\" class=\"grve-empty-space\"><\/div><div class=\"grve-element grve-fancy-box grve-align-left grve-bg-light-grey grve-radius-5 grve-small-shadow\"><div class=\"grve-fancy-box-inner\"><div class=\"grve-fancy-box-icon\"><i class=\"et-icon-mobile grve-text-primary-2 grve-small\"><\/i><\/div><p class=\"grve-description\">Institutos, laborat\u00f3rios e centros de investiga\u00e7\u00e3o.<br \/>\nAdministra\u00e7\u00e3o regional.<br \/>\nOutros atores p\u00fablicos envolvidos na inova\u00e7\u00e3o e transfer\u00eancia de tecnologia.<br \/>\nAg\u00eancias regionais de inova\u00e7\u00e3o.<br \/>\nAg\u00eancias de desenvolvimento regional.<br \/>\nAssocia\u00e7\u00f5es (excluindo B2).<\/p>\n<p><\/p>  <\/div><div class=\"grve-fancy-box-bg grve-bg-primary-2 grve-radius-5\"><\/div><\/div><div style=\"height: 100px;\" class=\"grve-empty-space\"><\/div><div class=\"grve-element grve-fancy-box grve-align-left grve-bg-light-grey grve-radius-5 grve-small-shadow\"><div class=\"grve-fancy-box-inner\"><div class=\"grve-fancy-box-icon\"><i class=\"et-icon-linegraph grve-text-primary-3 grve-small\"><\/i><\/div><p class=\"grve-description\">Entidades parap\u00fablicas pertencentes a uma estrutura administrativa.<br \/>\nEntidades p\u00fablicas.<br \/>\nEmpresas p\u00fablicas.<br \/>\nAgrupamentos Europeus de Coopera\u00e7\u00e3o Territorial.<br \/>\nMicro empresas.<br \/>\nPequenas m\u00e9dias e grandes empresas.<br \/>\nAdministra\u00e7\u00e3o local.<br \/>\nCons\u00f3rcios.<\/p>\n<p><\/p>  <\/div><div class=\"grve-fancy-box-bg grve-bg-primary-3 grve-radius-5\"><\/div><\/div><div style=\"height: 120px;\" class=\"grve-empty-space\"><\/div>[\/vc_column][\/vc_row]<\/p>\n","protected":false},"excerpt":{"rendered":"<p>[vc_row padding_bottom_multiplier=&#8221;3x&#8221; equal_column_height=&#8221;equal&#8221; separator_top_color=&#8221;#1e73be&#8221;][vc_column width=&#8221;1\/2&#8243; vertical_content_position=&#8221;middle&#8221; full_height=&#8221;yes&#8221; rc_bg_type=&#8221;color&#8221; tablet_sm_width=&#8221;hide&#8221; mobile_width=&#8221;hide&#8221; grve_css=&#8221;{&#8220;desktop&#8220;:{&#8220;padding-left&#8220;:&#8220;2&#8220;,&#8220;class&#8220;:&#8220;grve-wpb-1620388670143&#8220;},&#8220;tablet_landscape&#8220;:{&#8220;padding-right&#8220;:&#8220;15%&#8220;,&#8220;padding-left&#8220;:&#8220;2%&#8220;}}&#8221;][vc_column_text animation=&#8221;fade-in-up&#8221; animation_delay=&#8221;2&#8243;]Este \u00e9 o road map que inclui a estrat\u00e9gia RIS3 para implementar objetivos relativos \u00e0 sustentabilidade de forma equilibrada, permitindo a compatibilidade com uma boa QAI nas salas de aula dos pa\u00edses envolvidos. Esta estrat\u00e9gia permite obter benef\u00edcios na competitividade dos sistemas educativos [&hellip;]<\/p>\n","protected":false},"author":1,"featured_media":1241,"parent":0,"menu_order":0,"comment_status":"closed","ping_status":"closed","template":"","meta":{"_monsterinsights_skip_tracking":false,"_monsterinsights_sitenote_active":false,"_monsterinsights_sitenote_note":"","_monsterinsights_sitenote_category":0},"acf":[],"yoast_head":"<!-- This site is optimized with the Yoast SEO plugin v20.4 - https:\/\/yoast.com\/wordpress\/plugins\/seo\/ -->\n<title>Plano de A\u00e7\u00e3o - 3SqAIR<\/title>\n<meta name=\"robots\" content=\"index, follow, max-snippet:-1, max-image-preview:large, max-video-preview:-1\" \/>\n<link rel=\"canonical\" href=\"https:\/\/www.3sqair.com\/pt-pt\/plano-de-acao\/\" \/>\n<meta property=\"og:locale\" content=\"pt_PT\" \/>\n<meta property=\"og:type\" content=\"article\" \/>\n<meta property=\"og:title\" content=\"Plano de A\u00e7\u00e3o - 3SqAIR\" \/>\n<meta property=\"og:description\" content=\"[vc_row padding_bottom_multiplier=&#8221;3x&#8221; equal_column_height=&#8221;equal&#8221; separator_top_color=&#8221;#1e73be&#8221;][vc_column width=&#8221;1\/2&#8243; vertical_content_position=&#8221;middle&#8221; full_height=&#8221;yes&#8221; rc_bg_type=&#8221;color&#8221; tablet_sm_width=&#8221;hide&#8221; mobile_width=&#8221;hide&#8221; grve_css=&#8221;{&#8220;desktop&#8220;:{&#8220;padding-left&#8220;:&#8220;2&#8220;,&#8220;class&#8220;:&#8220;grve-wpb-1620388670143&#8220;},&#8220;tablet_landscape&#8220;:{&#8220;padding-right&#8220;:&#8220;15%&#8220;,&#8220;padding-left&#8220;:&#8220;2%&#8220;}}&#8221;][vc_column_text animation=&#8221;fade-in-up&#8221; animation_delay=&#8221;2&#8243;]Este \u00e9 o road map que inclui a estrat\u00e9gia RIS3 para implementar objetivos relativos \u00e0 sustentabilidade de forma equilibrada, permitindo a compatibilidade com uma boa QAI nas salas de aula dos pa\u00edses envolvidos. Esta estrat\u00e9gia permite obter benef\u00edcios na competitividade dos sistemas educativos [&hellip;]\" \/>\n<meta property=\"og:url\" content=\"https:\/\/www.3sqair.com\/pt-pt\/plano-de-acao\/\" \/>\n<meta property=\"og:site_name\" content=\"3SqAIR\" \/>\n<meta property=\"article:modified_time\" content=\"2021-06-25T09:14:31+00:00\" \/>\n<meta property=\"og:image\" content=\"https:\/\/www.3sqair.com\/wp-content\/uploads\/2021\/05\/action-plan-3sqair-img02.jpg\" \/>\n\t<meta property=\"og:image:width\" content=\"1500\" \/>\n\t<meta property=\"og:image:height\" content=\"845\" \/>\n\t<meta property=\"og:image:type\" content=\"image\/jpeg\" \/>\n<meta name=\"twitter:card\" content=\"summary_large_image\" \/>\n<meta name=\"twitter:label1\" content=\"Tempo estimado de leitura\" \/>\n\t<meta name=\"twitter:data1\" content=\"6 minutos\" \/>\n<script type=\"application\/ld+json\" class=\"yoast-schema-graph\">{\"@context\":\"https:\/\/schema.org\",\"@graph\":[{\"@type\":\"WebPage\",\"@id\":\"https:\/\/www.3sqair.com\/pt-pt\/plano-de-acao\/\",\"url\":\"https:\/\/www.3sqair.com\/pt-pt\/plano-de-acao\/\",\"name\":\"Plano de A\u00e7\u00e3o - 3SqAIR\",\"isPartOf\":{\"@id\":\"https:\/\/www.3sqair.com\/pt-pt\/#website\"},\"datePublished\":\"2021-06-24T08:43:25+00:00\",\"dateModified\":\"2021-06-25T09:14:31+00:00\",\"breadcrumb\":{\"@id\":\"https:\/\/www.3sqair.com\/pt-pt\/plano-de-acao\/#breadcrumb\"},\"inLanguage\":\"pt-PT\",\"potentialAction\":[{\"@type\":\"ReadAction\",\"target\":[\"https:\/\/www.3sqair.com\/pt-pt\/plano-de-acao\/\"]}]},{\"@type\":\"BreadcrumbList\",\"@id\":\"https:\/\/www.3sqair.com\/pt-pt\/plano-de-acao\/#breadcrumb\",\"itemListElement\":[{\"@type\":\"ListItem\",\"position\":1,\"name\":\"Home\",\"item\":\"https:\/\/www.3sqair.com\/pt-pt\/\"},{\"@type\":\"ListItem\",\"position\":2,\"name\":\"Plano de A\u00e7\u00e3o\"}]},{\"@type\":\"WebSite\",\"@id\":\"https:\/\/www.3sqair.com\/pt-pt\/#website\",\"url\":\"https:\/\/www.3sqair.com\/pt-pt\/\",\"name\":\"3SqAIR\",\"description\":\"SUSTAINABLE SMART STRATEGY FOR AIR QUALITY ASSURANCE IN CLASSROOMS\",\"potentialAction\":[{\"@type\":\"SearchAction\",\"target\":{\"@type\":\"EntryPoint\",\"urlTemplate\":\"https:\/\/www.3sqair.com\/pt-pt\/?s={search_term_string}\"},\"query-input\":\"required name=search_term_string\"}],\"inLanguage\":\"pt-PT\"}]}<\/script>\n<!-- \/ Yoast SEO plugin. -->","yoast_head_json":{"title":"Plano de A\u00e7\u00e3o - 3SqAIR","robots":{"index":"index","follow":"follow","max-snippet":"max-snippet:-1","max-image-preview":"max-image-preview:large","max-video-preview":"max-video-preview:-1"},"canonical":"https:\/\/www.3sqair.com\/pt-pt\/plano-de-acao\/","og_locale":"pt_PT","og_type":"article","og_title":"Plano de A\u00e7\u00e3o - 3SqAIR","og_description":"[vc_row padding_bottom_multiplier=&#8221;3x&#8221; equal_column_height=&#8221;equal&#8221; separator_top_color=&#8221;#1e73be&#8221;][vc_column width=&#8221;1\/2&#8243; vertical_content_position=&#8221;middle&#8221; full_height=&#8221;yes&#8221; rc_bg_type=&#8221;color&#8221; tablet_sm_width=&#8221;hide&#8221; mobile_width=&#8221;hide&#8221; grve_css=&#8221;{&#8220;desktop&#8220;:{&#8220;padding-left&#8220;:&#8220;2&#8220;,&#8220;class&#8220;:&#8220;grve-wpb-1620388670143&#8220;},&#8220;tablet_landscape&#8220;:{&#8220;padding-right&#8220;:&#8220;15%&#8220;,&#8220;padding-left&#8220;:&#8220;2%&#8220;}}&#8221;][vc_column_text animation=&#8221;fade-in-up&#8221; animation_delay=&#8221;2&#8243;]Este \u00e9 o road map que inclui a estrat\u00e9gia RIS3 para implementar objetivos relativos \u00e0 sustentabilidade de forma equilibrada, permitindo a compatibilidade com uma boa QAI nas salas de aula dos pa\u00edses envolvidos. Esta estrat\u00e9gia permite obter benef\u00edcios na competitividade dos sistemas educativos [&hellip;]","og_url":"https:\/\/www.3sqair.com\/pt-pt\/plano-de-acao\/","og_site_name":"3SqAIR","article_modified_time":"2021-06-25T09:14:31+00:00","og_image":[{"width":1500,"height":845,"url":"https:\/\/www.3sqair.com\/wp-content\/uploads\/2021\/05\/action-plan-3sqair-img02.jpg","type":"image\/jpeg"}],"twitter_card":"summary_large_image","twitter_misc":{"Tempo estimado de leitura":"6 minutos"},"schema":{"@context":"https:\/\/schema.org","@graph":[{"@type":"WebPage","@id":"https:\/\/www.3sqair.com\/pt-pt\/plano-de-acao\/","url":"https:\/\/www.3sqair.com\/pt-pt\/plano-de-acao\/","name":"Plano de A\u00e7\u00e3o - 3SqAIR","isPartOf":{"@id":"https:\/\/www.3sqair.com\/pt-pt\/#website"},"datePublished":"2021-06-24T08:43:25+00:00","dateModified":"2021-06-25T09:14:31+00:00","breadcrumb":{"@id":"https:\/\/www.3sqair.com\/pt-pt\/plano-de-acao\/#breadcrumb"},"inLanguage":"pt-PT","potentialAction":[{"@type":"ReadAction","target":["https:\/\/www.3sqair.com\/pt-pt\/plano-de-acao\/"]}]},{"@type":"BreadcrumbList","@id":"https:\/\/www.3sqair.com\/pt-pt\/plano-de-acao\/#breadcrumb","itemListElement":[{"@type":"ListItem","position":1,"name":"Home","item":"https:\/\/www.3sqair.com\/pt-pt\/"},{"@type":"ListItem","position":2,"name":"Plano de A\u00e7\u00e3o"}]},{"@type":"WebSite","@id":"https:\/\/www.3sqair.com\/pt-pt\/#website","url":"https:\/\/www.3sqair.com\/pt-pt\/","name":"3SqAIR","description":"SUSTAINABLE SMART STRATEGY FOR AIR QUALITY ASSURANCE IN CLASSROOMS","potentialAction":[{"@type":"SearchAction","target":{"@type":"EntryPoint","urlTemplate":"https:\/\/www.3sqair.com\/pt-pt\/?s={search_term_string}"},"query-input":"required name=search_term_string"}],"inLanguage":"pt-PT"}]}},"_links":{"self":[{"href":"https:\/\/www.3sqair.com\/pt-pt\/wp-json\/wp\/v2\/pages\/1524"}],"collection":[{"href":"https:\/\/www.3sqair.com\/pt-pt\/wp-json\/wp\/v2\/pages"}],"about":[{"href":"https:\/\/www.3sqair.com\/pt-pt\/wp-json\/wp\/v2\/types\/page"}],"author":[{"embeddable":true,"href":"https:\/\/www.3sqair.com\/pt-pt\/wp-json\/wp\/v2\/users\/1"}],"replies":[{"embeddable":true,"href":"https:\/\/www.3sqair.com\/pt-pt\/wp-json\/wp\/v2\/comments?post=1524"}],"version-history":[{"count":0,"href":"https:\/\/www.3sqair.com\/pt-pt\/wp-json\/wp\/v2\/pages\/1524\/revisions"}],"wp:featuredmedia":[{"embeddable":true,"href":"https:\/\/www.3sqair.com\/pt-pt\/wp-json\/wp\/v2\/media\/1241"}],"wp:attachment":[{"href":"https:\/\/www.3sqair.com\/pt-pt\/wp-json\/wp\/v2\/media?parent=1524"}],"curies":[{"name":"wp","href":"https:\/\/api.w.org\/{rel}","templated":true}]}}