{"id":1517,"date":"2021-06-24T08:33:52","date_gmt":"2021-06-24T08:33:52","guid":{"rendered":"https:\/\/www.3sqair.com\/?page_id=1517"},"modified":"2021-06-25T08:21:34","modified_gmt":"2021-06-25T08:21:34","slug":"rede-de-especialistas","status":"publish","type":"page","link":"https:\/\/www.3sqair.com\/pt-pt\/rede-de-especialistas\/","title":{"rendered":"Rede de Especialistas"},"content":{"rendered":"<p>[vc_row section_type=&#8221;fullwidth&#8221; padding_bottom_multiplier=&#8221;3x&#8221; equal_column_height=&#8221;equal&#8221; separator_top_color=&#8221;#1e73be&#8221;][vc_column width=&#8221;1\/2&#8243; animation=&#8221;zoom-in&#8221; animation_delay=&#8221;100&#8243; animation_duration=&#8221;slow&#8221; column_sticky=&#8221;yes&#8221; hover_animation=&#8221;magnetism&#8221;]<div class=\"grve-element grve-image grve-align-right\">\r\n\t<div class=\"grve-image-item\">\r\n\t\t\r\n\r\n<div class=\"grve-image-wrapper grve-no-effect\">\r\n\t\t<div class=\"grve-thumbnail-wrapper\"  style=\"width: 824px;\"><div class=\"grve-thumbnail\"  style=\"padding-top: 76.214%;\"><img width=\"824\" height=\"628\" src=\"https:\/\/www.3sqair.com\/wp-content\/uploads\/2021\/04\/expert-networks-3sqair-img02.jpg\" class=\"attachment-full size-full\" alt=\"\" data-column-space=\"auto\" data-lazyload=\"\" data-grve-filter=\"yes\" srcset=\"https:\/\/www.3sqair.com\/wp-content\/uploads\/2021\/04\/expert-networks-3sqair-img02.jpg 824w, https:\/\/www.3sqair.com\/wp-content\/uploads\/2021\/04\/expert-networks-3sqair-img02-300x229.jpg 300w, https:\/\/www.3sqair.com\/wp-content\/uploads\/2021\/04\/expert-networks-3sqair-img02-768x585.jpg 768w\" sizes=\"(max-width: 824px) 100vw, 824px\" \/><\/div><\/div>\t<\/div>\r\n\t<\/div>\r\n<\/div>\r\n[\/vc_column][vc_column width=&#8221;1\/2&#8243; vertical_content_position=&#8221;middle&#8221; full_height=&#8221;yes&#8221; rc_bg_type=&#8221;color&#8221; grve_css=&#8221;{&#8220;desktop&#8220;:{&#8220;padding-right&#8220;:&#8220;30%&#8220;,&#8220;padding-left&#8220;:&#8220;2%&#8220;,&#8220;class&#8220;:&#8220;grve-wpb-1619681981569&#8220;},&#8220;tablet_landscape&#8220;:{&#8220;padding-right&#8220;:&#8220;15%&#8220;,&#8220;padding-left&#8220;:&#8220;2%&#8220;}}&#8221;]<h6 data-animation=\"clipping-left\" data-delay=\"100\" data-duration=\"slow\" class=\"grve-element grve-title grve-align-left grve-clipping-animation grve-advanced-animation grve-animated-item grve-h6 grve-text-primary-1\"><span><br>\n<h6 style=\"text-align: left;\">REDE DE ESPECIALISTAS<\/h6>\n<\/span><\/h6><h1 data-animation=\"clipping-left\" data-delay=\"200\" data-duration=\"slow\" class=\"grve-element grve-title grve-align-left grve-clipping-animation grve-advanced-animation grve-animated-item grve-h1\"><span>O principal objetivo<br \/>\n<span style=\"color: #fdc608;\">do projeto<\/span><\/span><\/h1>[vc_column_text animation=&#8221;fade-in-up&#8221; animation_delay=&#8221;2&#8243;]\u00c9 identificar e promover as melhores pr\u00e1ticas durante e ap\u00f3s o projeto. Para isso, \u00e9 fundamental a identifica\u00e7\u00e3o e envolvimento dos interessados \u200b\u200bno projeto e tamb\u00e9m do p\u00fablico-alvo.[\/vc_column_text][\/vc_column][\/vc_row][vc_row padding_top_multiplier=&#8221;3x&#8221; padding_bottom_multiplier=&#8221;3x&#8221; rc_bg_type=&#8221;gradient&#8221; rc_bg_gradient_color_1=&#8221;rgba(3,78,144,0.08)&#8221; rc_bg_gradient_color_2=&#8221;rgba(29,190,244,0.05)&#8221; rc_bg_gradient_direction=&#8221;45&#8243; separator_top=&#8221;wave-right-separator&#8221; separator_top_size=&#8221;60px&#8221; separator_bottom_size=&#8221;30px&#8221;][vc_column][vc_row_inner][vc_column_inner width=&#8221;1\/2&#8243;]<h2 data-animation=\"clipping-left\" data-delay=\"200\" data-duration=\"slow\" class=\"grve-element grve-title grve-align-left grve-clipping-animation grve-advanced-animation grve-animated-item grve-h2\"><span><br>\n<p style=\"text-align: left;\">Plataforma Online<br>\n<\/span><\/h2>[vc_column_text animation=&#8221;fade-in-up&#8221; animation_delay=&#8221;2&#8243;]O foco central desta rede de especialistas ser\u00e1 uma plataforma online que compila recursos \u00fateis, oportunidades de forma\u00e7\u00e3o, materiais de leitura, estudos de caso de melhores pr\u00e1ticas e ferramentas.<\/p>\n<p>Al\u00e9m disso, informa\u00e7\u00f5es de contato para projetos de investiga\u00e7\u00e3o e desenvolvimento ser\u00e3o disponibilizadas a todos os interessados \u200b\u200bna Rede de Especialistas.[\/vc_column_text]<div style=\"height: 50px;\" class=\"grve-empty-space\"><\/div>[\/vc_column_inner][vc_column_inner width=&#8221;1\/2&#8243;]<div class=\"grve-element grve-image grve-align-center\">\r\n\t<div class=\"grve-image-item\">\r\n\t\t\r\n\r\n<div class=\"grve-image-wrapper grve-no-effect\">\r\n\t\t<div class=\"grve-thumbnail-wrapper\"  style=\"width: 627px;\"><div class=\"grve-thumbnail\"  style=\"padding-top: 68.102%;\"><img width=\"627\" height=\"427\" src=\"https:\/\/www.3sqair.com\/wp-content\/uploads\/2021\/04\/prueba3.png\" class=\"attachment-full size-full\" alt=\"\" data-column-space=\"auto\" data-lazyload=\"\" data-grve-filter=\"yes\" srcset=\"https:\/\/www.3sqair.com\/wp-content\/uploads\/2021\/04\/prueba3.png 627w, https:\/\/www.3sqair.com\/wp-content\/uploads\/2021\/04\/prueba3-300x204.png 300w\" sizes=\"(max-width: 627px) 100vw, 627px\" \/><\/div><\/div>\t<\/div>\r\n\t<\/div>\r\n<\/div>\r\n[\/vc_column_inner][\/vc_row_inner][vc_column_text animation=&#8221;fade-in-up&#8221; animation_delay=&#8221;2&#8243;]<span style=\"color: #003399;\"><strong>A plataforma contar\u00e1 com:<\/strong><\/span>[\/vc_column_text]<div style=\"height: 50px;\" class=\"grve-empty-space\"><\/div>[vc_row_inner][vc_column_inner width=&#8221;1\/4&#8243;]<div class=\"grve-element grve-box-icon grve-small grve-top-icon grve-align-left\"><div class=\"grve-wrapper-icon\" style=\"\"><i class=\"grve-box-icon et-icon-map grve-text-primary-1\"><\/i><\/div><div class=\"grve-box-content\"><h5 class=\"grve-box-title grve-h5\">Mapa interativo<\/h5><p class=\"\">Um mapa interativo online<\/p><\/div><\/div>[\/vc_column_inner][vc_column_inner width=&#8221;1\/4&#8243;]<div class=\"grve-element grve-box-icon grve-small grve-top-icon grve-align-left\"><div class=\"grve-wrapper-icon\" style=\"\"><i class=\"grve-box-icon et-icon-book-open grve-text-primary-1\"><\/i><\/div><div class=\"grve-box-content\"><h5 class=\"grve-box-title grve-h5\">Bibliografia<\/h5><p class=\"\">Uma lista de refer\u00eancias de recursos bibliogr\u00e1ficos<\/p><\/div><\/div>[\/vc_column_inner][vc_column_inner width=&#8221;1\/4&#8243;]<div class=\"grve-element grve-box-icon grve-small grve-top-icon grve-align-left\"><div class=\"grve-wrapper-icon\" style=\"\"><i class=\"grve-box-icon et-icon-bargraph grve-text-primary-1\"><\/i><\/div><div class=\"grve-box-content\"><h5 class=\"grve-box-title grve-h5\">Banco de dados<\/h5><p class=\"\">Um banco de dados com empresas especializadas e a sua geolocaliza\u00e7\u00e3o <\/p><\/div><\/div>[\/vc_column_inner][vc_column_inner width=&#8221;1\/4&#8243;]<div class=\"grve-element grve-box-icon grve-small grve-top-icon grve-align-left\"><div class=\"grve-wrapper-icon\" style=\"\"><i class=\"grve-box-icon et-icon-profile-male grve-text-primary-1\"><\/i><\/div><div class=\"grve-box-content\"><h5 class=\"grve-box-title grve-h5\">Informa\u00e7\u00e3o de contato<\/h5><p class=\"\">Informa\u00e7\u00f5es de contato dos principais atores<\/p><\/div><\/div>[\/vc_column_inner][\/vc_row_inner][vc_row_inner tablet_sm_visibility=&#8221;hide&#8221; mobile_visibility=&#8221;hide&#8221;][vc_column_inner]<div style=\"height: 80px;\" class=\"grve-empty-space\"><\/div>[\/vc_column_inner][\/vc_row_inner][vc_row_inner][vc_column_inner width=&#8221;1\/4&#8243;]<div class=\"grve-element grve-box-icon grve-small grve-top-icon grve-align-left\"><div class=\"grve-wrapper-icon\" style=\"\"><i class=\"grve-box-icon et-icon-magnifying-glass grve-text-primary-1\"><\/i><\/div><div class=\"grve-box-content\"><h5 class=\"grve-box-title grve-h5\">Informa\u00e7\u00e3o relevante<\/h5><p class=\"\">Informa\u00e7\u00f5es relevantes de blogs relacionadas a projetos de investiga\u00e7\u00e3o e desenvolvimento<\/p><\/div><\/div>[\/vc_column_inner][vc_column_inner width=&#8221;1\/4&#8243;]<div class=\"grve-element grve-box-icon grve-small grve-top-icon grve-align-left\"><div class=\"grve-wrapper-icon\" style=\"\"><i class=\"grve-box-icon et-icon-desktop grve-text-primary-1\"><\/i><\/div><div class=\"grve-box-content\"><h5 class=\"grve-box-title grve-h5\">Forma\u00e7\u00e3o<\/h5><p class=\"\">Oportunidades de forma\u00e7\u00e3o<\/p><\/div><\/div>[\/vc_column_inner][vc_column_inner width=&#8221;1\/4&#8243;]<div class=\"grve-element grve-box-icon grve-small grve-top-icon grve-align-left\"><div class=\"grve-wrapper-icon\" style=\"\"><i class=\"grve-box-icon et-icon-quote grve-text-primary-1\"><\/i><\/div><div class=\"grve-box-content\"><h5 class=\"grve-box-title grve-h5\">FAQs<\/h5><p class=\"\">Uma sec\u00e7\u00e3o com perguntas frequentes (FAQs)<\/p><\/div><\/div>[\/vc_column_inner][vc_column_inner width=&#8221;1\/4&#8243;][\/vc_column_inner][\/vc_row_inner][\/vc_column][\/vc_row][vc_row section_type=&#8221;fullwidth&#8221; padding_top_multiplier=&#8221;4x&#8221; padding_bottom_multiplier=&#8221;4x&#8221; columns_gap=&#8221;50&#8243; equal_column_height=&#8221;equal&#8221;][vc_column width=&#8221;1\/2&#8243; vertical_content_position=&#8221;middle&#8221; rc_bg_type=&#8221;image&#8221; animation=&#8221;clipping&#8221; clipping_animation=&#8221;clipping-left&#8221;]<div class=\"grve-element grve-image grve-align-left\">\r\n\t<div class=\"grve-image-item\">\r\n\t\t\r\n\r\n<div class=\"grve-image-wrapper grve-radius-10 grve-shadow-small grve-no-effect\">\r\n\t\t<div class=\"grve-thumbnail-wrapper\"  style=\"width: 1000px;\"><div class=\"grve-thumbnail\"  style=\"padding-top: 70.7%;\"><img width=\"1000\" height=\"707\" src=\"https:\/\/www.3sqair.com\/wp-content\/uploads\/2021\/05\/expert-networks-3sqair-Interdisciplinary.jpg\" class=\"attachment-full size-full\" alt=\"\" data-column-space=\"auto\" data-lazyload=\"\" data-grve-filter=\"yes\" srcset=\"https:\/\/www.3sqair.com\/wp-content\/uploads\/2021\/05\/expert-networks-3sqair-Interdisciplinary.jpg 1000w, https:\/\/www.3sqair.com\/wp-content\/uploads\/2021\/05\/expert-networks-3sqair-Interdisciplinary-300x212.jpg 300w, https:\/\/www.3sqair.com\/wp-content\/uploads\/2021\/05\/expert-networks-3sqair-Interdisciplinary-768x543.jpg 768w\" sizes=\"(max-width: 1000px) 100vw, 1000px\" \/><\/div><\/div>\t<\/div>\r\n\t<\/div>\r\n<\/div>\r\n[\/vc_column][vc_column width=&#8221;1\/2&#8243; vertical_content_position=&#8221;middle&#8221; grve_css=&#8221;{&#8220;desktop&#8220;:{&#8220;padding-right&#8220;:&#8220;20%&#8220;,&#8220;padding-left&#8220;:&#8220;2%&#8220;,&#8220;class&#8220;:&#8220;grve-wpb-1620627407720&#8220;}}&#8221;]<h2 data-animation=\"clipping-left\" data-delay=\"200\" data-duration=\"slow\" class=\"grve-element grve-title grve-align-left grve-clipping-animation grve-advanced-animation grve-animated-item grve-h2\"><span><br>\n<h2>Oficina<br \/>\ninterdisciplinar<\/h2>\n<\/span><\/h2>[vc_column_text]Ser\u00e1 tamb\u00e9m realizada uma oficina interdisciplinar para troca de conhecimentos e experi\u00eancias sobre as melhores pr\u00e1ticas relacionadas com o desenvolvimento sustent\u00e1vel em institui\u00e7\u00f5es de ensino.<\/p>\n<p>Isso incluir\u00e1 uma discuss\u00e3o sobre como tornar solu\u00e7\u00f5es sustent\u00e1veis \u200b\u200bacess\u00edveis a pessoas de origens desfavorecidas a n\u00edvel social e econ\u00f3mico.[\/vc_column_text][\/vc_column][\/vc_row]<\/p>\n","protected":false},"excerpt":{"rendered":"<p>[vc_row section_type=&#8221;fullwidth&#8221; padding_bottom_multiplier=&#8221;3x&#8221; equal_column_height=&#8221;equal&#8221; separator_top_color=&#8221;#1e73be&#8221;][vc_column width=&#8221;1\/2&#8243; animation=&#8221;zoom-in&#8221; animation_delay=&#8221;100&#8243; animation_duration=&#8221;slow&#8221; column_sticky=&#8221;yes&#8221; hover_animation=&#8221;magnetism&#8221;][\/vc_column][vc_column width=&#8221;1\/2&#8243; vertical_content_position=&#8221;middle&#8221; full_height=&#8221;yes&#8221; rc_bg_type=&#8221;color&#8221; grve_css=&#8221;{&#8220;desktop&#8220;:{&#8220;padding-right&#8220;:&#8220;30%&#8220;,&#8220;padding-left&#8220;:&#8220;2%&#8220;,&#8220;class&#8220;:&#8220;grve-wpb-1619681981569&#8220;},&#8220;tablet_landscape&#8220;:{&#8220;padding-right&#8220;:&#8220;15%&#8220;,&#8220;padding-left&#8220;:&#8220;2%&#8220;}}&#8221;][vc_column_text animation=&#8221;fade-in-up&#8221; animation_delay=&#8221;2&#8243;]\u00c9 identificar e promover as melhores pr\u00e1ticas durante e ap\u00f3s o projeto. Para isso, \u00e9 fundamental a identifica\u00e7\u00e3o e envolvimento dos interessados \u200b\u200bno projeto e tamb\u00e9m do p\u00fablico-alvo.[\/vc_column_text][\/vc_column][\/vc_row][vc_row padding_top_multiplier=&#8221;3x&#8221; padding_bottom_multiplier=&#8221;3x&#8221; rc_bg_type=&#8221;gradient&#8221; rc_bg_gradient_color_1=&#8221;rgba(3,78,144,0.08)&#8221; rc_bg_gradient_color_2=&#8221;rgba(29,190,244,0.05)&#8221; rc_bg_gradient_direction=&#8221;45&#8243; separator_top=&#8221;wave-right-separator&#8221; separator_top_size=&#8221;60px&#8221; separator_bottom_size=&#8221;30px&#8221;][vc_column][vc_row_inner][vc_column_inner width=&#8221;1\/2&#8243;][vc_column_text [&hellip;]<\/p>\n","protected":false},"author":1,"featured_media":588,"parent":0,"menu_order":0,"comment_status":"closed","ping_status":"closed","template":"","meta":{"_monsterinsights_skip_tracking":false,"_monsterinsights_sitenote_active":false,"_monsterinsights_sitenote_note":"","_monsterinsights_sitenote_category":0},"acf":[],"yoast_head":"<!-- This site is optimized with the Yoast SEO plugin v20.4 - https:\/\/yoast.com\/wordpress\/plugins\/seo\/ -->\n<title>Rede de Especialistas - 3SqAIR<\/title>\n<meta name=\"robots\" content=\"index, follow, max-snippet:-1, max-image-preview:large, max-video-preview:-1\" \/>\n<link rel=\"canonical\" href=\"https:\/\/www.3sqair.com\/pt-pt\/rede-de-especialistas\/\" \/>\n<meta property=\"og:locale\" content=\"pt_PT\" \/>\n<meta property=\"og:type\" content=\"article\" \/>\n<meta property=\"og:title\" content=\"Rede de Especialistas - 3SqAIR\" \/>\n<meta property=\"og:description\" content=\"[vc_row section_type=&#8221;fullwidth&#8221; padding_bottom_multiplier=&#8221;3x&#8221; equal_column_height=&#8221;equal&#8221; separator_top_color=&#8221;#1e73be&#8221;][vc_column width=&#8221;1\/2&#8243; animation=&#8221;zoom-in&#8221; animation_delay=&#8221;100&#8243; animation_duration=&#8221;slow&#8221; column_sticky=&#8221;yes&#8221; hover_animation=&#8221;magnetism&#8221;][\/vc_column][vc_column width=&#8221;1\/2&#8243; vertical_content_position=&#8221;middle&#8221; full_height=&#8221;yes&#8221; rc_bg_type=&#8221;color&#8221; grve_css=&#8221;{&#8220;desktop&#8220;:{&#8220;padding-right&#8220;:&#8220;30%&#8220;,&#8220;padding-left&#8220;:&#8220;2%&#8220;,&#8220;class&#8220;:&#8220;grve-wpb-1619681981569&#8220;},&#8220;tablet_landscape&#8220;:{&#8220;padding-right&#8220;:&#8220;15%&#8220;,&#8220;padding-left&#8220;:&#8220;2%&#8220;}}&#8221;][vc_column_text animation=&#8221;fade-in-up&#8221; animation_delay=&#8221;2&#8243;]\u00c9 identificar e promover as melhores pr\u00e1ticas durante e ap\u00f3s o projeto. Para isso, \u00e9 fundamental a identifica\u00e7\u00e3o e envolvimento dos interessados \u200b\u200bno projeto e tamb\u00e9m do p\u00fablico-alvo.[\/vc_column_text][\/vc_column][\/vc_row][vc_row padding_top_multiplier=&#8221;3x&#8221; padding_bottom_multiplier=&#8221;3x&#8221; rc_bg_type=&#8221;gradient&#8221; rc_bg_gradient_color_1=&#8221;rgba(3,78,144,0.08)&#8221; rc_bg_gradient_color_2=&#8221;rgba(29,190,244,0.05)&#8221; rc_bg_gradient_direction=&#8221;45&#8243; separator_top=&#8221;wave-right-separator&#8221; separator_top_size=&#8221;60px&#8221; separator_bottom_size=&#8221;30px&#8221;][vc_column][vc_row_inner][vc_column_inner width=&#8221;1\/2&#8243;][vc_column_text [&hellip;]\" \/>\n<meta property=\"og:url\" content=\"https:\/\/www.3sqair.com\/pt-pt\/rede-de-especialistas\/\" \/>\n<meta property=\"og:site_name\" content=\"3SqAIR\" \/>\n<meta property=\"article:modified_time\" content=\"2021-06-25T08:21:34+00:00\" \/>\n<meta property=\"og:image\" content=\"https:\/\/www.3sqair.com\/wp-content\/uploads\/2021\/04\/expert-networks-3sqair-img02.jpg\" \/>\n\t<meta property=\"og:image:width\" content=\"824\" \/>\n\t<meta property=\"og:image:height\" content=\"628\" \/>\n\t<meta property=\"og:image:type\" content=\"image\/jpeg\" \/>\n<meta name=\"twitter:card\" content=\"summary_large_image\" \/>\n<meta name=\"twitter:label1\" content=\"Tempo estimado de leitura\" \/>\n\t<meta name=\"twitter:data1\" content=\"4 minutos\" \/>\n<script type=\"application\/ld+json\" class=\"yoast-schema-graph\">{\"@context\":\"https:\/\/schema.org\",\"@graph\":[{\"@type\":\"WebPage\",\"@id\":\"https:\/\/www.3sqair.com\/pt-pt\/rede-de-especialistas\/\",\"url\":\"https:\/\/www.3sqair.com\/pt-pt\/rede-de-especialistas\/\",\"name\":\"Rede de Especialistas - 3SqAIR\",\"isPartOf\":{\"@id\":\"https:\/\/www.3sqair.com\/pt-pt\/#website\"},\"datePublished\":\"2021-06-24T08:33:52+00:00\",\"dateModified\":\"2021-06-25T08:21:34+00:00\",\"breadcrumb\":{\"@id\":\"https:\/\/www.3sqair.com\/pt-pt\/rede-de-especialistas\/#breadcrumb\"},\"inLanguage\":\"pt-PT\",\"potentialAction\":[{\"@type\":\"ReadAction\",\"target\":[\"https:\/\/www.3sqair.com\/pt-pt\/rede-de-especialistas\/\"]}]},{\"@type\":\"BreadcrumbList\",\"@id\":\"https:\/\/www.3sqair.com\/pt-pt\/rede-de-especialistas\/#breadcrumb\",\"itemListElement\":[{\"@type\":\"ListItem\",\"position\":1,\"name\":\"Home\",\"item\":\"https:\/\/www.3sqair.com\/pt-pt\/\"},{\"@type\":\"ListItem\",\"position\":2,\"name\":\"Rede de Especialistas\"}]},{\"@type\":\"WebSite\",\"@id\":\"https:\/\/www.3sqair.com\/pt-pt\/#website\",\"url\":\"https:\/\/www.3sqair.com\/pt-pt\/\",\"name\":\"3SqAIR\",\"description\":\"SUSTAINABLE SMART STRATEGY FOR AIR QUALITY ASSURANCE IN CLASSROOMS\",\"potentialAction\":[{\"@type\":\"SearchAction\",\"target\":{\"@type\":\"EntryPoint\",\"urlTemplate\":\"https:\/\/www.3sqair.com\/pt-pt\/?s={search_term_string}\"},\"query-input\":\"required name=search_term_string\"}],\"inLanguage\":\"pt-PT\"}]}<\/script>\n<!-- \/ Yoast SEO plugin. -->","yoast_head_json":{"title":"Rede de Especialistas - 3SqAIR","robots":{"index":"index","follow":"follow","max-snippet":"max-snippet:-1","max-image-preview":"max-image-preview:large","max-video-preview":"max-video-preview:-1"},"canonical":"https:\/\/www.3sqair.com\/pt-pt\/rede-de-especialistas\/","og_locale":"pt_PT","og_type":"article","og_title":"Rede de Especialistas - 3SqAIR","og_description":"[vc_row section_type=&#8221;fullwidth&#8221; padding_bottom_multiplier=&#8221;3x&#8221; equal_column_height=&#8221;equal&#8221; separator_top_color=&#8221;#1e73be&#8221;][vc_column width=&#8221;1\/2&#8243; animation=&#8221;zoom-in&#8221; animation_delay=&#8221;100&#8243; animation_duration=&#8221;slow&#8221; column_sticky=&#8221;yes&#8221; hover_animation=&#8221;magnetism&#8221;][\/vc_column][vc_column width=&#8221;1\/2&#8243; vertical_content_position=&#8221;middle&#8221; full_height=&#8221;yes&#8221; rc_bg_type=&#8221;color&#8221; grve_css=&#8221;{&#8220;desktop&#8220;:{&#8220;padding-right&#8220;:&#8220;30%&#8220;,&#8220;padding-left&#8220;:&#8220;2%&#8220;,&#8220;class&#8220;:&#8220;grve-wpb-1619681981569&#8220;},&#8220;tablet_landscape&#8220;:{&#8220;padding-right&#8220;:&#8220;15%&#8220;,&#8220;padding-left&#8220;:&#8220;2%&#8220;}}&#8221;][vc_column_text animation=&#8221;fade-in-up&#8221; animation_delay=&#8221;2&#8243;]\u00c9 identificar e promover as melhores pr\u00e1ticas durante e ap\u00f3s o projeto. Para isso, \u00e9 fundamental a identifica\u00e7\u00e3o e envolvimento dos interessados \u200b\u200bno projeto e tamb\u00e9m do p\u00fablico-alvo.[\/vc_column_text][\/vc_column][\/vc_row][vc_row padding_top_multiplier=&#8221;3x&#8221; padding_bottom_multiplier=&#8221;3x&#8221; rc_bg_type=&#8221;gradient&#8221; rc_bg_gradient_color_1=&#8221;rgba(3,78,144,0.08)&#8221; rc_bg_gradient_color_2=&#8221;rgba(29,190,244,0.05)&#8221; rc_bg_gradient_direction=&#8221;45&#8243; separator_top=&#8221;wave-right-separator&#8221; separator_top_size=&#8221;60px&#8221; separator_bottom_size=&#8221;30px&#8221;][vc_column][vc_row_inner][vc_column_inner width=&#8221;1\/2&#8243;][vc_column_text [&hellip;]","og_url":"https:\/\/www.3sqair.com\/pt-pt\/rede-de-especialistas\/","og_site_name":"3SqAIR","article_modified_time":"2021-06-25T08:21:34+00:00","og_image":[{"width":824,"height":628,"url":"https:\/\/www.3sqair.com\/wp-content\/uploads\/2021\/04\/expert-networks-3sqair-img02.jpg","type":"image\/jpeg"}],"twitter_card":"summary_large_image","twitter_misc":{"Tempo estimado de leitura":"4 minutos"},"schema":{"@context":"https:\/\/schema.org","@graph":[{"@type":"WebPage","@id":"https:\/\/www.3sqair.com\/pt-pt\/rede-de-especialistas\/","url":"https:\/\/www.3sqair.com\/pt-pt\/rede-de-especialistas\/","name":"Rede de Especialistas - 3SqAIR","isPartOf":{"@id":"https:\/\/www.3sqair.com\/pt-pt\/#website"},"datePublished":"2021-06-24T08:33:52+00:00","dateModified":"2021-06-25T08:21:34+00:00","breadcrumb":{"@id":"https:\/\/www.3sqair.com\/pt-pt\/rede-de-especialistas\/#breadcrumb"},"inLanguage":"pt-PT","potentialAction":[{"@type":"ReadAction","target":["https:\/\/www.3sqair.com\/pt-pt\/rede-de-especialistas\/"]}]},{"@type":"BreadcrumbList","@id":"https:\/\/www.3sqair.com\/pt-pt\/rede-de-especialistas\/#breadcrumb","itemListElement":[{"@type":"ListItem","position":1,"name":"Home","item":"https:\/\/www.3sqair.com\/pt-pt\/"},{"@type":"ListItem","position":2,"name":"Rede de Especialistas"}]},{"@type":"WebSite","@id":"https:\/\/www.3sqair.com\/pt-pt\/#website","url":"https:\/\/www.3sqair.com\/pt-pt\/","name":"3SqAIR","description":"SUSTAINABLE SMART STRATEGY FOR AIR QUALITY ASSURANCE IN CLASSROOMS","potentialAction":[{"@type":"SearchAction","target":{"@type":"EntryPoint","urlTemplate":"https:\/\/www.3sqair.com\/pt-pt\/?s={search_term_string}"},"query-input":"required name=search_term_string"}],"inLanguage":"pt-PT"}]}},"_links":{"self":[{"href":"https:\/\/www.3sqair.com\/pt-pt\/wp-json\/wp\/v2\/pages\/1517"}],"collection":[{"href":"https:\/\/www.3sqair.com\/pt-pt\/wp-json\/wp\/v2\/pages"}],"about":[{"href":"https:\/\/www.3sqair.com\/pt-pt\/wp-json\/wp\/v2\/types\/page"}],"author":[{"embeddable":true,"href":"https:\/\/www.3sqair.com\/pt-pt\/wp-json\/wp\/v2\/users\/1"}],"replies":[{"embeddable":true,"href":"https:\/\/www.3sqair.com\/pt-pt\/wp-json\/wp\/v2\/comments?post=1517"}],"version-history":[{"count":0,"href":"https:\/\/www.3sqair.com\/pt-pt\/wp-json\/wp\/v2\/pages\/1517\/revisions"}],"wp:featuredmedia":[{"embeddable":true,"href":"https:\/\/www.3sqair.com\/pt-pt\/wp-json\/wp\/v2\/media\/588"}],"wp:attachment":[{"href":"https:\/\/www.3sqair.com\/pt-pt\/wp-json\/wp\/v2\/media?parent=1517"}],"curies":[{"name":"wp","href":"https:\/\/api.w.org\/{rel}","templated":true}]}}