{"id":1515,"date":"2021-06-24T08:32:33","date_gmt":"2021-06-24T08:32:33","guid":{"rendered":"https:\/\/www.3sqair.com\/?page_id=1515"},"modified":"2021-06-25T08:11:47","modified_gmt":"2021-06-25T08:11:47","slug":"contexto","status":"publish","type":"page","link":"https:\/\/www.3sqair.com\/pt-pt\/contexto\/","title":{"rendered":"Contexto"},"content":{"rendered":"<p>[vc_row][vc_column]<div style=\"height: 50px;\" class=\"grve-empty-space\"><\/div>[\/vc_column][\/vc_row][vc_row padding_top_multiplier=&#8221;&#8221; padding_bottom_multiplier=&#8221;&#8221; rc_bg_type=&#8221;color&#8221; equal_column_height=&#8221;equal&#8221; separator_top_color=&#8221;#1e73be&#8221;][vc_column width=&#8221;5\/12&#8243; rc_bg_type=&#8221;color&#8221;]<div class=\"grve-element grve-cascading-images grve-image-expand-width\"><div class=\"grve-image-item-wrapper\"><div data-animation=\"fade-in-right\" data-delay=\"20\" data-duration=\"slow\" class=\"grve-image-item grve-animated-item\"><div style=\"transform: translate(10%,5%)\" class=\"grve-image-item-inner grve-radius-10\"><div class=\"grve-thumbnail-wrapper\"><div class=\"grve-thumbnail\"  style=\"padding-top: 125%;\"><img width=\"300\" height=\"375\" src=\"https:\/\/www.3sqair.com\/wp-content\/uploads\/2021\/04\/context-3sqair-texture02.jpg\" class=\"attachment-full size-full\" alt=\"\" data-column-space=\"100\" data-lazyload=\"native-lazyload\" data-grve-filter=\"yes\" srcset=\"https:\/\/www.3sqair.com\/wp-content\/uploads\/2021\/04\/context-3sqair-texture02.jpg 300w, https:\/\/www.3sqair.com\/wp-content\/uploads\/2021\/04\/context-3sqair-texture02-240x300.jpg 240w\" sizes=\"(max-width: 300px) 100vw, 300px\" loading=\"lazy\" \/><\/div><\/div><\/div><\/div><\/div><div class=\"grve-image-item-wrapper\"><div data-animation=\"fade-in-up\" data-delay=\"0\" data-duration=\"normal\" class=\"grve-image-item grve-animated-item\"><div style=\"transform: translate(-10%,0px)\" class=\"grve-image-item-inner grve-radius-5\"><div class=\"grve-thumbnail-wrapper\"><div class=\"grve-thumbnail\"  style=\"padding-top: 130.952%;\"><img width=\"420\" height=\"550\" src=\"https:\/\/www.3sqair.com\/wp-content\/uploads\/2021\/04\/context-3sqair-img02.jpg\" class=\"attachment-full size-full\" alt=\"\" data-column-space=\"100\" data-lazyload=\"native-lazyload\" data-grve-filter=\"yes\" srcset=\"https:\/\/www.3sqair.com\/wp-content\/uploads\/2021\/04\/context-3sqair-img02.jpg 420w, https:\/\/www.3sqair.com\/wp-content\/uploads\/2021\/04\/context-3sqair-img02-229x300.jpg 229w\" sizes=\"(max-width: 420px) 100vw, 420px\" loading=\"lazy\" \/><\/div><\/div><\/div><\/div><\/div><\/div>[\/vc_column][vc_column width=&#8221;7\/12&#8243; vertical_content_position=&#8221;middle&#8221; full_height=&#8221;yes&#8221;]<h6 data-animation=\"clipping-left\" data-delay=\"200\" data-duration=\"slow\" class=\"grve-element grve-title grve-align-left grve-clipping-animation grve-advanced-animation grve-animated-item grve-h6 grve-text-primary-2\" style=\"margin-bottom: 0px;\"><span><br>\n<h6><span style=\"color: #003399;\">CONTEXTO<\/span><\/h6>\n<\/span><\/h6><h2 data-animation=\"appear-down\" data-delay=\"200\" data-duration=\"slow\" class=\"grve-element grve-title grve-align-left grve-appear-animation grve-advanced-animation grve-animated-item grve-h2 grve-text-primary-1\" style=\"margin-bottom: 0px;\"><span><br>\n<h2>A qualidade do ar que respiramos<br \/>\nafeta diretamente <span style=\"color: #fdc608;\">a nossa sa\u00fade<\/span><\/h2>\n<\/span><\/h2><div style=\"height: 20px;\" class=\"grve-empty-space\"><\/div>[vc_row_inner][vc_column_inner width=&#8221;1\/2&#8243;][vc_column_text animation=&#8221;fade-in-up&#8221; animation_delay=&#8221;2&#8243;]Segundo v\u00e1rios estudos, a exposi\u00e7\u00e3o cr\u00f3nica ao ar interior polu\u00eddo causa problemas como alergias e problemas respirat\u00f3rios (asma, bronquite, etc.) que podem passar despercebidos, como por exemplo, a fadiga mental ou n\u00edveis de concentra\u00e7\u00e3o diminu\u00eddos, o que afeta o desempenho intelectual e a produtividade.[\/vc_column_text][\/vc_column_inner][vc_column_inner width=&#8221;1\/2&#8243;][vc_column_text animation=&#8221;fade-in-up&#8221; animation_delay=&#8221;2&#8243;]Cerca de 70% das escolas europeias excedem os n\u00edveis m\u00e1ximos permitidos de CO2 e, por sua vez, os estabelecimentos de ensino representam um quinto do parque imobili\u00e1rio do setor terci\u00e1rio.<\/p>\n<p>A falta de ventila\u00e7\u00e3o, os sistemas de renova\u00e7\u00e3o de ar deficientes,as elevadas taxas de ocupa\u00e7\u00e3o das sala de aula, comprometem muitas vezes a qualidade do ar interior.[\/vc_column_text][\/vc_column_inner][\/vc_row_inner][\/vc_column][\/vc_row][vc_row padding_bottom_multiplier=&#8221;2x&#8221; tablet_sm_visibility=&#8221;hide&#8221; mobile_visibility=&#8221;hide&#8221;][vc_column]<div style=\"height: 80px;\" class=\"grve-empty-space\"><\/div>[\/vc_column][\/vc_row][vc_row padding_bottom_multiplier=&#8221;2x&#8221; desktop_visibility=&#8221;hide&#8221; tablet_visibility=&#8221;hide&#8221;][vc_column]<div style=\"height: 50px;\" class=\"grve-empty-space\"><\/div>[\/vc_column][\/vc_row][vc_row padding_top_multiplier=&#8221;2x&#8221; padding_bottom_multiplier=&#8221;2x&#8221; rc_bg_type=&#8221;gradient&#8221; rc_bg_gradient_color_1=&#8221;rgba(0,51,153,0.09)&#8221; rc_bg_gradient_color_2=&#8221;rgba(190,244,243,0.16)&#8221; separator_bottom=&#8221;wave-left-separator&#8221;][vc_column]<div style=\"height: 10px;\" class=\"grve-empty-space\"><\/div><div class=\"grve-element grve-image grve-align-center\">\r\n\t<div class=\"grve-image-item\">\r\n\t\t\r\n\r\n<div class=\"grve-image-wrapper grve-radius-5 grve-no-effect\">\r\n\t\t<div class=\"grve-thumbnail-wrapper\"  style=\"width: 101px;\"><div class=\"grve-thumbnail\"  style=\"padding-top: 80.198%;\"><img width=\"101\" height=\"81\" src=\"https:\/\/www.3sqair.com\/wp-content\/uploads\/2021\/04\/A-seccion.png\" class=\"attachment-full size-full\" alt=\"\" data-column-space=\"auto\" data-lazyload=\"\" data-grve-filter=\"yes\" \/><\/div><\/div>\t<\/div>\r\n\t<\/div>\r\n<\/div>\r\n<h3 class=\"grve-element grve-title grve-align-center grve-h3\"><span><br>\n<h3 style=\"text-align: center;\">Conhecimento da qualidade do ar interior em diferentes \u00e1reas estabelecido<br \/>\nem tr\u00eas fases:<\/h3>\n<\/span><\/h3><div style=\"height: 50px;\" class=\"grve-empty-space\"><\/div>[vc_row_inner equal_column_height=&#8221;equal&#8221;][vc_column_inner width=&#8221;5\/12&#8243; vertical_content_position=&#8221;middle&#8221;]<div data-animation=\"clipping-left\" data-delay=\"200\" data-duration=\"slow\" class=\"grve-element grve-image grve-align-center grve-clipping-animation grve-advanced-animation grve-animated-item\">\r\n\t<div class=\"grve-image-item\">\r\n\t\t\r\n\r\n<div class=\"grve-image-wrapper grve-radius-5 grve-no-effect\">\r\n\t\t<div class=\"grve-thumbnail-wrapper\"  style=\"width: 1000px;\"><div class=\"grve-thumbnail\"  style=\"padding-top: 50%;\"><img width=\"1000\" height=\"500\" src=\"https:\/\/www.3sqair.com\/wp-content\/uploads\/2021\/05\/context-3sqair-evaluation-phase.jpg\" class=\"attachment-full size-full\" alt=\"\" data-column-space=\"auto\" data-lazyload=\"\" data-grve-filter=\"yes\" srcset=\"https:\/\/www.3sqair.com\/wp-content\/uploads\/2021\/05\/context-3sqair-evaluation-phase.jpg 1000w, https:\/\/www.3sqair.com\/wp-content\/uploads\/2021\/05\/context-3sqair-evaluation-phase-300x150.jpg 300w, https:\/\/www.3sqair.com\/wp-content\/uploads\/2021\/05\/context-3sqair-evaluation-phase-768x384.jpg 768w\" sizes=\"(max-width: 1000px) 100vw, 1000px\" \/><\/div><\/div>\t<\/div>\r\n\t<\/div>\r\n<\/div>\r\n[\/vc_column_inner][vc_column_inner width=&#8221;7\/12&#8243; vertical_content_position=&#8221;middle&#8221;]<div class=\"grve-element grve-single-icon grve-align-left grve-small\"><div class=\"grve-wrapper-icon grve-text-primary-2\"><i class=\"et-icon-magnifying-glass\"><\/i><\/div><\/div><div style=\"height: 15px;\" class=\"grve-empty-space\"><\/div>[vc_column_text]<\/p>\n<h4><span style=\"color: #c16023;\">1. Fase de avalia\u00e7\u00e3o, na qual ser\u00e3o analisados os seguintes aspetos: <\/span><\/h4>\n<p>Tecnologias que melhoram a QAI; sistemas e dispositivos que medem a QAI, novas tend\u00eancias em tecnologias e sistemas de medi\u00e7\u00e3o e pol\u00edticas relacionadas.<\/p>\n<p>Estudos existentes sobre a QAI, poluentes emergentes e sa\u00fade e bem-estar do utilizador.<br \/>\n[\/vc_column_text][\/vc_column_inner][\/vc_row_inner][vc_row_inner equal_column_height=&#8221;equal&#8221;][vc_column_inner vertical_content_position=&#8221;middle&#8221;]<div style=\"height: 100px;\" class=\"grve-empty-space\"><\/div>[\/vc_column_inner][\/vc_row_inner][vc_row_inner equal_column_height=&#8221;equal&#8221;][vc_column_inner width=&#8221;5\/12&#8243; vertical_content_position=&#8221;middle&#8221;]<div style=\"height: 30px;\" class=\"grve-empty-space\"><\/div><div data-animation=\"clipping-left\" data-delay=\"200\" data-duration=\"slow\" class=\"grve-element grve-image grve-align-center grve-clipping-animation grve-advanced-animation grve-animated-item\">\r\n\t<div class=\"grve-image-item\">\r\n\t\t\r\n\r\n<div class=\"grve-image-wrapper grve-radius-5 grve-no-effect\">\r\n\t\t<div class=\"grve-thumbnail-wrapper\"  style=\"width: 1000px;\"><div class=\"grve-thumbnail\"  style=\"padding-top: 75%;\"><img width=\"1000\" height=\"750\" src=\"https:\/\/www.3sqair.com\/wp-content\/uploads\/2021\/04\/context-3sqair-seccion-a-03.jpg\" class=\"attachment-full size-full\" alt=\"\" data-column-space=\"auto\" data-lazyload=\"\" data-grve-filter=\"yes\" srcset=\"https:\/\/www.3sqair.com\/wp-content\/uploads\/2021\/04\/context-3sqair-seccion-a-03.jpg 1000w, https:\/\/www.3sqair.com\/wp-content\/uploads\/2021\/04\/context-3sqair-seccion-a-03-300x225.jpg 300w, https:\/\/www.3sqair.com\/wp-content\/uploads\/2021\/04\/context-3sqair-seccion-a-03-768x576.jpg 768w, https:\/\/www.3sqair.com\/wp-content\/uploads\/2021\/04\/context-3sqair-seccion-a-03-560x420.jpg 560w, https:\/\/www.3sqair.com\/wp-content\/uploads\/2021\/04\/context-3sqair-seccion-a-03-900x675.jpg 900w\" sizes=\"(max-width: 1000px) 100vw, 1000px\" \/><\/div><\/div>\t<\/div>\r\n\t<\/div>\r\n<\/div>\r\n[\/vc_column_inner][vc_column_inner width=&#8221;7\/12&#8243; vertical_content_position=&#8221;middle&#8221;]<div class=\"grve-element grve-single-icon grve-align-inherit grve-small\"><div class=\"grve-wrapper-icon grve-text-primary-2\"><i class=\"et-icon-chat\"><\/i><\/div><\/div><div style=\"height: 15px;\" class=\"grve-empty-space\"><\/div>[vc_column_text]<\/p>\n<h4><span style=\"color: #c16023;\">2. Fase de participa\u00e7\u00e3o de outros atores vinculados <\/span><\/h4>\n<p>Que contribuir\u00e3o com diferentes pontos de vista, incluindo fabricantes de equipamentos de ventila\u00e7\u00e3o; especialistas em QAI; os respons\u00e1veis pela gest\u00e3o e manuten\u00e7\u00e3o das instala\u00e7\u00f5es; propriet\u00e1rios de edif\u00edcios; ocupantes de salas de aula; associa\u00e7\u00f5es de pais; e autoridades locais respons\u00e1veis pelas pol\u00edticas educacionais, de sa\u00fade p\u00fablica, econ\u00f3micas e de desenvolvimento sustent\u00e1vel.<\/p>\n<p>A participa\u00e7\u00e3o desses atores ser\u00e1 efetuada atrav\u00e9s de:<br \/>\nUm question\u00e1rio.<br \/>\nUm workshop com especialistas.<br \/>\nCaf\u00e9s de ci\u00eancia.<\/p>\n<p>As atividades realizadas durante esta fase permitir\u00e3o a cria\u00e7\u00e3o de uma Rede de Especialistas na cadeia de valor da Qualidade do Ar Interior.[\/vc_column_text][\/vc_column_inner][\/vc_row_inner][vc_row_inner equal_column_height=&#8221;equal&#8221;][vc_column_inner vertical_content_position=&#8221;middle&#8221;]<div style=\"height: 100px;\" class=\"grve-empty-space\"><\/div>[\/vc_column_inner][\/vc_row_inner][vc_row_inner equal_column_height=&#8221;equal&#8221;][vc_column_inner width=&#8221;5\/12&#8243; vertical_content_position=&#8221;middle&#8221;]<div data-animation=\"clipping-left\" data-delay=\"200\" data-duration=\"slow\" class=\"grve-element grve-image grve-align-center grve-clipping-animation grve-advanced-animation grve-animated-item\">\r\n\t<div class=\"grve-image-item\">\r\n\t\t\r\n\r\n<div class=\"grve-image-wrapper grve-radius-5 grve-no-effect\">\r\n\t\t<div class=\"grve-thumbnail-wrapper\"  style=\"width: 1000px;\"><div class=\"grve-thumbnail\"  style=\"padding-top: 50%;\"><img width=\"1000\" height=\"500\" src=\"https:\/\/www.3sqair.com\/wp-content\/uploads\/2021\/04\/context-3sqair-seccion-a-04.jpg\" class=\"attachment-full size-full\" alt=\"\" data-column-space=\"auto\" data-lazyload=\"\" data-grve-filter=\"yes\" srcset=\"https:\/\/www.3sqair.com\/wp-content\/uploads\/2021\/04\/context-3sqair-seccion-a-04.jpg 1000w, https:\/\/www.3sqair.com\/wp-content\/uploads\/2021\/04\/context-3sqair-seccion-a-04-300x150.jpg 300w, https:\/\/www.3sqair.com\/wp-content\/uploads\/2021\/04\/context-3sqair-seccion-a-04-768x384.jpg 768w\" sizes=\"(max-width: 1000px) 100vw, 1000px\" \/><\/div><\/div>\t<\/div>\r\n\t<\/div>\r\n<\/div>\r\n[\/vc_column_inner][vc_column_inner width=&#8221;7\/12&#8243; vertical_content_position=&#8221;middle&#8221;]<div class=\"grve-element grve-single-icon grve-align-inherit grve-small\"><div class=\"grve-wrapper-icon grve-text-primary-2\"><i class=\"et-icon-presentation\"><\/i><\/div><\/div><div style=\"height: 15px;\" class=\"grve-empty-space\"><\/div>[vc_column_text]<\/p>\n<h4><span style=\"color: #c16023;\">3. Fase de defini\u00e7\u00e3o do mecanismo interno da Rede de Especialistas.<\/span><\/h4>\n<p>Para garantir a sua funcionalidade, mesmo depois da conclus\u00e3o do projeto.[\/vc_column_text][\/vc_column_inner][\/vc_row_inner][vc_row_inner equal_column_height=&#8221;equal&#8221;][vc_column_inner vertical_content_position=&#8221;middle&#8221;]<div style=\"height: 100px;\" class=\"grve-empty-space\"><\/div>[\/vc_column_inner][\/vc_row_inner][\/vc_column][\/vc_row][vc_row][vc_column]<div style=\"height: 50px;\" class=\"grve-empty-space\"><\/div>[\/vc_column][\/vc_row][vc_row padding_bottom_multiplier=&#8221;3x&#8221;][vc_column]<div class=\"grve-element grve-image grve-align-center\">\r\n\t<div class=\"grve-image-item\">\r\n\t\t\r\n\r\n<div class=\"grve-image-wrapper grve-radius-5 grve-no-effect\">\r\n\t\t<div class=\"grve-thumbnail-wrapper\"  style=\"width: 101px;\"><div class=\"grve-thumbnail\"  style=\"padding-top: 80.198%;\"><img width=\"101\" height=\"81\" src=\"https:\/\/www.3sqair.com\/wp-content\/uploads\/2021\/04\/b-seccion.png\" class=\"attachment-full size-full\" alt=\"\" data-column-space=\"auto\" data-lazyload=\"\" data-grve-filter=\"yes\" \/><\/div><\/div>\t<\/div>\r\n\t<\/div>\r\n<\/div>\r\n<h3 class=\"grve-element grve-title grve-align-center grve-h3\"><span><br>\n<h3 style=\"text-align: center;\">Identifica\u00e7\u00e3o de estrat\u00e9gias de inova\u00e7\u00e3o inteligentes e sustent\u00e1veis<br \/>\na n\u00edvel nacional e regional<\/h3>\n<\/span><\/h3><div style=\"height: 50px;\" class=\"grve-empty-space\"><\/div>[vc_row_inner equal_column_height=&#8221;equal&#8221;][vc_column_inner width=&#8221;5\/12&#8243; vertical_content_position=&#8221;middle&#8221;]<div class=\"grve-element grve-single-icon grve-align-inherit grve-small\"><div class=\"grve-wrapper-icon grve-text-primary-2\"><i class=\"et-icon-clock\"><\/i><\/div><\/div><div style=\"height: 15px;\" class=\"grve-empty-space\"><\/div>[vc_column_text]<\/p>\n<h4><span style=\"color: #c16023;\">1. Para que o projeto seja executado com a maior precis\u00e3o poss\u00edvel:.<\/span><\/h4>\n<p>\u00c9 necess\u00e1rio conhecer as estrat\u00e9gias, uma vez que s\u00e3o realizadas nas diferentes regi\u00f5es que fazem parte do projeto. Para tal, ser\u00e1 formulado um quadro comum para o espa\u00e7o SUDOE, com foco em solu\u00e7\u00f5es inteligentes e sustent\u00e1veis \u200b\u200bpara garantir a QAI nas salas de aula.[\/vc_column_text][\/vc_column_inner][vc_column_inner width=&#8221;7\/12&#8243; vertical_content_position=&#8221;middle&#8221;]<div data-animation=\"clipping-left\" data-delay=\"200\" data-duration=\"slow\" class=\"grve-element grve-image grve-align-center grve-clipping-animation grve-advanced-animation grve-animated-item\">\r\n\t<div class=\"grve-image-item\">\r\n\t\t\r\n\r\n<div class=\"grve-image-wrapper grve-radius-5 grve-no-effect\">\r\n\t\t<div class=\"grve-thumbnail-wrapper\"  style=\"width: 1000px;\"><div class=\"grve-thumbnail\"  style=\"padding-top: 56.3%;\"><img width=\"1000\" height=\"563\" src=\"https:\/\/www.3sqair.com\/wp-content\/uploads\/2021\/05\/context-3sqair-implemen-project.jpg\" class=\"attachment-full size-full\" alt=\"\" data-column-space=\"auto\" data-lazyload=\"\" data-grve-filter=\"yes\" srcset=\"https:\/\/www.3sqair.com\/wp-content\/uploads\/2021\/05\/context-3sqair-implemen-project.jpg 1000w, https:\/\/www.3sqair.com\/wp-content\/uploads\/2021\/05\/context-3sqair-implemen-project-300x169.jpg 300w, https:\/\/www.3sqair.com\/wp-content\/uploads\/2021\/05\/context-3sqair-implemen-project-768x432.jpg 768w\" sizes=\"(max-width: 1000px) 100vw, 1000px\" \/><\/div><\/div>\t<\/div>\r\n\t<\/div>\r\n<\/div>\r\n[\/vc_column_inner][\/vc_row_inner][\/vc_column][\/vc_row][vc_row][vc_column]<div style=\"height: 50px;\" class=\"grve-empty-space\"><\/div>[\/vc_column][\/vc_row]<\/p>\n","protected":false},"excerpt":{"rendered":"<p>[vc_row][vc_column][\/vc_column][\/vc_row][vc_row padding_top_multiplier=&#8221;&#8221; padding_bottom_multiplier=&#8221;&#8221; rc_bg_type=&#8221;color&#8221; equal_column_height=&#8221;equal&#8221; separator_top_color=&#8221;#1e73be&#8221;][vc_column width=&#8221;5\/12&#8243; rc_bg_type=&#8221;color&#8221;][\/vc_column][vc_column width=&#8221;7\/12&#8243; vertical_content_position=&#8221;middle&#8221; full_height=&#8221;yes&#8221;][vc_row_inner][vc_column_inner width=&#8221;1\/2&#8243;][vc_column_text animation=&#8221;fade-in-up&#8221; animation_delay=&#8221;2&#8243;]Segundo v\u00e1rios estudos, a exposi\u00e7\u00e3o cr\u00f3nica ao ar interior polu\u00eddo causa problemas como alergias e problemas respirat\u00f3rios (asma, bronquite, etc.) que podem passar despercebidos, como por exemplo, a fadiga mental ou n\u00edveis de concentra\u00e7\u00e3o diminu\u00eddos, o que afeta o desempenho intelectual e [&hellip;]<\/p>\n","protected":false},"author":1,"featured_media":449,"parent":0,"menu_order":0,"comment_status":"closed","ping_status":"closed","template":"","meta":{"_monsterinsights_skip_tracking":false,"_monsterinsights_sitenote_active":false,"_monsterinsights_sitenote_note":"","_monsterinsights_sitenote_category":0},"acf":[],"yoast_head":"<!-- This site is optimized with the Yoast SEO plugin v20.4 - https:\/\/yoast.com\/wordpress\/plugins\/seo\/ -->\n<title>Contexto - 3SqAIR<\/title>\n<meta name=\"robots\" content=\"index, follow, max-snippet:-1, max-image-preview:large, max-video-preview:-1\" \/>\n<link rel=\"canonical\" href=\"https:\/\/www.3sqair.com\/pt-pt\/contexto\/\" \/>\n<meta property=\"og:locale\" content=\"pt_PT\" \/>\n<meta property=\"og:type\" content=\"article\" \/>\n<meta property=\"og:title\" content=\"Contexto - 3SqAIR\" \/>\n<meta property=\"og:description\" content=\"[vc_row][vc_column][\/vc_column][\/vc_row][vc_row padding_top_multiplier=&#8221;&#8221; padding_bottom_multiplier=&#8221;&#8221; rc_bg_type=&#8221;color&#8221; equal_column_height=&#8221;equal&#8221; separator_top_color=&#8221;#1e73be&#8221;][vc_column width=&#8221;5\/12&#8243; rc_bg_type=&#8221;color&#8221;][\/vc_column][vc_column width=&#8221;7\/12&#8243; vertical_content_position=&#8221;middle&#8221; full_height=&#8221;yes&#8221;][vc_row_inner][vc_column_inner width=&#8221;1\/2&#8243;][vc_column_text animation=&#8221;fade-in-up&#8221; animation_delay=&#8221;2&#8243;]Segundo v\u00e1rios estudos, a exposi\u00e7\u00e3o cr\u00f3nica ao ar interior polu\u00eddo causa problemas como alergias e problemas respirat\u00f3rios (asma, bronquite, etc.) que podem passar despercebidos, como por exemplo, a fadiga mental ou n\u00edveis de concentra\u00e7\u00e3o diminu\u00eddos, o que afeta o desempenho intelectual e [&hellip;]\" \/>\n<meta property=\"og:url\" content=\"https:\/\/www.3sqair.com\/pt-pt\/contexto\/\" \/>\n<meta property=\"og:site_name\" content=\"3SqAIR\" \/>\n<meta property=\"article:modified_time\" content=\"2021-06-25T08:11:47+00:00\" \/>\n<meta property=\"og:image\" content=\"https:\/\/www.3sqair.com\/wp-content\/uploads\/2021\/04\/context-3sqair-img02.jpg\" \/>\n\t<meta property=\"og:image:width\" content=\"420\" \/>\n\t<meta property=\"og:image:height\" content=\"550\" \/>\n\t<meta property=\"og:image:type\" content=\"image\/jpeg\" \/>\n<meta name=\"twitter:card\" content=\"summary_large_image\" \/>\n<meta name=\"twitter:label1\" content=\"Tempo estimado de leitura\" \/>\n\t<meta name=\"twitter:data1\" content=\"6 minutos\" \/>\n<script type=\"application\/ld+json\" class=\"yoast-schema-graph\">{\"@context\":\"https:\/\/schema.org\",\"@graph\":[{\"@type\":\"WebPage\",\"@id\":\"https:\/\/www.3sqair.com\/pt-pt\/contexto\/\",\"url\":\"https:\/\/www.3sqair.com\/pt-pt\/contexto\/\",\"name\":\"Contexto - 3SqAIR\",\"isPartOf\":{\"@id\":\"https:\/\/www.3sqair.com\/pt-pt\/#website\"},\"datePublished\":\"2021-06-24T08:32:33+00:00\",\"dateModified\":\"2021-06-25T08:11:47+00:00\",\"breadcrumb\":{\"@id\":\"https:\/\/www.3sqair.com\/pt-pt\/contexto\/#breadcrumb\"},\"inLanguage\":\"pt-PT\",\"potentialAction\":[{\"@type\":\"ReadAction\",\"target\":[\"https:\/\/www.3sqair.com\/pt-pt\/contexto\/\"]}]},{\"@type\":\"BreadcrumbList\",\"@id\":\"https:\/\/www.3sqair.com\/pt-pt\/contexto\/#breadcrumb\",\"itemListElement\":[{\"@type\":\"ListItem\",\"position\":1,\"name\":\"Home\",\"item\":\"https:\/\/www.3sqair.com\/pt-pt\/\"},{\"@type\":\"ListItem\",\"position\":2,\"name\":\"Contexto\"}]},{\"@type\":\"WebSite\",\"@id\":\"https:\/\/www.3sqair.com\/pt-pt\/#website\",\"url\":\"https:\/\/www.3sqair.com\/pt-pt\/\",\"name\":\"3SqAIR\",\"description\":\"SUSTAINABLE SMART STRATEGY FOR AIR QUALITY ASSURANCE IN CLASSROOMS\",\"potentialAction\":[{\"@type\":\"SearchAction\",\"target\":{\"@type\":\"EntryPoint\",\"urlTemplate\":\"https:\/\/www.3sqair.com\/pt-pt\/?s={search_term_string}\"},\"query-input\":\"required name=search_term_string\"}],\"inLanguage\":\"pt-PT\"}]}<\/script>\n<!-- \/ Yoast SEO plugin. -->","yoast_head_json":{"title":"Contexto - 3SqAIR","robots":{"index":"index","follow":"follow","max-snippet":"max-snippet:-1","max-image-preview":"max-image-preview:large","max-video-preview":"max-video-preview:-1"},"canonical":"https:\/\/www.3sqair.com\/pt-pt\/contexto\/","og_locale":"pt_PT","og_type":"article","og_title":"Contexto - 3SqAIR","og_description":"[vc_row][vc_column][\/vc_column][\/vc_row][vc_row padding_top_multiplier=&#8221;&#8221; padding_bottom_multiplier=&#8221;&#8221; rc_bg_type=&#8221;color&#8221; equal_column_height=&#8221;equal&#8221; separator_top_color=&#8221;#1e73be&#8221;][vc_column width=&#8221;5\/12&#8243; rc_bg_type=&#8221;color&#8221;][\/vc_column][vc_column width=&#8221;7\/12&#8243; vertical_content_position=&#8221;middle&#8221; full_height=&#8221;yes&#8221;][vc_row_inner][vc_column_inner width=&#8221;1\/2&#8243;][vc_column_text animation=&#8221;fade-in-up&#8221; animation_delay=&#8221;2&#8243;]Segundo v\u00e1rios estudos, a exposi\u00e7\u00e3o cr\u00f3nica ao ar interior polu\u00eddo causa problemas como alergias e problemas respirat\u00f3rios (asma, bronquite, etc.) que podem passar despercebidos, como por exemplo, a fadiga mental ou n\u00edveis de concentra\u00e7\u00e3o diminu\u00eddos, o que afeta o desempenho intelectual e [&hellip;]","og_url":"https:\/\/www.3sqair.com\/pt-pt\/contexto\/","og_site_name":"3SqAIR","article_modified_time":"2021-06-25T08:11:47+00:00","og_image":[{"width":420,"height":550,"url":"https:\/\/www.3sqair.com\/wp-content\/uploads\/2021\/04\/context-3sqair-img02.jpg","type":"image\/jpeg"}],"twitter_card":"summary_large_image","twitter_misc":{"Tempo estimado de leitura":"6 minutos"},"schema":{"@context":"https:\/\/schema.org","@graph":[{"@type":"WebPage","@id":"https:\/\/www.3sqair.com\/pt-pt\/contexto\/","url":"https:\/\/www.3sqair.com\/pt-pt\/contexto\/","name":"Contexto - 3SqAIR","isPartOf":{"@id":"https:\/\/www.3sqair.com\/pt-pt\/#website"},"datePublished":"2021-06-24T08:32:33+00:00","dateModified":"2021-06-25T08:11:47+00:00","breadcrumb":{"@id":"https:\/\/www.3sqair.com\/pt-pt\/contexto\/#breadcrumb"},"inLanguage":"pt-PT","potentialAction":[{"@type":"ReadAction","target":["https:\/\/www.3sqair.com\/pt-pt\/contexto\/"]}]},{"@type":"BreadcrumbList","@id":"https:\/\/www.3sqair.com\/pt-pt\/contexto\/#breadcrumb","itemListElement":[{"@type":"ListItem","position":1,"name":"Home","item":"https:\/\/www.3sqair.com\/pt-pt\/"},{"@type":"ListItem","position":2,"name":"Contexto"}]},{"@type":"WebSite","@id":"https:\/\/www.3sqair.com\/pt-pt\/#website","url":"https:\/\/www.3sqair.com\/pt-pt\/","name":"3SqAIR","description":"SUSTAINABLE SMART STRATEGY FOR AIR QUALITY ASSURANCE IN CLASSROOMS","potentialAction":[{"@type":"SearchAction","target":{"@type":"EntryPoint","urlTemplate":"https:\/\/www.3sqair.com\/pt-pt\/?s={search_term_string}"},"query-input":"required name=search_term_string"}],"inLanguage":"pt-PT"}]}},"_links":{"self":[{"href":"https:\/\/www.3sqair.com\/pt-pt\/wp-json\/wp\/v2\/pages\/1515"}],"collection":[{"href":"https:\/\/www.3sqair.com\/pt-pt\/wp-json\/wp\/v2\/pages"}],"about":[{"href":"https:\/\/www.3sqair.com\/pt-pt\/wp-json\/wp\/v2\/types\/page"}],"author":[{"embeddable":true,"href":"https:\/\/www.3sqair.com\/pt-pt\/wp-json\/wp\/v2\/users\/1"}],"replies":[{"embeddable":true,"href":"https:\/\/www.3sqair.com\/pt-pt\/wp-json\/wp\/v2\/comments?post=1515"}],"version-history":[{"count":0,"href":"https:\/\/www.3sqair.com\/pt-pt\/wp-json\/wp\/v2\/pages\/1515\/revisions"}],"wp:featuredmedia":[{"embeddable":true,"href":"https:\/\/www.3sqair.com\/pt-pt\/wp-json\/wp\/v2\/media\/449"}],"wp:attachment":[{"href":"https:\/\/www.3sqair.com\/pt-pt\/wp-json\/wp\/v2\/media?parent=1515"}],"curies":[{"name":"wp","href":"https:\/\/api.w.org\/{rel}","templated":true}]}}