{"id":6522,"date":"2023-04-17T10:12:30","date_gmt":"2023-04-17T10:12:30","guid":{"rendered":"https:\/\/www.3sqair.com\/rejoindre\/"},"modified":"2023-04-18T09:44:15","modified_gmt":"2023-04-18T09:44:15","slug":"nous-rejoindre","status":"publish","type":"page","link":"https:\/\/www.3sqair.com\/fr\/nous-rejoindre\/","title":{"rendered":"Nous rejoindre"},"content":{"rendered":"<p>[vc_row][vc_column]<h3 class=\"grve-element grve-title grve-align-center grve-h3\"><span><span class=\"jCAhz ChMk0b\"><span class=\"ryNqvb\">RETROUVEZ ICI TOUS LES AGENTS ET LES INFORMATIONS MISES A JOUR DU <\/span><\/span><span style=\"color: #fdc608;\">QAI<\/span><\/span><\/h3><div style=\"height: 50px;\" class=\"grve-empty-space\"><\/div>[\/vc_column][\/vc_row][vc_row][vc_column][vc_column_text]Afin de maintenir l&rsquo;int\u00e9r\u00eat et l&rsquo;utilit\u00e9 du projet d&rsquo;am\u00e9lioration de la qualit\u00e9 de l&rsquo;air int\u00e9rieur 3SqAir, cette plateforme est ouverte \u00e0 recevoir de nouvelles documentations et de nouveaux agents.<\/p>\n<p>En ce sens, si vous \u00eates int\u00e9ress\u00e9 \u00e0 vous promouvoir en tant que professionnel (Stakeholder) ou si vous avez de la documentation en lien avec la th\u00e9matique du projet \u00e0 partager (Centre documentaire), <strong>nous vous offrirons la possibilit\u00e9 de le faire sur cette plateforme.<\/strong><\/p>\n<p>Remplissez ce formulaire et nous vous contacterons pour savoir comment vous souhaitez rejoindre le projet[\/vc_column_text][\/vc_column][\/vc_row][vc_row][vc_column]<div style=\"height: 50px;\" class=\"grve-empty-space\"><\/div>\n<div class=\"wpcf7 no-js\" id=\"wpcf7-f1758-o1\" lang=\"fr-FR\" dir=\"ltr\">\n<div class=\"screen-reader-response\"><p role=\"status\" aria-live=\"polite\" aria-atomic=\"true\"><\/p> <ul><\/ul><\/div>\n<form action=\"\/fr\/wp-json\/wp\/v2\/pages\/6522#wpcf7-f1758-o1\" method=\"post\" class=\"wpcf7-form init\" aria-label=\"Formulaire de contact\" novalidate=\"novalidate\" data-status=\"init\">\n<div style=\"display: none;\">\n<input type=\"hidden\" name=\"_wpcf7\" value=\"1758\" \/>\n<input type=\"hidden\" name=\"_wpcf7_version\" value=\"5.7.7\" \/>\n<input type=\"hidden\" name=\"_wpcf7_locale\" value=\"fr_FR\" \/>\n<input type=\"hidden\" name=\"_wpcf7_unit_tag\" value=\"wpcf7-f1758-o1\" \/>\n<input type=\"hidden\" name=\"_wpcf7_container_post\" value=\"0\" \/>\n<input type=\"hidden\" name=\"_wpcf7_posted_data_hash\" value=\"\" \/>\n<\/div>\n<div class=\"grve-form grve-fields-grey-bg grve-fields-round\">\n\t<div class=\"grve-fields-wrapper\">\n\t\t<div class=\"grve-one-half\">\n\t\t\t<p><span class=\"wpcf7-form-control-wrap\" data-name=\"your-name\"><input size=\"40\" class=\"wpcf7-form-control wpcf7-text wpcf7-validates-as-required\" autocomplete=\"off\" aria-required=\"true\" aria-invalid=\"false\" placeholder=\"Nom *\" value=\"\" type=\"text\" name=\"your-name\" \/><\/span>\n\t\t\t<\/p>\n\t\t<\/div>\n\t\t<div class=\"grve-one-half grve-last-column\">\n\t\t\t<p><span class=\"wpcf7-form-control-wrap\" data-name=\"your-email\"><input size=\"40\" class=\"wpcf7-form-control wpcf7-text wpcf7-email wpcf7-validates-as-required wpcf7-validates-as-email\" autocomplete=\"off\" aria-required=\"true\" aria-invalid=\"false\" placeholder=\"Email *\" value=\"\" type=\"email\" name=\"your-email\" \/><\/span>\n\t\t\t<\/p>\n\t\t<\/div>\n\t\t<div class=\"grve-one-half\">\n\t\t\t<p><span class=\"wpcf7-form-control-wrap\" data-name=\"your-subject\"><input size=\"40\" class=\"wpcf7-form-control wpcf7-text\" autocomplete=\"off\" aria-invalid=\"false\" placeholder=\"Sujet\" value=\"\" type=\"text\" name=\"your-subject\" \/><\/span>\n\t\t\t<\/p>\n\t\t<\/div>\n\t\t<div class=\"grve-one-half grve-last-column\">\n\t\t\t<p><span class=\"wpcf7-form-control-wrap\" data-name=\"your-phone\"><input size=\"40\" class=\"wpcf7-form-control wpcf7-text\" aria-invalid=\"false\" placeholder=\"T\u00e9l\u00e9phone\" value=\"\" type=\"text\" name=\"your-phone\" \/><\/span>\n\t\t\t<\/p>\n\t\t<\/div>\n\t\t<div>\n\t\t\t<p><span class=\"wpcf7-form-control-wrap\" data-name=\"your-message\"><textarea cols=\"40\" rows=\"10\" class=\"wpcf7-form-control wpcf7-textarea\" aria-invalid=\"false\" placeholder=\"Message\" name=\"your-message\"><\/textarea><\/span>\n\t\t\t<\/p>\n\t\t<\/div>\n\t\t<div class=\"aceptacion\">\n\t\t\t<div class=\"aceptacionUno\">\n\t\t\t\t<p><span class=\"wpcf7-form-control-wrap\" data-name=\"acceptance-209\"><span class=\"wpcf7-form-control wpcf7-acceptance\"><span class=\"wpcf7-list-item\"><label><input type=\"checkbox\" name=\"acceptance-209\" value=\"1\" aria-invalid=\"false\" \/><span class=\"wpcf7-list-item-label\">J'ai lu et j'accepte la<\/span><\/label><\/span><\/span><\/span>\n\t\t\t\t<\/p>\n\t\t\t<\/div>\n\t\t\t<div class=\"aceptacionDos\">\n\t\t\t\t<p><a href=\"#\" target=\"_blank\">Politique de confidentialit\u00e9<\/a>\n\t\t\t\t<\/p>\n\t\t\t<\/div>\n\t\t<\/div>\n\t\t<div>\n\t\t\t<p><input class=\"wpcf7-form-control has-spinner wpcf7-submit grve-fluid-button\" type=\"submit\" value=\"ENVOYER\" \/>\n\t\t\t<\/p>\n\t\t<\/div>\n\t<\/div>\n<\/div><p style=\"display: none !important;\" class=\"akismet-fields-container\" data-prefix=\"_wpcf7_ak_\"><label>&#916;<textarea name=\"_wpcf7_ak_hp_textarea\" cols=\"45\" rows=\"8\" maxlength=\"100\"><\/textarea><\/label><input type=\"hidden\" id=\"ak_js_1\" name=\"_wpcf7_ak_js\" value=\"10\"\/><script>document.getElementById( \"ak_js_1\" ).setAttribute( \"value\", ( new Date() ).getTime() );<\/script><\/p><div class=\"wpcf7-response-output\" aria-hidden=\"true\"><\/div>\n<\/form>\n<\/div>\n[\/vc_column][\/vc_row][vc_row][vc_column]<div style=\"height: 50px;\" class=\"grve-empty-space\"><\/div>[\/vc_column][\/vc_row]<\/p>\n","protected":false},"excerpt":{"rendered":"<p>[vc_row][vc_column][\/vc_column][\/vc_row][vc_row][vc_column][vc_column_text]Afin de maintenir l&rsquo;int\u00e9r\u00eat et l&rsquo;utilit\u00e9 du projet d&rsquo;am\u00e9lioration de la qualit\u00e9 de l&rsquo;air int\u00e9rieur 3SqAir, cette plateforme est ouverte \u00e0 recevoir de nouvelles documentations et de nouveaux agents. En ce sens, si vous \u00eates int\u00e9ress\u00e9 \u00e0 vous promouvoir en tant que professionnel (Stakeholder) ou si vous avez de la documentation en lien avec la [&hellip;]<\/p>\n","protected":false},"author":2,"featured_media":0,"parent":0,"menu_order":0,"comment_status":"closed","ping_status":"closed","template":"","meta":{"_monsterinsights_skip_tracking":false,"_monsterinsights_sitenote_active":false,"_monsterinsights_sitenote_note":"","_monsterinsights_sitenote_category":0},"acf":[],"yoast_head":"<!-- This site is optimized with the Yoast SEO plugin v20.4 - https:\/\/yoast.com\/wordpress\/plugins\/seo\/ -->\n<title>Nous rejoindre - 3SqAIR<\/title>\n<meta name=\"robots\" content=\"index, follow, max-snippet:-1, max-image-preview:large, max-video-preview:-1\" \/>\n<link rel=\"canonical\" href=\"https:\/\/www.3sqair.com\/fr\/nous-rejoindre\/\" \/>\n<meta property=\"og:locale\" content=\"fr_FR\" \/>\n<meta property=\"og:type\" content=\"article\" \/>\n<meta property=\"og:title\" content=\"Nous rejoindre - 3SqAIR\" \/>\n<meta property=\"og:description\" content=\"[vc_row][vc_column][\/vc_column][\/vc_row][vc_row][vc_column][vc_column_text]Afin de maintenir l&rsquo;int\u00e9r\u00eat et l&rsquo;utilit\u00e9 du projet d&rsquo;am\u00e9lioration de la qualit\u00e9 de l&rsquo;air int\u00e9rieur 3SqAir, cette plateforme est ouverte \u00e0 recevoir de nouvelles documentations et de nouveaux agents. En ce sens, si vous \u00eates int\u00e9ress\u00e9 \u00e0 vous promouvoir en tant que professionnel (Stakeholder) ou si vous avez de la documentation en lien avec la [&hellip;]\" \/>\n<meta property=\"og:url\" content=\"https:\/\/www.3sqair.com\/fr\/nous-rejoindre\/\" \/>\n<meta property=\"og:site_name\" content=\"3SqAIR\" \/>\n<meta property=\"article:modified_time\" content=\"2023-04-18T09:44:15+00:00\" \/>\n<meta name=\"twitter:card\" content=\"summary_large_image\" \/>\n<meta name=\"twitter:label1\" content=\"Dur\u00e9e de lecture estim\u00e9e\" \/>\n\t<meta name=\"twitter:data1\" content=\"1 minute\" \/>\n<script type=\"application\/ld+json\" class=\"yoast-schema-graph\">{\"@context\":\"https:\/\/schema.org\",\"@graph\":[{\"@type\":\"WebPage\",\"@id\":\"https:\/\/www.3sqair.com\/fr\/nous-rejoindre\/\",\"url\":\"https:\/\/www.3sqair.com\/fr\/nous-rejoindre\/\",\"name\":\"Nous rejoindre - 3SqAIR\",\"isPartOf\":{\"@id\":\"https:\/\/www.3sqair.com\/fr\/#website\"},\"datePublished\":\"2023-04-17T10:12:30+00:00\",\"dateModified\":\"2023-04-18T09:44:15+00:00\",\"breadcrumb\":{\"@id\":\"https:\/\/www.3sqair.com\/fr\/nous-rejoindre\/#breadcrumb\"},\"inLanguage\":\"fr-FR\",\"potentialAction\":[{\"@type\":\"ReadAction\",\"target\":[\"https:\/\/www.3sqair.com\/fr\/nous-rejoindre\/\"]}]},{\"@type\":\"BreadcrumbList\",\"@id\":\"https:\/\/www.3sqair.com\/fr\/nous-rejoindre\/#breadcrumb\",\"itemListElement\":[{\"@type\":\"ListItem\",\"position\":1,\"name\":\"Home\",\"item\":\"https:\/\/www.3sqair.com\/fr\/\"},{\"@type\":\"ListItem\",\"position\":2,\"name\":\"Nous rejoindre\"}]},{\"@type\":\"WebSite\",\"@id\":\"https:\/\/www.3sqair.com\/fr\/#website\",\"url\":\"https:\/\/www.3sqair.com\/fr\/\",\"name\":\"3SqAIR\",\"description\":\"SUSTAINABLE SMART STRATEGY FOR AIR QUALITY ASSURANCE IN CLASSROOMS\",\"potentialAction\":[{\"@type\":\"SearchAction\",\"target\":{\"@type\":\"EntryPoint\",\"urlTemplate\":\"https:\/\/www.3sqair.com\/fr\/?s={search_term_string}\"},\"query-input\":\"required name=search_term_string\"}],\"inLanguage\":\"fr-FR\"}]}<\/script>\n<!-- \/ Yoast SEO plugin. -->","yoast_head_json":{"title":"Nous rejoindre - 3SqAIR","robots":{"index":"index","follow":"follow","max-snippet":"max-snippet:-1","max-image-preview":"max-image-preview:large","max-video-preview":"max-video-preview:-1"},"canonical":"https:\/\/www.3sqair.com\/fr\/nous-rejoindre\/","og_locale":"fr_FR","og_type":"article","og_title":"Nous rejoindre - 3SqAIR","og_description":"[vc_row][vc_column][\/vc_column][\/vc_row][vc_row][vc_column][vc_column_text]Afin de maintenir l&rsquo;int\u00e9r\u00eat et l&rsquo;utilit\u00e9 du projet d&rsquo;am\u00e9lioration de la qualit\u00e9 de l&rsquo;air int\u00e9rieur 3SqAir, cette plateforme est ouverte \u00e0 recevoir de nouvelles documentations et de nouveaux agents. En ce sens, si vous \u00eates int\u00e9ress\u00e9 \u00e0 vous promouvoir en tant que professionnel (Stakeholder) ou si vous avez de la documentation en lien avec la [&hellip;]","og_url":"https:\/\/www.3sqair.com\/fr\/nous-rejoindre\/","og_site_name":"3SqAIR","article_modified_time":"2023-04-18T09:44:15+00:00","twitter_card":"summary_large_image","twitter_misc":{"Dur\u00e9e de lecture estim\u00e9e":"1 minute"},"schema":{"@context":"https:\/\/schema.org","@graph":[{"@type":"WebPage","@id":"https:\/\/www.3sqair.com\/fr\/nous-rejoindre\/","url":"https:\/\/www.3sqair.com\/fr\/nous-rejoindre\/","name":"Nous rejoindre - 3SqAIR","isPartOf":{"@id":"https:\/\/www.3sqair.com\/fr\/#website"},"datePublished":"2023-04-17T10:12:30+00:00","dateModified":"2023-04-18T09:44:15+00:00","breadcrumb":{"@id":"https:\/\/www.3sqair.com\/fr\/nous-rejoindre\/#breadcrumb"},"inLanguage":"fr-FR","potentialAction":[{"@type":"ReadAction","target":["https:\/\/www.3sqair.com\/fr\/nous-rejoindre\/"]}]},{"@type":"BreadcrumbList","@id":"https:\/\/www.3sqair.com\/fr\/nous-rejoindre\/#breadcrumb","itemListElement":[{"@type":"ListItem","position":1,"name":"Home","item":"https:\/\/www.3sqair.com\/fr\/"},{"@type":"ListItem","position":2,"name":"Nous rejoindre"}]},{"@type":"WebSite","@id":"https:\/\/www.3sqair.com\/fr\/#website","url":"https:\/\/www.3sqair.com\/fr\/","name":"3SqAIR","description":"SUSTAINABLE SMART STRATEGY FOR AIR QUALITY ASSURANCE IN CLASSROOMS","potentialAction":[{"@type":"SearchAction","target":{"@type":"EntryPoint","urlTemplate":"https:\/\/www.3sqair.com\/fr\/?s={search_term_string}"},"query-input":"required name=search_term_string"}],"inLanguage":"fr-FR"}]}},"_links":{"self":[{"href":"https:\/\/www.3sqair.com\/fr\/wp-json\/wp\/v2\/pages\/6522"}],"collection":[{"href":"https:\/\/www.3sqair.com\/fr\/wp-json\/wp\/v2\/pages"}],"about":[{"href":"https:\/\/www.3sqair.com\/fr\/wp-json\/wp\/v2\/types\/page"}],"author":[{"embeddable":true,"href":"https:\/\/www.3sqair.com\/fr\/wp-json\/wp\/v2\/users\/2"}],"replies":[{"embeddable":true,"href":"https:\/\/www.3sqair.com\/fr\/wp-json\/wp\/v2\/comments?post=6522"}],"version-history":[{"count":5,"href":"https:\/\/www.3sqair.com\/fr\/wp-json\/wp\/v2\/pages\/6522\/revisions"}],"predecessor-version":[{"id":6660,"href":"https:\/\/www.3sqair.com\/fr\/wp-json\/wp\/v2\/pages\/6522\/revisions\/6660"}],"wp:attachment":[{"href":"https:\/\/www.3sqair.com\/fr\/wp-json\/wp\/v2\/media?parent=6522"}],"curies":[{"name":"wp","href":"https:\/\/api.w.org\/{rel}","templated":true}]}}