{"id":2271,"date":"2022-10-27T06:57:27","date_gmt":"2022-10-27T06:57:27","guid":{"rendered":"https:\/\/www.3sqair.com\/les-partenaires\/universite-de-coimbra\/"},"modified":"2022-10-27T06:57:27","modified_gmt":"2022-10-27T06:57:27","slug":"universite-de-coimbra","status":"publish","type":"page","link":"https:\/\/www.3sqair.com\/fr\/les-partenaires\/universite-de-coimbra\/","title":{"rendered":"Universit\u00e9 de Coimbra"},"content":{"rendered":"<p>[vc_row padding_top_multiplier=\u00a0\u00bb\u00a0\u00bb equal_column_height=\u00a0\u00bbequal\u00a0\u00bb][vc_column width=\u00a0\u00bb1\/2&Prime; vertical_content_position=\u00a0\u00bbmiddle\u00a0\u00bb]<h1 class=\"grve-element grve-title grve-align-left grve-h1\"><span><br>\n<h1>Universit\u00e9 de Coimbra<\/h1>\n<\/span><\/h1>[vc_column_text]Le d\u00e9partement a une exp\u00e9rience de l\u2019efficacit\u00e9 \u00e9nerg\u00e9tique et de la QAI dans les b\u00e2timents scolaires, gr\u00e2ce \u00e0 leur participation \u00e0 des projets tels que le projet 3Es, et l\u2019\u00e9tude sur l\u2019efficacit\u00e9 \u00e9nerg\u00e9tique dans les \u00e9coles du Portugal, avant et apr\u00e8s la mise en \u0153uvre d\u2019un programme de r\u00e9habilitation.<\/p>\n<p>L\u2019\u00e9quipe poss\u00e8de de nombreuses publications dans des revues \u00e0 fort impact. L\u2019universit\u00e9 organise \u00e9galement des \u00e9v\u00e9nements internationaux (Roomvent 2004, Healthy Buildings 2006, Climamed 2020) et des formations.[\/vc_column_text]<div style=\"height: 35px;\" class=\"grve-empty-space\"><\/div><div class=\"grve-element grve-align-left\"><a href=\"https:\/\/www.uc.pt\/en\" title=\"https:\/\/www.uc.pt\/\" target=\"_blank\" class=\"grve-btn grve-round grve-bg-gradient-1 grve-bg-hover-primary-3 grve-border-hover-primary-3 grve-pulse grve-text-white grve-text-hover-white grve-btn-gradient grve-btn-medium grve-with-icon\">\r\n\t\t<div class=\"grve-btn-inner\">\r\n\t\t<span>www.uc.pt<\/span>\r\n\t\t\t\t\t\t\t<div class=\"grve-btn-icon\">\r\n\t\t\t<i class=\"smp-icon-action-redo\"><\/i>\r\n\t\t<\/div>\r\n\t\t\t\t\t<\/div>\r\n\t<\/a><\/div>[\/vc_column][vc_column width=\u00a0\u00bb1\/2&Prime; vertical_content_position=\u00a0\u00bbmiddle\u00a0\u00bb]<div class=\"grve-element grve-image grve-align-center\">\r\n\t<div class=\"grve-image-item\">\r\n\t\t\r\n\r\n<div class=\"grve-image-wrapper grve-radius-5 grve-shadow-small grve-no-effect\">\r\n\t\t<div class=\"grve-thumbnail-wrapper\"  style=\"width: 300px;\"><div class=\"grve-thumbnail\"  style=\"padding-top: 64.667%;\"><img width=\"300\" height=\"194\" src=\"https:\/\/www.3sqair.com\/wp-content\/uploads\/2021\/05\/partners-3sqair-coimbra-logo-300x194.jpg\" class=\"attachment-medium size-medium\" alt=\"\" data-column-space=\"auto\" data-lazyload=\"\" data-grve-filter=\"yes\" srcset=\"https:\/\/www.3sqair.com\/wp-content\/uploads\/2021\/05\/partners-3sqair-coimbra-logo-300x194.jpg 300w, https:\/\/www.3sqair.com\/wp-content\/uploads\/2021\/05\/partners-3sqair-coimbra-logo-768x498.jpg 768w, https:\/\/www.3sqair.com\/wp-content\/uploads\/2021\/05\/partners-3sqair-coimbra-logo.jpg 1000w\" sizes=\"(max-width: 300px) 100vw, 300px\" \/><\/div><\/div>\t<\/div>\r\n\t<\/div>\r\n<\/div>\r\n[\/vc_column][\/vc_row]<\/p>\n","protected":false},"excerpt":{"rendered":"<p>[vc_row padding_top_multiplier=\u00a0\u00bb\u00a0\u00bb equal_column_height=\u00a0\u00bbequal\u00a0\u00bb][vc_column width=\u00a0\u00bb1\/2&Prime; vertical_content_position=\u00a0\u00bbmiddle\u00a0\u00bb][vc_column_text]Le d\u00e9partement a une exp\u00e9rience de l\u2019efficacit\u00e9 \u00e9nerg\u00e9tique et de la QAI dans les b\u00e2timents scolaires, gr\u00e2ce \u00e0 leur participation \u00e0 des projets tels que le projet 3Es, et l\u2019\u00e9tude sur l\u2019efficacit\u00e9 \u00e9nerg\u00e9tique dans les \u00e9coles du Portugal, avant et apr\u00e8s la mise en \u0153uvre d\u2019un programme de r\u00e9habilitation. L\u2019\u00e9quipe poss\u00e8de [&hellip;]<\/p>\n","protected":false},"author":1,"featured_media":947,"parent":1444,"menu_order":0,"comment_status":"closed","ping_status":"closed","template":"","meta":{"_monsterinsights_skip_tracking":false,"_monsterinsights_sitenote_active":false,"_monsterinsights_sitenote_note":"","_monsterinsights_sitenote_category":0},"acf":[],"yoast_head":"<!-- This site is optimized with the Yoast SEO plugin v20.4 - https:\/\/yoast.com\/wordpress\/plugins\/seo\/ -->\n<title>Universit\u00e9 de Coimbra - 3SqAIR<\/title>\n<meta name=\"robots\" content=\"index, follow, max-snippet:-1, max-image-preview:large, max-video-preview:-1\" \/>\n<link rel=\"canonical\" href=\"https:\/\/www.3sqair.com\/fr\/les-partenaires\/universite-de-coimbra\/\" \/>\n<meta property=\"og:locale\" content=\"fr_FR\" \/>\n<meta property=\"og:type\" content=\"article\" \/>\n<meta property=\"og:title\" content=\"Universit\u00e9 de Coimbra - 3SqAIR\" \/>\n<meta property=\"og:description\" content=\"[vc_row padding_top_multiplier=\u00a0\u00bb\u00a0\u00bb equal_column_height=\u00a0\u00bbequal\u00a0\u00bb][vc_column width=\u00a0\u00bb1\/2&Prime; vertical_content_position=\u00a0\u00bbmiddle\u00a0\u00bb][vc_column_text]Le d\u00e9partement a une exp\u00e9rience de l\u2019efficacit\u00e9 \u00e9nerg\u00e9tique et de la QAI dans les b\u00e2timents scolaires, gr\u00e2ce \u00e0 leur participation \u00e0 des projets tels que le projet 3Es, et l\u2019\u00e9tude sur l\u2019efficacit\u00e9 \u00e9nerg\u00e9tique dans les \u00e9coles du Portugal, avant et apr\u00e8s la mise en \u0153uvre d\u2019un programme de r\u00e9habilitation. L\u2019\u00e9quipe poss\u00e8de [&hellip;]\" \/>\n<meta property=\"og:url\" content=\"https:\/\/www.3sqair.com\/fr\/les-partenaires\/universite-de-coimbra\/\" \/>\n<meta property=\"og:site_name\" content=\"3SqAIR\" \/>\n<meta property=\"og:image\" content=\"https:\/\/www.3sqair.com\/wp-content\/uploads\/2021\/05\/partners-3sqair-coimbra-logo.jpg\" \/>\n\t<meta property=\"og:image:width\" content=\"1000\" \/>\n\t<meta property=\"og:image:height\" content=\"648\" \/>\n\t<meta property=\"og:image:type\" content=\"image\/jpeg\" \/>\n<meta name=\"twitter:card\" content=\"summary_large_image\" \/>\n<meta name=\"twitter:label1\" content=\"Dur\u00e9e de lecture estim\u00e9e\" \/>\n\t<meta name=\"twitter:data1\" content=\"1 minute\" \/>\n<script type=\"application\/ld+json\" class=\"yoast-schema-graph\">{\"@context\":\"https:\/\/schema.org\",\"@graph\":[{\"@type\":\"WebPage\",\"@id\":\"https:\/\/www.3sqair.com\/fr\/les-partenaires\/universite-de-coimbra\/\",\"url\":\"https:\/\/www.3sqair.com\/fr\/les-partenaires\/universite-de-coimbra\/\",\"name\":\"Universit\u00e9 de Coimbra - 3SqAIR\",\"isPartOf\":{\"@id\":\"https:\/\/www.3sqair.com\/fr\/#website\"},\"datePublished\":\"2022-10-27T06:57:27+00:00\",\"dateModified\":\"2022-10-27T06:57:27+00:00\",\"breadcrumb\":{\"@id\":\"https:\/\/www.3sqair.com\/fr\/les-partenaires\/universite-de-coimbra\/#breadcrumb\"},\"inLanguage\":\"fr-FR\",\"potentialAction\":[{\"@type\":\"ReadAction\",\"target\":[\"https:\/\/www.3sqair.com\/fr\/les-partenaires\/universite-de-coimbra\/\"]}]},{\"@type\":\"BreadcrumbList\",\"@id\":\"https:\/\/www.3sqair.com\/fr\/les-partenaires\/universite-de-coimbra\/#breadcrumb\",\"itemListElement\":[{\"@type\":\"ListItem\",\"position\":1,\"name\":\"Home\",\"item\":\"https:\/\/www.3sqair.com\/fr\/\"},{\"@type\":\"ListItem\",\"position\":2,\"name\":\"Les Partenaires\",\"item\":\"https:\/\/www.3sqair.com\/fr\/les-partenaires\/\"},{\"@type\":\"ListItem\",\"position\":3,\"name\":\"Universit\u00e9 de Coimbra\"}]},{\"@type\":\"WebSite\",\"@id\":\"https:\/\/www.3sqair.com\/fr\/#website\",\"url\":\"https:\/\/www.3sqair.com\/fr\/\",\"name\":\"3SqAIR\",\"description\":\"SUSTAINABLE SMART STRATEGY FOR AIR QUALITY ASSURANCE IN CLASSROOMS\",\"potentialAction\":[{\"@type\":\"SearchAction\",\"target\":{\"@type\":\"EntryPoint\",\"urlTemplate\":\"https:\/\/www.3sqair.com\/fr\/?s={search_term_string}\"},\"query-input\":\"required name=search_term_string\"}],\"inLanguage\":\"fr-FR\"}]}<\/script>\n<!-- \/ Yoast SEO plugin. -->","yoast_head_json":{"title":"Universit\u00e9 de Coimbra - 3SqAIR","robots":{"index":"index","follow":"follow","max-snippet":"max-snippet:-1","max-image-preview":"max-image-preview:large","max-video-preview":"max-video-preview:-1"},"canonical":"https:\/\/www.3sqair.com\/fr\/les-partenaires\/universite-de-coimbra\/","og_locale":"fr_FR","og_type":"article","og_title":"Universit\u00e9 de Coimbra - 3SqAIR","og_description":"[vc_row padding_top_multiplier=\u00a0\u00bb\u00a0\u00bb equal_column_height=\u00a0\u00bbequal\u00a0\u00bb][vc_column width=\u00a0\u00bb1\/2&Prime; vertical_content_position=\u00a0\u00bbmiddle\u00a0\u00bb][vc_column_text]Le d\u00e9partement a une exp\u00e9rience de l\u2019efficacit\u00e9 \u00e9nerg\u00e9tique et de la QAI dans les b\u00e2timents scolaires, gr\u00e2ce \u00e0 leur participation \u00e0 des projets tels que le projet 3Es, et l\u2019\u00e9tude sur l\u2019efficacit\u00e9 \u00e9nerg\u00e9tique dans les \u00e9coles du Portugal, avant et apr\u00e8s la mise en \u0153uvre d\u2019un programme de r\u00e9habilitation. L\u2019\u00e9quipe poss\u00e8de [&hellip;]","og_url":"https:\/\/www.3sqair.com\/fr\/les-partenaires\/universite-de-coimbra\/","og_site_name":"3SqAIR","og_image":[{"width":1000,"height":648,"url":"https:\/\/www.3sqair.com\/wp-content\/uploads\/2021\/05\/partners-3sqair-coimbra-logo.jpg","type":"image\/jpeg"}],"twitter_card":"summary_large_image","twitter_misc":{"Dur\u00e9e de lecture estim\u00e9e":"1 minute"},"schema":{"@context":"https:\/\/schema.org","@graph":[{"@type":"WebPage","@id":"https:\/\/www.3sqair.com\/fr\/les-partenaires\/universite-de-coimbra\/","url":"https:\/\/www.3sqair.com\/fr\/les-partenaires\/universite-de-coimbra\/","name":"Universit\u00e9 de Coimbra - 3SqAIR","isPartOf":{"@id":"https:\/\/www.3sqair.com\/fr\/#website"},"datePublished":"2022-10-27T06:57:27+00:00","dateModified":"2022-10-27T06:57:27+00:00","breadcrumb":{"@id":"https:\/\/www.3sqair.com\/fr\/les-partenaires\/universite-de-coimbra\/#breadcrumb"},"inLanguage":"fr-FR","potentialAction":[{"@type":"ReadAction","target":["https:\/\/www.3sqair.com\/fr\/les-partenaires\/universite-de-coimbra\/"]}]},{"@type":"BreadcrumbList","@id":"https:\/\/www.3sqair.com\/fr\/les-partenaires\/universite-de-coimbra\/#breadcrumb","itemListElement":[{"@type":"ListItem","position":1,"name":"Home","item":"https:\/\/www.3sqair.com\/fr\/"},{"@type":"ListItem","position":2,"name":"Les Partenaires","item":"https:\/\/www.3sqair.com\/fr\/les-partenaires\/"},{"@type":"ListItem","position":3,"name":"Universit\u00e9 de Coimbra"}]},{"@type":"WebSite","@id":"https:\/\/www.3sqair.com\/fr\/#website","url":"https:\/\/www.3sqair.com\/fr\/","name":"3SqAIR","description":"SUSTAINABLE SMART STRATEGY FOR AIR QUALITY ASSURANCE IN CLASSROOMS","potentialAction":[{"@type":"SearchAction","target":{"@type":"EntryPoint","urlTemplate":"https:\/\/www.3sqair.com\/fr\/?s={search_term_string}"},"query-input":"required name=search_term_string"}],"inLanguage":"fr-FR"}]}},"_links":{"self":[{"href":"https:\/\/www.3sqair.com\/fr\/wp-json\/wp\/v2\/pages\/2271"}],"collection":[{"href":"https:\/\/www.3sqair.com\/fr\/wp-json\/wp\/v2\/pages"}],"about":[{"href":"https:\/\/www.3sqair.com\/fr\/wp-json\/wp\/v2\/types\/page"}],"author":[{"embeddable":true,"href":"https:\/\/www.3sqair.com\/fr\/wp-json\/wp\/v2\/users\/1"}],"replies":[{"embeddable":true,"href":"https:\/\/www.3sqair.com\/fr\/wp-json\/wp\/v2\/comments?post=2271"}],"version-history":[{"count":0,"href":"https:\/\/www.3sqair.com\/fr\/wp-json\/wp\/v2\/pages\/2271\/revisions"}],"up":[{"embeddable":true,"href":"https:\/\/www.3sqair.com\/fr\/wp-json\/wp\/v2\/pages\/1444"}],"wp:featuredmedia":[{"embeddable":true,"href":"https:\/\/www.3sqair.com\/fr\/wp-json\/wp\/v2\/media\/947"}],"wp:attachment":[{"href":"https:\/\/www.3sqair.com\/fr\/wp-json\/wp\/v2\/media?parent=2271"}],"curies":[{"name":"wp","href":"https:\/\/api.w.org\/{rel}","templated":true}]}}