{"id":2264,"date":"2022-10-27T06:50:50","date_gmt":"2022-10-27T06:50:50","guid":{"rendered":"https:\/\/www.3sqair.com\/les-partenaires\/instituto-superior-tecnico\/"},"modified":"2022-10-27T06:50:50","modified_gmt":"2022-10-27T06:50:50","slug":"instituto-superior-tecnico","status":"publish","type":"page","link":"https:\/\/www.3sqair.com\/fr\/les-partenaires\/instituto-superior-tecnico\/","title":{"rendered":"Instituto Superior T\u00e9cnico"},"content":{"rendered":"<p>[vc_row padding_top_multiplier=\u00a0\u00bb\u00a0\u00bb equal_column_height=\u00a0\u00bbequal\u00a0\u00bb][vc_column width=\u00a0\u00bb1\/2&Prime; vertical_content_position=\u00a0\u00bbmiddle\u00a0\u00bb]<h1 class=\"grve-element grve-title grve-align-left grve-h1\"><span><br>\n<h1>Instituto Superior T\u00e9cnico, Lisboa<\/h1>\n<\/span><\/h1>[vc_column_text]L\u2019\u00e9quipe de qualit\u00e9 de l\u2019air de l\u2019IST est largement reconnue comme un centre d\u2019excellence dans la recherche sur la qualit\u00e9 de l\u2019air int\u00e9rieur.<br \/>\nAu cours des deux derni\u00e8res d\u00e9cennies, il a d\u00e9velopp\u00e9 des dispositifs d\u2019\u00e9chantillonnage, de mesure et d\u2019analyse des polluants atmosph\u00e9riques qui sont aujourd\u2019hui appliqu\u00e9s avec succ\u00e8s dans la caract\u00e9risation de la qualit\u00e9 de l\u2019air int\u00e9rieur, dans l\u2019\u00e9valuation de l\u2019exposition humaine aux polluants atmosph\u00e9riques, dans la r\u00e9partition des sources \u00e0 l\u2019aide de la mod\u00e9lisation des r\u00e9cepteurs et dans l\u2019identification des outils de r\u00e9duction de l\u2019exposition et de la charge de morbidit\u00e9.<\/p>\n<p>L\u2019\u00e9quipe poss\u00e8de un riche historique de publications de recherche internationales, de formations et d\u2019\u00e9changes de personnel.[\/vc_column_text]<div style=\"height: 35px;\" class=\"grve-empty-space\"><\/div><div class=\"grve-element grve-align-left\"><a href=\"https:\/\/tecnico.ulisboa.pt\/pt\/\" title=\"https:\/\/tecnico.ulisboa.pt\/pt\/\" target=\"_blank\" class=\"grve-btn grve-round grve-bg-gradient-1 grve-bg-hover-primary-3 grve-border-hover-primary-3 grve-pulse grve-text-white grve-text-hover-white grve-btn-gradient grve-btn-medium grve-with-icon\">\r\n\t\t<div class=\"grve-btn-inner\">\r\n\t\t<span>https:\/\/tecnico.ulisboa.pt<\/span>\r\n\t\t\t\t\t\t\t<div class=\"grve-btn-icon\">\r\n\t\t\t<i class=\"smp-icon-action-redo\"><\/i>\r\n\t\t<\/div>\r\n\t\t\t\t\t<\/div>\r\n\t<\/a><\/div>[\/vc_column][vc_column width=\u00a0\u00bb1\/2&Prime; vertical_content_position=\u00a0\u00bbmiddle\u00a0\u00bb]<div class=\"grve-element grve-image grve-align-center\">\r\n\t<div class=\"grve-image-item\">\r\n\t\t\r\n\r\n<div class=\"grve-image-wrapper grve-radius-5 grve-shadow-small grve-no-effect\">\r\n\t\t<div class=\"grve-thumbnail-wrapper\"  style=\"width: 300px;\"><div class=\"grve-thumbnail\"  style=\"padding-top: 64.667%;\"><img width=\"300\" height=\"194\" src=\"https:\/\/www.3sqair.com\/wp-content\/uploads\/2021\/05\/partners-3sqair-ist-logo-300x194.jpg\" class=\"attachment-medium size-medium\" alt=\"\" data-column-space=\"auto\" data-lazyload=\"\" data-grve-filter=\"yes\" srcset=\"https:\/\/www.3sqair.com\/wp-content\/uploads\/2021\/05\/partners-3sqair-ist-logo-300x194.jpg 300w, https:\/\/www.3sqair.com\/wp-content\/uploads\/2021\/05\/partners-3sqair-ist-logo-768x498.jpg 768w, https:\/\/www.3sqair.com\/wp-content\/uploads\/2021\/05\/partners-3sqair-ist-logo.jpg 1000w\" sizes=\"(max-width: 300px) 100vw, 300px\" \/><\/div><\/div>\t<\/div>\r\n\t<\/div>\r\n<\/div>\r\n[\/vc_column][\/vc_row]<\/p>\n","protected":false},"excerpt":{"rendered":"<p>[vc_row padding_top_multiplier=\u00a0\u00bb\u00a0\u00bb equal_column_height=\u00a0\u00bbequal\u00a0\u00bb][vc_column width=\u00a0\u00bb1\/2&Prime; vertical_content_position=\u00a0\u00bbmiddle\u00a0\u00bb][vc_column_text]L\u2019\u00e9quipe de qualit\u00e9 de l\u2019air de l\u2019IST est largement reconnue comme un centre d\u2019excellence dans la recherche sur la qualit\u00e9 de l\u2019air int\u00e9rieur. Au cours des deux derni\u00e8res d\u00e9cennies, il a d\u00e9velopp\u00e9 des dispositifs d\u2019\u00e9chantillonnage, de mesure et d\u2019analyse des polluants atmosph\u00e9riques qui sont aujourd\u2019hui appliqu\u00e9s avec succ\u00e8s dans la caract\u00e9risation [&hellip;]<\/p>\n","protected":false},"author":1,"featured_media":956,"parent":1444,"menu_order":0,"comment_status":"closed","ping_status":"closed","template":"","meta":{"_monsterinsights_skip_tracking":false,"_monsterinsights_sitenote_active":false,"_monsterinsights_sitenote_note":"","_monsterinsights_sitenote_category":0},"acf":[],"yoast_head":"<!-- This site is optimized with the Yoast SEO plugin v20.4 - https:\/\/yoast.com\/wordpress\/plugins\/seo\/ -->\n<title>Instituto Superior T\u00e9cnico - 3SqAIR<\/title>\n<meta name=\"robots\" content=\"index, follow, max-snippet:-1, max-image-preview:large, max-video-preview:-1\" \/>\n<link rel=\"canonical\" href=\"https:\/\/www.3sqair.com\/fr\/les-partenaires\/instituto-superior-tecnico\/\" \/>\n<meta property=\"og:locale\" content=\"fr_FR\" \/>\n<meta property=\"og:type\" content=\"article\" \/>\n<meta property=\"og:title\" content=\"Instituto Superior T\u00e9cnico - 3SqAIR\" \/>\n<meta property=\"og:description\" content=\"[vc_row padding_top_multiplier=\u00a0\u00bb\u00a0\u00bb equal_column_height=\u00a0\u00bbequal\u00a0\u00bb][vc_column width=\u00a0\u00bb1\/2&Prime; vertical_content_position=\u00a0\u00bbmiddle\u00a0\u00bb][vc_column_text]L\u2019\u00e9quipe de qualit\u00e9 de l\u2019air de l\u2019IST est largement reconnue comme un centre d\u2019excellence dans la recherche sur la qualit\u00e9 de l\u2019air int\u00e9rieur. Au cours des deux derni\u00e8res d\u00e9cennies, il a d\u00e9velopp\u00e9 des dispositifs d\u2019\u00e9chantillonnage, de mesure et d\u2019analyse des polluants atmosph\u00e9riques qui sont aujourd\u2019hui appliqu\u00e9s avec succ\u00e8s dans la caract\u00e9risation [&hellip;]\" \/>\n<meta property=\"og:url\" content=\"https:\/\/www.3sqair.com\/fr\/les-partenaires\/instituto-superior-tecnico\/\" \/>\n<meta property=\"og:site_name\" content=\"3SqAIR\" \/>\n<meta property=\"og:image\" content=\"https:\/\/www.3sqair.com\/wp-content\/uploads\/2021\/05\/partners-3sqair-ist-logo.jpg\" \/>\n\t<meta property=\"og:image:width\" content=\"1000\" \/>\n\t<meta property=\"og:image:height\" content=\"648\" \/>\n\t<meta property=\"og:image:type\" content=\"image\/jpeg\" \/>\n<meta name=\"twitter:card\" content=\"summary_large_image\" \/>\n<meta name=\"twitter:label1\" content=\"Dur\u00e9e de lecture estim\u00e9e\" \/>\n\t<meta name=\"twitter:data1\" content=\"1 minute\" \/>\n<script type=\"application\/ld+json\" class=\"yoast-schema-graph\">{\"@context\":\"https:\/\/schema.org\",\"@graph\":[{\"@type\":\"WebPage\",\"@id\":\"https:\/\/www.3sqair.com\/fr\/les-partenaires\/instituto-superior-tecnico\/\",\"url\":\"https:\/\/www.3sqair.com\/fr\/les-partenaires\/instituto-superior-tecnico\/\",\"name\":\"Instituto Superior T\u00e9cnico - 3SqAIR\",\"isPartOf\":{\"@id\":\"https:\/\/www.3sqair.com\/fr\/#website\"},\"datePublished\":\"2022-10-27T06:50:50+00:00\",\"dateModified\":\"2022-10-27T06:50:50+00:00\",\"breadcrumb\":{\"@id\":\"https:\/\/www.3sqair.com\/fr\/les-partenaires\/instituto-superior-tecnico\/#breadcrumb\"},\"inLanguage\":\"fr-FR\",\"potentialAction\":[{\"@type\":\"ReadAction\",\"target\":[\"https:\/\/www.3sqair.com\/fr\/les-partenaires\/instituto-superior-tecnico\/\"]}]},{\"@type\":\"BreadcrumbList\",\"@id\":\"https:\/\/www.3sqair.com\/fr\/les-partenaires\/instituto-superior-tecnico\/#breadcrumb\",\"itemListElement\":[{\"@type\":\"ListItem\",\"position\":1,\"name\":\"Home\",\"item\":\"https:\/\/www.3sqair.com\/fr\/\"},{\"@type\":\"ListItem\",\"position\":2,\"name\":\"Les Partenaires\",\"item\":\"https:\/\/www.3sqair.com\/fr\/les-partenaires\/\"},{\"@type\":\"ListItem\",\"position\":3,\"name\":\"Instituto Superior T\u00e9cnico\"}]},{\"@type\":\"WebSite\",\"@id\":\"https:\/\/www.3sqair.com\/fr\/#website\",\"url\":\"https:\/\/www.3sqair.com\/fr\/\",\"name\":\"3SqAIR\",\"description\":\"SUSTAINABLE SMART STRATEGY FOR AIR QUALITY ASSURANCE IN CLASSROOMS\",\"potentialAction\":[{\"@type\":\"SearchAction\",\"target\":{\"@type\":\"EntryPoint\",\"urlTemplate\":\"https:\/\/www.3sqair.com\/fr\/?s={search_term_string}\"},\"query-input\":\"required name=search_term_string\"}],\"inLanguage\":\"fr-FR\"}]}<\/script>\n<!-- \/ Yoast SEO plugin. -->","yoast_head_json":{"title":"Instituto Superior T\u00e9cnico - 3SqAIR","robots":{"index":"index","follow":"follow","max-snippet":"max-snippet:-1","max-image-preview":"max-image-preview:large","max-video-preview":"max-video-preview:-1"},"canonical":"https:\/\/www.3sqair.com\/fr\/les-partenaires\/instituto-superior-tecnico\/","og_locale":"fr_FR","og_type":"article","og_title":"Instituto Superior T\u00e9cnico - 3SqAIR","og_description":"[vc_row padding_top_multiplier=\u00a0\u00bb\u00a0\u00bb equal_column_height=\u00a0\u00bbequal\u00a0\u00bb][vc_column width=\u00a0\u00bb1\/2&Prime; vertical_content_position=\u00a0\u00bbmiddle\u00a0\u00bb][vc_column_text]L\u2019\u00e9quipe de qualit\u00e9 de l\u2019air de l\u2019IST est largement reconnue comme un centre d\u2019excellence dans la recherche sur la qualit\u00e9 de l\u2019air int\u00e9rieur. Au cours des deux derni\u00e8res d\u00e9cennies, il a d\u00e9velopp\u00e9 des dispositifs d\u2019\u00e9chantillonnage, de mesure et d\u2019analyse des polluants atmosph\u00e9riques qui sont aujourd\u2019hui appliqu\u00e9s avec succ\u00e8s dans la caract\u00e9risation [&hellip;]","og_url":"https:\/\/www.3sqair.com\/fr\/les-partenaires\/instituto-superior-tecnico\/","og_site_name":"3SqAIR","og_image":[{"width":1000,"height":648,"url":"https:\/\/www.3sqair.com\/wp-content\/uploads\/2021\/05\/partners-3sqair-ist-logo.jpg","type":"image\/jpeg"}],"twitter_card":"summary_large_image","twitter_misc":{"Dur\u00e9e de lecture estim\u00e9e":"1 minute"},"schema":{"@context":"https:\/\/schema.org","@graph":[{"@type":"WebPage","@id":"https:\/\/www.3sqair.com\/fr\/les-partenaires\/instituto-superior-tecnico\/","url":"https:\/\/www.3sqair.com\/fr\/les-partenaires\/instituto-superior-tecnico\/","name":"Instituto Superior T\u00e9cnico - 3SqAIR","isPartOf":{"@id":"https:\/\/www.3sqair.com\/fr\/#website"},"datePublished":"2022-10-27T06:50:50+00:00","dateModified":"2022-10-27T06:50:50+00:00","breadcrumb":{"@id":"https:\/\/www.3sqair.com\/fr\/les-partenaires\/instituto-superior-tecnico\/#breadcrumb"},"inLanguage":"fr-FR","potentialAction":[{"@type":"ReadAction","target":["https:\/\/www.3sqair.com\/fr\/les-partenaires\/instituto-superior-tecnico\/"]}]},{"@type":"BreadcrumbList","@id":"https:\/\/www.3sqair.com\/fr\/les-partenaires\/instituto-superior-tecnico\/#breadcrumb","itemListElement":[{"@type":"ListItem","position":1,"name":"Home","item":"https:\/\/www.3sqair.com\/fr\/"},{"@type":"ListItem","position":2,"name":"Les Partenaires","item":"https:\/\/www.3sqair.com\/fr\/les-partenaires\/"},{"@type":"ListItem","position":3,"name":"Instituto Superior T\u00e9cnico"}]},{"@type":"WebSite","@id":"https:\/\/www.3sqair.com\/fr\/#website","url":"https:\/\/www.3sqair.com\/fr\/","name":"3SqAIR","description":"SUSTAINABLE SMART STRATEGY FOR AIR QUALITY ASSURANCE IN CLASSROOMS","potentialAction":[{"@type":"SearchAction","target":{"@type":"EntryPoint","urlTemplate":"https:\/\/www.3sqair.com\/fr\/?s={search_term_string}"},"query-input":"required name=search_term_string"}],"inLanguage":"fr-FR"}]}},"_links":{"self":[{"href":"https:\/\/www.3sqair.com\/fr\/wp-json\/wp\/v2\/pages\/2264"}],"collection":[{"href":"https:\/\/www.3sqair.com\/fr\/wp-json\/wp\/v2\/pages"}],"about":[{"href":"https:\/\/www.3sqair.com\/fr\/wp-json\/wp\/v2\/types\/page"}],"author":[{"embeddable":true,"href":"https:\/\/www.3sqair.com\/fr\/wp-json\/wp\/v2\/users\/1"}],"replies":[{"embeddable":true,"href":"https:\/\/www.3sqair.com\/fr\/wp-json\/wp\/v2\/comments?post=2264"}],"version-history":[{"count":0,"href":"https:\/\/www.3sqair.com\/fr\/wp-json\/wp\/v2\/pages\/2264\/revisions"}],"up":[{"embeddable":true,"href":"https:\/\/www.3sqair.com\/fr\/wp-json\/wp\/v2\/pages\/1444"}],"wp:featuredmedia":[{"embeddable":true,"href":"https:\/\/www.3sqair.com\/fr\/wp-json\/wp\/v2\/media\/956"}],"wp:attachment":[{"href":"https:\/\/www.3sqair.com\/fr\/wp-json\/wp\/v2\/media?parent=2264"}],"curies":[{"name":"wp","href":"https:\/\/api.w.org\/{rel}","templated":true}]}}