{"id":2258,"date":"2022-10-27T06:47:48","date_gmt":"2022-10-27T06:47:48","guid":{"rendered":"https:\/\/www.3sqair.com\/les-partenaires\/eraikune-cluster-de-la-construction-du-pays-basque\/"},"modified":"2023-01-23T09:46:51","modified_gmt":"2023-01-23T09:46:51","slug":"eraikune-cluster-de-la-construction-du-pays-basque","status":"publish","type":"page","link":"https:\/\/www.3sqair.com\/fr\/les-partenaires\/eraikune-cluster-de-la-construction-du-pays-basque\/","title":{"rendered":"Eraikune, Cluster de la Construction du Pays Basque"},"content":{"rendered":"<p>[vc_row padding_top_multiplier=\u00a0\u00bb\u00a0\u00bb equal_column_height=\u00a0\u00bbequal\u00a0\u00bb][vc_column width=\u00a0\u00bb1\/2&Prime; vertical_content_position=\u00a0\u00bbmiddle\u00a0\u00bb]<h1 class=\"grve-element grve-title grve-align-left grve-h1\"><span><br>\n<h1>Eraikune<\/h1>\n<h3>Cluster de la Construction du Pays Basque<\/h3>\n<\/span><\/h1>[vc_column_text]Eraikune, Cluster de la Construction du Pays Basque, est compos\u00e9 de 102 partenaires, publics et priv\u00e9s, qui int\u00e8grent la cha\u00eene de valeur du secteur de la construction.<\/p>\n<p>L\u2019un de leurs principaux axes concerne l\u2019efficacit\u00e9 \u00e9nerg\u00e9tique, la construction durable et une \u00e9conomie circulaire, sans perdre de vue la num\u00e9risation et la construction 4.0. Cette technologie nous permet d\u2019obtenir et d\u2019analyser des donn\u00e9es \u00e0 partir de situations r\u00e9elles dans le but, entre autres, d\u2019am\u00e9liorer la qualit\u00e9 de l\u2019air dans les b\u00e2timents et d\u2019am\u00e9liorer la qualit\u00e9 de vie et le confort de leurs utilisateurs.[\/vc_column_text]<div style=\"height: 35px;\" class=\"grve-empty-space\"><\/div><div class=\"grve-element grve-align-left\"><a href=\"http:\/\/www.eraikune.com\/\" title=\"http:\/\/www.eraikune.com\/\" target=\"_blank\" class=\"grve-btn grve-round grve-bg-gradient-1 grve-bg-hover-primary-3 grve-border-hover-primary-3 grve-pulse grve-text-white grve-text-hover-white grve-btn-gradient grve-btn-medium grve-with-icon\">\r\n\t\t<div class=\"grve-btn-inner\">\r\n\t\t<span>www.eraikune.com<\/span>\r\n\t\t\t\t\t\t\t<div class=\"grve-btn-icon\">\r\n\t\t\t<i class=\"smp-icon-action-redo\"><\/i>\r\n\t\t<\/div>\r\n\t\t\t\t\t<\/div>\r\n\t<\/a><\/div>[\/vc_column][vc_column width=\u00a0\u00bb1\/2&Prime; vertical_content_position=\u00a0\u00bbmiddle\u00a0\u00bb]<div class=\"grve-element grve-image grve-align-center\">\r\n\t<div class=\"grve-image-item\">\r\n\t\t\r\n\r\n<div class=\"grve-image-wrapper grve-radius-5 grve-shadow-small grve-no-effect\">\r\n\t\t<div class=\"grve-thumbnail-wrapper\"  style=\"width: 300px;\"><div class=\"grve-thumbnail\"  style=\"padding-top: 64.667%;\"><img width=\"300\" height=\"194\" src=\"https:\/\/www.3sqair.com\/wp-content\/uploads\/2021\/05\/partners-3sqair-eraikune-logo-300x194.jpg\" class=\"attachment-medium size-medium\" alt=\"\" data-column-space=\"auto\" data-lazyload=\"\" data-grve-filter=\"yes\" srcset=\"https:\/\/www.3sqair.com\/wp-content\/uploads\/2021\/05\/partners-3sqair-eraikune-logo-300x194.jpg 300w, https:\/\/www.3sqair.com\/wp-content\/uploads\/2021\/05\/partners-3sqair-eraikune-logo-768x498.jpg 768w, https:\/\/www.3sqair.com\/wp-content\/uploads\/2021\/05\/partners-3sqair-eraikune-logo.jpg 1000w\" sizes=\"(max-width: 300px) 100vw, 300px\" \/><\/div><\/div>\t<\/div>\r\n\t<\/div>\r\n<\/div>\r\n[\/vc_column][\/vc_row]<\/p>\n","protected":false},"excerpt":{"rendered":"<p>[vc_row padding_top_multiplier=\u00a0\u00bb\u00a0\u00bb equal_column_height=\u00a0\u00bbequal\u00a0\u00bb][vc_column width=\u00a0\u00bb1\/2&Prime; vertical_content_position=\u00a0\u00bbmiddle\u00a0\u00bb][vc_column_text]Eraikune, Cluster de la Construction du Pays Basque, est compos\u00e9 de 102 partenaires, publics et priv\u00e9s, qui int\u00e8grent la cha\u00eene de valeur du secteur de la construction. L\u2019un de leurs principaux axes concerne l\u2019efficacit\u00e9 \u00e9nerg\u00e9tique, la construction durable et une \u00e9conomie circulaire, sans perdre de vue la num\u00e9risation et la construction [&hellip;]<\/p>\n","protected":false},"author":1,"featured_media":961,"parent":1444,"menu_order":0,"comment_status":"closed","ping_status":"closed","template":"","meta":{"_monsterinsights_skip_tracking":false,"_monsterinsights_sitenote_active":false,"_monsterinsights_sitenote_note":"","_monsterinsights_sitenote_category":0},"acf":[],"yoast_head":"<!-- This site is optimized with the Yoast SEO plugin v20.4 - https:\/\/yoast.com\/wordpress\/plugins\/seo\/ -->\n<title>Eraikune, Cluster de la Construction du Pays Basque - 3SqAIR<\/title>\n<meta name=\"robots\" content=\"index, follow, max-snippet:-1, max-image-preview:large, max-video-preview:-1\" \/>\n<link rel=\"canonical\" href=\"https:\/\/www.3sqair.com\/fr\/les-partenaires\/eraikune-cluster-de-la-construction-du-pays-basque\/\" \/>\n<meta property=\"og:locale\" content=\"fr_FR\" \/>\n<meta property=\"og:type\" content=\"article\" \/>\n<meta property=\"og:title\" content=\"Eraikune, Cluster de la Construction du Pays Basque - 3SqAIR\" \/>\n<meta property=\"og:description\" content=\"[vc_row padding_top_multiplier=\u00a0\u00bb\u00a0\u00bb equal_column_height=\u00a0\u00bbequal\u00a0\u00bb][vc_column width=\u00a0\u00bb1\/2&Prime; vertical_content_position=\u00a0\u00bbmiddle\u00a0\u00bb][vc_column_text]Eraikune, Cluster de la Construction du Pays Basque, est compos\u00e9 de 102 partenaires, publics et priv\u00e9s, qui int\u00e8grent la cha\u00eene de valeur du secteur de la construction. L\u2019un de leurs principaux axes concerne l\u2019efficacit\u00e9 \u00e9nerg\u00e9tique, la construction durable et une \u00e9conomie circulaire, sans perdre de vue la num\u00e9risation et la construction [&hellip;]\" \/>\n<meta property=\"og:url\" content=\"https:\/\/www.3sqair.com\/fr\/les-partenaires\/eraikune-cluster-de-la-construction-du-pays-basque\/\" \/>\n<meta property=\"og:site_name\" content=\"3SqAIR\" \/>\n<meta property=\"article:modified_time\" content=\"2023-01-23T09:46:51+00:00\" \/>\n<meta property=\"og:image\" content=\"https:\/\/www.3sqair.com\/wp-content\/uploads\/2021\/05\/partners-3sqair-eraikune-logo.jpg\" \/>\n\t<meta property=\"og:image:width\" content=\"1000\" \/>\n\t<meta property=\"og:image:height\" content=\"648\" \/>\n\t<meta property=\"og:image:type\" content=\"image\/jpeg\" \/>\n<meta name=\"twitter:card\" content=\"summary_large_image\" \/>\n<meta name=\"twitter:label1\" content=\"Dur\u00e9e de lecture estim\u00e9e\" \/>\n\t<meta name=\"twitter:data1\" content=\"1 minute\" \/>\n<script type=\"application\/ld+json\" class=\"yoast-schema-graph\">{\"@context\":\"https:\/\/schema.org\",\"@graph\":[{\"@type\":\"WebPage\",\"@id\":\"https:\/\/www.3sqair.com\/fr\/les-partenaires\/eraikune-cluster-de-la-construction-du-pays-basque\/\",\"url\":\"https:\/\/www.3sqair.com\/fr\/les-partenaires\/eraikune-cluster-de-la-construction-du-pays-basque\/\",\"name\":\"Eraikune, Cluster de la Construction du Pays Basque - 3SqAIR\",\"isPartOf\":{\"@id\":\"https:\/\/www.3sqair.com\/fr\/#website\"},\"datePublished\":\"2022-10-27T06:47:48+00:00\",\"dateModified\":\"2023-01-23T09:46:51+00:00\",\"breadcrumb\":{\"@id\":\"https:\/\/www.3sqair.com\/fr\/les-partenaires\/eraikune-cluster-de-la-construction-du-pays-basque\/#breadcrumb\"},\"inLanguage\":\"fr-FR\",\"potentialAction\":[{\"@type\":\"ReadAction\",\"target\":[\"https:\/\/www.3sqair.com\/fr\/les-partenaires\/eraikune-cluster-de-la-construction-du-pays-basque\/\"]}]},{\"@type\":\"BreadcrumbList\",\"@id\":\"https:\/\/www.3sqair.com\/fr\/les-partenaires\/eraikune-cluster-de-la-construction-du-pays-basque\/#breadcrumb\",\"itemListElement\":[{\"@type\":\"ListItem\",\"position\":1,\"name\":\"Home\",\"item\":\"https:\/\/www.3sqair.com\/fr\/\"},{\"@type\":\"ListItem\",\"position\":2,\"name\":\"Les Partenaires\",\"item\":\"https:\/\/www.3sqair.com\/fr\/les-partenaires\/\"},{\"@type\":\"ListItem\",\"position\":3,\"name\":\"Eraikune, Cluster de la Construction du Pays Basque\"}]},{\"@type\":\"WebSite\",\"@id\":\"https:\/\/www.3sqair.com\/fr\/#website\",\"url\":\"https:\/\/www.3sqair.com\/fr\/\",\"name\":\"3SqAIR\",\"description\":\"SUSTAINABLE SMART STRATEGY FOR AIR QUALITY ASSURANCE IN CLASSROOMS\",\"potentialAction\":[{\"@type\":\"SearchAction\",\"target\":{\"@type\":\"EntryPoint\",\"urlTemplate\":\"https:\/\/www.3sqair.com\/fr\/?s={search_term_string}\"},\"query-input\":\"required name=search_term_string\"}],\"inLanguage\":\"fr-FR\"}]}<\/script>\n<!-- \/ Yoast SEO plugin. -->","yoast_head_json":{"title":"Eraikune, Cluster de la Construction du Pays Basque - 3SqAIR","robots":{"index":"index","follow":"follow","max-snippet":"max-snippet:-1","max-image-preview":"max-image-preview:large","max-video-preview":"max-video-preview:-1"},"canonical":"https:\/\/www.3sqair.com\/fr\/les-partenaires\/eraikune-cluster-de-la-construction-du-pays-basque\/","og_locale":"fr_FR","og_type":"article","og_title":"Eraikune, Cluster de la Construction du Pays Basque - 3SqAIR","og_description":"[vc_row padding_top_multiplier=\u00a0\u00bb\u00a0\u00bb equal_column_height=\u00a0\u00bbequal\u00a0\u00bb][vc_column width=\u00a0\u00bb1\/2&Prime; vertical_content_position=\u00a0\u00bbmiddle\u00a0\u00bb][vc_column_text]Eraikune, Cluster de la Construction du Pays Basque, est compos\u00e9 de 102 partenaires, publics et priv\u00e9s, qui int\u00e8grent la cha\u00eene de valeur du secteur de la construction. L\u2019un de leurs principaux axes concerne l\u2019efficacit\u00e9 \u00e9nerg\u00e9tique, la construction durable et une \u00e9conomie circulaire, sans perdre de vue la num\u00e9risation et la construction [&hellip;]","og_url":"https:\/\/www.3sqair.com\/fr\/les-partenaires\/eraikune-cluster-de-la-construction-du-pays-basque\/","og_site_name":"3SqAIR","article_modified_time":"2023-01-23T09:46:51+00:00","og_image":[{"width":1000,"height":648,"url":"https:\/\/www.3sqair.com\/wp-content\/uploads\/2021\/05\/partners-3sqair-eraikune-logo.jpg","type":"image\/jpeg"}],"twitter_card":"summary_large_image","twitter_misc":{"Dur\u00e9e de lecture estim\u00e9e":"1 minute"},"schema":{"@context":"https:\/\/schema.org","@graph":[{"@type":"WebPage","@id":"https:\/\/www.3sqair.com\/fr\/les-partenaires\/eraikune-cluster-de-la-construction-du-pays-basque\/","url":"https:\/\/www.3sqair.com\/fr\/les-partenaires\/eraikune-cluster-de-la-construction-du-pays-basque\/","name":"Eraikune, Cluster de la Construction du Pays Basque - 3SqAIR","isPartOf":{"@id":"https:\/\/www.3sqair.com\/fr\/#website"},"datePublished":"2022-10-27T06:47:48+00:00","dateModified":"2023-01-23T09:46:51+00:00","breadcrumb":{"@id":"https:\/\/www.3sqair.com\/fr\/les-partenaires\/eraikune-cluster-de-la-construction-du-pays-basque\/#breadcrumb"},"inLanguage":"fr-FR","potentialAction":[{"@type":"ReadAction","target":["https:\/\/www.3sqair.com\/fr\/les-partenaires\/eraikune-cluster-de-la-construction-du-pays-basque\/"]}]},{"@type":"BreadcrumbList","@id":"https:\/\/www.3sqair.com\/fr\/les-partenaires\/eraikune-cluster-de-la-construction-du-pays-basque\/#breadcrumb","itemListElement":[{"@type":"ListItem","position":1,"name":"Home","item":"https:\/\/www.3sqair.com\/fr\/"},{"@type":"ListItem","position":2,"name":"Les Partenaires","item":"https:\/\/www.3sqair.com\/fr\/les-partenaires\/"},{"@type":"ListItem","position":3,"name":"Eraikune, Cluster de la Construction du Pays Basque"}]},{"@type":"WebSite","@id":"https:\/\/www.3sqair.com\/fr\/#website","url":"https:\/\/www.3sqair.com\/fr\/","name":"3SqAIR","description":"SUSTAINABLE SMART STRATEGY FOR AIR QUALITY ASSURANCE IN CLASSROOMS","potentialAction":[{"@type":"SearchAction","target":{"@type":"EntryPoint","urlTemplate":"https:\/\/www.3sqair.com\/fr\/?s={search_term_string}"},"query-input":"required name=search_term_string"}],"inLanguage":"fr-FR"}]}},"_links":{"self":[{"href":"https:\/\/www.3sqair.com\/fr\/wp-json\/wp\/v2\/pages\/2258"}],"collection":[{"href":"https:\/\/www.3sqair.com\/fr\/wp-json\/wp\/v2\/pages"}],"about":[{"href":"https:\/\/www.3sqair.com\/fr\/wp-json\/wp\/v2\/types\/page"}],"author":[{"embeddable":true,"href":"https:\/\/www.3sqair.com\/fr\/wp-json\/wp\/v2\/users\/1"}],"replies":[{"embeddable":true,"href":"https:\/\/www.3sqair.com\/fr\/wp-json\/wp\/v2\/comments?post=2258"}],"version-history":[{"count":0,"href":"https:\/\/www.3sqair.com\/fr\/wp-json\/wp\/v2\/pages\/2258\/revisions"}],"up":[{"embeddable":true,"href":"https:\/\/www.3sqair.com\/fr\/wp-json\/wp\/v2\/pages\/1444"}],"wp:featuredmedia":[{"embeddable":true,"href":"https:\/\/www.3sqair.com\/fr\/wp-json\/wp\/v2\/media\/961"}],"wp:attachment":[{"href":"https:\/\/www.3sqair.com\/fr\/wp-json\/wp\/v2\/media?parent=2258"}],"curies":[{"name":"wp","href":"https:\/\/api.w.org\/{rel}","templated":true}]}}