{"id":2252,"date":"2022-10-27T06:43:34","date_gmt":"2022-10-27T06:43:34","guid":{"rendered":"https:\/\/www.3sqair.com\/les-partenaires\/catie-centre-de-technologie-numerique-nouvelle-aquitaine\/"},"modified":"2022-10-27T06:43:34","modified_gmt":"2022-10-27T06:43:34","slug":"catie-centre-de-technologie-numerique-nouvelle-aquitaine","status":"publish","type":"page","link":"https:\/\/www.3sqair.com\/fr\/les-partenaires\/catie-centre-de-technologie-numerique-nouvelle-aquitaine\/","title":{"rendered":"CATIE Centre de Technologie Num\u00e9rique Nouvelle-Aquitaine"},"content":{"rendered":"<p>[vc_row padding_top_multiplier=\u00a0\u00bb\u00a0\u00bb equal_column_height=\u00a0\u00bbequal\u00a0\u00bb][vc_column width=\u00a0\u00bb1\/2&Prime; vertical_content_position=\u00a0\u00bbmiddle\u00a0\u00bb]<h1 class=\"grve-element grve-title grve-align-left grve-h1\" style=\"margin-bottom: 0px;\"><span><br>\n<h1>CATIE<\/h1>\n<h3><strong>Centre de Technologie Num\u00e9rique Nouvelle-Aquitaine<\/strong><\/h3>\n<\/span><\/h1><div style=\"height: 35px;\" class=\"grve-empty-space\"><\/div>[vc_column_text]Il s\u2019agit d\u2019un centre de transfert de technologie sp\u00e9cialis\u00e9 dans le num\u00e9rique. Il propose un focus unique et multidisciplinaire sur 3 domaines de comp\u00e9tences principaux: les facteurs humains et la cognition, la science des donn\u00e9es et l\u2019\u00e9lectronique int\u00e9gr\u00e9e.<\/p>\n<p>La majorit\u00e9 du travail 3SqAir est r\u00e9alis\u00e9 avec l\u2019Unit\u00e9 Technologique des Syst\u00e8mes Cyber-physiques, qui rend les objets plus intelligents et plus efficaces dans leurs interactions avec le monde physique, tout en optimisant leur consommation d\u2019\u00e9nergie.[\/vc_column_text]<div style=\"height: 35px;\" class=\"grve-empty-space\"><\/div><div class=\"grve-element grve-align-left\"><a href=\"https:\/\/www.catie.fr\/\" title=\"https:\/\/www.catie.fr\/\" target=\"_blank\" class=\"grve-btn grve-round grve-bg-gradient-1 grve-bg-hover-primary-3 grve-border-hover-primary-3 grve-pulse grve-text-white grve-text-hover-white grve-btn-gradient grve-btn-medium grve-with-icon\">\r\n\t\t<div class=\"grve-btn-inner\">\r\n\t\t<span>www.catie.fr<\/span>\r\n\t\t\t\t\t\t\t<div class=\"grve-btn-icon\">\r\n\t\t\t<i class=\"smp-icon-action-redo\"><\/i>\r\n\t\t<\/div>\r\n\t\t\t\t\t<\/div>\r\n\t<\/a><\/div>[\/vc_column][vc_column width=\u00a0\u00bb1\/2&Prime; vertical_content_position=\u00a0\u00bbmiddle\u00a0\u00bb]<div class=\"grve-element grve-image grve-align-center\">\r\n\t<div class=\"grve-image-item\">\r\n\t\t\r\n\r\n<div class=\"grve-image-wrapper grve-radius-5 grve-shadow-small grve-no-effect\">\r\n\t\t<div class=\"grve-thumbnail-wrapper\"  style=\"width: 300px;\"><div class=\"grve-thumbnail\"  style=\"padding-top: 64.667%;\"><img width=\"300\" height=\"194\" src=\"https:\/\/www.3sqair.com\/wp-content\/uploads\/2021\/05\/partners-3sqair-catie-logo-300x194.jpg\" class=\"attachment-medium size-medium\" alt=\"\" data-column-space=\"auto\" data-lazyload=\"\" data-grve-filter=\"yes\" srcset=\"https:\/\/www.3sqair.com\/wp-content\/uploads\/2021\/05\/partners-3sqair-catie-logo-300x194.jpg 300w, https:\/\/www.3sqair.com\/wp-content\/uploads\/2021\/05\/partners-3sqair-catie-logo-768x498.jpg 768w, https:\/\/www.3sqair.com\/wp-content\/uploads\/2021\/05\/partners-3sqair-catie-logo.jpg 1000w\" sizes=\"(max-width: 300px) 100vw, 300px\" \/><\/div><\/div>\t<\/div>\r\n\t<\/div>\r\n<\/div>\r\n[\/vc_column][\/vc_row]<\/p>\n","protected":false},"excerpt":{"rendered":"<p>[vc_row padding_top_multiplier=\u00a0\u00bb\u00a0\u00bb equal_column_height=\u00a0\u00bbequal\u00a0\u00bb][vc_column width=\u00a0\u00bb1\/2&Prime; vertical_content_position=\u00a0\u00bbmiddle\u00a0\u00bb][vc_column_text]Il s\u2019agit d\u2019un centre de transfert de technologie sp\u00e9cialis\u00e9 dans le num\u00e9rique. Il propose un focus unique et multidisciplinaire sur 3 domaines de comp\u00e9tences principaux: les facteurs humains et la cognition, la science des donn\u00e9es et l\u2019\u00e9lectronique int\u00e9gr\u00e9e. La majorit\u00e9 du travail 3SqAir est r\u00e9alis\u00e9 avec l\u2019Unit\u00e9 Technologique des Syst\u00e8mes Cyber-physiques, [&hellip;]<\/p>\n","protected":false},"author":1,"featured_media":942,"parent":1444,"menu_order":0,"comment_status":"closed","ping_status":"closed","template":"","meta":{"_monsterinsights_skip_tracking":false,"_monsterinsights_sitenote_active":false,"_monsterinsights_sitenote_note":"","_monsterinsights_sitenote_category":0},"acf":[],"yoast_head":"<!-- This site is optimized with the Yoast SEO plugin v20.4 - https:\/\/yoast.com\/wordpress\/plugins\/seo\/ -->\n<title>CATIE Centre de Technologie Num\u00e9rique Nouvelle-Aquitaine - 3SqAIR<\/title>\n<meta name=\"robots\" content=\"index, follow, max-snippet:-1, max-image-preview:large, max-video-preview:-1\" \/>\n<link rel=\"canonical\" href=\"https:\/\/www.3sqair.com\/fr\/les-partenaires\/catie-centre-de-technologie-numerique-nouvelle-aquitaine\/\" \/>\n<meta property=\"og:locale\" content=\"fr_FR\" \/>\n<meta property=\"og:type\" content=\"article\" \/>\n<meta property=\"og:title\" content=\"CATIE Centre de Technologie Num\u00e9rique Nouvelle-Aquitaine - 3SqAIR\" \/>\n<meta property=\"og:description\" content=\"[vc_row padding_top_multiplier=\u00a0\u00bb\u00a0\u00bb equal_column_height=\u00a0\u00bbequal\u00a0\u00bb][vc_column width=\u00a0\u00bb1\/2&Prime; vertical_content_position=\u00a0\u00bbmiddle\u00a0\u00bb][vc_column_text]Il s\u2019agit d\u2019un centre de transfert de technologie sp\u00e9cialis\u00e9 dans le num\u00e9rique. Il propose un focus unique et multidisciplinaire sur 3 domaines de comp\u00e9tences principaux: les facteurs humains et la cognition, la science des donn\u00e9es et l\u2019\u00e9lectronique int\u00e9gr\u00e9e. La majorit\u00e9 du travail 3SqAir est r\u00e9alis\u00e9 avec l\u2019Unit\u00e9 Technologique des Syst\u00e8mes Cyber-physiques, [&hellip;]\" \/>\n<meta property=\"og:url\" content=\"https:\/\/www.3sqair.com\/fr\/les-partenaires\/catie-centre-de-technologie-numerique-nouvelle-aquitaine\/\" \/>\n<meta property=\"og:site_name\" content=\"3SqAIR\" \/>\n<meta property=\"og:image\" content=\"https:\/\/www.3sqair.com\/wp-content\/uploads\/2021\/05\/partners-3sqair-catie-logo.jpg\" \/>\n\t<meta property=\"og:image:width\" content=\"1000\" \/>\n\t<meta property=\"og:image:height\" content=\"648\" \/>\n\t<meta property=\"og:image:type\" content=\"image\/jpeg\" \/>\n<meta name=\"twitter:card\" content=\"summary_large_image\" \/>\n<meta name=\"twitter:label1\" content=\"Dur\u00e9e de lecture estim\u00e9e\" \/>\n\t<meta name=\"twitter:data1\" content=\"1 minute\" \/>\n<script type=\"application\/ld+json\" class=\"yoast-schema-graph\">{\"@context\":\"https:\/\/schema.org\",\"@graph\":[{\"@type\":\"WebPage\",\"@id\":\"https:\/\/www.3sqair.com\/fr\/les-partenaires\/catie-centre-de-technologie-numerique-nouvelle-aquitaine\/\",\"url\":\"https:\/\/www.3sqair.com\/fr\/les-partenaires\/catie-centre-de-technologie-numerique-nouvelle-aquitaine\/\",\"name\":\"CATIE Centre de Technologie Num\u00e9rique Nouvelle-Aquitaine - 3SqAIR\",\"isPartOf\":{\"@id\":\"https:\/\/www.3sqair.com\/fr\/#website\"},\"datePublished\":\"2022-10-27T06:43:34+00:00\",\"dateModified\":\"2022-10-27T06:43:34+00:00\",\"breadcrumb\":{\"@id\":\"https:\/\/www.3sqair.com\/fr\/les-partenaires\/catie-centre-de-technologie-numerique-nouvelle-aquitaine\/#breadcrumb\"},\"inLanguage\":\"fr-FR\",\"potentialAction\":[{\"@type\":\"ReadAction\",\"target\":[\"https:\/\/www.3sqair.com\/fr\/les-partenaires\/catie-centre-de-technologie-numerique-nouvelle-aquitaine\/\"]}]},{\"@type\":\"BreadcrumbList\",\"@id\":\"https:\/\/www.3sqair.com\/fr\/les-partenaires\/catie-centre-de-technologie-numerique-nouvelle-aquitaine\/#breadcrumb\",\"itemListElement\":[{\"@type\":\"ListItem\",\"position\":1,\"name\":\"Home\",\"item\":\"https:\/\/www.3sqair.com\/fr\/\"},{\"@type\":\"ListItem\",\"position\":2,\"name\":\"Les Partenaires\",\"item\":\"https:\/\/www.3sqair.com\/fr\/les-partenaires\/\"},{\"@type\":\"ListItem\",\"position\":3,\"name\":\"CATIE Centre de Technologie Num\u00e9rique Nouvelle-Aquitaine\"}]},{\"@type\":\"WebSite\",\"@id\":\"https:\/\/www.3sqair.com\/fr\/#website\",\"url\":\"https:\/\/www.3sqair.com\/fr\/\",\"name\":\"3SqAIR\",\"description\":\"SUSTAINABLE SMART STRATEGY FOR AIR QUALITY ASSURANCE IN CLASSROOMS\",\"potentialAction\":[{\"@type\":\"SearchAction\",\"target\":{\"@type\":\"EntryPoint\",\"urlTemplate\":\"https:\/\/www.3sqair.com\/fr\/?s={search_term_string}\"},\"query-input\":\"required name=search_term_string\"}],\"inLanguage\":\"fr-FR\"}]}<\/script>\n<!-- \/ Yoast SEO plugin. -->","yoast_head_json":{"title":"CATIE Centre de Technologie Num\u00e9rique Nouvelle-Aquitaine - 3SqAIR","robots":{"index":"index","follow":"follow","max-snippet":"max-snippet:-1","max-image-preview":"max-image-preview:large","max-video-preview":"max-video-preview:-1"},"canonical":"https:\/\/www.3sqair.com\/fr\/les-partenaires\/catie-centre-de-technologie-numerique-nouvelle-aquitaine\/","og_locale":"fr_FR","og_type":"article","og_title":"CATIE Centre de Technologie Num\u00e9rique Nouvelle-Aquitaine - 3SqAIR","og_description":"[vc_row padding_top_multiplier=\u00a0\u00bb\u00a0\u00bb equal_column_height=\u00a0\u00bbequal\u00a0\u00bb][vc_column width=\u00a0\u00bb1\/2&Prime; vertical_content_position=\u00a0\u00bbmiddle\u00a0\u00bb][vc_column_text]Il s\u2019agit d\u2019un centre de transfert de technologie sp\u00e9cialis\u00e9 dans le num\u00e9rique. Il propose un focus unique et multidisciplinaire sur 3 domaines de comp\u00e9tences principaux: les facteurs humains et la cognition, la science des donn\u00e9es et l\u2019\u00e9lectronique int\u00e9gr\u00e9e. La majorit\u00e9 du travail 3SqAir est r\u00e9alis\u00e9 avec l\u2019Unit\u00e9 Technologique des Syst\u00e8mes Cyber-physiques, [&hellip;]","og_url":"https:\/\/www.3sqair.com\/fr\/les-partenaires\/catie-centre-de-technologie-numerique-nouvelle-aquitaine\/","og_site_name":"3SqAIR","og_image":[{"width":1000,"height":648,"url":"https:\/\/www.3sqair.com\/wp-content\/uploads\/2021\/05\/partners-3sqair-catie-logo.jpg","type":"image\/jpeg"}],"twitter_card":"summary_large_image","twitter_misc":{"Dur\u00e9e de lecture estim\u00e9e":"1 minute"},"schema":{"@context":"https:\/\/schema.org","@graph":[{"@type":"WebPage","@id":"https:\/\/www.3sqair.com\/fr\/les-partenaires\/catie-centre-de-technologie-numerique-nouvelle-aquitaine\/","url":"https:\/\/www.3sqair.com\/fr\/les-partenaires\/catie-centre-de-technologie-numerique-nouvelle-aquitaine\/","name":"CATIE Centre de Technologie Num\u00e9rique Nouvelle-Aquitaine - 3SqAIR","isPartOf":{"@id":"https:\/\/www.3sqair.com\/fr\/#website"},"datePublished":"2022-10-27T06:43:34+00:00","dateModified":"2022-10-27T06:43:34+00:00","breadcrumb":{"@id":"https:\/\/www.3sqair.com\/fr\/les-partenaires\/catie-centre-de-technologie-numerique-nouvelle-aquitaine\/#breadcrumb"},"inLanguage":"fr-FR","potentialAction":[{"@type":"ReadAction","target":["https:\/\/www.3sqair.com\/fr\/les-partenaires\/catie-centre-de-technologie-numerique-nouvelle-aquitaine\/"]}]},{"@type":"BreadcrumbList","@id":"https:\/\/www.3sqair.com\/fr\/les-partenaires\/catie-centre-de-technologie-numerique-nouvelle-aquitaine\/#breadcrumb","itemListElement":[{"@type":"ListItem","position":1,"name":"Home","item":"https:\/\/www.3sqair.com\/fr\/"},{"@type":"ListItem","position":2,"name":"Les Partenaires","item":"https:\/\/www.3sqair.com\/fr\/les-partenaires\/"},{"@type":"ListItem","position":3,"name":"CATIE Centre de Technologie Num\u00e9rique Nouvelle-Aquitaine"}]},{"@type":"WebSite","@id":"https:\/\/www.3sqair.com\/fr\/#website","url":"https:\/\/www.3sqair.com\/fr\/","name":"3SqAIR","description":"SUSTAINABLE SMART STRATEGY FOR AIR QUALITY ASSURANCE IN CLASSROOMS","potentialAction":[{"@type":"SearchAction","target":{"@type":"EntryPoint","urlTemplate":"https:\/\/www.3sqair.com\/fr\/?s={search_term_string}"},"query-input":"required name=search_term_string"}],"inLanguage":"fr-FR"}]}},"_links":{"self":[{"href":"https:\/\/www.3sqair.com\/fr\/wp-json\/wp\/v2\/pages\/2252"}],"collection":[{"href":"https:\/\/www.3sqair.com\/fr\/wp-json\/wp\/v2\/pages"}],"about":[{"href":"https:\/\/www.3sqair.com\/fr\/wp-json\/wp\/v2\/types\/page"}],"author":[{"embeddable":true,"href":"https:\/\/www.3sqair.com\/fr\/wp-json\/wp\/v2\/users\/1"}],"replies":[{"embeddable":true,"href":"https:\/\/www.3sqair.com\/fr\/wp-json\/wp\/v2\/comments?post=2252"}],"version-history":[{"count":0,"href":"https:\/\/www.3sqair.com\/fr\/wp-json\/wp\/v2\/pages\/2252\/revisions"}],"up":[{"embeddable":true,"href":"https:\/\/www.3sqair.com\/fr\/wp-json\/wp\/v2\/pages\/1444"}],"wp:featuredmedia":[{"embeddable":true,"href":"https:\/\/www.3sqair.com\/fr\/wp-json\/wp\/v2\/media\/942"}],"wp:attachment":[{"href":"https:\/\/www.3sqair.com\/fr\/wp-json\/wp\/v2\/media?parent=2252"}],"curies":[{"name":"wp","href":"https:\/\/api.w.org\/{rel}","templated":true}]}}