{"id":1444,"date":"2021-06-23T11:11:01","date_gmt":"2021-06-23T11:11:01","guid":{"rendered":"https:\/\/www.3sqair.com\/?page_id=1444"},"modified":"2022-10-27T10:17:25","modified_gmt":"2022-10-27T10:17:25","slug":"les-partenaires","status":"publish","type":"page","link":"https:\/\/www.3sqair.com\/fr\/les-partenaires\/","title":{"rendered":"Les Partenaires"},"content":{"rendered":"<p>[vc_row padding_top_multiplier=\u00a0\u00bb\u00a0\u00bb padding_bottom_multiplier=\u00a0\u00bb3x\u00a0\u00bb][vc_column]<h1 class=\"grve-element grve-title grve-align-center grve-h1\"><span><br>\n<h1 style=\"text-align: center;\">les partenaires<br \/>\ndu<span style=\"color: #fdc608;\"> projec 3SqAir<\/span><\/h1>\n<\/span><\/h1>[vc_row_inner tablet_sm_visibility=\u00a0\u00bbhide\u00a0\u00bb mobile_visibility=\u00a0\u00bbhide\u00a0\u00bb][vc_column_inner width=\u00a0\u00bb1\/2&Prime;][vc_column_text]<\/p>\n<p style=\"text-align: right;\">Tous les partenaires sont des entit\u00e9s,<br \/>\ndes centres \u00e9ducatifs et des entreprises<br \/>\nayant une exp\u00e9rience av\u00e9r\u00e9e des projets europ\u00e9ens<\/p>\n<p>[\/vc_column_text][\/vc_column_inner][vc_column_inner width=\u00a0\u00bb1\/2&Prime;][vc_column_text]La base du projet 3SqAir<br \/>\nest la collaboration entre les acteurs impliqu\u00e9s et le partage<br \/>\ndes connaissances acquises au cours des diff\u00e9rentes phases du projet.[\/vc_column_text][\/vc_column_inner][\/vc_row_inner][vc_row_inner desktop_visibility=\u00a0\u00bbhide\u00a0\u00bb tablet_visibility=\u00a0\u00bbhide\u00a0\u00bb][vc_column_inner][vc_column_text]<\/p>\n<p style=\"text-align: center;\">Tous les partenaires sont des entit\u00e9s, des centres \u00e9ducatifs et des entreprises ayant une exp\u00e9rience av\u00e9r\u00e9e des projets europ\u00e9ens.<\/p>\n<p style=\"text-align: center;\">La base du projet 3SqAir est la collaboration entre les acteurs impliqu\u00e9s et le partage des connaissances acquises au cours des diff\u00e9rentes phases du projet.<\/p>\n<p>[\/vc_column_text][\/vc_column_inner][\/vc_row_inner][\/vc_column][\/vc_row][vc_row columns_gap=\u00a0\u00bb40&Prime; equal_column_height=\u00a0\u00bbequal\u00a0\u00bb][vc_column width=\u00a0\u00bb1\/5&Prime; text_align=\u00a0\u00bbcenter\u00a0\u00bb hover_animation=\u00a0\u00bbmagnetism\u00a0\u00bb]<div class=\"grve-element grve-image grve-align-center\">\r\n\t<div class=\"grve-image-item\">\r\n\t\t\r\n\r\n<div class=\"grve-image-wrapper grve-no-effect\">\r\n\t\t<a href=\"https:\/\/www.3sqair.com\/fr\/les-partenaires\/catie-centre-de-technologie-numerique-nouvelle-aquitaine\/\" title=\"CATIE Centre de Technologie Num\u00e9rique Nouvelle-Aquitaine\">\t\t<div class=\"grve-thumbnail-wrapper\"  style=\"width: 1000px;\"><div class=\"grve-thumbnail\"  style=\"padding-top: 64.8%;\"><img width=\"1000\" height=\"648\" src=\"https:\/\/www.3sqair.com\/wp-content\/uploads\/2021\/05\/partners-3sqair-catie-logo.jpg\" class=\"attachment-full size-full\" alt=\"\" data-column-space=\"auto\" data-lazyload=\"\" data-grve-filter=\"yes\" srcset=\"https:\/\/www.3sqair.com\/wp-content\/uploads\/2021\/05\/partners-3sqair-catie-logo.jpg 1000w, https:\/\/www.3sqair.com\/wp-content\/uploads\/2021\/05\/partners-3sqair-catie-logo-300x194.jpg 300w, https:\/\/www.3sqair.com\/wp-content\/uploads\/2021\/05\/partners-3sqair-catie-logo-768x498.jpg 768w\" sizes=\"(max-width: 1000px) 100vw, 1000px\" \/><\/div><\/div>\t<\/a><\/div>\r\n\t<\/div>\r\n<\/div>\r\n[\/vc_column][vc_column width=\u00a0\u00bb1\/5&Prime; text_align=\u00a0\u00bbcenter\u00a0\u00bb hover_animation=\u00a0\u00bbmagnetism\u00a0\u00bb]<div class=\"grve-element grve-image grve-align-center\">\r\n\t<div class=\"grve-image-item\">\r\n\t\t\r\n\r\n<div class=\"grve-image-wrapper grve-no-effect\">\r\n\t\t<a href=\"https:\/\/www.3sqair.com\/fr\/les-partenaires\/cerema\/\" title=\"CEREMA\">\t\t<div class=\"grve-thumbnail-wrapper\"  style=\"width: 1000px;\"><div class=\"grve-thumbnail\"  style=\"padding-top: 64.8%;\"><img width=\"1000\" height=\"648\" src=\"https:\/\/www.3sqair.com\/wp-content\/uploads\/2021\/05\/partners-3sqair-cerema-logo.jpg\" class=\"attachment-full size-full\" alt=\"\" data-column-space=\"auto\" data-lazyload=\"\" data-grve-filter=\"yes\" srcset=\"https:\/\/www.3sqair.com\/wp-content\/uploads\/2021\/05\/partners-3sqair-cerema-logo.jpg 1000w, https:\/\/www.3sqair.com\/wp-content\/uploads\/2021\/05\/partners-3sqair-cerema-logo-300x194.jpg 300w, https:\/\/www.3sqair.com\/wp-content\/uploads\/2021\/05\/partners-3sqair-cerema-logo-768x498.jpg 768w\" sizes=\"(max-width: 1000px) 100vw, 1000px\" \/><\/div><\/div>\t<\/a><\/div>\r\n\t<\/div>\r\n<\/div>\r\n[\/vc_column][vc_column width=\u00a0\u00bb1\/5&Prime; text_align=\u00a0\u00bbcenter\u00a0\u00bb hover_animation=\u00a0\u00bbmagnetism\u00a0\u00bb]<div class=\"grve-element grve-image grve-align-center\">\r\n\t<div class=\"grve-image-item\">\r\n\t\t\r\n\r\n<div class=\"grve-image-wrapper grve-no-effect\">\r\n\t\t<a href=\"https:\/\/www.3sqair.com\/fr\/les-partenaires\/eraikune-cluster-de-la-construction-du-pays-basque\/\" title=\"Eraikune, Cluster de la Construction du Pays Basque\">\t\t<div class=\"grve-thumbnail-wrapper\"  style=\"width: 1000px;\"><div class=\"grve-thumbnail\"  style=\"padding-top: 64.8%;\"><img width=\"1000\" height=\"648\" src=\"https:\/\/www.3sqair.com\/wp-content\/uploads\/2021\/05\/partners-3sqair-eraikune-logo.jpg\" class=\"attachment-full size-full\" alt=\"\" data-column-space=\"auto\" data-lazyload=\"\" data-grve-filter=\"yes\" srcset=\"https:\/\/www.3sqair.com\/wp-content\/uploads\/2021\/05\/partners-3sqair-eraikune-logo.jpg 1000w, https:\/\/www.3sqair.com\/wp-content\/uploads\/2021\/05\/partners-3sqair-eraikune-logo-300x194.jpg 300w, https:\/\/www.3sqair.com\/wp-content\/uploads\/2021\/05\/partners-3sqair-eraikune-logo-768x498.jpg 768w\" sizes=\"(max-width: 1000px) 100vw, 1000px\" \/><\/div><\/div>\t<\/a><\/div>\r\n\t<\/div>\r\n<\/div>\r\n[\/vc_column][vc_column width=\u00a0\u00bb1\/5&Prime; text_align=\u00a0\u00bbcenter\u00a0\u00bb hover_animation=\u00a0\u00bbmagnetism\u00a0\u00bb]<div class=\"grve-element grve-image grve-align-center\">\r\n\t<div class=\"grve-image-item\">\r\n\t\t\r\n\r\n<div class=\"grve-image-wrapper grve-no-effect\">\r\n\t\t<a href=\"https:\/\/www.3sqair.com\/fr\/les-partenaires\/greease\/\" title=\"Greease\">\t\t<div class=\"grve-thumbnail-wrapper\"  style=\"width: 1000px;\"><div class=\"grve-thumbnail\"  style=\"padding-top: 64.8%;\"><img width=\"1000\" height=\"648\" src=\"https:\/\/www.3sqair.com\/wp-content\/uploads\/2021\/05\/partners-3sqair-greease-logo.jpg\" class=\"attachment-full size-full\" alt=\"\" data-column-space=\"auto\" data-lazyload=\"\" data-grve-filter=\"yes\" srcset=\"https:\/\/www.3sqair.com\/wp-content\/uploads\/2021\/05\/partners-3sqair-greease-logo.jpg 1000w, https:\/\/www.3sqair.com\/wp-content\/uploads\/2021\/05\/partners-3sqair-greease-logo-300x194.jpg 300w, https:\/\/www.3sqair.com\/wp-content\/uploads\/2021\/05\/partners-3sqair-greease-logo-768x498.jpg 768w\" sizes=\"(max-width: 1000px) 100vw, 1000px\" \/><\/div><\/div>\t<\/a><\/div>\r\n\t<\/div>\r\n<\/div>\r\n[\/vc_column][vc_column width=\u00a0\u00bb1\/5&Prime; text_align=\u00a0\u00bbcenter\u00a0\u00bb hover_animation=\u00a0\u00bbmagnetism\u00a0\u00bb]<div class=\"grve-element grve-image grve-align-center\">\r\n\t<div class=\"grve-image-item\">\r\n\t\t\r\n\r\n<div class=\"grve-image-wrapper grve-no-effect\">\r\n\t\t<a href=\"https:\/\/www.3sqair.com\/fr\/les-partenaires\/ikerlan\/\" title=\"Ikerlan\">\t\t<div class=\"grve-thumbnail-wrapper\"  style=\"width: 1000px;\"><div class=\"grve-thumbnail\"  style=\"padding-top: 64.8%;\"><img width=\"1000\" height=\"648\" src=\"https:\/\/www.3sqair.com\/wp-content\/uploads\/2021\/05\/partners-3sqair-ikerlan-logo.jpg\" class=\"attachment-full size-full\" alt=\"\" data-column-space=\"auto\" data-lazyload=\"\" data-grve-filter=\"yes\" srcset=\"https:\/\/www.3sqair.com\/wp-content\/uploads\/2021\/05\/partners-3sqair-ikerlan-logo.jpg 1000w, https:\/\/www.3sqair.com\/wp-content\/uploads\/2021\/05\/partners-3sqair-ikerlan-logo-300x194.jpg 300w, https:\/\/www.3sqair.com\/wp-content\/uploads\/2021\/05\/partners-3sqair-ikerlan-logo-768x498.jpg 768w\" sizes=\"(max-width: 1000px) 100vw, 1000px\" \/><\/div><\/div>\t<\/a><\/div>\r\n\t<\/div>\r\n<\/div>\r\n[\/vc_column][\/vc_row][vc_row][vc_column]<div style=\"height: 80px;\" class=\"grve-empty-space\"><\/div>[\/vc_column][\/vc_row][vc_row columns_gap=\u00a0\u00bb40&Prime; equal_column_height=\u00a0\u00bbequal\u00a0\u00bb][vc_column width=\u00a0\u00bb1\/5&Prime; text_align=\u00a0\u00bbcenter\u00a0\u00bb hover_animation=\u00a0\u00bbmagnetism\u00a0\u00bb]<div class=\"grve-element grve-image grve-align-center\">\r\n\t<div class=\"grve-image-item\">\r\n\t\t\r\n\r\n<div class=\"grve-image-wrapper grve-no-effect\">\r\n\t\t<a href=\"https:\/\/www.3sqair.com\/fr\/les-partenaires\/instituto-superior-tecnico\/\" title=\"Instituto Superior T\u00e9cnico\">\t\t<div class=\"grve-thumbnail-wrapper\"  style=\"width: 1000px;\"><div class=\"grve-thumbnail\"  style=\"padding-top: 64.8%;\"><img width=\"1000\" height=\"648\" src=\"https:\/\/www.3sqair.com\/wp-content\/uploads\/2021\/05\/partners-3sqair-ist-logo.jpg\" class=\"attachment-full size-full\" alt=\"\" data-column-space=\"auto\" data-lazyload=\"\" data-grve-filter=\"yes\" srcset=\"https:\/\/www.3sqair.com\/wp-content\/uploads\/2021\/05\/partners-3sqair-ist-logo.jpg 1000w, https:\/\/www.3sqair.com\/wp-content\/uploads\/2021\/05\/partners-3sqair-ist-logo-300x194.jpg 300w, https:\/\/www.3sqair.com\/wp-content\/uploads\/2021\/05\/partners-3sqair-ist-logo-768x498.jpg 768w\" sizes=\"(max-width: 1000px) 100vw, 1000px\" \/><\/div><\/div>\t<\/a><\/div>\r\n\t<\/div>\r\n<\/div>\r\n[\/vc_column][vc_column width=\u00a0\u00bb1\/5&Prime; text_align=\u00a0\u00bbcenter\u00a0\u00bb hover_animation=\u00a0\u00bbmagnetism\u00a0\u00bb]<div class=\"grve-element grve-image grve-align-center\">\r\n\t<div class=\"grve-image-item\">\r\n\t\t\r\n\r\n<div class=\"grve-image-wrapper grve-no-effect\">\r\n\t\t<a href=\"https:\/\/www.3sqair.com\/fr\/les-partenaires\/universite-de-coimbra\/\" title=\"Universit\u00e9 de Coimbra\">\t\t<div class=\"grve-thumbnail-wrapper\"  style=\"width: 1000px;\"><div class=\"grve-thumbnail\"  style=\"padding-top: 64.8%;\"><img width=\"1000\" height=\"648\" src=\"https:\/\/www.3sqair.com\/wp-content\/uploads\/2021\/05\/partners-3sqair-coimbra-logo.jpg\" class=\"attachment-full size-full\" alt=\"\" data-column-space=\"auto\" data-lazyload=\"\" data-grve-filter=\"yes\" srcset=\"https:\/\/www.3sqair.com\/wp-content\/uploads\/2021\/05\/partners-3sqair-coimbra-logo.jpg 1000w, https:\/\/www.3sqair.com\/wp-content\/uploads\/2021\/05\/partners-3sqair-coimbra-logo-300x194.jpg 300w, https:\/\/www.3sqair.com\/wp-content\/uploads\/2021\/05\/partners-3sqair-coimbra-logo-768x498.jpg 768w\" sizes=\"(max-width: 1000px) 100vw, 1000px\" \/><\/div><\/div>\t<\/a><\/div>\r\n\t<\/div>\r\n<\/div>\r\n[\/vc_column][vc_column width=\u00a0\u00bb1\/5&Prime; text_align=\u00a0\u00bbcenter\u00a0\u00bb hover_animation=\u00a0\u00bbmagnetism\u00a0\u00bb]<div class=\"grve-element grve-image grve-align-center\">\r\n\t<div class=\"grve-image-item\">\r\n\t\t\r\n\r\n<div class=\"grve-image-wrapper grve-no-effect\">\r\n\t\t<a href=\"https:\/\/www.3sqair.com\/fr\/les-partenaires\/universite-du-pays-basque\/\" title=\"Universit\u00e9 du Pays Basque\">\t\t<div class=\"grve-thumbnail-wrapper\"  style=\"width: 1000px;\"><div class=\"grve-thumbnail\"  style=\"padding-top: 64.8%;\"><img width=\"1000\" height=\"648\" src=\"https:\/\/www.3sqair.com\/wp-content\/uploads\/2021\/05\/partners-3sqair-upv.jpg\" class=\"attachment-full size-full\" alt=\"\" data-column-space=\"auto\" data-lazyload=\"\" data-grve-filter=\"yes\" srcset=\"https:\/\/www.3sqair.com\/wp-content\/uploads\/2021\/05\/partners-3sqair-upv.jpg 1000w, https:\/\/www.3sqair.com\/wp-content\/uploads\/2021\/05\/partners-3sqair-upv-300x194.jpg 300w, https:\/\/www.3sqair.com\/wp-content\/uploads\/2021\/05\/partners-3sqair-upv-768x498.jpg 768w\" sizes=\"(max-width: 1000px) 100vw, 1000px\" \/><\/div><\/div>\t<\/a><\/div>\r\n\t<\/div>\r\n<\/div>\r\n[\/vc_column][vc_column width=\u00a0\u00bb1\/5&Prime; text_align=\u00a0\u00bbcenter\u00a0\u00bb hover_animation=\u00a0\u00bbmagnetism\u00a0\u00bb]<div class=\"grve-element grve-image grve-align-center\">\r\n\t<div class=\"grve-image-item\">\r\n\t\t\r\n\r\n<div class=\"grve-image-wrapper grve-no-effect\">\r\n\t\t<a href=\"https:\/\/www.3sqair.com\/fr\/les-partenaires\/luniversite-toulouse-iii-paul-sabatier\/\" title=\"L\u2019universit\u00e9 Toulouse III, Paul Sabatier\">\t\t<div class=\"grve-thumbnail-wrapper\"  style=\"width: 1000px;\"><div class=\"grve-thumbnail\"  style=\"padding-top: 64.8%;\"><img width=\"1000\" height=\"648\" src=\"https:\/\/www.3sqair.com\/wp-content\/uploads\/2021\/05\/partners-3sqair-toulouse-university-logo.jpg\" class=\"attachment-full size-full\" alt=\"\" data-column-space=\"auto\" data-lazyload=\"\" data-grve-filter=\"yes\" srcset=\"https:\/\/www.3sqair.com\/wp-content\/uploads\/2021\/05\/partners-3sqair-toulouse-university-logo.jpg 1000w, https:\/\/www.3sqair.com\/wp-content\/uploads\/2021\/05\/partners-3sqair-toulouse-university-logo-300x194.jpg 300w, https:\/\/www.3sqair.com\/wp-content\/uploads\/2021\/05\/partners-3sqair-toulouse-university-logo-768x498.jpg 768w\" sizes=\"(max-width: 1000px) 100vw, 1000px\" \/><\/div><\/div>\t<\/a><\/div>\r\n\t<\/div>\r\n<\/div>\r\n[\/vc_column][vc_column width=\u00a0\u00bb1\/5&Prime; text_align=\u00a0\u00bbcenter\u00a0\u00bb hover_animation=\u00a0\u00bbmagnetism\u00a0\u00bb]<div class=\"grve-element grve-image grve-align-center\">\r\n\t<div class=\"grve-image-item\">\r\n\t\t\r\n\r\n<div class=\"grve-image-wrapper grve-no-effect\">\r\n\t\t<a href=\"https:\/\/www.3sqair.com\/fr\/les-partenaires\/zubigune-fundazioa\/\" title=\"Zubigune Fundazioa\">\t\t<div class=\"grve-thumbnail-wrapper\"  style=\"width: 1000px;\"><div class=\"grve-thumbnail\"  style=\"padding-top: 64.8%;\"><img width=\"1000\" height=\"648\" src=\"https:\/\/www.3sqair.com\/wp-content\/uploads\/2021\/05\/partners-3sqair-zubigune-logo.jpg\" class=\"attachment-full size-full\" alt=\"\" data-column-space=\"auto\" data-lazyload=\"\" data-grve-filter=\"yes\" srcset=\"https:\/\/www.3sqair.com\/wp-content\/uploads\/2021\/05\/partners-3sqair-zubigune-logo.jpg 1000w, https:\/\/www.3sqair.com\/wp-content\/uploads\/2021\/05\/partners-3sqair-zubigune-logo-300x194.jpg 300w, https:\/\/www.3sqair.com\/wp-content\/uploads\/2021\/05\/partners-3sqair-zubigune-logo-768x498.jpg 768w\" sizes=\"(max-width: 1000px) 100vw, 1000px\" \/><\/div><\/div>\t<\/a><\/div>\r\n\t<\/div>\r\n<\/div>\r\n[\/vc_column][\/vc_row][vc_row padding_top_multiplier=\u00a0\u00bb\u00a0\u00bb padding_bottom_multiplier=\u00a0\u00bb3x\u00a0\u00bb][vc_column]<div style=\"height: 80px;\" class=\"grve-empty-space\"><\/div>[\/vc_column][\/vc_row][vc_row padding_top_multiplier=\u00a0\u00bb2x\u00a0\u00bb padding_bottom_multiplier=\u00a0\u00bb3x\u00a0\u00bb rc_bg_type=\u00a0\u00bbgradient\u00a0\u00bb rc_bg_gradient_color_1=\u00a0\u00bbrgba(0,51,153,0.05)\u00a0\u00bb rc_bg_gradient_color_2=\u00a0\u00bbrgba(0,239,231,0.11)\u00a0\u00bb][vc_column]<h2 class=\"grve-element grve-title grve-align-left grve-h2\"><span><br>\n<h2 style=\"text-align: left;\">Partenaires b\u00e9n\u00e9ficiaires<\/h2>\n<\/span><\/h2><div style=\"height: 35px;\" class=\"grve-empty-space\"><\/div>[vc_row_inner][vc_column_inner width=\u00a0\u00bb1\/3&Prime;][vc_column_text]<\/p>\n<ul>\n<li class=\"AssociatedList\"><a href=\"https:\/\/www.ikaslangipuzkoa.eus\/es\/cartografia\/cifp-desarrollo-sostenible-en-edificacion-inteligente-eagi-lhii\" target=\"_blank\" rel=\"noopener\">CIFP Desarrollo Sostenible en edificaci\u00f3n inteligente\u00a0<\/a><\/li>\n<li class=\"AssociatedList\"><a href=\"http:\/\/www.navarra.es\/home_es\/Gobierno+de+Navarra\/organigramas+departamentos\/organigrama+departamento+de+educacion.htm?idunidadactual=10009417\" target=\"_blank\" rel=\"noopener\">Direcci\u00f3n General de Formaci\u00f3n Profesional (Gobierno de Navarra)<\/a><\/li>\n<li class=\"AssociatedList\"><a href=\"http:\/\/www.lhusurbil.com\/web\/\" target=\"_blank\" rel=\"noopener\">CIFP Usurbil LHII<\/a><\/li>\n<li class=\"AssociatedList\"><a href=\"https:\/\/www.biodonostia.org\/\" target=\"_blank\" rel=\"noopener\">Biodonostia Health Research Institute<\/a><\/li>\n<li class=\"AssociatedList\"><a href=\"https:\/\/www.uva.es\/export\/sites\/uva\/\" target=\"_blank\" rel=\"noopener\">Universidad de Valladolid<\/a><\/li>\n<li class=\"AssociatedList\"><a href=\"https:\/\/www.euskadi.eus\/gobierno-vasco\/vivienda\/inicio\/\" target=\"_blank\" rel=\"noopener\">Gobierno Vasco \/ Eusko Jaurlaritza: Viceconsejer\u00eda de Vivienda<\/a><\/li>\n<\/ul>\n<p>[\/vc_column_text][\/vc_column_inner][vc_column_inner width=\u00a0\u00bb1\/3&Prime;][vc_column_text]<\/p>\n<ul>\n<li class=\"AssociatedList\"><a href=\"https:\/\/www.cenifer.com\/\" target=\"_blank\" rel=\"noopener\">Centro Integrado Superior Energ\u00edas Renovables<\/a><\/li>\n<li class=\"AssociatedList\"><a href=\"https:\/\/www.hautespyrenees.fr\/\" target=\"_blank\" rel=\"noopener\">D\u00e9partement des Hautes-Pyr\u00e9n\u00e9es<\/a><\/li>\n<li class=\"AssociatedList\"><a href=\"https:\/\/www.irit.fr\/neocampus\/fr\/\" target=\"_blank\" rel=\"noopener\">Groupement d&rsquo;Int\u00e9r\u00eat Scientifique neoCampus<\/a><\/li>\n<li class=\"AssociatedList\"><a href=\"https:\/\/www.gironde.fr\/\" target=\"_blank\" rel=\"noopener\">Conseil D\u00e9partemental de la Gironde<\/a><\/li>\n<li class=\"AssociatedList\"><a href=\"https:\/\/www.uc.pt\/fmuc\" target=\"_blank\" rel=\"noopener\">Faculdade de Medicina da Universidade de Coimbra<\/a><\/li>\n<\/ul>\n<p>[\/vc_column_text][\/vc_column_inner][vc_column_inner width=\u00a0\u00bb1\/3&Prime;][vc_column_text]<\/p>\n<ul>\n<li class=\"AssociatedList\"><a href=\"https:\/\/fenix.tecnico.ulisboa.pt\/departamentos\/deg\/campus-da-alameda\" target=\"_blank\" rel=\"noopener\">Campus da Alameda do Instituto Superior T\u00e9cnico<\/a><\/li>\n<li class=\"AssociatedList\"><a href=\"https:\/\/apist.tecnico.ulisboa.pt\/infantario.html\" target=\"_blank\" rel=\"noopener\">Infant\u00e1rio e Jardim de Inf\u00e2ncia da Associa\u00e7\u00e3o do Pessoal do Instituto Superior T\u00e9cnico<\/a><\/li>\n<li class=\"AssociatedList\"><a href=\"https:\/\/www.rehva.eu\/\" target=\"_blank\" rel=\"noopener\">REHVA Federation of European Heating, Ventilation and Air-conditioning Associations<\/a><\/li>\n<li class=\"AssociatedList\"><a href=\"https:\/\/www.aivc.org\/\" target=\"_blank\" rel=\"noopener\">Air Infiltration and Ventilation Centre<\/a><\/li>\n<li class=\"AssociatedList\"><a href=\"https:\/\/www.rehva.eu\/about-us\/members\/ttmd\" target=\"_blank\" rel=\"noopener\">Turkish Society of HVAC and Sanitary Engineers<\/a><\/li>\n<\/ul>\n<p>[\/vc_column_text][\/vc_column_inner][\/vc_row_inner][\/vc_column][\/vc_row]<\/p>\n","protected":false},"excerpt":{"rendered":"<p>[vc_row padding_top_multiplier=\u00a0\u00bb\u00a0\u00bb padding_bottom_multiplier=\u00a0\u00bb3x\u00a0\u00bb][vc_column][vc_row_inner tablet_sm_visibility=\u00a0\u00bbhide\u00a0\u00bb mobile_visibility=\u00a0\u00bbhide\u00a0\u00bb][vc_column_inner width=\u00a0\u00bb1\/2&Prime;][vc_column_text] Tous les partenaires sont des entit\u00e9s, des centres \u00e9ducatifs et des entreprises ayant une exp\u00e9rience av\u00e9r\u00e9e des projets europ\u00e9ens [\/vc_column_text][\/vc_column_inner][vc_column_inner width=\u00a0\u00bb1\/2&Prime;][vc_column_text]La base du projet 3SqAir est la collaboration entre les acteurs impliqu\u00e9s et le partage des connaissances acquises au cours des diff\u00e9rentes phases du projet.[\/vc_column_text][\/vc_column_inner][\/vc_row_inner][vc_row_inner desktop_visibility=\u00a0\u00bbhide\u00a0\u00bb tablet_visibility=\u00a0\u00bbhide\u00a0\u00bb][vc_column_inner][vc_column_text] Tous les [&hellip;]<\/p>\n","protected":false},"author":1,"featured_media":1583,"parent":0,"menu_order":0,"comment_status":"closed","ping_status":"closed","template":"","meta":{"_monsterinsights_skip_tracking":false,"_monsterinsights_sitenote_active":false,"_monsterinsights_sitenote_note":"","_monsterinsights_sitenote_category":0},"acf":[],"yoast_head":"<!-- This site is optimized with the Yoast SEO plugin v20.4 - https:\/\/yoast.com\/wordpress\/plugins\/seo\/ -->\n<title>Les Partenaires - 3SqAIR<\/title>\n<meta name=\"robots\" content=\"index, follow, max-snippet:-1, max-image-preview:large, max-video-preview:-1\" \/>\n<link rel=\"canonical\" href=\"https:\/\/www.3sqair.com\/fr\/les-partenaires\/\" \/>\n<meta property=\"og:locale\" content=\"fr_FR\" \/>\n<meta property=\"og:type\" content=\"article\" \/>\n<meta property=\"og:title\" content=\"Les Partenaires - 3SqAIR\" \/>\n<meta property=\"og:description\" content=\"[vc_row padding_top_multiplier=\u00a0\u00bb\u00a0\u00bb padding_bottom_multiplier=\u00a0\u00bb3x\u00a0\u00bb][vc_column][vc_row_inner tablet_sm_visibility=\u00a0\u00bbhide\u00a0\u00bb mobile_visibility=\u00a0\u00bbhide\u00a0\u00bb][vc_column_inner width=\u00a0\u00bb1\/2&Prime;][vc_column_text] Tous les partenaires sont des entit\u00e9s, des centres \u00e9ducatifs et des entreprises ayant une exp\u00e9rience av\u00e9r\u00e9e des projets europ\u00e9ens [\/vc_column_text][\/vc_column_inner][vc_column_inner width=\u00a0\u00bb1\/2&Prime;][vc_column_text]La base du projet 3SqAir est la collaboration entre les acteurs impliqu\u00e9s et le partage des connaissances acquises au cours des diff\u00e9rentes phases du projet.[\/vc_column_text][\/vc_column_inner][\/vc_row_inner][vc_row_inner desktop_visibility=\u00a0\u00bbhide\u00a0\u00bb tablet_visibility=\u00a0\u00bbhide\u00a0\u00bb][vc_column_inner][vc_column_text] Tous les [&hellip;]\" \/>\n<meta property=\"og:url\" content=\"https:\/\/www.3sqair.com\/fr\/les-partenaires\/\" \/>\n<meta property=\"og:site_name\" content=\"3SqAIR\" \/>\n<meta property=\"article:modified_time\" content=\"2022-10-27T10:17:25+00:00\" \/>\n<meta property=\"og:image\" content=\"https:\/\/www.3sqair.com\/wp-content\/uploads\/2021\/06\/3sqair-partners-dest.jpg\" \/>\n\t<meta property=\"og:image:width\" content=\"800\" \/>\n\t<meta property=\"og:image:height\" content=\"540\" \/>\n\t<meta property=\"og:image:type\" content=\"image\/jpeg\" \/>\n<meta name=\"twitter:card\" content=\"summary_large_image\" \/>\n<meta name=\"twitter:label1\" content=\"Dur\u00e9e de lecture estim\u00e9e\" \/>\n\t<meta name=\"twitter:data1\" content=\"2 minutes\" \/>\n<script type=\"application\/ld+json\" class=\"yoast-schema-graph\">{\"@context\":\"https:\/\/schema.org\",\"@graph\":[{\"@type\":\"WebPage\",\"@id\":\"https:\/\/www.3sqair.com\/fr\/les-partenaires\/\",\"url\":\"https:\/\/www.3sqair.com\/fr\/les-partenaires\/\",\"name\":\"Les Partenaires - 3SqAIR\",\"isPartOf\":{\"@id\":\"https:\/\/www.3sqair.com\/fr\/#website\"},\"datePublished\":\"2021-06-23T11:11:01+00:00\",\"dateModified\":\"2022-10-27T10:17:25+00:00\",\"breadcrumb\":{\"@id\":\"https:\/\/www.3sqair.com\/fr\/les-partenaires\/#breadcrumb\"},\"inLanguage\":\"fr-FR\",\"potentialAction\":[{\"@type\":\"ReadAction\",\"target\":[\"https:\/\/www.3sqair.com\/fr\/les-partenaires\/\"]}]},{\"@type\":\"BreadcrumbList\",\"@id\":\"https:\/\/www.3sqair.com\/fr\/les-partenaires\/#breadcrumb\",\"itemListElement\":[{\"@type\":\"ListItem\",\"position\":1,\"name\":\"Home\",\"item\":\"https:\/\/www.3sqair.com\/fr\/\"},{\"@type\":\"ListItem\",\"position\":2,\"name\":\"Les Partenaires\"}]},{\"@type\":\"WebSite\",\"@id\":\"https:\/\/www.3sqair.com\/fr\/#website\",\"url\":\"https:\/\/www.3sqair.com\/fr\/\",\"name\":\"3SqAIR\",\"description\":\"SUSTAINABLE SMART STRATEGY FOR AIR QUALITY ASSURANCE IN CLASSROOMS\",\"potentialAction\":[{\"@type\":\"SearchAction\",\"target\":{\"@type\":\"EntryPoint\",\"urlTemplate\":\"https:\/\/www.3sqair.com\/fr\/?s={search_term_string}\"},\"query-input\":\"required name=search_term_string\"}],\"inLanguage\":\"fr-FR\"}]}<\/script>\n<!-- \/ Yoast SEO plugin. -->","yoast_head_json":{"title":"Les Partenaires - 3SqAIR","robots":{"index":"index","follow":"follow","max-snippet":"max-snippet:-1","max-image-preview":"max-image-preview:large","max-video-preview":"max-video-preview:-1"},"canonical":"https:\/\/www.3sqair.com\/fr\/les-partenaires\/","og_locale":"fr_FR","og_type":"article","og_title":"Les Partenaires - 3SqAIR","og_description":"[vc_row padding_top_multiplier=\u00a0\u00bb\u00a0\u00bb padding_bottom_multiplier=\u00a0\u00bb3x\u00a0\u00bb][vc_column][vc_row_inner tablet_sm_visibility=\u00a0\u00bbhide\u00a0\u00bb mobile_visibility=\u00a0\u00bbhide\u00a0\u00bb][vc_column_inner width=\u00a0\u00bb1\/2&Prime;][vc_column_text] Tous les partenaires sont des entit\u00e9s, des centres \u00e9ducatifs et des entreprises ayant une exp\u00e9rience av\u00e9r\u00e9e des projets europ\u00e9ens [\/vc_column_text][\/vc_column_inner][vc_column_inner width=\u00a0\u00bb1\/2&Prime;][vc_column_text]La base du projet 3SqAir est la collaboration entre les acteurs impliqu\u00e9s et le partage des connaissances acquises au cours des diff\u00e9rentes phases du projet.[\/vc_column_text][\/vc_column_inner][\/vc_row_inner][vc_row_inner desktop_visibility=\u00a0\u00bbhide\u00a0\u00bb tablet_visibility=\u00a0\u00bbhide\u00a0\u00bb][vc_column_inner][vc_column_text] Tous les [&hellip;]","og_url":"https:\/\/www.3sqair.com\/fr\/les-partenaires\/","og_site_name":"3SqAIR","article_modified_time":"2022-10-27T10:17:25+00:00","og_image":[{"width":800,"height":540,"url":"https:\/\/www.3sqair.com\/wp-content\/uploads\/2021\/06\/3sqair-partners-dest.jpg","type":"image\/jpeg"}],"twitter_card":"summary_large_image","twitter_misc":{"Dur\u00e9e de lecture estim\u00e9e":"2 minutes"},"schema":{"@context":"https:\/\/schema.org","@graph":[{"@type":"WebPage","@id":"https:\/\/www.3sqair.com\/fr\/les-partenaires\/","url":"https:\/\/www.3sqair.com\/fr\/les-partenaires\/","name":"Les Partenaires - 3SqAIR","isPartOf":{"@id":"https:\/\/www.3sqair.com\/fr\/#website"},"datePublished":"2021-06-23T11:11:01+00:00","dateModified":"2022-10-27T10:17:25+00:00","breadcrumb":{"@id":"https:\/\/www.3sqair.com\/fr\/les-partenaires\/#breadcrumb"},"inLanguage":"fr-FR","potentialAction":[{"@type":"ReadAction","target":["https:\/\/www.3sqair.com\/fr\/les-partenaires\/"]}]},{"@type":"BreadcrumbList","@id":"https:\/\/www.3sqair.com\/fr\/les-partenaires\/#breadcrumb","itemListElement":[{"@type":"ListItem","position":1,"name":"Home","item":"https:\/\/www.3sqair.com\/fr\/"},{"@type":"ListItem","position":2,"name":"Les Partenaires"}]},{"@type":"WebSite","@id":"https:\/\/www.3sqair.com\/fr\/#website","url":"https:\/\/www.3sqair.com\/fr\/","name":"3SqAIR","description":"SUSTAINABLE SMART STRATEGY FOR AIR QUALITY ASSURANCE IN CLASSROOMS","potentialAction":[{"@type":"SearchAction","target":{"@type":"EntryPoint","urlTemplate":"https:\/\/www.3sqair.com\/fr\/?s={search_term_string}"},"query-input":"required name=search_term_string"}],"inLanguage":"fr-FR"}]}},"_links":{"self":[{"href":"https:\/\/www.3sqair.com\/fr\/wp-json\/wp\/v2\/pages\/1444"}],"collection":[{"href":"https:\/\/www.3sqair.com\/fr\/wp-json\/wp\/v2\/pages"}],"about":[{"href":"https:\/\/www.3sqair.com\/fr\/wp-json\/wp\/v2\/types\/page"}],"author":[{"embeddable":true,"href":"https:\/\/www.3sqair.com\/fr\/wp-json\/wp\/v2\/users\/1"}],"replies":[{"embeddable":true,"href":"https:\/\/www.3sqair.com\/fr\/wp-json\/wp\/v2\/comments?post=1444"}],"version-history":[{"count":0,"href":"https:\/\/www.3sqair.com\/fr\/wp-json\/wp\/v2\/pages\/1444\/revisions"}],"wp:featuredmedia":[{"embeddable":true,"href":"https:\/\/www.3sqair.com\/fr\/wp-json\/wp\/v2\/media\/1583"}],"wp:attachment":[{"href":"https:\/\/www.3sqair.com\/fr\/wp-json\/wp\/v2\/media?parent=1444"}],"curies":[{"name":"wp","href":"https:\/\/api.w.org\/{rel}","templated":true}]}}