{"id":1435,"date":"2021-06-23T09:21:08","date_gmt":"2021-06-23T09:21:08","guid":{"rendered":"https:\/\/www.3sqair.com\/?page_id=1435"},"modified":"2021-06-25T09:13:47","modified_gmt":"2021-06-25T09:13:47","slug":"plan-daction","status":"publish","type":"page","link":"https:\/\/www.3sqair.com\/fr\/plan-daction\/","title":{"rendered":"Plan d&rsquo;Action"},"content":{"rendered":"<p>[vc_row padding_bottom_multiplier=\u00a0\u00bb3x\u00a0\u00bb equal_column_height=\u00a0\u00bbequal\u00a0\u00bb separator_top_color=\u00a0\u00bb#1e73be\u00a0\u00bb][vc_column width=\u00a0\u00bb1\/2&Prime; vertical_content_position=\u00a0\u00bbmiddle\u00a0\u00bb full_height=\u00a0\u00bbyes\u00a0\u00bb rc_bg_type=\u00a0\u00bbcolor\u00a0\u00bb tablet_sm_width=\u00a0\u00bbhide\u00a0\u00bb mobile_width=\u00a0\u00bbhide\u00a0\u00bb grve_css=\u00a0\u00bb{\u00ab\u00a0desktop\u00ab\u00a0:{\u00ab\u00a0padding-left\u00ab\u00a0:\u00ab\u00a02\u00ab\u00a0,\u00ab\u00a0class\u00ab\u00a0:\u00ab\u00a0grve-wpb-1620388670143\u00ab\u00a0},\u00ab\u00a0tablet_landscape\u00ab\u00a0:{\u00ab\u00a0padding-right\u00ab\u00a0:\u00ab\u00a015%\u00ab\u00a0,\u00ab\u00a0padding-left\u00ab\u00a0:\u00ab\u00a02%\u00ab\u00a0}}\u00a0\u00bb]<h6 data-animation=\"clipping-left\" data-delay=\"100\" data-duration=\"slow\" class=\"grve-element grve-title grve-align-left grve-clipping-animation grve-advanced-animation grve-animated-item grve-h6 grve-text-primary-1\"><span><br>\n<h6 style=\"text-align: left;\">PLAN D&rsquo;ACTION<\/h6>\n<\/span><\/h6><h1 data-animation=\"clipping-left\" data-delay=\"200\" data-duration=\"slow\" class=\"grve-element grve-title grve-align-left grve-clipping-animation grve-advanced-animation grve-animated-item grve-h1\"><span>Feuille de route<br \/>\net <span style=\"color: #fdc608;\">strategie ris3<\/span><\/span><\/h1>[vc_column_text animation=\u00a0\u00bbfade-in-up\u00a0\u00bb animation_delay=\u00a0\u00bb2&Prime;]Il s&rsquo;agit d&rsquo;une feuille de route en accord avec la strat\u00e9gie RIS3 pour mettre en \u0153uvre de mani\u00e8re durable et \u00e9quilibr\u00e9e, les objectifs d\u2019am\u00e9lioration de la QAI dans les classes des pays impliqu\u00e9s.<\/p>\n<p>Cette strat\u00e9gie permettra d\u2019am\u00e9liorer la comp\u00e9titivit\u00e9 des syst\u00e8mes \u00e9ducatifs partenaires en am\u00e9liorant l\u2019acuit\u00e9 intellectuelle et la capacit\u00e9 d\u2019apprentissage des \u00e9tudiants.[\/vc_column_text][\/vc_column][vc_column width=\u00a0\u00bb1\/2&Prime; vertical_content_position=\u00a0\u00bbmiddle\u00a0\u00bb full_height=\u00a0\u00bbyes\u00a0\u00bb animation=\u00a0\u00bbclipping\u00a0\u00bb clipping_animation=\u00a0\u00bbclipping-right\u00a0\u00bb animation_delay=\u00a0\u00bb100&Prime; animation_duration=\u00a0\u00bbslow\u00a0\u00bb column_sticky=\u00a0\u00bbyes\u00a0\u00bb hover_animation=\u00a0\u00bbmagnetism\u00a0\u00bb tablet_sm_width=\u00a0\u00bbhide\u00a0\u00bb mobile_width=\u00a0\u00bbhide\u00a0\u00bb]<div style=\"height: 40px;\" class=\"grve-empty-space\"><\/div><div class=\"grve-element grve-image grve-align-center\">\r\n\t<div class=\"grve-image-item\">\r\n\t\t\r\n\r\n<div class=\"grve-image-wrapper grve-radius-5 grve-shadow-small grve-no-effect\">\r\n\t\t<div class=\"grve-thumbnail-wrapper\"  style=\"width: 1500px;\"><div class=\"grve-thumbnail\"  style=\"padding-top: 56.333%;\"><img width=\"1500\" height=\"845\" src=\"https:\/\/www.3sqair.com\/wp-content\/uploads\/2021\/05\/prueba-fondo1.jpg\" class=\"attachment-full size-full\" alt=\"\" data-column-space=\"auto\" data-lazyload=\"\" data-grve-filter=\"yes\" srcset=\"https:\/\/www.3sqair.com\/wp-content\/uploads\/2021\/05\/prueba-fondo1.jpg 1500w, https:\/\/www.3sqair.com\/wp-content\/uploads\/2021\/05\/prueba-fondo1-300x169.jpg 300w, https:\/\/www.3sqair.com\/wp-content\/uploads\/2021\/05\/prueba-fondo1-1024x577.jpg 1024w, https:\/\/www.3sqair.com\/wp-content\/uploads\/2021\/05\/prueba-fondo1-768x433.jpg 768w, https:\/\/www.3sqair.com\/wp-content\/uploads\/2021\/05\/prueba-fondo1-1390x782.jpg 1390w\" sizes=\"(max-width: 1500px) 100vw, 1500px\" \/><\/div><\/div>\t<\/div>\r\n\t<\/div>\r\n<\/div>\r\n[\/vc_column][\/vc_row][vc_row padding_top_multiplier=\u00a0\u00bb\u00a0\u00bb padding_bottom_multiplier=\u00a0\u00bb4x\u00a0\u00bb separator_top_color=\u00a0\u00bb#1e73be\u00a0\u00bb][vc_column full_height=\u00a0\u00bbyes\u00a0\u00bb rc_bg_type=\u00a0\u00bbcolor\u00a0\u00bb desktop_hide=\u00a0\u00bbhide\u00a0\u00bb tablet_width=\u00a0\u00bbhide\u00a0\u00bb mobile_text_align=\u00a0\u00bbleft\u00a0\u00bb grve_css=\u00a0\u00bb{\u00ab\u00a0desktop\u00ab\u00a0:{\u00ab\u00a0padding-left\u00ab\u00a0:\u00ab\u00a02\u00ab\u00a0,\u00ab\u00a0class\u00ab\u00a0:\u00ab\u00a0grve-wpb-1620201796856\u00ab\u00a0},\u00ab\u00a0tablet_landscape\u00ab\u00a0:{\u00ab\u00a0padding-right\u00ab\u00a0:\u00ab\u00a015%\u00ab\u00a0,\u00ab\u00a0padding-left\u00ab\u00a0:\u00ab\u00a02%\u00ab\u00a0}}\u00a0\u00bb]<h6 class=\"grve-element grve-title grve-align-left grve-h6 grve-text-primary-1\"><span><br>\n<h6 style=\"text-align: left;\">PLAN D&rsquo;ACTION<\/h6>\n<\/span><\/h6><h1 class=\"grve-element grve-title grve-align-left grve-h1\"><span>Feuille de route<br \/>\net <span style=\"color: #fdc608;\">strategie ris3<\/span><\/span><\/h1>[vc_column_text animation_delay=\u00a0\u00bb2&Prime;]Il s&rsquo;agit d&rsquo;une feuille de route en accord avec la strat\u00e9gie RIS3 pour mettre en \u0153uvre de mani\u00e8re durable et \u00e9quilibr\u00e9e, les objectifs d\u2019am\u00e9lioration de la QAI dans les classes des pays impliqu\u00e9s.<\/p>\n<p>Cette strat\u00e9gie permettra d\u2019am\u00e9liorer la comp\u00e9titivit\u00e9 des syst\u00e8mes \u00e9ducatifs partenaires en am\u00e9liorant l\u2019acuit\u00e9 intellectuelle et la capacit\u00e9 d\u2019apprentissage des \u00e9tudiants.[\/vc_column_text][\/vc_column][\/vc_row][vc_row padding_top_multiplier=\u00a0\u00bb\u00a0\u00bb][vc_column tablet_sm_width=\u00a0\u00bbhide\u00a0\u00bb mobile_width=\u00a0\u00bbhide\u00a0\u00bb][\/vc_column][\/vc_row][vc_row section_type=\u00a0\u00bbfullwidth\u00a0\u00bb][vc_column tablet_sm_width=\u00a0\u00bbhide\u00a0\u00bb mobile_width=\u00a0\u00bbhide\u00a0\u00bb grve_css=\u00a0\u00bb{\u00ab\u00a0desktop\u00ab\u00a0:{\u00ab\u00a0margin-bottom\u00ab\u00a0:\u00ab\u00a0-22%\u00ab\u00a0,\u00ab\u00a0class\u00ab\u00a0:\u00ab\u00a0grve-wpb-1620201043011\u00ab\u00a0}}\u00a0\u00bb][vc_row_inner][vc_column_inner width=\u00a0\u00bb1\/2&Prime;]<div data-animation=\"clipping-left\" data-delay=\"100\" data-duration=\"slow\" class=\"grve-element grve-image grve-align-center grve-clipping-animation grve-advanced-animation grve-animated-item\">\r\n\t<div class=\"grve-image-item\">\r\n\t\t\r\n\r\n<div class=\"grve-image-wrapper grve-radius-5 grve-shadow-small grve-no-effect\">\r\n\t\t<div class=\"grve-thumbnail-wrapper\"  style=\"width: 1500px;\"><div class=\"grve-thumbnail\"  style=\"padding-top: 56.333%;\"><img width=\"1500\" height=\"845\" src=\"https:\/\/www.3sqair.com\/wp-content\/uploads\/2021\/05\/action-plan-3sqair-img02.jpg\" class=\"attachment-full size-full\" alt=\"\" data-column-space=\"auto\" data-lazyload=\"\" data-grve-filter=\"yes\" srcset=\"https:\/\/www.3sqair.com\/wp-content\/uploads\/2021\/05\/action-plan-3sqair-img02.jpg 1500w, https:\/\/www.3sqair.com\/wp-content\/uploads\/2021\/05\/action-plan-3sqair-img02-300x169.jpg 300w, https:\/\/www.3sqair.com\/wp-content\/uploads\/2021\/05\/action-plan-3sqair-img02-1024x577.jpg 1024w, https:\/\/www.3sqair.com\/wp-content\/uploads\/2021\/05\/action-plan-3sqair-img02-768x433.jpg 768w, https:\/\/www.3sqair.com\/wp-content\/uploads\/2021\/05\/action-plan-3sqair-img02-1390x782.jpg 1390w\" sizes=\"(max-width: 1500px) 100vw, 1500px\" \/><\/div><\/div>\t<\/div>\r\n\t<\/div>\r\n<\/div>\r\n[\/vc_column_inner][vc_column_inner width=\u00a0\u00bb1\/2&Prime;][\/vc_column_inner][\/vc_row_inner][\/vc_column][\/vc_row][vc_row rc_bg_type=\u00a0\u00bbcolor\u00a0\u00bb rc_bg_color=\u00a0\u00bbrgba(0,51,153,0.08)\u00a0\u00bb][vc_column tablet_sm_width=\u00a0\u00bbhide\u00a0\u00bb mobile_width=\u00a0\u00bbhide\u00a0\u00bb][vc_row_inner][vc_column_inner width=\u00a0\u00bb1\/2&Prime;]<div style=\"height: 500px;\" class=\"grve-empty-space\"><\/div>[\/vc_column_inner][vc_column_inner width=\u00a0\u00bb1\/2&Prime;]<div style=\"height: 70px;\" class=\"grve-empty-space\"><\/div><h1 data-animation=\"clipping-left\" data-delay=\"200\" data-duration=\"slow\" class=\"grve-element grve-title grve-align-left grve-clipping-animation grve-advanced-animation grve-animated-item grve-h1\"><span>Campagnes<br \/>\nde sensibilisation<\/span><\/h1>[vc_column_text animation=\u00a0\u00bbfade-in-up\u00a0\u00bb animation_delay=\u00a0\u00bb2&Prime;]L&rsquo;un des objectifs du projet est de diffuser les connaissances acquises et de tirer parti de toutes les conclusions et \u00e9tudes qui seront mises \u00e0 la disposition de tous les agents impliqu\u00e9s.<\/p>\n<p>Cela comprendra des s\u00e9ances de formation sur l&rsquo;am\u00e9lioration de la qualit\u00e9 de l&rsquo;air int\u00e9rieur dans les b\u00e2timents d&rsquo;enseignement des trois pays partenaires.[\/vc_column_text][\/vc_column_inner][\/vc_row_inner][vc_row_inner][vc_column_inner][vc_column_text animation=\u00a0\u00bbfade-in-up\u00a0\u00bb animation_delay=\u00a0\u00bb2&Prime;]<\/p>\n<h5 style=\"text-align: center;\">Les b\u00e9n\u00e9ficiaires de ce mat\u00e9riel seront:<\/h5>\n<p>[\/vc_column_text][\/vc_column_inner][\/vc_row_inner]<div style=\"height: 50px;\" class=\"grve-empty-space\"><\/div>[vc_row_inner equal_column_height=\u00a0\u00bbequal\u00a0\u00bb][vc_column_inner width=\u00a0\u00bb1\/3&Prime;]<div class=\"grve-element grve-fancy-box grve-align-left grve-bg-light-grey grve-radius-5 grve-small-shadow\"><div class=\"grve-fancy-box-inner\"><div class=\"grve-fancy-box-icon\"><i class=\"et-icon-presentation grve-text-primary-1 grve-small\"><\/i><\/div><p class=\"grve-description\">L&rsquo;administration g\u00e9n\u00e9rale de l&rsquo;\u00c9tat.<br \/>\nAssociations professionnelles.<br \/>\nAssociations interprofessionnelles.<br \/>\nAssociations d&rsquo;entreprises de production et de fabrication.<br \/>\nUniversit\u00e9s et centres d&rsquo;enseignement sup\u00e9rieur.<br \/>\nAutres centres d&rsquo;apprentissage.<br \/>\nCentres et parcs technologiques \/ scientifiques.<br \/>\n<\/p>  <\/div><div class=\"grve-fancy-box-bg grve-bg-primary-1 grve-radius-5\"><\/div><\/div>[\/vc_column_inner][vc_column_inner width=\u00a0\u00bb1\/3&Prime;]<div class=\"grve-element grve-fancy-box grve-align-left grve-bg-light-grey grve-radius-5 grve-small-shadow\"><div class=\"grve-fancy-box-inner\"><div class=\"grve-fancy-box-icon\"><i class=\"et-icon-mobile grve-text-primary-2 grve-small\"><\/i><\/div><p class=\"grve-description\">Instituts, laboratoires et centres de recherche.<br \/>\nAdministration r\u00e9gionale.<br \/>\nAutres acteurs publics impliqu\u00e9s dans l&rsquo;innovation et le transfert de technologie.<br \/>\nAgences r\u00e9gionales d&rsquo;innovation.<br \/>\nAgences de d\u00e9veloppement r\u00e9gional.<br \/>\nAssociations (hors B2).<br \/>\nEntit\u00e9s parapubliques appartenant \u00e0 une structure administrative.<\/p>\n<p><\/p>  <\/div><div class=\"grve-fancy-box-bg grve-bg-primary-2 grve-radius-5\"><\/div><\/div>[\/vc_column_inner][vc_column_inner width=\u00a0\u00bb1\/3&Prime;]<div class=\"grve-element grve-fancy-box grve-align-left grve-bg-light-grey grve-radius-5 grve-small-shadow\"><div class=\"grve-fancy-box-inner\"><div class=\"grve-fancy-box-icon\"><i class=\"et-icon-linegraph grve-text-primary-3 grve-small\"><\/i><\/div><p class=\"grve-description\">Entit\u00e9s publiques.<br \/>\nEntreprises publiques.<br \/>\nGroupements europ\u00e9ens de coop\u00e9ration territoriale.<br \/>\nMicro-entreprises.<br \/>\nPetites et moyennes entreprises.<br \/>\nGrandes entreprises.<br \/>\nAdministration locale.<br \/>\nConsortiums.<\/p>\n<p><\/p>  <\/div><div class=\"grve-fancy-box-bg grve-bg-primary-3 grve-radius-5\"><\/div><\/div>[\/vc_column_inner][\/vc_row_inner][vc_row_inner][vc_column_inner]<div style=\"height: 100px;\" class=\"grve-empty-space\"><\/div>[\/vc_column_inner][\/vc_row_inner][\/vc_column][\/vc_row][vc_row rc_bg_type=\u00a0\u00bbcolor\u00a0\u00bb rc_bg_color=\u00a0\u00bbrgba(0,51,153,0.08)\u00a0\u00bb][vc_column desktop_hide=\u00a0\u00bbhide\u00a0\u00bb tablet_width=\u00a0\u00bbhide\u00a0\u00bb]<div style=\"height: 100px;\" class=\"grve-empty-space\"><\/div><div class=\"grve-element grve-image grve-align-center\">\r\n\t<div class=\"grve-image-item\">\r\n\t\t\r\n\r\n<div class=\"grve-image-wrapper grve-radius-5 grve-shadow-small grve-no-effect\">\r\n\t\t<div class=\"grve-thumbnail-wrapper\"  style=\"width: 1500px;\"><div class=\"grve-thumbnail\"  style=\"padding-top: 56.333%;\"><img width=\"1500\" height=\"845\" src=\"https:\/\/www.3sqair.com\/wp-content\/uploads\/2021\/05\/prueba-fondo1.jpg\" class=\"attachment-full size-full\" alt=\"\" data-column-space=\"auto\" data-lazyload=\"\" data-grve-filter=\"yes\" srcset=\"https:\/\/www.3sqair.com\/wp-content\/uploads\/2021\/05\/prueba-fondo1.jpg 1500w, https:\/\/www.3sqair.com\/wp-content\/uploads\/2021\/05\/prueba-fondo1-300x169.jpg 300w, https:\/\/www.3sqair.com\/wp-content\/uploads\/2021\/05\/prueba-fondo1-1024x577.jpg 1024w, https:\/\/www.3sqair.com\/wp-content\/uploads\/2021\/05\/prueba-fondo1-768x433.jpg 768w, https:\/\/www.3sqair.com\/wp-content\/uploads\/2021\/05\/prueba-fondo1-1390x782.jpg 1390w\" sizes=\"(max-width: 1500px) 100vw, 1500px\" \/><\/div><\/div>\t<\/div>\r\n\t<\/div>\r\n<\/div>\r\n<div style=\"height: 50px;\" class=\"grve-empty-space\"><\/div><h1 class=\"grve-element grve-title grve-align-left grve-h1\"><span>Campagnes<br \/>\nde sensibilisation<\/span><\/h1>[vc_column_text animation_delay=\u00a0\u00bb2&Prime;]L&rsquo;un des objectifs du projet est de diffuser les connaissances acquises et de tirer parti de toutes les conclusions et \u00e9tudes qui seront mises \u00e0 la disposition de tous les agents impliqu\u00e9s.<\/p>\n<p>Cela comprendra des s\u00e9ances de formation sur l&rsquo;am\u00e9lioration de la qualit\u00e9 de l&rsquo;air int\u00e9rieur dans les b\u00e2timents d&rsquo;enseignement des trois pays partenaires.<br \/>\nLes b\u00e9n\u00e9ficiaires de ce mat\u00e9riel seront: [\/vc_column_text]<div style=\"height: 50px;\" class=\"grve-empty-space\"><\/div><div class=\"grve-element grve-fancy-box grve-align-left grve-bg-light-grey grve-radius-5 grve-small-shadow\"><div class=\"grve-fancy-box-inner\"><div class=\"grve-fancy-box-icon\"><i class=\"et-icon-presentation grve-text-primary-1 grve-small\"><\/i><\/div><p class=\"grve-description\">L&rsquo;administration g\u00e9n\u00e9rale de l&rsquo;\u00c9tat.<br \/>\nAssociations professionnelles.<br \/>\nAssociations interprofessionnelles.<br \/>\nAssociations d&rsquo;entreprises de production et de fabrication.<br \/>\nUniversit\u00e9s et centres d&rsquo;enseignement sup\u00e9rieur.<br \/>\nAutres centres d&rsquo;apprentissage.<br \/>\nCentres et parcs technologiques \/ scientifiques.<br \/>\n<\/p>  <\/div><div class=\"grve-fancy-box-bg grve-bg-primary-1 grve-radius-5\"><\/div><\/div><div style=\"height: 100px;\" class=\"grve-empty-space\"><\/div><div class=\"grve-element grve-fancy-box grve-align-left grve-bg-light-grey grve-radius-5 grve-small-shadow\"><div class=\"grve-fancy-box-inner\"><div class=\"grve-fancy-box-icon\"><i class=\"et-icon-mobile grve-text-primary-2 grve-small\"><\/i><\/div><p class=\"grve-description\">Instituts, laboratoires et centres de recherche.<br \/>\nAdministration r\u00e9gionale.<br \/>\nAutres acteurs publics impliqu\u00e9s dans l&rsquo;innovation et le transfert de technologie.<br \/>\nAgences r\u00e9gionales d&rsquo;innovation.<br \/>\nAgences de d\u00e9veloppement r\u00e9gional.<br \/>\nAssociations (hors B2).<br \/>\nEntit\u00e9s parapubliques appartenant \u00e0 une structure administrative.<\/p>\n<p><\/p>  <\/div><div class=\"grve-fancy-box-bg grve-bg-primary-2 grve-radius-5\"><\/div><\/div><div style=\"height: 100px;\" class=\"grve-empty-space\"><\/div><div class=\"grve-element grve-fancy-box grve-align-left grve-bg-light-grey grve-radius-5 grve-small-shadow\"><div class=\"grve-fancy-box-inner\"><div class=\"grve-fancy-box-icon\"><i class=\"et-icon-linegraph grve-text-primary-3 grve-small\"><\/i><\/div><p class=\"grve-description\">Entit\u00e9s publiques.<br \/>\nEntreprises publiques.<br \/>\nGroupements europ\u00e9ens de coop\u00e9ration territoriale.<br \/>\nMicro-entreprises.<br \/>\nPetites et moyennes entreprises.<br \/>\nGrandes entreprises.<br \/>\nAdministration locale.<br \/>\nConsortiums.<\/p>\n<p><\/p>  <\/div><div class=\"grve-fancy-box-bg grve-bg-primary-3 grve-radius-5\"><\/div><\/div><div style=\"height: 120px;\" class=\"grve-empty-space\"><\/div>[\/vc_column][\/vc_row]<\/p>\n","protected":false},"excerpt":{"rendered":"<p>[vc_row padding_bottom_multiplier=\u00a0\u00bb3x\u00a0\u00bb equal_column_height=\u00a0\u00bbequal\u00a0\u00bb separator_top_color=\u00a0\u00bb#1e73be\u00a0\u00bb][vc_column width=\u00a0\u00bb1\/2&Prime; vertical_content_position=\u00a0\u00bbmiddle\u00a0\u00bb full_height=\u00a0\u00bbyes\u00a0\u00bb rc_bg_type=\u00a0\u00bbcolor\u00a0\u00bb tablet_sm_width=\u00a0\u00bbhide\u00a0\u00bb mobile_width=\u00a0\u00bbhide\u00a0\u00bb grve_css=\u00a0\u00bb{\u00ab\u00a0desktop\u00ab\u00a0:{\u00ab\u00a0padding-left\u00ab\u00a0:\u00ab\u00a02\u00ab\u00a0,\u00ab\u00a0class\u00ab\u00a0:\u00ab\u00a0grve-wpb-1620388670143\u00ab\u00a0},\u00ab\u00a0tablet_landscape\u00ab\u00a0:{\u00ab\u00a0padding-right\u00ab\u00a0:\u00ab\u00a015%\u00ab\u00a0,\u00ab\u00a0padding-left\u00ab\u00a0:\u00ab\u00a02%\u00ab\u00a0}}\u00a0\u00bb][vc_column_text animation=\u00a0\u00bbfade-in-up\u00a0\u00bb animation_delay=\u00a0\u00bb2&Prime;]Il s&rsquo;agit d&rsquo;une feuille de route en accord avec la strat\u00e9gie RIS3 pour mettre en \u0153uvre de mani\u00e8re durable et \u00e9quilibr\u00e9e, les objectifs d\u2019am\u00e9lioration de la QAI dans les classes des pays impliqu\u00e9s. Cette strat\u00e9gie permettra d\u2019am\u00e9liorer la comp\u00e9titivit\u00e9 des syst\u00e8mes \u00e9ducatifs partenaires [&hellip;]<\/p>\n","protected":false},"author":1,"featured_media":1240,"parent":0,"menu_order":0,"comment_status":"closed","ping_status":"closed","template":"","meta":{"_monsterinsights_skip_tracking":false,"_monsterinsights_sitenote_active":false,"_monsterinsights_sitenote_note":"","_monsterinsights_sitenote_category":0},"acf":[],"yoast_head":"<!-- This site is optimized with the Yoast SEO plugin v20.4 - https:\/\/yoast.com\/wordpress\/plugins\/seo\/ -->\n<title>Plan d&#039;Action - 3SqAIR<\/title>\n<meta name=\"robots\" content=\"index, follow, max-snippet:-1, max-image-preview:large, max-video-preview:-1\" \/>\n<link rel=\"canonical\" href=\"https:\/\/www.3sqair.com\/fr\/plan-daction\/\" \/>\n<meta property=\"og:locale\" content=\"fr_FR\" \/>\n<meta property=\"og:type\" content=\"article\" \/>\n<meta property=\"og:title\" content=\"Plan d&#039;Action - 3SqAIR\" \/>\n<meta property=\"og:description\" content=\"[vc_row padding_bottom_multiplier=\u00a0\u00bb3x\u00a0\u00bb equal_column_height=\u00a0\u00bbequal\u00a0\u00bb separator_top_color=\u00a0\u00bb#1e73be\u00a0\u00bb][vc_column width=\u00a0\u00bb1\/2&Prime; vertical_content_position=\u00a0\u00bbmiddle\u00a0\u00bb full_height=\u00a0\u00bbyes\u00a0\u00bb rc_bg_type=\u00a0\u00bbcolor\u00a0\u00bb tablet_sm_width=\u00a0\u00bbhide\u00a0\u00bb mobile_width=\u00a0\u00bbhide\u00a0\u00bb grve_css=\u00a0\u00bb{\u00ab\u00a0desktop\u00ab\u00a0:{\u00ab\u00a0padding-left\u00ab\u00a0:\u00ab\u00a02\u00ab\u00a0,\u00ab\u00a0class\u00ab\u00a0:\u00ab\u00a0grve-wpb-1620388670143\u00ab\u00a0},\u00ab\u00a0tablet_landscape\u00ab\u00a0:{\u00ab\u00a0padding-right\u00ab\u00a0:\u00ab\u00a015%\u00ab\u00a0,\u00ab\u00a0padding-left\u00ab\u00a0:\u00ab\u00a02%\u00ab\u00a0}}\u00a0\u00bb][vc_column_text animation=\u00a0\u00bbfade-in-up\u00a0\u00bb animation_delay=\u00a0\u00bb2&Prime;]Il s&rsquo;agit d&rsquo;une feuille de route en accord avec la strat\u00e9gie RIS3 pour mettre en \u0153uvre de mani\u00e8re durable et \u00e9quilibr\u00e9e, les objectifs d\u2019am\u00e9lioration de la QAI dans les classes des pays impliqu\u00e9s. Cette strat\u00e9gie permettra d\u2019am\u00e9liorer la comp\u00e9titivit\u00e9 des syst\u00e8mes \u00e9ducatifs partenaires [&hellip;]\" \/>\n<meta property=\"og:url\" content=\"https:\/\/www.3sqair.com\/fr\/plan-daction\/\" \/>\n<meta property=\"og:site_name\" content=\"3SqAIR\" \/>\n<meta property=\"article:modified_time\" content=\"2021-06-25T09:13:47+00:00\" \/>\n<meta property=\"og:image\" content=\"https:\/\/www.3sqair.com\/wp-content\/uploads\/2021\/05\/action-plan-3sqair-img02.jpg\" \/>\n\t<meta property=\"og:image:width\" content=\"1500\" \/>\n\t<meta property=\"og:image:height\" content=\"845\" \/>\n\t<meta property=\"og:image:type\" content=\"image\/jpeg\" \/>\n<meta name=\"twitter:card\" content=\"summary_large_image\" \/>\n<meta name=\"twitter:label1\" content=\"Dur\u00e9e de lecture estim\u00e9e\" \/>\n\t<meta name=\"twitter:data1\" content=\"6 minutes\" \/>\n<script type=\"application\/ld+json\" class=\"yoast-schema-graph\">{\"@context\":\"https:\/\/schema.org\",\"@graph\":[{\"@type\":\"WebPage\",\"@id\":\"https:\/\/www.3sqair.com\/fr\/plan-daction\/\",\"url\":\"https:\/\/www.3sqair.com\/fr\/plan-daction\/\",\"name\":\"Plan d'Action - 3SqAIR\",\"isPartOf\":{\"@id\":\"https:\/\/www.3sqair.com\/fr\/#website\"},\"datePublished\":\"2021-06-23T09:21:08+00:00\",\"dateModified\":\"2021-06-25T09:13:47+00:00\",\"breadcrumb\":{\"@id\":\"https:\/\/www.3sqair.com\/fr\/plan-daction\/#breadcrumb\"},\"inLanguage\":\"fr-FR\",\"potentialAction\":[{\"@type\":\"ReadAction\",\"target\":[\"https:\/\/www.3sqair.com\/fr\/plan-daction\/\"]}]},{\"@type\":\"BreadcrumbList\",\"@id\":\"https:\/\/www.3sqair.com\/fr\/plan-daction\/#breadcrumb\",\"itemListElement\":[{\"@type\":\"ListItem\",\"position\":1,\"name\":\"Home\",\"item\":\"https:\/\/www.3sqair.com\/fr\/\"},{\"@type\":\"ListItem\",\"position\":2,\"name\":\"Plan d&rsquo;Action\"}]},{\"@type\":\"WebSite\",\"@id\":\"https:\/\/www.3sqair.com\/fr\/#website\",\"url\":\"https:\/\/www.3sqair.com\/fr\/\",\"name\":\"3SqAIR\",\"description\":\"SUSTAINABLE SMART STRATEGY FOR AIR QUALITY ASSURANCE IN CLASSROOMS\",\"potentialAction\":[{\"@type\":\"SearchAction\",\"target\":{\"@type\":\"EntryPoint\",\"urlTemplate\":\"https:\/\/www.3sqair.com\/fr\/?s={search_term_string}\"},\"query-input\":\"required name=search_term_string\"}],\"inLanguage\":\"fr-FR\"}]}<\/script>\n<!-- \/ Yoast SEO plugin. -->","yoast_head_json":{"title":"Plan d'Action - 3SqAIR","robots":{"index":"index","follow":"follow","max-snippet":"max-snippet:-1","max-image-preview":"max-image-preview:large","max-video-preview":"max-video-preview:-1"},"canonical":"https:\/\/www.3sqair.com\/fr\/plan-daction\/","og_locale":"fr_FR","og_type":"article","og_title":"Plan d'Action - 3SqAIR","og_description":"[vc_row padding_bottom_multiplier=\u00a0\u00bb3x\u00a0\u00bb equal_column_height=\u00a0\u00bbequal\u00a0\u00bb separator_top_color=\u00a0\u00bb#1e73be\u00a0\u00bb][vc_column width=\u00a0\u00bb1\/2&Prime; vertical_content_position=\u00a0\u00bbmiddle\u00a0\u00bb full_height=\u00a0\u00bbyes\u00a0\u00bb rc_bg_type=\u00a0\u00bbcolor\u00a0\u00bb tablet_sm_width=\u00a0\u00bbhide\u00a0\u00bb mobile_width=\u00a0\u00bbhide\u00a0\u00bb grve_css=\u00a0\u00bb{\u00ab\u00a0desktop\u00ab\u00a0:{\u00ab\u00a0padding-left\u00ab\u00a0:\u00ab\u00a02\u00ab\u00a0,\u00ab\u00a0class\u00ab\u00a0:\u00ab\u00a0grve-wpb-1620388670143\u00ab\u00a0},\u00ab\u00a0tablet_landscape\u00ab\u00a0:{\u00ab\u00a0padding-right\u00ab\u00a0:\u00ab\u00a015%\u00ab\u00a0,\u00ab\u00a0padding-left\u00ab\u00a0:\u00ab\u00a02%\u00ab\u00a0}}\u00a0\u00bb][vc_column_text animation=\u00a0\u00bbfade-in-up\u00a0\u00bb animation_delay=\u00a0\u00bb2&Prime;]Il s&rsquo;agit d&rsquo;une feuille de route en accord avec la strat\u00e9gie RIS3 pour mettre en \u0153uvre de mani\u00e8re durable et \u00e9quilibr\u00e9e, les objectifs d\u2019am\u00e9lioration de la QAI dans les classes des pays impliqu\u00e9s. Cette strat\u00e9gie permettra d\u2019am\u00e9liorer la comp\u00e9titivit\u00e9 des syst\u00e8mes \u00e9ducatifs partenaires [&hellip;]","og_url":"https:\/\/www.3sqair.com\/fr\/plan-daction\/","og_site_name":"3SqAIR","article_modified_time":"2021-06-25T09:13:47+00:00","og_image":[{"width":1500,"height":845,"url":"https:\/\/www.3sqair.com\/wp-content\/uploads\/2021\/05\/action-plan-3sqair-img02.jpg","type":"image\/jpeg"}],"twitter_card":"summary_large_image","twitter_misc":{"Dur\u00e9e de lecture estim\u00e9e":"6 minutes"},"schema":{"@context":"https:\/\/schema.org","@graph":[{"@type":"WebPage","@id":"https:\/\/www.3sqair.com\/fr\/plan-daction\/","url":"https:\/\/www.3sqair.com\/fr\/plan-daction\/","name":"Plan d'Action - 3SqAIR","isPartOf":{"@id":"https:\/\/www.3sqair.com\/fr\/#website"},"datePublished":"2021-06-23T09:21:08+00:00","dateModified":"2021-06-25T09:13:47+00:00","breadcrumb":{"@id":"https:\/\/www.3sqair.com\/fr\/plan-daction\/#breadcrumb"},"inLanguage":"fr-FR","potentialAction":[{"@type":"ReadAction","target":["https:\/\/www.3sqair.com\/fr\/plan-daction\/"]}]},{"@type":"BreadcrumbList","@id":"https:\/\/www.3sqair.com\/fr\/plan-daction\/#breadcrumb","itemListElement":[{"@type":"ListItem","position":1,"name":"Home","item":"https:\/\/www.3sqair.com\/fr\/"},{"@type":"ListItem","position":2,"name":"Plan d&rsquo;Action"}]},{"@type":"WebSite","@id":"https:\/\/www.3sqair.com\/fr\/#website","url":"https:\/\/www.3sqair.com\/fr\/","name":"3SqAIR","description":"SUSTAINABLE SMART STRATEGY FOR AIR QUALITY ASSURANCE IN CLASSROOMS","potentialAction":[{"@type":"SearchAction","target":{"@type":"EntryPoint","urlTemplate":"https:\/\/www.3sqair.com\/fr\/?s={search_term_string}"},"query-input":"required name=search_term_string"}],"inLanguage":"fr-FR"}]}},"_links":{"self":[{"href":"https:\/\/www.3sqair.com\/fr\/wp-json\/wp\/v2\/pages\/1435"}],"collection":[{"href":"https:\/\/www.3sqair.com\/fr\/wp-json\/wp\/v2\/pages"}],"about":[{"href":"https:\/\/www.3sqair.com\/fr\/wp-json\/wp\/v2\/types\/page"}],"author":[{"embeddable":true,"href":"https:\/\/www.3sqair.com\/fr\/wp-json\/wp\/v2\/users\/1"}],"replies":[{"embeddable":true,"href":"https:\/\/www.3sqair.com\/fr\/wp-json\/wp\/v2\/comments?post=1435"}],"version-history":[{"count":0,"href":"https:\/\/www.3sqair.com\/fr\/wp-json\/wp\/v2\/pages\/1435\/revisions"}],"wp:featuredmedia":[{"embeddable":true,"href":"https:\/\/www.3sqair.com\/fr\/wp-json\/wp\/v2\/media\/1240"}],"wp:attachment":[{"href":"https:\/\/www.3sqair.com\/fr\/wp-json\/wp\/v2\/media?parent=1435"}],"curies":[{"name":"wp","href":"https:\/\/api.w.org\/{rel}","templated":true}]}}