{"id":1428,"date":"2021-06-23T09:12:35","date_gmt":"2021-06-23T09:12:35","guid":{"rendered":"https:\/\/www.3sqair.com\/?page_id=1428"},"modified":"2021-06-25T08:13:43","modified_gmt":"2021-06-25T08:13:43","slug":"contexte","status":"publish","type":"page","link":"https:\/\/www.3sqair.com\/fr\/contexte\/","title":{"rendered":"Contexte"},"content":{"rendered":"<p>[vc_row][vc_column]<div style=\"height: 50px;\" class=\"grve-empty-space\"><\/div>[\/vc_column][\/vc_row][vc_row padding_top_multiplier=\u00a0\u00bb\u00a0\u00bb padding_bottom_multiplier=\u00a0\u00bb\u00a0\u00bb rc_bg_type=\u00a0\u00bbcolor\u00a0\u00bb equal_column_height=\u00a0\u00bbequal\u00a0\u00bb separator_top_color=\u00a0\u00bb#1e73be\u00a0\u00bb][vc_column width=\u00a0\u00bb5\/12&Prime; rc_bg_type=\u00a0\u00bbcolor\u00a0\u00bb]<div class=\"grve-element grve-cascading-images grve-image-expand-width\"><div class=\"grve-image-item-wrapper\"><div data-animation=\"fade-in-right\" data-delay=\"20\" data-duration=\"slow\" class=\"grve-image-item grve-animated-item\"><div style=\"transform: translate(10%,5%)\" class=\"grve-image-item-inner grve-radius-10\"><div class=\"grve-thumbnail-wrapper\"><div class=\"grve-thumbnail\"  style=\"padding-top: 125%;\"><img width=\"300\" height=\"375\" src=\"https:\/\/www.3sqair.com\/wp-content\/uploads\/2021\/04\/context-3sqair-texture02.jpg\" class=\"attachment-full size-full\" alt=\"\" data-column-space=\"100\" data-lazyload=\"native-lazyload\" data-grve-filter=\"yes\" srcset=\"https:\/\/www.3sqair.com\/wp-content\/uploads\/2021\/04\/context-3sqair-texture02.jpg 300w, https:\/\/www.3sqair.com\/wp-content\/uploads\/2021\/04\/context-3sqair-texture02-240x300.jpg 240w\" sizes=\"(max-width: 300px) 100vw, 300px\" loading=\"lazy\" \/><\/div><\/div><\/div><\/div><\/div><div class=\"grve-image-item-wrapper\"><div data-animation=\"fade-in-up\" data-delay=\"0\" data-duration=\"normal\" class=\"grve-image-item grve-animated-item\"><div style=\"transform: translate(-10%,0px)\" class=\"grve-image-item-inner grve-radius-5\"><div class=\"grve-thumbnail-wrapper\"><div class=\"grve-thumbnail\"  style=\"padding-top: 130.952%;\"><img width=\"420\" height=\"550\" src=\"https:\/\/www.3sqair.com\/wp-content\/uploads\/2021\/04\/context-3sqair-img02.jpg\" class=\"attachment-full size-full\" alt=\"\" data-column-space=\"100\" data-lazyload=\"native-lazyload\" data-grve-filter=\"yes\" srcset=\"https:\/\/www.3sqair.com\/wp-content\/uploads\/2021\/04\/context-3sqair-img02.jpg 420w, https:\/\/www.3sqair.com\/wp-content\/uploads\/2021\/04\/context-3sqair-img02-229x300.jpg 229w\" sizes=\"(max-width: 420px) 100vw, 420px\" loading=\"lazy\" \/><\/div><\/div><\/div><\/div><\/div><\/div>[\/vc_column][vc_column width=\u00a0\u00bb7\/12&Prime; vertical_content_position=\u00a0\u00bbmiddle\u00a0\u00bb full_height=\u00a0\u00bbyes\u00a0\u00bb]<h6 data-animation=\"clipping-left\" data-delay=\"200\" data-duration=\"slow\" class=\"grve-element grve-title grve-align-left grve-clipping-animation grve-advanced-animation grve-animated-item grve-h6 grve-text-primary-2\" style=\"margin-bottom: 0px;\"><span><br>\n<h6><span style=\"color: #003399;\">CONTEXTE<\/span><\/h6>\n<\/span><\/h6><h2 data-animation=\"appear-down\" data-delay=\"200\" data-duration=\"slow\" class=\"grve-element grve-title grve-align-left grve-appear-animation grve-advanced-animation grve-animated-item grve-h2 grve-text-primary-1\" style=\"margin-bottom: 0px;\"><span><br>\n<h2>La qualit\u00e9 de l&rsquo;air<br \/>\nque nous respirons<br \/>\na un effet direct sur <span style=\"color: #fdc608;\">notre sant\u00e9 <\/span><\/h2>\n<\/span><\/h2><div style=\"height: 20px;\" class=\"grve-empty-space\"><\/div>[vc_row_inner][vc_column_inner width=\u00a0\u00bb1\/2&Prime;][vc_column_text animation=\u00a0\u00bbfade-in-up\u00a0\u00bb animation_delay=\u00a0\u00bb2&Prime;]D&rsquo;apr\u00e8s certaines \u00e9tudes, l&rsquo;exposition chronique aux polluants de l\u2019air int\u00e9rieur pose des probl\u00e8mes tels que les allergies, les maladies respiratoires (asthme, bronchite, etc.) et d&rsquo;autres probl\u00e8mes qui peuvent passer inaper\u00e7us, comme la fatigue mentale ou la baisse de la capacit\u00e9 de concentration des occupants qui affectent leur acuit\u00e9 intellectuelle et leur productivit\u00e9.[\/vc_column_text][\/vc_column_inner][vc_column_inner width=\u00a0\u00bb1\/2&Prime;][vc_column_text animation=\u00a0\u00bbfade-in-up\u00a0\u00bb animation_delay=\u00a0\u00bb2&Prime;]Environ 70 % des \u00e9tablissements scolaires europ\u00e9ens d\u00e9passent le niveau maximal admissible de CO2 au-del\u00e0 des seuils tol\u00e9r\u00e9s. Il faut savoir que les b\u00e2timents d\u2019enseignement constituent un cinqui\u00e8me du parc immobilier tertiaire.<\/p>\n<p>Le manque de ventilation ou l\u2019insuffisance de renouvellement d&rsquo;air dans les salles de classe, ainsi que des taux d\u2019occupation \u00e9lev\u00e9s conduisent \u00e0 une contamination fr\u00e9quente de la qualit\u00e9 de l\u2019air int\u00e9rieur dans ces b\u00e2timents.[\/vc_column_text][\/vc_column_inner][\/vc_row_inner][\/vc_column][\/vc_row][vc_row padding_bottom_multiplier=\u00a0\u00bb2x\u00a0\u00bb tablet_sm_visibility=\u00a0\u00bbhide\u00a0\u00bb mobile_visibility=\u00a0\u00bbhide\u00a0\u00bb][vc_column]<div style=\"height: 80px;\" class=\"grve-empty-space\"><\/div>[\/vc_column][\/vc_row][vc_row desktop_visibility=\u00a0\u00bbhide\u00a0\u00bb tablet_visibility=\u00a0\u00bbhide\u00a0\u00bb][vc_column]<div style=\"height: 50px;\" class=\"grve-empty-space\"><\/div>[\/vc_column][\/vc_row][vc_row padding_top_multiplier=\u00a0\u00bb2x\u00a0\u00bb padding_bottom_multiplier=\u00a0\u00bb2x\u00a0\u00bb rc_bg_type=\u00a0\u00bbgradient\u00a0\u00bb rc_bg_gradient_color_1=\u00a0\u00bbrgba(0,51,153,0.09)\u00a0\u00bb rc_bg_gradient_color_2=\u00a0\u00bbrgba(190,244,243,0.16)\u00a0\u00bb separator_bottom=\u00a0\u00bbwave-left-separator\u00a0\u00bb][vc_column]<div style=\"height: 10px;\" class=\"grve-empty-space\"><\/div><div class=\"grve-element grve-image grve-align-center\">\r\n\t<div class=\"grve-image-item\">\r\n\t\t\r\n\r\n<div class=\"grve-image-wrapper grve-radius-5 grve-no-effect\">\r\n\t\t<div class=\"grve-thumbnail-wrapper\"  style=\"width: 101px;\"><div class=\"grve-thumbnail\"  style=\"padding-top: 80.198%;\"><img width=\"101\" height=\"81\" src=\"https:\/\/www.3sqair.com\/wp-content\/uploads\/2021\/04\/A-seccion.png\" class=\"attachment-full size-full\" alt=\"\" data-column-space=\"auto\" data-lazyload=\"\" data-grve-filter=\"yes\" \/><\/div><\/div>\t<\/div>\r\n\t<\/div>\r\n<\/div>\r\n<h3 class=\"grve-element grve-title grve-align-center grve-h3\"><span><br>\n<h3 style=\"text-align: center;\">la connaissance de l&rsquo;\u00e9tat de la qualit\u00e9 de l&rsquo;air dans plusieurs espaces,<br \/>\nen trois phases:<\/h3>\n<\/span><\/h3><div style=\"height: 50px;\" class=\"grve-empty-space\"><\/div>[vc_row_inner equal_column_height=\u00a0\u00bbequal\u00a0\u00bb][vc_column_inner width=\u00a0\u00bb5\/12&Prime; vertical_content_position=\u00a0\u00bbmiddle\u00a0\u00bb]<div data-animation=\"clipping-left\" data-delay=\"200\" data-duration=\"slow\" class=\"grve-element grve-image grve-align-center grve-clipping-animation grve-advanced-animation grve-animated-item\">\r\n\t<div class=\"grve-image-item\">\r\n\t\t\r\n\r\n<div class=\"grve-image-wrapper grve-radius-5 grve-no-effect\">\r\n\t\t<div class=\"grve-thumbnail-wrapper\"  style=\"width: 1000px;\"><div class=\"grve-thumbnail\"  style=\"padding-top: 50%;\"><img width=\"1000\" height=\"500\" src=\"https:\/\/www.3sqair.com\/wp-content\/uploads\/2021\/05\/context-3sqair-evaluation-phase.jpg\" class=\"attachment-full size-full\" alt=\"\" data-column-space=\"auto\" data-lazyload=\"\" data-grve-filter=\"yes\" srcset=\"https:\/\/www.3sqair.com\/wp-content\/uploads\/2021\/05\/context-3sqair-evaluation-phase.jpg 1000w, https:\/\/www.3sqair.com\/wp-content\/uploads\/2021\/05\/context-3sqair-evaluation-phase-300x150.jpg 300w, https:\/\/www.3sqair.com\/wp-content\/uploads\/2021\/05\/context-3sqair-evaluation-phase-768x384.jpg 768w\" sizes=\"(max-width: 1000px) 100vw, 1000px\" \/><\/div><\/div>\t<\/div>\r\n\t<\/div>\r\n<\/div>\r\n[\/vc_column_inner][vc_column_inner width=\u00a0\u00bb7\/12&Prime; vertical_content_position=\u00a0\u00bbmiddle\u00a0\u00bb]<div class=\"grve-element grve-single-icon grve-align-left grve-small\"><div class=\"grve-wrapper-icon grve-text-primary-2\"><i class=\"et-icon-magnifying-glass\"><\/i><\/div><\/div><div style=\"height: 15px;\" class=\"grve-empty-space\"><\/div>[vc_column_text]<\/p>\n<h4><span style=\"color: #c16023;\">1. La phase d&rsquo;\u00e9valuation, au cours de laquelle les \u00e9l\u00e9ments suivants seront analys\u00e9s: <\/span><\/h4>\n<p>La technologie actuelle, les syst\u00e8mes de mesure et les appareils, les nouvelles tendances technologiques, les syst\u00e8mes de mesure et les politiques associ\u00e9es.<\/p>\n<p>Des \u00e9tudes sur la qualit\u00e9 de l&rsquo;air int\u00e9rieur, les polluants \u00e9mergents, la sant\u00e9 et le bien-\u00eatre des utilisateurs.[\/vc_column_text][\/vc_column_inner][\/vc_row_inner][vc_row_inner equal_column_height=\u00a0\u00bbequal\u00a0\u00bb][vc_column_inner vertical_content_position=\u00a0\u00bbmiddle\u00a0\u00bb]<div style=\"height: 100px;\" class=\"grve-empty-space\"><\/div>[\/vc_column_inner][\/vc_row_inner][vc_row_inner equal_column_height=\u00a0\u00bbequal\u00a0\u00bb][vc_column_inner width=\u00a0\u00bb5\/12&Prime; vertical_content_position=\u00a0\u00bbmiddle\u00a0\u00bb]<div style=\"height: 30px;\" class=\"grve-empty-space\"><\/div><div data-animation=\"clipping-left\" data-delay=\"200\" data-duration=\"slow\" class=\"grve-element grve-image grve-align-center grve-clipping-animation grve-advanced-animation grve-animated-item\">\r\n\t<div class=\"grve-image-item\">\r\n\t\t\r\n\r\n<div class=\"grve-image-wrapper grve-radius-5 grve-no-effect\">\r\n\t\t<div class=\"grve-thumbnail-wrapper\"  style=\"width: 1000px;\"><div class=\"grve-thumbnail\"  style=\"padding-top: 75%;\"><img width=\"1000\" height=\"750\" src=\"https:\/\/www.3sqair.com\/wp-content\/uploads\/2021\/04\/context-3sqair-seccion-a-03.jpg\" class=\"attachment-full size-full\" alt=\"\" data-column-space=\"auto\" data-lazyload=\"\" data-grve-filter=\"yes\" srcset=\"https:\/\/www.3sqair.com\/wp-content\/uploads\/2021\/04\/context-3sqair-seccion-a-03.jpg 1000w, https:\/\/www.3sqair.com\/wp-content\/uploads\/2021\/04\/context-3sqair-seccion-a-03-300x225.jpg 300w, https:\/\/www.3sqair.com\/wp-content\/uploads\/2021\/04\/context-3sqair-seccion-a-03-768x576.jpg 768w, https:\/\/www.3sqair.com\/wp-content\/uploads\/2021\/04\/context-3sqair-seccion-a-03-560x420.jpg 560w, https:\/\/www.3sqair.com\/wp-content\/uploads\/2021\/04\/context-3sqair-seccion-a-03-900x675.jpg 900w\" sizes=\"(max-width: 1000px) 100vw, 1000px\" \/><\/div><\/div>\t<\/div>\r\n\t<\/div>\r\n<\/div>\r\n[\/vc_column_inner][vc_column_inner width=\u00a0\u00bb7\/12&Prime; vertical_content_position=\u00a0\u00bbmiddle\u00a0\u00bb]<div class=\"grve-element grve-single-icon grve-align-inherit grve-small\"><div class=\"grve-wrapper-icon grve-text-primary-2\"><i class=\"et-icon-chat\"><\/i><\/div><\/div><div style=\"height: 15px;\" class=\"grve-empty-space\"><\/div>[vc_column_text]<\/p>\n<h4><span style=\"color: #c16023;\">2. La phase de participation d&rsquo;autres acteurs associ\u00e9s :<\/span><\/h4>\n<p>Cette phase aborde plusieurs secteurs et approches : les fabricants d&rsquo;\u00e9quipes de ventilation, les experts de la QAI, les propri\u00e9taires d&rsquo;immeubles, les occupants des salles de classes, les associations de parents ou les autorit\u00e9s locales en charge des politiques \u00e9ducatives, de la sant\u00e9 publique et du d\u00e9veloppement \u00e9conomique et durable.<\/p>\n<p>Ces acteurs interviendront entre autres par les actions suivantes :s:<br \/>\nUn questionnaire<br \/>\nUn atelier d&rsquo;experts<br \/>\nDes caf\u00e9s scientifiques<\/p>\n<p>Les activit\u00e9s de cette phase permettront la cr\u00e9ation d&rsquo;un r\u00e9seau de donn\u00e9es dans la cha\u00eene de valeur des acteurs de la QAI.<br \/>\n[\/vc_column_text][\/vc_column_inner][\/vc_row_inner][vc_row_inner equal_column_height=\u00a0\u00bbequal\u00a0\u00bb][vc_column_inner vertical_content_position=\u00a0\u00bbmiddle\u00a0\u00bb]<div style=\"height: 100px;\" class=\"grve-empty-space\"><\/div>[\/vc_column_inner][\/vc_row_inner][vc_row_inner equal_column_height=\u00a0\u00bbequal\u00a0\u00bb][vc_column_inner width=\u00a0\u00bb5\/12&Prime; vertical_content_position=\u00a0\u00bbmiddle\u00a0\u00bb]<div data-animation=\"clipping-left\" data-delay=\"200\" data-duration=\"slow\" class=\"grve-element grve-image grve-align-center grve-clipping-animation grve-advanced-animation grve-animated-item\">\r\n\t<div class=\"grve-image-item\">\r\n\t\t\r\n\r\n<div class=\"grve-image-wrapper grve-radius-5 grve-no-effect\">\r\n\t\t<div class=\"grve-thumbnail-wrapper\"  style=\"width: 1000px;\"><div class=\"grve-thumbnail\"  style=\"padding-top: 50%;\"><img width=\"1000\" height=\"500\" src=\"https:\/\/www.3sqair.com\/wp-content\/uploads\/2021\/04\/context-3sqair-seccion-a-04.jpg\" class=\"attachment-full size-full\" alt=\"\" data-column-space=\"auto\" data-lazyload=\"\" data-grve-filter=\"yes\" srcset=\"https:\/\/www.3sqair.com\/wp-content\/uploads\/2021\/04\/context-3sqair-seccion-a-04.jpg 1000w, https:\/\/www.3sqair.com\/wp-content\/uploads\/2021\/04\/context-3sqair-seccion-a-04-300x150.jpg 300w, https:\/\/www.3sqair.com\/wp-content\/uploads\/2021\/04\/context-3sqair-seccion-a-04-768x384.jpg 768w\" sizes=\"(max-width: 1000px) 100vw, 1000px\" \/><\/div><\/div>\t<\/div>\r\n\t<\/div>\r\n<\/div>\r\n[\/vc_column_inner][vc_column_inner width=\u00a0\u00bb7\/12&Prime; vertical_content_position=\u00a0\u00bbmiddle\u00a0\u00bb]<div class=\"grve-element grve-single-icon grve-align-inherit grve-small\"><div class=\"grve-wrapper-icon grve-text-primary-2\"><i class=\"et-icon-presentation\"><\/i><\/div><\/div><div style=\"height: 15px;\" class=\"grve-empty-space\"><\/div>[vc_column_text]<\/p>\n<h4><span style=\"color: #c16023;\">3. La phase de d\u00e9finition du m\u00e9canisme interne du r\u00e9seau d\u2019experts<\/span><\/h4>\n<p>pour en assurer sa fonctionnalit\u00e9, m\u00eame apr\u00e8s la fin du projet.[\/vc_column_text][\/vc_column_inner][\/vc_row_inner][vc_row_inner equal_column_height=\u00a0\u00bbequal\u00a0\u00bb][vc_column_inner vertical_content_position=\u00a0\u00bbmiddle\u00a0\u00bb]<div style=\"height: 100px;\" class=\"grve-empty-space\"><\/div>[\/vc_column_inner][\/vc_row_inner][\/vc_column][\/vc_row][vc_row][vc_column]<div style=\"height: 50px;\" class=\"grve-empty-space\"><\/div>[\/vc_column][\/vc_row][vc_row padding_bottom_multiplier=\u00a0\u00bb3x\u00a0\u00bb][vc_column]<div class=\"grve-element grve-image grve-align-center\">\r\n\t<div class=\"grve-image-item\">\r\n\t\t\r\n\r\n<div class=\"grve-image-wrapper grve-radius-5 grve-no-effect\">\r\n\t\t<div class=\"grve-thumbnail-wrapper\"  style=\"width: 101px;\"><div class=\"grve-thumbnail\"  style=\"padding-top: 80.198%;\"><img width=\"101\" height=\"81\" src=\"https:\/\/www.3sqair.com\/wp-content\/uploads\/2021\/04\/b-seccion.png\" class=\"attachment-full size-full\" alt=\"\" data-column-space=\"auto\" data-lazyload=\"\" data-grve-filter=\"yes\" \/><\/div><\/div>\t<\/div>\r\n\t<\/div>\r\n<\/div>\r\n<h3 class=\"grve-element grve-title grve-align-center grve-h3\"><span><br>\n<h3 style=\"text-align: center;\">l&rsquo;identification des strat\u00e9gies d&rsquo;innovation intelligente et durable au niveau national et r\u00e9gional<\/h3>\n<\/span><\/h3><div style=\"height: 50px;\" class=\"grve-empty-space\"><\/div>[vc_row_inner equal_column_height=\u00a0\u00bbequal\u00a0\u00bb][vc_column_inner width=\u00a0\u00bb5\/12&Prime; vertical_content_position=\u00a0\u00bbmiddle\u00a0\u00bb]<div class=\"grve-element grve-single-icon grve-align-inherit grve-small\"><div class=\"grve-wrapper-icon grve-text-primary-2\"><i class=\"et-icon-clock\"><\/i><\/div><\/div><div style=\"height: 15px;\" class=\"grve-empty-space\"><\/div>[vc_column_text]<\/p>\n<h4><span style=\"color: #c16023;\">1. Pour impl\u00e9menter de mani\u00e8re optimale le projet:<\/span><\/h4>\n<p>Il est n\u00e9cessaire de conna\u00eetre les strat\u00e9gies d\u00e9j\u00e0 mises en \u0153uvre dans les r\u00e9gions qui font partie du projet.<\/p>\n<p>A cet effet, un r\u00e9f\u00e9rentiel commun sera cr\u00e9\u00e9 pour l\u2019espace SUDOE destin\u00e9 \u00e0 am\u00e9liorer la QAI dans les salles de classes \u00e0 travers des solutions intelligentes et durables.[\/vc_column_text][\/vc_column_inner][vc_column_inner width=\u00a0\u00bb7\/12&Prime; vertical_content_position=\u00a0\u00bbmiddle\u00a0\u00bb]<div data-animation=\"clipping-left\" data-delay=\"200\" data-duration=\"slow\" class=\"grve-element grve-image grve-align-center grve-clipping-animation grve-advanced-animation grve-animated-item\">\r\n\t<div class=\"grve-image-item\">\r\n\t\t\r\n\r\n<div class=\"grve-image-wrapper grve-radius-5 grve-no-effect\">\r\n\t\t<div class=\"grve-thumbnail-wrapper\"  style=\"width: 1000px;\"><div class=\"grve-thumbnail\"  style=\"padding-top: 56.3%;\"><img width=\"1000\" height=\"563\" src=\"https:\/\/www.3sqair.com\/wp-content\/uploads\/2021\/05\/context-3sqair-implemen-project.jpg\" class=\"attachment-full size-full\" alt=\"\" data-column-space=\"auto\" data-lazyload=\"\" data-grve-filter=\"yes\" srcset=\"https:\/\/www.3sqair.com\/wp-content\/uploads\/2021\/05\/context-3sqair-implemen-project.jpg 1000w, https:\/\/www.3sqair.com\/wp-content\/uploads\/2021\/05\/context-3sqair-implemen-project-300x169.jpg 300w, https:\/\/www.3sqair.com\/wp-content\/uploads\/2021\/05\/context-3sqair-implemen-project-768x432.jpg 768w\" sizes=\"(max-width: 1000px) 100vw, 1000px\" \/><\/div><\/div>\t<\/div>\r\n\t<\/div>\r\n<\/div>\r\n[\/vc_column_inner][\/vc_row_inner][\/vc_column][\/vc_row][vc_row][vc_column]<div style=\"height: 50px;\" class=\"grve-empty-space\"><\/div>[\/vc_column][\/vc_row]<\/p>\n","protected":false},"excerpt":{"rendered":"<p>[vc_row][vc_column][\/vc_column][\/vc_row][vc_row padding_top_multiplier=\u00a0\u00bb\u00a0\u00bb padding_bottom_multiplier=\u00a0\u00bb\u00a0\u00bb rc_bg_type=\u00a0\u00bbcolor\u00a0\u00bb equal_column_height=\u00a0\u00bbequal\u00a0\u00bb separator_top_color=\u00a0\u00bb#1e73be\u00a0\u00bb][vc_column width=\u00a0\u00bb5\/12&Prime; rc_bg_type=\u00a0\u00bbcolor\u00a0\u00bb][\/vc_column][vc_column width=\u00a0\u00bb7\/12&Prime; vertical_content_position=\u00a0\u00bbmiddle\u00a0\u00bb full_height=\u00a0\u00bbyes\u00a0\u00bb][vc_row_inner][vc_column_inner width=\u00a0\u00bb1\/2&Prime;][vc_column_text animation=\u00a0\u00bbfade-in-up\u00a0\u00bb animation_delay=\u00a0\u00bb2&Prime;]D&rsquo;apr\u00e8s certaines \u00e9tudes, l&rsquo;exposition chronique aux polluants de l\u2019air int\u00e9rieur pose des probl\u00e8mes tels que les allergies, les maladies respiratoires (asthme, bronchite, etc.) et d&rsquo;autres probl\u00e8mes qui peuvent passer inaper\u00e7us, comme la fatigue mentale ou la baisse de la capacit\u00e9 de concentration [&hellip;]<\/p>\n","protected":false},"author":1,"featured_media":448,"parent":0,"menu_order":0,"comment_status":"closed","ping_status":"closed","template":"","meta":{"_monsterinsights_skip_tracking":false,"_monsterinsights_sitenote_active":false,"_monsterinsights_sitenote_note":"","_monsterinsights_sitenote_category":0},"acf":[],"yoast_head":"<!-- This site is optimized with the Yoast SEO plugin v20.4 - https:\/\/yoast.com\/wordpress\/plugins\/seo\/ -->\n<title>Contexte - 3SqAIR<\/title>\n<meta name=\"robots\" content=\"index, follow, max-snippet:-1, max-image-preview:large, max-video-preview:-1\" \/>\n<link rel=\"canonical\" href=\"https:\/\/www.3sqair.com\/fr\/contexte\/\" \/>\n<meta property=\"og:locale\" content=\"fr_FR\" \/>\n<meta property=\"og:type\" content=\"article\" \/>\n<meta property=\"og:title\" content=\"Contexte - 3SqAIR\" \/>\n<meta property=\"og:description\" content=\"[vc_row][vc_column][\/vc_column][\/vc_row][vc_row padding_top_multiplier=\u00a0\u00bb\u00a0\u00bb padding_bottom_multiplier=\u00a0\u00bb\u00a0\u00bb rc_bg_type=\u00a0\u00bbcolor\u00a0\u00bb equal_column_height=\u00a0\u00bbequal\u00a0\u00bb separator_top_color=\u00a0\u00bb#1e73be\u00a0\u00bb][vc_column width=\u00a0\u00bb5\/12&Prime; rc_bg_type=\u00a0\u00bbcolor\u00a0\u00bb][\/vc_column][vc_column width=\u00a0\u00bb7\/12&Prime; vertical_content_position=\u00a0\u00bbmiddle\u00a0\u00bb full_height=\u00a0\u00bbyes\u00a0\u00bb][vc_row_inner][vc_column_inner width=\u00a0\u00bb1\/2&Prime;][vc_column_text animation=\u00a0\u00bbfade-in-up\u00a0\u00bb animation_delay=\u00a0\u00bb2&Prime;]D&rsquo;apr\u00e8s certaines \u00e9tudes, l&rsquo;exposition chronique aux polluants de l\u2019air int\u00e9rieur pose des probl\u00e8mes tels que les allergies, les maladies respiratoires (asthme, bronchite, etc.) et d&rsquo;autres probl\u00e8mes qui peuvent passer inaper\u00e7us, comme la fatigue mentale ou la baisse de la capacit\u00e9 de concentration [&hellip;]\" \/>\n<meta property=\"og:url\" content=\"https:\/\/www.3sqair.com\/fr\/contexte\/\" \/>\n<meta property=\"og:site_name\" content=\"3SqAIR\" \/>\n<meta property=\"article:modified_time\" content=\"2021-06-25T08:13:43+00:00\" \/>\n<meta property=\"og:image\" content=\"https:\/\/www.3sqair.com\/wp-content\/uploads\/2021\/04\/context-3sqair-img02.jpg\" \/>\n\t<meta property=\"og:image:width\" content=\"420\" \/>\n\t<meta property=\"og:image:height\" content=\"550\" \/>\n\t<meta property=\"og:image:type\" content=\"image\/jpeg\" \/>\n<meta name=\"twitter:card\" content=\"summary_large_image\" \/>\n<meta name=\"twitter:label1\" content=\"Dur\u00e9e de lecture estim\u00e9e\" \/>\n\t<meta name=\"twitter:data1\" content=\"6 minutes\" \/>\n<script type=\"application\/ld+json\" class=\"yoast-schema-graph\">{\"@context\":\"https:\/\/schema.org\",\"@graph\":[{\"@type\":\"WebPage\",\"@id\":\"https:\/\/www.3sqair.com\/fr\/contexte\/\",\"url\":\"https:\/\/www.3sqair.com\/fr\/contexte\/\",\"name\":\"Contexte - 3SqAIR\",\"isPartOf\":{\"@id\":\"https:\/\/www.3sqair.com\/fr\/#website\"},\"datePublished\":\"2021-06-23T09:12:35+00:00\",\"dateModified\":\"2021-06-25T08:13:43+00:00\",\"breadcrumb\":{\"@id\":\"https:\/\/www.3sqair.com\/fr\/contexte\/#breadcrumb\"},\"inLanguage\":\"fr-FR\",\"potentialAction\":[{\"@type\":\"ReadAction\",\"target\":[\"https:\/\/www.3sqair.com\/fr\/contexte\/\"]}]},{\"@type\":\"BreadcrumbList\",\"@id\":\"https:\/\/www.3sqair.com\/fr\/contexte\/#breadcrumb\",\"itemListElement\":[{\"@type\":\"ListItem\",\"position\":1,\"name\":\"Home\",\"item\":\"https:\/\/www.3sqair.com\/fr\/\"},{\"@type\":\"ListItem\",\"position\":2,\"name\":\"Contexte\"}]},{\"@type\":\"WebSite\",\"@id\":\"https:\/\/www.3sqair.com\/fr\/#website\",\"url\":\"https:\/\/www.3sqair.com\/fr\/\",\"name\":\"3SqAIR\",\"description\":\"SUSTAINABLE SMART STRATEGY FOR AIR QUALITY ASSURANCE IN CLASSROOMS\",\"potentialAction\":[{\"@type\":\"SearchAction\",\"target\":{\"@type\":\"EntryPoint\",\"urlTemplate\":\"https:\/\/www.3sqair.com\/fr\/?s={search_term_string}\"},\"query-input\":\"required name=search_term_string\"}],\"inLanguage\":\"fr-FR\"}]}<\/script>\n<!-- \/ Yoast SEO plugin. -->","yoast_head_json":{"title":"Contexte - 3SqAIR","robots":{"index":"index","follow":"follow","max-snippet":"max-snippet:-1","max-image-preview":"max-image-preview:large","max-video-preview":"max-video-preview:-1"},"canonical":"https:\/\/www.3sqair.com\/fr\/contexte\/","og_locale":"fr_FR","og_type":"article","og_title":"Contexte - 3SqAIR","og_description":"[vc_row][vc_column][\/vc_column][\/vc_row][vc_row padding_top_multiplier=\u00a0\u00bb\u00a0\u00bb padding_bottom_multiplier=\u00a0\u00bb\u00a0\u00bb rc_bg_type=\u00a0\u00bbcolor\u00a0\u00bb equal_column_height=\u00a0\u00bbequal\u00a0\u00bb separator_top_color=\u00a0\u00bb#1e73be\u00a0\u00bb][vc_column width=\u00a0\u00bb5\/12&Prime; rc_bg_type=\u00a0\u00bbcolor\u00a0\u00bb][\/vc_column][vc_column width=\u00a0\u00bb7\/12&Prime; vertical_content_position=\u00a0\u00bbmiddle\u00a0\u00bb full_height=\u00a0\u00bbyes\u00a0\u00bb][vc_row_inner][vc_column_inner width=\u00a0\u00bb1\/2&Prime;][vc_column_text animation=\u00a0\u00bbfade-in-up\u00a0\u00bb animation_delay=\u00a0\u00bb2&Prime;]D&rsquo;apr\u00e8s certaines \u00e9tudes, l&rsquo;exposition chronique aux polluants de l\u2019air int\u00e9rieur pose des probl\u00e8mes tels que les allergies, les maladies respiratoires (asthme, bronchite, etc.) et d&rsquo;autres probl\u00e8mes qui peuvent passer inaper\u00e7us, comme la fatigue mentale ou la baisse de la capacit\u00e9 de concentration [&hellip;]","og_url":"https:\/\/www.3sqair.com\/fr\/contexte\/","og_site_name":"3SqAIR","article_modified_time":"2021-06-25T08:13:43+00:00","og_image":[{"width":420,"height":550,"url":"https:\/\/www.3sqair.com\/wp-content\/uploads\/2021\/04\/context-3sqair-img02.jpg","type":"image\/jpeg"}],"twitter_card":"summary_large_image","twitter_misc":{"Dur\u00e9e de lecture estim\u00e9e":"6 minutes"},"schema":{"@context":"https:\/\/schema.org","@graph":[{"@type":"WebPage","@id":"https:\/\/www.3sqair.com\/fr\/contexte\/","url":"https:\/\/www.3sqair.com\/fr\/contexte\/","name":"Contexte - 3SqAIR","isPartOf":{"@id":"https:\/\/www.3sqair.com\/fr\/#website"},"datePublished":"2021-06-23T09:12:35+00:00","dateModified":"2021-06-25T08:13:43+00:00","breadcrumb":{"@id":"https:\/\/www.3sqair.com\/fr\/contexte\/#breadcrumb"},"inLanguage":"fr-FR","potentialAction":[{"@type":"ReadAction","target":["https:\/\/www.3sqair.com\/fr\/contexte\/"]}]},{"@type":"BreadcrumbList","@id":"https:\/\/www.3sqair.com\/fr\/contexte\/#breadcrumb","itemListElement":[{"@type":"ListItem","position":1,"name":"Home","item":"https:\/\/www.3sqair.com\/fr\/"},{"@type":"ListItem","position":2,"name":"Contexte"}]},{"@type":"WebSite","@id":"https:\/\/www.3sqair.com\/fr\/#website","url":"https:\/\/www.3sqair.com\/fr\/","name":"3SqAIR","description":"SUSTAINABLE SMART STRATEGY FOR AIR QUALITY ASSURANCE IN CLASSROOMS","potentialAction":[{"@type":"SearchAction","target":{"@type":"EntryPoint","urlTemplate":"https:\/\/www.3sqair.com\/fr\/?s={search_term_string}"},"query-input":"required name=search_term_string"}],"inLanguage":"fr-FR"}]}},"_links":{"self":[{"href":"https:\/\/www.3sqair.com\/fr\/wp-json\/wp\/v2\/pages\/1428"}],"collection":[{"href":"https:\/\/www.3sqair.com\/fr\/wp-json\/wp\/v2\/pages"}],"about":[{"href":"https:\/\/www.3sqair.com\/fr\/wp-json\/wp\/v2\/types\/page"}],"author":[{"embeddable":true,"href":"https:\/\/www.3sqair.com\/fr\/wp-json\/wp\/v2\/users\/1"}],"replies":[{"embeddable":true,"href":"https:\/\/www.3sqair.com\/fr\/wp-json\/wp\/v2\/comments?post=1428"}],"version-history":[{"count":0,"href":"https:\/\/www.3sqair.com\/fr\/wp-json\/wp\/v2\/pages\/1428\/revisions"}],"wp:featuredmedia":[{"embeddable":true,"href":"https:\/\/www.3sqair.com\/fr\/wp-json\/wp\/v2\/media\/448"}],"wp:attachment":[{"href":"https:\/\/www.3sqair.com\/fr\/wp-json\/wp\/v2\/media?parent=1428"}],"curies":[{"name":"wp","href":"https:\/\/api.w.org\/{rel}","templated":true}]}}