{"id":1426,"date":"2021-06-23T09:10:21","date_gmt":"2021-06-23T09:10:21","guid":{"rendered":"https:\/\/www.3sqair.com\/?page_id=1426"},"modified":"2021-06-25T08:18:54","modified_gmt":"2021-06-25T08:18:54","slug":"reseau-dexperts","status":"publish","type":"page","link":"https:\/\/www.3sqair.com\/fr\/reseau-dexperts\/","title":{"rendered":"R\u00e9seau d&rsquo;experts"},"content":{"rendered":"<p>[vc_row section_type=\u00a0\u00bbfullwidth\u00a0\u00bb padding_bottom_multiplier=\u00a0\u00bb3x\u00a0\u00bb equal_column_height=\u00a0\u00bbequal\u00a0\u00bb separator_top_color=\u00a0\u00bb#1e73be\u00a0\u00bb][vc_column width=\u00a0\u00bb1\/2&Prime; animation=\u00a0\u00bbzoom-in\u00a0\u00bb animation_delay=\u00a0\u00bb100&Prime; animation_duration=\u00a0\u00bbslow\u00a0\u00bb column_sticky=\u00a0\u00bbyes\u00a0\u00bb hover_animation=\u00a0\u00bbmagnetism\u00a0\u00bb]<div class=\"grve-element grve-image grve-align-right\">\r\n\t<div class=\"grve-image-item\">\r\n\t\t\r\n\r\n<div class=\"grve-image-wrapper grve-no-effect\">\r\n\t\t<div class=\"grve-thumbnail-wrapper\"  style=\"width: 824px;\"><div class=\"grve-thumbnail\"  style=\"padding-top: 76.214%;\"><img width=\"824\" height=\"628\" src=\"https:\/\/www.3sqair.com\/wp-content\/uploads\/2021\/04\/expert-networks-3sqair-img02.jpg\" class=\"attachment-full size-full\" alt=\"\" data-column-space=\"auto\" data-lazyload=\"\" data-grve-filter=\"yes\" srcset=\"https:\/\/www.3sqair.com\/wp-content\/uploads\/2021\/04\/expert-networks-3sqair-img02.jpg 824w, https:\/\/www.3sqair.com\/wp-content\/uploads\/2021\/04\/expert-networks-3sqair-img02-300x229.jpg 300w, https:\/\/www.3sqair.com\/wp-content\/uploads\/2021\/04\/expert-networks-3sqair-img02-768x585.jpg 768w\" sizes=\"(max-width: 824px) 100vw, 824px\" \/><\/div><\/div>\t<\/div>\r\n\t<\/div>\r\n<\/div>\r\n[\/vc_column][vc_column width=\u00a0\u00bb1\/2&Prime; vertical_content_position=\u00a0\u00bbmiddle\u00a0\u00bb full_height=\u00a0\u00bbyes\u00a0\u00bb rc_bg_type=\u00a0\u00bbcolor\u00a0\u00bb grve_css=\u00a0\u00bb{\u00ab\u00a0desktop\u00ab\u00a0:{\u00ab\u00a0padding-right\u00ab\u00a0:\u00ab\u00a030%\u00ab\u00a0,\u00ab\u00a0padding-left\u00ab\u00a0:\u00ab\u00a02%\u00ab\u00a0,\u00ab\u00a0class\u00ab\u00a0:\u00ab\u00a0grve-wpb-1619681981569\u00ab\u00a0},\u00ab\u00a0tablet_landscape\u00ab\u00a0:{\u00ab\u00a0padding-right\u00ab\u00a0:\u00ab\u00a015%\u00ab\u00a0,\u00ab\u00a0padding-left\u00ab\u00a0:\u00ab\u00a02%\u00ab\u00a0}}\u00a0\u00bb]<h6 data-animation=\"clipping-left\" data-delay=\"100\" data-duration=\"slow\" class=\"grve-element grve-title grve-align-left grve-clipping-animation grve-advanced-animation grve-animated-item grve-h6 grve-text-primary-1\"><span><br>\n<h6 style=\"text-align: left;\">R\u00c9SEAU D&rsquo;EXPERTS<\/h6>\n<\/span><\/h6><h1 data-animation=\"clipping-left\" data-delay=\"200\" data-duration=\"slow\" class=\"grve-element grve-title grve-align-left grve-clipping-animation grve-advanced-animation grve-animated-item grve-h1\"><span>Le principal objectif<br \/>\nde<span style=\"color: #fdc608;\"> ce projet<\/span><\/span><\/h1>[vc_column_text animation=\u00a0\u00bbfade-in-up\u00a0\u00bb animation_delay=\u00a0\u00bb2&Prime;]Est d&rsquo;identifier et de promouvoir les bonnes pratiques pendant et apr\u00e8s le projet. A cet effet, il est essentiel d&rsquo;identifier et d&rsquo;interagir avec les acteurs impliqu\u00e9s ou int\u00e9ress\u00e9s par le sujet de la QAI dans les b\u00e2timents scolaires.[\/vc_column_text][\/vc_column][\/vc_row][vc_row padding_top_multiplier=\u00a0\u00bb3x\u00a0\u00bb padding_bottom_multiplier=\u00a0\u00bb3x\u00a0\u00bb rc_bg_type=\u00a0\u00bbgradient\u00a0\u00bb rc_bg_gradient_color_1=\u00a0\u00bbrgba(3,78,144,0.08)\u00a0\u00bb rc_bg_gradient_color_2=\u00a0\u00bbrgba(29,190,244,0.05)\u00a0\u00bb rc_bg_gradient_direction=\u00a0\u00bb45&Prime; separator_top=\u00a0\u00bbwave-right-separator\u00a0\u00bb separator_top_size=\u00a0\u00bb60px\u00a0\u00bb separator_bottom_size=\u00a0\u00bb30px\u00a0\u00bb][vc_column][vc_row_inner][vc_column_inner width=\u00a0\u00bb1\/2&Prime;]<h2 data-animation=\"clipping-left\" data-delay=\"200\" data-duration=\"slow\" class=\"grve-element grve-title grve-align-left grve-clipping-animation grve-advanced-animation grve-animated-item grve-h2\"><span><br>\n<p style=\"text-align: left;\">Plateforme en ligne<br>\n<\/span><\/h2>[vc_column_text animation=\u00a0\u00bbfade-in-up\u00a0\u00bb animation_delay=\u00a0\u00bb2&Prime;]Le principal outil de ce r\u00e9seau d&rsquo;experts sera une plateforme en ligne compilant les ressources utiles, les opportunit\u00e9s de formation, la bibliographie, des outils et des \u00e9tudes de cas de bonnes pratiques.<\/p>\n<p>Ainsi, des informations sur les projets de recherche et d\u00e9veloppement seront mises \u00e0 disposition de tous les acteurs int\u00e9ress\u00e9s, \u00e0 travers le R\u00e9seau d\u2019Experts.[\/vc_column_text]<div style=\"height: 50px;\" class=\"grve-empty-space\"><\/div>[\/vc_column_inner][vc_column_inner width=\u00a0\u00bb1\/2&Prime;]<div class=\"grve-element grve-image grve-align-center\">\r\n\t<div class=\"grve-image-item\">\r\n\t\t\r\n\r\n<div class=\"grve-image-wrapper grve-no-effect\">\r\n\t\t<div class=\"grve-thumbnail-wrapper\"  style=\"width: 627px;\"><div class=\"grve-thumbnail\"  style=\"padding-top: 68.102%;\"><img width=\"627\" height=\"427\" src=\"https:\/\/www.3sqair.com\/wp-content\/uploads\/2021\/04\/prueba3.png\" class=\"attachment-full size-full\" alt=\"\" data-column-space=\"auto\" data-lazyload=\"\" data-grve-filter=\"yes\" srcset=\"https:\/\/www.3sqair.com\/wp-content\/uploads\/2021\/04\/prueba3.png 627w, https:\/\/www.3sqair.com\/wp-content\/uploads\/2021\/04\/prueba3-300x204.png 300w\" sizes=\"(max-width: 627px) 100vw, 627px\" \/><\/div><\/div>\t<\/div>\r\n\t<\/div>\r\n<\/div>\r\n[\/vc_column_inner][\/vc_row_inner][vc_column_text animation=\u00a0\u00bbfade-in-up\u00a0\u00bb animation_delay=\u00a0\u00bb2&Prime;]<span style=\"color: #003399;\"><strong>La plateforme comprendra:<\/strong><\/span>[\/vc_column_text]<div style=\"height: 50px;\" class=\"grve-empty-space\"><\/div>[vc_row_inner][vc_column_inner width=\u00a0\u00bb1\/4&Prime;]<div class=\"grve-element grve-box-icon grve-small grve-top-icon grve-align-left\"><div class=\"grve-wrapper-icon\" style=\"\"><i class=\"grve-box-icon et-icon-map grve-text-primary-1\"><\/i><\/div><div class=\"grve-box-content\"><h5 class=\"grve-box-title grve-h5\">Carte interactive<\/h5><p class=\"\">Une carte en ligne interactive<\/p><\/div><\/div>[\/vc_column_inner][vc_column_inner width=\u00a0\u00bb1\/4&Prime;]<div class=\"grve-element grve-box-icon grve-small grve-top-icon grve-align-left\"><div class=\"grve-wrapper-icon\" style=\"\"><i class=\"grve-box-icon et-icon-book-open grve-text-primary-1\"><\/i><\/div><div class=\"grve-box-content\"><h5 class=\"grve-box-title grve-h5\">Bibliographie<\/h5><p class=\"\">Une liste sur les ressources bibliographiques<\/p><\/div><\/div>[\/vc_column_inner][vc_column_inner width=\u00a0\u00bb1\/4&Prime;]<div class=\"grve-element grve-box-icon grve-small grve-top-icon grve-align-left\"><div class=\"grve-wrapper-icon\" style=\"\"><i class=\"grve-box-icon et-icon-bargraph grve-text-primary-1\"><\/i><\/div><div class=\"grve-box-content\"><h5 class=\"grve-box-title grve-h5\">Base de donn\u00e9es<\/h5><p class=\"\">Une base de donn\u00e9es d\u2019entreprises sp\u00e9cialis\u00e9es en QAI et leur g\u00e9olocalisation<\/p><\/div><\/div>[\/vc_column_inner][vc_column_inner width=\u00a0\u00bb1\/4&Prime;]<div class=\"grve-element grve-box-icon grve-small grve-top-icon grve-align-left\"><div class=\"grve-wrapper-icon\" style=\"\"><i class=\"grve-box-icon et-icon-profile-male grve-text-primary-1\"><\/i><\/div><div class=\"grve-box-content\"><h5 class=\"grve-box-title grve-h5\">Information de contact<\/h5><p class=\"\">Des informations sur les acteurs cl\u00e9s<\/p><\/div><\/div>[\/vc_column_inner][\/vc_row_inner][vc_row_inner tablet_sm_visibility=\u00a0\u00bbhide\u00a0\u00bb mobile_visibility=\u00a0\u00bbhide\u00a0\u00bb][vc_column_inner]<div style=\"height: 80px;\" class=\"grve-empty-space\"><\/div>[\/vc_column_inner][\/vc_row_inner][vc_row_inner][vc_column_inner width=\u00a0\u00bb1\/4&Prime;]<div class=\"grve-element grve-box-icon grve-small grve-top-icon grve-align-left\"><div class=\"grve-wrapper-icon\" style=\"\"><i class=\"grve-box-icon et-icon-magnifying-glass grve-text-primary-1\"><\/i><\/div><div class=\"grve-box-content\"><h5 class=\"grve-box-title grve-h5\">Information<\/h5><p class=\"\">Des informations pertinentes sur des blogs au sujet de projets R&amp;D<\/p><\/div><\/div>[\/vc_column_inner][vc_column_inner width=\u00a0\u00bb1\/4&Prime;]<div class=\"grve-element grve-box-icon grve-small grve-top-icon grve-align-left\"><div class=\"grve-wrapper-icon\" style=\"\"><i class=\"grve-box-icon et-icon-desktop grve-text-primary-1\"><\/i><\/div><div class=\"grve-box-content\"><h5 class=\"grve-box-title grve-h5\">Formation<\/h5><p class=\"\">Des opportunit\u00e9s de formation<\/p><\/div><\/div>[\/vc_column_inner][vc_column_inner width=\u00a0\u00bb1\/4&Prime;]<div class=\"grve-element grve-box-icon grve-small grve-top-icon grve-align-left\"><div class=\"grve-wrapper-icon\" style=\"\"><i class=\"grve-box-icon et-icon-quote grve-text-primary-1\"><\/i><\/div><div class=\"grve-box-content\"><h5 class=\"grve-box-title grve-h5\">FAQ<\/h5><p class=\"\">Une foire aux Questions (FAQ)<\/p><\/div><\/div>[\/vc_column_inner][vc_column_inner width=\u00a0\u00bb1\/4&Prime;][\/vc_column_inner][\/vc_row_inner][\/vc_column][\/vc_row][vc_row section_type=\u00a0\u00bbfullwidth\u00a0\u00bb padding_top_multiplier=\u00a0\u00bb4x\u00a0\u00bb padding_bottom_multiplier=\u00a0\u00bb4x\u00a0\u00bb columns_gap=\u00a0\u00bb50&Prime; equal_column_height=\u00a0\u00bbequal\u00a0\u00bb][vc_column width=\u00a0\u00bb1\/2&Prime; vertical_content_position=\u00a0\u00bbmiddle\u00a0\u00bb rc_bg_type=\u00a0\u00bbimage\u00a0\u00bb animation=\u00a0\u00bbclipping\u00a0\u00bb clipping_animation=\u00a0\u00bbclipping-left\u00a0\u00bb]<div class=\"grve-element grve-image grve-align-left\">\r\n\t<div class=\"grve-image-item\">\r\n\t\t\r\n\r\n<div class=\"grve-image-wrapper grve-radius-10 grve-shadow-small grve-no-effect\">\r\n\t\t<div class=\"grve-thumbnail-wrapper\"  style=\"width: 1000px;\"><div class=\"grve-thumbnail\"  style=\"padding-top: 70.7%;\"><img width=\"1000\" height=\"707\" src=\"https:\/\/www.3sqair.com\/wp-content\/uploads\/2021\/05\/expert-networks-3sqair-Interdisciplinary.jpg\" class=\"attachment-full size-full\" alt=\"\" data-column-space=\"auto\" data-lazyload=\"\" data-grve-filter=\"yes\" srcset=\"https:\/\/www.3sqair.com\/wp-content\/uploads\/2021\/05\/expert-networks-3sqair-Interdisciplinary.jpg 1000w, https:\/\/www.3sqair.com\/wp-content\/uploads\/2021\/05\/expert-networks-3sqair-Interdisciplinary-300x212.jpg 300w, https:\/\/www.3sqair.com\/wp-content\/uploads\/2021\/05\/expert-networks-3sqair-Interdisciplinary-768x543.jpg 768w\" sizes=\"(max-width: 1000px) 100vw, 1000px\" \/><\/div><\/div>\t<\/div>\r\n\t<\/div>\r\n<\/div>\r\n[\/vc_column][vc_column width=\u00a0\u00bb1\/2&Prime; vertical_content_position=\u00a0\u00bbmiddle\u00a0\u00bb grve_css=\u00a0\u00bb{\u00ab\u00a0desktop\u00ab\u00a0:{\u00ab\u00a0padding-right\u00ab\u00a0:\u00ab\u00a020%\u00ab\u00a0,\u00ab\u00a0padding-left\u00ab\u00a0:\u00ab\u00a02%\u00ab\u00a0,\u00ab\u00a0class\u00ab\u00a0:\u00ab\u00a0grve-wpb-1620627407720\u00ab\u00a0}}\u00a0\u00bb]<h2 data-animation=\"clipping-left\" data-delay=\"200\" data-duration=\"slow\" class=\"grve-element grve-title grve-align-left grve-clipping-animation grve-advanced-animation grve-animated-item grve-h2\"><span><br>\n<h2>Atelier<br \/>\ninterdisciplinaire<\/h2>\n<\/span><\/h2>[vc_column_text]Un atelier interdisciplinaire sera \u00e9galement consacr\u00e9 au partage de connaissances et d&rsquo;exp\u00e9riences sur les bonnes pratiques li\u00e9es au d\u00e9veloppement durable dans les \u00e9tablissements \u00e9ducatifs.<\/p>\n<p>L&rsquo;atelier ouvrira le d\u00e9bat sur la mani\u00e8re de rendre les solutions durables accessibles aux personnes des milieux sociaux et \u00e9conomiques les plus d\u00e9favoris\u00e9s.[\/vc_column_text][\/vc_column][\/vc_row]<\/p>\n","protected":false},"excerpt":{"rendered":"<p>[vc_row section_type=\u00a0\u00bbfullwidth\u00a0\u00bb padding_bottom_multiplier=\u00a0\u00bb3x\u00a0\u00bb equal_column_height=\u00a0\u00bbequal\u00a0\u00bb separator_top_color=\u00a0\u00bb#1e73be\u00a0\u00bb][vc_column width=\u00a0\u00bb1\/2&Prime; animation=\u00a0\u00bbzoom-in\u00a0\u00bb animation_delay=\u00a0\u00bb100&Prime; animation_duration=\u00a0\u00bbslow\u00a0\u00bb column_sticky=\u00a0\u00bbyes\u00a0\u00bb hover_animation=\u00a0\u00bbmagnetism\u00a0\u00bb][\/vc_column][vc_column width=\u00a0\u00bb1\/2&Prime; vertical_content_position=\u00a0\u00bbmiddle\u00a0\u00bb full_height=\u00a0\u00bbyes\u00a0\u00bb rc_bg_type=\u00a0\u00bbcolor\u00a0\u00bb grve_css=\u00a0\u00bb{\u00ab\u00a0desktop\u00ab\u00a0:{\u00ab\u00a0padding-right\u00ab\u00a0:\u00ab\u00a030%\u00ab\u00a0,\u00ab\u00a0padding-left\u00ab\u00a0:\u00ab\u00a02%\u00ab\u00a0,\u00ab\u00a0class\u00ab\u00a0:\u00ab\u00a0grve-wpb-1619681981569\u00ab\u00a0},\u00ab\u00a0tablet_landscape\u00ab\u00a0:{\u00ab\u00a0padding-right\u00ab\u00a0:\u00ab\u00a015%\u00ab\u00a0,\u00ab\u00a0padding-left\u00ab\u00a0:\u00ab\u00a02%\u00ab\u00a0}}\u00a0\u00bb][vc_column_text animation=\u00a0\u00bbfade-in-up\u00a0\u00bb animation_delay=\u00a0\u00bb2&Prime;]Est d&rsquo;identifier et de promouvoir les bonnes pratiques pendant et apr\u00e8s le projet. A cet effet, il est essentiel d&rsquo;identifier et d&rsquo;interagir avec les acteurs impliqu\u00e9s ou int\u00e9ress\u00e9s par le sujet de la QAI dans les b\u00e2timents scolaires.[\/vc_column_text][\/vc_column][\/vc_row][vc_row [&hellip;]<\/p>\n","protected":false},"author":1,"featured_media":587,"parent":0,"menu_order":0,"comment_status":"closed","ping_status":"closed","template":"","meta":{"_monsterinsights_skip_tracking":false,"_monsterinsights_sitenote_active":false,"_monsterinsights_sitenote_note":"","_monsterinsights_sitenote_category":0},"acf":[],"yoast_head":"<!-- This site is optimized with the Yoast SEO plugin v20.4 - https:\/\/yoast.com\/wordpress\/plugins\/seo\/ -->\n<title>R\u00e9seau d&#039;experts - 3SqAIR<\/title>\n<meta name=\"robots\" content=\"index, follow, max-snippet:-1, max-image-preview:large, max-video-preview:-1\" \/>\n<link rel=\"canonical\" href=\"https:\/\/www.3sqair.com\/fr\/reseau-dexperts\/\" \/>\n<meta property=\"og:locale\" content=\"fr_FR\" \/>\n<meta property=\"og:type\" content=\"article\" \/>\n<meta property=\"og:title\" content=\"R\u00e9seau d&#039;experts - 3SqAIR\" \/>\n<meta property=\"og:description\" content=\"[vc_row section_type=\u00a0\u00bbfullwidth\u00a0\u00bb padding_bottom_multiplier=\u00a0\u00bb3x\u00a0\u00bb equal_column_height=\u00a0\u00bbequal\u00a0\u00bb separator_top_color=\u00a0\u00bb#1e73be\u00a0\u00bb][vc_column width=\u00a0\u00bb1\/2&Prime; animation=\u00a0\u00bbzoom-in\u00a0\u00bb animation_delay=\u00a0\u00bb100&Prime; animation_duration=\u00a0\u00bbslow\u00a0\u00bb column_sticky=\u00a0\u00bbyes\u00a0\u00bb hover_animation=\u00a0\u00bbmagnetism\u00a0\u00bb][\/vc_column][vc_column width=\u00a0\u00bb1\/2&Prime; vertical_content_position=\u00a0\u00bbmiddle\u00a0\u00bb full_height=\u00a0\u00bbyes\u00a0\u00bb rc_bg_type=\u00a0\u00bbcolor\u00a0\u00bb grve_css=\u00a0\u00bb{\u00ab\u00a0desktop\u00ab\u00a0:{\u00ab\u00a0padding-right\u00ab\u00a0:\u00ab\u00a030%\u00ab\u00a0,\u00ab\u00a0padding-left\u00ab\u00a0:\u00ab\u00a02%\u00ab\u00a0,\u00ab\u00a0class\u00ab\u00a0:\u00ab\u00a0grve-wpb-1619681981569\u00ab\u00a0},\u00ab\u00a0tablet_landscape\u00ab\u00a0:{\u00ab\u00a0padding-right\u00ab\u00a0:\u00ab\u00a015%\u00ab\u00a0,\u00ab\u00a0padding-left\u00ab\u00a0:\u00ab\u00a02%\u00ab\u00a0}}\u00a0\u00bb][vc_column_text animation=\u00a0\u00bbfade-in-up\u00a0\u00bb animation_delay=\u00a0\u00bb2&Prime;]Est d&rsquo;identifier et de promouvoir les bonnes pratiques pendant et apr\u00e8s le projet. A cet effet, il est essentiel d&rsquo;identifier et d&rsquo;interagir avec les acteurs impliqu\u00e9s ou int\u00e9ress\u00e9s par le sujet de la QAI dans les b\u00e2timents scolaires.[\/vc_column_text][\/vc_column][\/vc_row][vc_row [&hellip;]\" \/>\n<meta property=\"og:url\" content=\"https:\/\/www.3sqair.com\/fr\/reseau-dexperts\/\" \/>\n<meta property=\"og:site_name\" content=\"3SqAIR\" \/>\n<meta property=\"article:modified_time\" content=\"2021-06-25T08:18:54+00:00\" \/>\n<meta property=\"og:image\" content=\"https:\/\/www.3sqair.com\/wp-content\/uploads\/2021\/04\/expert-networks-3sqair-img02.jpg\" \/>\n\t<meta property=\"og:image:width\" content=\"824\" \/>\n\t<meta property=\"og:image:height\" content=\"628\" \/>\n\t<meta property=\"og:image:type\" content=\"image\/jpeg\" \/>\n<meta name=\"twitter:card\" content=\"summary_large_image\" \/>\n<meta name=\"twitter:label1\" content=\"Dur\u00e9e de lecture estim\u00e9e\" \/>\n\t<meta name=\"twitter:data1\" content=\"4 minutes\" \/>\n<script type=\"application\/ld+json\" class=\"yoast-schema-graph\">{\"@context\":\"https:\/\/schema.org\",\"@graph\":[{\"@type\":\"WebPage\",\"@id\":\"https:\/\/www.3sqair.com\/fr\/reseau-dexperts\/\",\"url\":\"https:\/\/www.3sqair.com\/fr\/reseau-dexperts\/\",\"name\":\"R\u00e9seau d'experts - 3SqAIR\",\"isPartOf\":{\"@id\":\"https:\/\/www.3sqair.com\/fr\/#website\"},\"datePublished\":\"2021-06-23T09:10:21+00:00\",\"dateModified\":\"2021-06-25T08:18:54+00:00\",\"breadcrumb\":{\"@id\":\"https:\/\/www.3sqair.com\/fr\/reseau-dexperts\/#breadcrumb\"},\"inLanguage\":\"fr-FR\",\"potentialAction\":[{\"@type\":\"ReadAction\",\"target\":[\"https:\/\/www.3sqair.com\/fr\/reseau-dexperts\/\"]}]},{\"@type\":\"BreadcrumbList\",\"@id\":\"https:\/\/www.3sqair.com\/fr\/reseau-dexperts\/#breadcrumb\",\"itemListElement\":[{\"@type\":\"ListItem\",\"position\":1,\"name\":\"Home\",\"item\":\"https:\/\/www.3sqair.com\/fr\/\"},{\"@type\":\"ListItem\",\"position\":2,\"name\":\"R\u00e9seau d&rsquo;experts\"}]},{\"@type\":\"WebSite\",\"@id\":\"https:\/\/www.3sqair.com\/fr\/#website\",\"url\":\"https:\/\/www.3sqair.com\/fr\/\",\"name\":\"3SqAIR\",\"description\":\"SUSTAINABLE SMART STRATEGY FOR AIR QUALITY ASSURANCE IN CLASSROOMS\",\"potentialAction\":[{\"@type\":\"SearchAction\",\"target\":{\"@type\":\"EntryPoint\",\"urlTemplate\":\"https:\/\/www.3sqair.com\/fr\/?s={search_term_string}\"},\"query-input\":\"required name=search_term_string\"}],\"inLanguage\":\"fr-FR\"}]}<\/script>\n<!-- \/ Yoast SEO plugin. -->","yoast_head_json":{"title":"R\u00e9seau d'experts - 3SqAIR","robots":{"index":"index","follow":"follow","max-snippet":"max-snippet:-1","max-image-preview":"max-image-preview:large","max-video-preview":"max-video-preview:-1"},"canonical":"https:\/\/www.3sqair.com\/fr\/reseau-dexperts\/","og_locale":"fr_FR","og_type":"article","og_title":"R\u00e9seau d'experts - 3SqAIR","og_description":"[vc_row section_type=\u00a0\u00bbfullwidth\u00a0\u00bb padding_bottom_multiplier=\u00a0\u00bb3x\u00a0\u00bb equal_column_height=\u00a0\u00bbequal\u00a0\u00bb separator_top_color=\u00a0\u00bb#1e73be\u00a0\u00bb][vc_column width=\u00a0\u00bb1\/2&Prime; animation=\u00a0\u00bbzoom-in\u00a0\u00bb animation_delay=\u00a0\u00bb100&Prime; animation_duration=\u00a0\u00bbslow\u00a0\u00bb column_sticky=\u00a0\u00bbyes\u00a0\u00bb hover_animation=\u00a0\u00bbmagnetism\u00a0\u00bb][\/vc_column][vc_column width=\u00a0\u00bb1\/2&Prime; vertical_content_position=\u00a0\u00bbmiddle\u00a0\u00bb full_height=\u00a0\u00bbyes\u00a0\u00bb rc_bg_type=\u00a0\u00bbcolor\u00a0\u00bb grve_css=\u00a0\u00bb{\u00ab\u00a0desktop\u00ab\u00a0:{\u00ab\u00a0padding-right\u00ab\u00a0:\u00ab\u00a030%\u00ab\u00a0,\u00ab\u00a0padding-left\u00ab\u00a0:\u00ab\u00a02%\u00ab\u00a0,\u00ab\u00a0class\u00ab\u00a0:\u00ab\u00a0grve-wpb-1619681981569\u00ab\u00a0},\u00ab\u00a0tablet_landscape\u00ab\u00a0:{\u00ab\u00a0padding-right\u00ab\u00a0:\u00ab\u00a015%\u00ab\u00a0,\u00ab\u00a0padding-left\u00ab\u00a0:\u00ab\u00a02%\u00ab\u00a0}}\u00a0\u00bb][vc_column_text animation=\u00a0\u00bbfade-in-up\u00a0\u00bb animation_delay=\u00a0\u00bb2&Prime;]Est d&rsquo;identifier et de promouvoir les bonnes pratiques pendant et apr\u00e8s le projet. A cet effet, il est essentiel d&rsquo;identifier et d&rsquo;interagir avec les acteurs impliqu\u00e9s ou int\u00e9ress\u00e9s par le sujet de la QAI dans les b\u00e2timents scolaires.[\/vc_column_text][\/vc_column][\/vc_row][vc_row [&hellip;]","og_url":"https:\/\/www.3sqair.com\/fr\/reseau-dexperts\/","og_site_name":"3SqAIR","article_modified_time":"2021-06-25T08:18:54+00:00","og_image":[{"width":824,"height":628,"url":"https:\/\/www.3sqair.com\/wp-content\/uploads\/2021\/04\/expert-networks-3sqair-img02.jpg","type":"image\/jpeg"}],"twitter_card":"summary_large_image","twitter_misc":{"Dur\u00e9e de lecture estim\u00e9e":"4 minutes"},"schema":{"@context":"https:\/\/schema.org","@graph":[{"@type":"WebPage","@id":"https:\/\/www.3sqair.com\/fr\/reseau-dexperts\/","url":"https:\/\/www.3sqair.com\/fr\/reseau-dexperts\/","name":"R\u00e9seau d'experts - 3SqAIR","isPartOf":{"@id":"https:\/\/www.3sqair.com\/fr\/#website"},"datePublished":"2021-06-23T09:10:21+00:00","dateModified":"2021-06-25T08:18:54+00:00","breadcrumb":{"@id":"https:\/\/www.3sqair.com\/fr\/reseau-dexperts\/#breadcrumb"},"inLanguage":"fr-FR","potentialAction":[{"@type":"ReadAction","target":["https:\/\/www.3sqair.com\/fr\/reseau-dexperts\/"]}]},{"@type":"BreadcrumbList","@id":"https:\/\/www.3sqair.com\/fr\/reseau-dexperts\/#breadcrumb","itemListElement":[{"@type":"ListItem","position":1,"name":"Home","item":"https:\/\/www.3sqair.com\/fr\/"},{"@type":"ListItem","position":2,"name":"R\u00e9seau d&rsquo;experts"}]},{"@type":"WebSite","@id":"https:\/\/www.3sqair.com\/fr\/#website","url":"https:\/\/www.3sqair.com\/fr\/","name":"3SqAIR","description":"SUSTAINABLE SMART STRATEGY FOR AIR QUALITY ASSURANCE IN CLASSROOMS","potentialAction":[{"@type":"SearchAction","target":{"@type":"EntryPoint","urlTemplate":"https:\/\/www.3sqair.com\/fr\/?s={search_term_string}"},"query-input":"required name=search_term_string"}],"inLanguage":"fr-FR"}]}},"_links":{"self":[{"href":"https:\/\/www.3sqair.com\/fr\/wp-json\/wp\/v2\/pages\/1426"}],"collection":[{"href":"https:\/\/www.3sqair.com\/fr\/wp-json\/wp\/v2\/pages"}],"about":[{"href":"https:\/\/www.3sqair.com\/fr\/wp-json\/wp\/v2\/types\/page"}],"author":[{"embeddable":true,"href":"https:\/\/www.3sqair.com\/fr\/wp-json\/wp\/v2\/users\/1"}],"replies":[{"embeddable":true,"href":"https:\/\/www.3sqair.com\/fr\/wp-json\/wp\/v2\/comments?post=1426"}],"version-history":[{"count":0,"href":"https:\/\/www.3sqair.com\/fr\/wp-json\/wp\/v2\/pages\/1426\/revisions"}],"wp:featuredmedia":[{"embeddable":true,"href":"https:\/\/www.3sqair.com\/fr\/wp-json\/wp\/v2\/media\/587"}],"wp:attachment":[{"href":"https:\/\/www.3sqair.com\/fr\/wp-json\/wp\/v2\/media?parent=1426"}],"curies":[{"name":"wp","href":"https:\/\/api.w.org\/{rel}","templated":true}]}}