{"id":2179,"date":"2022-10-26T11:52:33","date_gmt":"2022-10-26T11:52:33","guid":{"rendered":"https:\/\/www.3sqair.com\/socios\/instituto-superior-tecnico\/"},"modified":"2022-10-27T06:40:01","modified_gmt":"2022-10-27T06:40:01","slug":"instituto-superior-tecnico","status":"publish","type":"page","link":"https:\/\/www.3sqair.com\/es\/socios\/instituto-superior-tecnico\/","title":{"rendered":"Instituto Superior T\u00e9cnico"},"content":{"rendered":"<p>[vc_row padding_top_multiplier=\u00bb\u00bb equal_column_height=\u00bbequal\u00bb][vc_column width=\u00bb1\/2&#8243; vertical_content_position=\u00bbmiddle\u00bb]<h1 class=\"grve-element grve-title grve-align-left grve-h1\"><span><br>\n<h1>Instituto Superior T\u00e9cnico, Lisboa<\/h1>\n<\/span><\/h1>[vc_column_text]El equipo de Calidad Atmosf\u00e9rica de IST est\u00e1 ampliamente reconocido como centro de excelencia en la investigaci\u00f3n de la calidad del aire interior.<br \/>\nDurante las \u00faltimas dos d\u00e9cadas ha desarrollado aparatos de muestreo, medici\u00f3n y an\u00e1lisis de contaminantes del aire que hoy d\u00eda se aplican con \u00e9xito en la caracterizaci\u00f3n de calidad del aire interior, evaluaci\u00f3n de la exposici\u00f3n humana a contaminantes del aire, distribuci\u00f3n de fuentes utilizando modelos receptores y en la identificaci\u00f3n de herramientas para la reducci\u00f3n de exposici\u00f3n y carga de la enfermedad.<\/p>\n<p>El equipo tiene un amplio historial de publicaciones internacionales de investigaci\u00f3n, formaci\u00f3n e intercambio de personal.[\/vc_column_text]<div style=\"height: 35px;\" class=\"grve-empty-space\"><\/div><div class=\"grve-element grve-align-left\"><a href=\"https:\/\/tecnico.ulisboa.pt\/pt\/\" title=\"https:\/\/tecnico.ulisboa.pt\/pt\/\" target=\"_blank\" class=\"grve-btn grve-round grve-bg-gradient-1 grve-bg-hover-primary-3 grve-border-hover-primary-3 grve-pulse grve-text-white grve-text-hover-white grve-btn-gradient grve-btn-medium grve-with-icon\">\r\n\t\t<div class=\"grve-btn-inner\">\r\n\t\t<span>https:\/\/tecnico.ulisboa.pt<\/span>\r\n\t\t\t\t\t\t\t<div class=\"grve-btn-icon\">\r\n\t\t\t<i class=\"smp-icon-action-redo\"><\/i>\r\n\t\t<\/div>\r\n\t\t\t\t\t<\/div>\r\n\t<\/a><\/div>[\/vc_column][vc_column width=\u00bb1\/2&#8243; vertical_content_position=\u00bbmiddle\u00bb]<div class=\"grve-element grve-image grve-align-center\">\r\n\t<div class=\"grve-image-item\">\r\n\t\t\r\n\r\n<div class=\"grve-image-wrapper grve-radius-5 grve-shadow-small grve-no-effect\">\r\n\t\t<div class=\"grve-thumbnail-wrapper\"  style=\"width: 300px;\"><div class=\"grve-thumbnail\"  style=\"padding-top: 64.667%;\"><img width=\"300\" height=\"194\" src=\"https:\/\/www.3sqair.com\/wp-content\/uploads\/2021\/05\/partners-3sqair-ist-logo-300x194.jpg\" class=\"attachment-medium size-medium\" alt=\"\" data-column-space=\"auto\" data-lazyload=\"\" data-grve-filter=\"yes\" srcset=\"https:\/\/www.3sqair.com\/wp-content\/uploads\/2021\/05\/partners-3sqair-ist-logo-300x194.jpg 300w, https:\/\/www.3sqair.com\/wp-content\/uploads\/2021\/05\/partners-3sqair-ist-logo-768x498.jpg 768w, https:\/\/www.3sqair.com\/wp-content\/uploads\/2021\/05\/partners-3sqair-ist-logo.jpg 1000w\" sizes=\"(max-width: 300px) 100vw, 300px\" \/><\/div><\/div>\t<\/div>\r\n\t<\/div>\r\n<\/div>\r\n[\/vc_column][\/vc_row]<\/p>\n","protected":false},"excerpt":{"rendered":"<p>[vc_row padding_top_multiplier=\u00bb\u00bb equal_column_height=\u00bbequal\u00bb][vc_column width=\u00bb1\/2&#8243; vertical_content_position=\u00bbmiddle\u00bb][vc_column_text]El equipo de Calidad Atmosf\u00e9rica de IST est\u00e1 ampliamente reconocido como centro de excelencia en la investigaci\u00f3n de la calidad del aire interior. Durante las \u00faltimas dos d\u00e9cadas ha desarrollado aparatos de muestreo, medici\u00f3n y an\u00e1lisis de contaminantes del aire que hoy d\u00eda se aplican con \u00e9xito en la caracterizaci\u00f3n de [&hellip;]<\/p>\n","protected":false},"author":1,"featured_media":958,"parent":1305,"menu_order":0,"comment_status":"closed","ping_status":"closed","template":"","meta":{"_monsterinsights_skip_tracking":false,"_monsterinsights_sitenote_active":false,"_monsterinsights_sitenote_note":"","_monsterinsights_sitenote_category":0},"acf":[],"yoast_head":"<!-- This site is optimized with the Yoast SEO plugin v20.4 - https:\/\/yoast.com\/wordpress\/plugins\/seo\/ -->\n<title>Instituto Superior T\u00e9cnico - 3SqAIR<\/title>\n<meta name=\"robots\" content=\"index, follow, max-snippet:-1, max-image-preview:large, max-video-preview:-1\" \/>\n<link rel=\"canonical\" href=\"https:\/\/www.3sqair.com\/es\/socios\/instituto-superior-tecnico\/\" \/>\n<meta property=\"og:locale\" content=\"es_ES\" \/>\n<meta property=\"og:type\" content=\"article\" \/>\n<meta property=\"og:title\" content=\"Instituto Superior T\u00e9cnico - 3SqAIR\" \/>\n<meta property=\"og:description\" content=\"[vc_row padding_top_multiplier=\u00bb\u00bb equal_column_height=\u00bbequal\u00bb][vc_column width=\u00bb1\/2&#8243; vertical_content_position=\u00bbmiddle\u00bb][vc_column_text]El equipo de Calidad Atmosf\u00e9rica de IST est\u00e1 ampliamente reconocido como centro de excelencia en la investigaci\u00f3n de la calidad del aire interior. Durante las \u00faltimas dos d\u00e9cadas ha desarrollado aparatos de muestreo, medici\u00f3n y an\u00e1lisis de contaminantes del aire que hoy d\u00eda se aplican con \u00e9xito en la caracterizaci\u00f3n de [&hellip;]\" \/>\n<meta property=\"og:url\" content=\"https:\/\/www.3sqair.com\/es\/socios\/instituto-superior-tecnico\/\" \/>\n<meta property=\"og:site_name\" content=\"3SqAIR\" \/>\n<meta property=\"article:modified_time\" content=\"2022-10-27T06:40:01+00:00\" \/>\n<meta property=\"og:image\" content=\"https:\/\/www.3sqair.com\/wp-content\/uploads\/2021\/05\/partners-3sqair-ist-logo.jpg\" \/>\n\t<meta property=\"og:image:width\" content=\"1000\" \/>\n\t<meta property=\"og:image:height\" content=\"648\" \/>\n\t<meta property=\"og:image:type\" content=\"image\/jpeg\" \/>\n<meta name=\"twitter:card\" content=\"summary_large_image\" \/>\n<meta name=\"twitter:label1\" content=\"Tiempo de lectura\" \/>\n\t<meta name=\"twitter:data1\" content=\"1 minuto\" \/>\n<script type=\"application\/ld+json\" class=\"yoast-schema-graph\">{\"@context\":\"https:\/\/schema.org\",\"@graph\":[{\"@type\":\"WebPage\",\"@id\":\"https:\/\/www.3sqair.com\/es\/socios\/instituto-superior-tecnico\/\",\"url\":\"https:\/\/www.3sqair.com\/es\/socios\/instituto-superior-tecnico\/\",\"name\":\"Instituto Superior T\u00e9cnico - 3SqAIR\",\"isPartOf\":{\"@id\":\"https:\/\/www.3sqair.com\/es\/#website\"},\"datePublished\":\"2022-10-26T11:52:33+00:00\",\"dateModified\":\"2022-10-27T06:40:01+00:00\",\"breadcrumb\":{\"@id\":\"https:\/\/www.3sqair.com\/es\/socios\/instituto-superior-tecnico\/#breadcrumb\"},\"inLanguage\":\"es\",\"potentialAction\":[{\"@type\":\"ReadAction\",\"target\":[\"https:\/\/www.3sqair.com\/es\/socios\/instituto-superior-tecnico\/\"]}]},{\"@type\":\"BreadcrumbList\",\"@id\":\"https:\/\/www.3sqair.com\/es\/socios\/instituto-superior-tecnico\/#breadcrumb\",\"itemListElement\":[{\"@type\":\"ListItem\",\"position\":1,\"name\":\"Home\",\"item\":\"https:\/\/www.3sqair.com\/es\/\"},{\"@type\":\"ListItem\",\"position\":2,\"name\":\"Socios\",\"item\":\"https:\/\/www.3sqair.com\/es\/socios\/\"},{\"@type\":\"ListItem\",\"position\":3,\"name\":\"Instituto Superior T\u00e9cnico\"}]},{\"@type\":\"WebSite\",\"@id\":\"https:\/\/www.3sqair.com\/es\/#website\",\"url\":\"https:\/\/www.3sqair.com\/es\/\",\"name\":\"3SqAIR\",\"description\":\"SUSTAINABLE SMART STRATEGY FOR AIR QUALITY ASSURANCE IN CLASSROOMS\",\"potentialAction\":[{\"@type\":\"SearchAction\",\"target\":{\"@type\":\"EntryPoint\",\"urlTemplate\":\"https:\/\/www.3sqair.com\/es\/?s={search_term_string}\"},\"query-input\":\"required name=search_term_string\"}],\"inLanguage\":\"es\"}]}<\/script>\n<!-- \/ Yoast SEO plugin. -->","yoast_head_json":{"title":"Instituto Superior T\u00e9cnico - 3SqAIR","robots":{"index":"index","follow":"follow","max-snippet":"max-snippet:-1","max-image-preview":"max-image-preview:large","max-video-preview":"max-video-preview:-1"},"canonical":"https:\/\/www.3sqair.com\/es\/socios\/instituto-superior-tecnico\/","og_locale":"es_ES","og_type":"article","og_title":"Instituto Superior T\u00e9cnico - 3SqAIR","og_description":"[vc_row padding_top_multiplier=\u00bb\u00bb equal_column_height=\u00bbequal\u00bb][vc_column width=\u00bb1\/2&#8243; vertical_content_position=\u00bbmiddle\u00bb][vc_column_text]El equipo de Calidad Atmosf\u00e9rica de IST est\u00e1 ampliamente reconocido como centro de excelencia en la investigaci\u00f3n de la calidad del aire interior. Durante las \u00faltimas dos d\u00e9cadas ha desarrollado aparatos de muestreo, medici\u00f3n y an\u00e1lisis de contaminantes del aire que hoy d\u00eda se aplican con \u00e9xito en la caracterizaci\u00f3n de [&hellip;]","og_url":"https:\/\/www.3sqair.com\/es\/socios\/instituto-superior-tecnico\/","og_site_name":"3SqAIR","article_modified_time":"2022-10-27T06:40:01+00:00","og_image":[{"width":1000,"height":648,"url":"https:\/\/www.3sqair.com\/wp-content\/uploads\/2021\/05\/partners-3sqair-ist-logo.jpg","type":"image\/jpeg"}],"twitter_card":"summary_large_image","twitter_misc":{"Tiempo de lectura":"1 minuto"},"schema":{"@context":"https:\/\/schema.org","@graph":[{"@type":"WebPage","@id":"https:\/\/www.3sqair.com\/es\/socios\/instituto-superior-tecnico\/","url":"https:\/\/www.3sqair.com\/es\/socios\/instituto-superior-tecnico\/","name":"Instituto Superior T\u00e9cnico - 3SqAIR","isPartOf":{"@id":"https:\/\/www.3sqair.com\/es\/#website"},"datePublished":"2022-10-26T11:52:33+00:00","dateModified":"2022-10-27T06:40:01+00:00","breadcrumb":{"@id":"https:\/\/www.3sqair.com\/es\/socios\/instituto-superior-tecnico\/#breadcrumb"},"inLanguage":"es","potentialAction":[{"@type":"ReadAction","target":["https:\/\/www.3sqair.com\/es\/socios\/instituto-superior-tecnico\/"]}]},{"@type":"BreadcrumbList","@id":"https:\/\/www.3sqair.com\/es\/socios\/instituto-superior-tecnico\/#breadcrumb","itemListElement":[{"@type":"ListItem","position":1,"name":"Home","item":"https:\/\/www.3sqair.com\/es\/"},{"@type":"ListItem","position":2,"name":"Socios","item":"https:\/\/www.3sqair.com\/es\/socios\/"},{"@type":"ListItem","position":3,"name":"Instituto Superior T\u00e9cnico"}]},{"@type":"WebSite","@id":"https:\/\/www.3sqair.com\/es\/#website","url":"https:\/\/www.3sqair.com\/es\/","name":"3SqAIR","description":"SUSTAINABLE SMART STRATEGY FOR AIR QUALITY ASSURANCE IN CLASSROOMS","potentialAction":[{"@type":"SearchAction","target":{"@type":"EntryPoint","urlTemplate":"https:\/\/www.3sqair.com\/es\/?s={search_term_string}"},"query-input":"required name=search_term_string"}],"inLanguage":"es"}]}},"_links":{"self":[{"href":"https:\/\/www.3sqair.com\/es\/wp-json\/wp\/v2\/pages\/2179"}],"collection":[{"href":"https:\/\/www.3sqair.com\/es\/wp-json\/wp\/v2\/pages"}],"about":[{"href":"https:\/\/www.3sqair.com\/es\/wp-json\/wp\/v2\/types\/page"}],"author":[{"embeddable":true,"href":"https:\/\/www.3sqair.com\/es\/wp-json\/wp\/v2\/users\/1"}],"replies":[{"embeddable":true,"href":"https:\/\/www.3sqair.com\/es\/wp-json\/wp\/v2\/comments?post=2179"}],"version-history":[{"count":0,"href":"https:\/\/www.3sqair.com\/es\/wp-json\/wp\/v2\/pages\/2179\/revisions"}],"up":[{"embeddable":true,"href":"https:\/\/www.3sqair.com\/es\/wp-json\/wp\/v2\/pages\/1305"}],"wp:featuredmedia":[{"embeddable":true,"href":"https:\/\/www.3sqair.com\/es\/wp-json\/wp\/v2\/media\/958"}],"wp:attachment":[{"href":"https:\/\/www.3sqair.com\/es\/wp-json\/wp\/v2\/media?parent=2179"}],"curies":[{"name":"wp","href":"https:\/\/api.w.org\/{rel}","templated":true}]}}