{"id":2166,"date":"2022-10-26T11:46:55","date_gmt":"2022-10-26T11:46:55","guid":{"rendered":"https:\/\/www.3sqair.com\/socios\/universidad-paul-sabatier\/"},"modified":"2022-10-27T06:40:20","modified_gmt":"2022-10-27T06:40:20","slug":"universidad-paul-sabatier","status":"publish","type":"page","link":"https:\/\/www.3sqair.com\/es\/socios\/universidad-paul-sabatier\/","title":{"rendered":"Universidad Paul Sabatier"},"content":{"rendered":"<p>[vc_row padding_top_multiplier=\u00bb\u00bb equal_column_height=\u00bbequal\u00bb][vc_column width=\u00bb1\/2&#8243; vertical_content_position=\u00bbmiddle\u00bb]<h1 class=\"grve-element grve-title grve-align-left grve-h1\" style=\"margin-bottom: 0px;\"><span><br>\n<h1>Universidad Paul Sabatier<\/h1>\n<h3>Toulouse III<\/h3>\n<\/span><\/h1><div style=\"height: 35px;\" class=\"grve-empty-space\"><\/div>[vc_column_text]Es la primera entre las mejores universidades francesas. El departamento de idiomas y gesti\u00f3n (L&amp;G) es el \u00fanico que tiene un rol transversal a todos los agentes cient\u00edficos de la universidad. As\u00ed, las competencias de comunicaci\u00f3n y lenguaje para especialistas de otras disciplinas y las competencias de gesti\u00f3n de nuestros investigadores especializados en Ciencias Humanas y Sociales aportar\u00e1n una dimensi\u00f3n social y sostenible al proyecto.<\/p>\n<p>La participaci\u00f3n en pruebas piloto ser\u00e1 una oportunidad para informar y comunicarse con los usuarios finales y concienciar de actitudes medioambientales adecuadas en cuanto a calidad del aire en el entorno laboral.[\/vc_column_text]<div style=\"height: 35px;\" class=\"grve-empty-space\"><\/div><div class=\"grve-element grve-align-left\"><a href=\"https:\/\/www.univ-tlse3.fr\/\" title=\"https:\/\/www.univ-tlse3.fr\/\" target=\"_blank\" class=\"grve-btn grve-round grve-bg-gradient-1 grve-bg-hover-primary-3 grve-border-hover-primary-3 grve-pulse grve-text-white grve-text-hover-white grve-btn-gradient grve-btn-medium grve-with-icon\">\r\n\t\t<div class=\"grve-btn-inner\">\r\n\t\t<span>www.univ-tlse3.fr<\/span>\r\n\t\t\t\t\t\t\t<div class=\"grve-btn-icon\">\r\n\t\t\t<i class=\"smp-icon-action-redo\"><\/i>\r\n\t\t<\/div>\r\n\t\t\t\t\t<\/div>\r\n\t<\/a><\/div>[\/vc_column][vc_column width=\u00bb1\/2&#8243; vertical_content_position=\u00bbmiddle\u00bb]<div class=\"grve-element grve-image grve-align-center\">\r\n\t<div class=\"grve-image-item\">\r\n\t\t\r\n\r\n<div class=\"grve-image-wrapper grve-radius-5 grve-shadow-small grve-no-effect\">\r\n\t\t<div class=\"grve-thumbnail-wrapper\"  style=\"width: 300px;\"><div class=\"grve-thumbnail\"  style=\"padding-top: 64.667%;\"><img width=\"300\" height=\"194\" src=\"https:\/\/www.3sqair.com\/wp-content\/uploads\/2021\/05\/partners-3sqair-toulouse-university-logo-300x194.jpg\" class=\"attachment-medium size-medium\" alt=\"\" data-column-space=\"auto\" data-lazyload=\"\" data-grve-filter=\"yes\" srcset=\"https:\/\/www.3sqair.com\/wp-content\/uploads\/2021\/05\/partners-3sqair-toulouse-university-logo-300x194.jpg 300w, https:\/\/www.3sqair.com\/wp-content\/uploads\/2021\/05\/partners-3sqair-toulouse-university-logo-768x498.jpg 768w, https:\/\/www.3sqair.com\/wp-content\/uploads\/2021\/05\/partners-3sqair-toulouse-university-logo.jpg 1000w\" sizes=\"(max-width: 300px) 100vw, 300px\" \/><\/div><\/div>\t<\/div>\r\n\t<\/div>\r\n<\/div>\r\n[\/vc_column][\/vc_row]<\/p>\n","protected":false},"excerpt":{"rendered":"<p>[vc_row padding_top_multiplier=\u00bb\u00bb equal_column_height=\u00bbequal\u00bb][vc_column width=\u00bb1\/2&#8243; vertical_content_position=\u00bbmiddle\u00bb][vc_column_text]Es la primera entre las mejores universidades francesas. El departamento de idiomas y gesti\u00f3n (L&amp;G) es el \u00fanico que tiene un rol transversal a todos los agentes cient\u00edficos de la universidad. As\u00ed, las competencias de comunicaci\u00f3n y lenguaje para especialistas de otras disciplinas y las competencias de gesti\u00f3n de nuestros investigadores [&hellip;]<\/p>\n","protected":false},"author":1,"featured_media":939,"parent":1305,"menu_order":0,"comment_status":"closed","ping_status":"closed","template":"","meta":{"_monsterinsights_skip_tracking":false,"_monsterinsights_sitenote_active":false,"_monsterinsights_sitenote_note":"","_monsterinsights_sitenote_category":0},"acf":[],"yoast_head":"<!-- This site is optimized with the Yoast SEO plugin v20.4 - https:\/\/yoast.com\/wordpress\/plugins\/seo\/ -->\n<title>Universidad Paul Sabatier - 3SqAIR<\/title>\n<meta name=\"robots\" content=\"index, follow, max-snippet:-1, max-image-preview:large, max-video-preview:-1\" \/>\n<link rel=\"canonical\" href=\"https:\/\/www.3sqair.com\/es\/socios\/universidad-paul-sabatier\/\" \/>\n<meta property=\"og:locale\" content=\"es_ES\" \/>\n<meta property=\"og:type\" content=\"article\" \/>\n<meta property=\"og:title\" content=\"Universidad Paul Sabatier - 3SqAIR\" \/>\n<meta property=\"og:description\" content=\"[vc_row padding_top_multiplier=\u00bb\u00bb equal_column_height=\u00bbequal\u00bb][vc_column width=\u00bb1\/2&#8243; vertical_content_position=\u00bbmiddle\u00bb][vc_column_text]Es la primera entre las mejores universidades francesas. El departamento de idiomas y gesti\u00f3n (L&amp;G) es el \u00fanico que tiene un rol transversal a todos los agentes cient\u00edficos de la universidad. As\u00ed, las competencias de comunicaci\u00f3n y lenguaje para especialistas de otras disciplinas y las competencias de gesti\u00f3n de nuestros investigadores [&hellip;]\" \/>\n<meta property=\"og:url\" content=\"https:\/\/www.3sqair.com\/es\/socios\/universidad-paul-sabatier\/\" \/>\n<meta property=\"og:site_name\" content=\"3SqAIR\" \/>\n<meta property=\"article:modified_time\" content=\"2022-10-27T06:40:20+00:00\" \/>\n<meta property=\"og:image\" content=\"https:\/\/www.3sqair.com\/wp-content\/uploads\/2021\/05\/partners-3sqair-toulouse-university-logo.jpg\" \/>\n\t<meta property=\"og:image:width\" content=\"1000\" \/>\n\t<meta property=\"og:image:height\" content=\"648\" \/>\n\t<meta property=\"og:image:type\" content=\"image\/jpeg\" \/>\n<meta name=\"twitter:card\" content=\"summary_large_image\" \/>\n<meta name=\"twitter:label1\" content=\"Tiempo de lectura\" \/>\n\t<meta name=\"twitter:data1\" content=\"1 minuto\" \/>\n<script type=\"application\/ld+json\" class=\"yoast-schema-graph\">{\"@context\":\"https:\/\/schema.org\",\"@graph\":[{\"@type\":\"WebPage\",\"@id\":\"https:\/\/www.3sqair.com\/es\/socios\/universidad-paul-sabatier\/\",\"url\":\"https:\/\/www.3sqair.com\/es\/socios\/universidad-paul-sabatier\/\",\"name\":\"Universidad Paul Sabatier - 3SqAIR\",\"isPartOf\":{\"@id\":\"https:\/\/www.3sqair.com\/es\/#website\"},\"datePublished\":\"2022-10-26T11:46:55+00:00\",\"dateModified\":\"2022-10-27T06:40:20+00:00\",\"breadcrumb\":{\"@id\":\"https:\/\/www.3sqair.com\/es\/socios\/universidad-paul-sabatier\/#breadcrumb\"},\"inLanguage\":\"es\",\"potentialAction\":[{\"@type\":\"ReadAction\",\"target\":[\"https:\/\/www.3sqair.com\/es\/socios\/universidad-paul-sabatier\/\"]}]},{\"@type\":\"BreadcrumbList\",\"@id\":\"https:\/\/www.3sqair.com\/es\/socios\/universidad-paul-sabatier\/#breadcrumb\",\"itemListElement\":[{\"@type\":\"ListItem\",\"position\":1,\"name\":\"Home\",\"item\":\"https:\/\/www.3sqair.com\/es\/\"},{\"@type\":\"ListItem\",\"position\":2,\"name\":\"Socios\",\"item\":\"https:\/\/www.3sqair.com\/es\/socios\/\"},{\"@type\":\"ListItem\",\"position\":3,\"name\":\"Universidad Paul Sabatier\"}]},{\"@type\":\"WebSite\",\"@id\":\"https:\/\/www.3sqair.com\/es\/#website\",\"url\":\"https:\/\/www.3sqair.com\/es\/\",\"name\":\"3SqAIR\",\"description\":\"SUSTAINABLE SMART STRATEGY FOR AIR QUALITY ASSURANCE IN CLASSROOMS\",\"potentialAction\":[{\"@type\":\"SearchAction\",\"target\":{\"@type\":\"EntryPoint\",\"urlTemplate\":\"https:\/\/www.3sqair.com\/es\/?s={search_term_string}\"},\"query-input\":\"required name=search_term_string\"}],\"inLanguage\":\"es\"}]}<\/script>\n<!-- \/ Yoast SEO plugin. -->","yoast_head_json":{"title":"Universidad Paul Sabatier - 3SqAIR","robots":{"index":"index","follow":"follow","max-snippet":"max-snippet:-1","max-image-preview":"max-image-preview:large","max-video-preview":"max-video-preview:-1"},"canonical":"https:\/\/www.3sqair.com\/es\/socios\/universidad-paul-sabatier\/","og_locale":"es_ES","og_type":"article","og_title":"Universidad Paul Sabatier - 3SqAIR","og_description":"[vc_row padding_top_multiplier=\u00bb\u00bb equal_column_height=\u00bbequal\u00bb][vc_column width=\u00bb1\/2&#8243; vertical_content_position=\u00bbmiddle\u00bb][vc_column_text]Es la primera entre las mejores universidades francesas. El departamento de idiomas y gesti\u00f3n (L&amp;G) es el \u00fanico que tiene un rol transversal a todos los agentes cient\u00edficos de la universidad. As\u00ed, las competencias de comunicaci\u00f3n y lenguaje para especialistas de otras disciplinas y las competencias de gesti\u00f3n de nuestros investigadores [&hellip;]","og_url":"https:\/\/www.3sqair.com\/es\/socios\/universidad-paul-sabatier\/","og_site_name":"3SqAIR","article_modified_time":"2022-10-27T06:40:20+00:00","og_image":[{"width":1000,"height":648,"url":"https:\/\/www.3sqair.com\/wp-content\/uploads\/2021\/05\/partners-3sqair-toulouse-university-logo.jpg","type":"image\/jpeg"}],"twitter_card":"summary_large_image","twitter_misc":{"Tiempo de lectura":"1 minuto"},"schema":{"@context":"https:\/\/schema.org","@graph":[{"@type":"WebPage","@id":"https:\/\/www.3sqair.com\/es\/socios\/universidad-paul-sabatier\/","url":"https:\/\/www.3sqair.com\/es\/socios\/universidad-paul-sabatier\/","name":"Universidad Paul Sabatier - 3SqAIR","isPartOf":{"@id":"https:\/\/www.3sqair.com\/es\/#website"},"datePublished":"2022-10-26T11:46:55+00:00","dateModified":"2022-10-27T06:40:20+00:00","breadcrumb":{"@id":"https:\/\/www.3sqair.com\/es\/socios\/universidad-paul-sabatier\/#breadcrumb"},"inLanguage":"es","potentialAction":[{"@type":"ReadAction","target":["https:\/\/www.3sqair.com\/es\/socios\/universidad-paul-sabatier\/"]}]},{"@type":"BreadcrumbList","@id":"https:\/\/www.3sqair.com\/es\/socios\/universidad-paul-sabatier\/#breadcrumb","itemListElement":[{"@type":"ListItem","position":1,"name":"Home","item":"https:\/\/www.3sqair.com\/es\/"},{"@type":"ListItem","position":2,"name":"Socios","item":"https:\/\/www.3sqair.com\/es\/socios\/"},{"@type":"ListItem","position":3,"name":"Universidad Paul Sabatier"}]},{"@type":"WebSite","@id":"https:\/\/www.3sqair.com\/es\/#website","url":"https:\/\/www.3sqair.com\/es\/","name":"3SqAIR","description":"SUSTAINABLE SMART STRATEGY FOR AIR QUALITY ASSURANCE IN CLASSROOMS","potentialAction":[{"@type":"SearchAction","target":{"@type":"EntryPoint","urlTemplate":"https:\/\/www.3sqair.com\/es\/?s={search_term_string}"},"query-input":"required name=search_term_string"}],"inLanguage":"es"}]}},"_links":{"self":[{"href":"https:\/\/www.3sqair.com\/es\/wp-json\/wp\/v2\/pages\/2166"}],"collection":[{"href":"https:\/\/www.3sqair.com\/es\/wp-json\/wp\/v2\/pages"}],"about":[{"href":"https:\/\/www.3sqair.com\/es\/wp-json\/wp\/v2\/types\/page"}],"author":[{"embeddable":true,"href":"https:\/\/www.3sqair.com\/es\/wp-json\/wp\/v2\/users\/1"}],"replies":[{"embeddable":true,"href":"https:\/\/www.3sqair.com\/es\/wp-json\/wp\/v2\/comments?post=2166"}],"version-history":[{"count":0,"href":"https:\/\/www.3sqair.com\/es\/wp-json\/wp\/v2\/pages\/2166\/revisions"}],"up":[{"embeddable":true,"href":"https:\/\/www.3sqair.com\/es\/wp-json\/wp\/v2\/pages\/1305"}],"wp:featuredmedia":[{"embeddable":true,"href":"https:\/\/www.3sqair.com\/es\/wp-json\/wp\/v2\/media\/939"}],"wp:attachment":[{"href":"https:\/\/www.3sqair.com\/es\/wp-json\/wp\/v2\/media?parent=2166"}],"curies":[{"name":"wp","href":"https:\/\/api.w.org\/{rel}","templated":true}]}}