{"id":1302,"date":"2021-06-22T10:51:36","date_gmt":"2021-06-22T10:51:36","guid":{"rendered":"https:\/\/www.3sqair.com\/?page_id=1302"},"modified":"2021-06-25T09:15:24","modified_gmt":"2021-06-25T09:15:24","slug":"plan-de-accion","status":"publish","type":"page","link":"https:\/\/www.3sqair.com\/es\/plan-de-accion\/","title":{"rendered":"Plan de Acci\u00f3n"},"content":{"rendered":"<p>[vc_row padding_bottom_multiplier=\u00bb3x\u00bb equal_column_height=\u00bbequal\u00bb separator_top_color=\u00bb#1e73be\u00bb][vc_column width=\u00bb1\/2&#8243; vertical_content_position=\u00bbmiddle\u00bb full_height=\u00bbyes\u00bb rc_bg_type=\u00bbcolor\u00bb tablet_sm_width=\u00bbhide\u00bb mobile_width=\u00bbhide\u00bb grve_css=\u00bb{\u00abdesktop\u00ab:{\u00abpadding-left\u00ab:\u00ab2\u00ab,\u00abclass\u00ab:\u00abgrve-wpb-1620388670143\u00ab},\u00abtablet_landscape\u00ab:{\u00abpadding-right\u00ab:\u00ab15%\u00ab,\u00abpadding-left\u00ab:\u00ab2%\u00ab}}\u00bb]<h6 data-animation=\"clipping-left\" data-delay=\"100\" data-duration=\"slow\" class=\"grve-element grve-title grve-align-left grve-clipping-animation grve-advanced-animation grve-animated-item grve-h6 grve-text-primary-1\"><span><br>\n<h6 style=\"text-align: left;\">PLAN DE ACCI\u00d3N<\/h6>\n<\/span><\/h6><h1 data-animation=\"clipping-left\" data-delay=\"200\" data-duration=\"slow\" class=\"grve-element grve-title grve-align-left grve-clipping-animation grve-advanced-animation grve-animated-item grve-h1\"><span>Hoja de ruta<br \/>\ny <span style=\"color: #fdc608;\">estrategia RIS3<\/span><\/span><\/h1>[vc_column_text animation=\u00bbfade-in-up\u00bb animation_delay=\u00bb2&#8243;]El plan de acci\u00f3n constituye la hoja de ruta que incluye la estrategia RIS3 para implementar los objetivos relacionados con la sostenibilidad de manera equilibrada, permitiendo su compatibilidad con una buena CAI en las aulas de los pa\u00edses involucrados.<\/p>\n<p>Esta estrategia permite obtener beneficios en la competitividad de los sistemas educativos de los socios, mediante la mejora del rendimiento de aprendizaje de los estudiantes.<br \/>\nAdem\u00e1s, las empresas relacionadas incrementar\u00e1n su conocimiento lo que supondr\u00e1 una mejora en la calidad de sus servicios para controlar la CAI.[\/vc_column_text][\/vc_column][vc_column width=\u00bb1\/2&#8243; vertical_content_position=\u00bbmiddle\u00bb full_height=\u00bbyes\u00bb animation=\u00bbclipping\u00bb clipping_animation=\u00bbclipping-right\u00bb animation_delay=\u00bb100&#8243; animation_duration=\u00bbslow\u00bb column_sticky=\u00bbyes\u00bb hover_animation=\u00bbmagnetism\u00bb tablet_sm_width=\u00bbhide\u00bb mobile_width=\u00bbhide\u00bb]<div style=\"height: 60px;\" class=\"grve-empty-space\"><\/div><div class=\"grve-element grve-image grve-align-center\">\r\n\t<div class=\"grve-image-item\">\r\n\t\t\r\n\r\n<div class=\"grve-image-wrapper grve-radius-5 grve-shadow-small grve-no-effect\">\r\n\t\t<div class=\"grve-thumbnail-wrapper\"  style=\"width: 1500px;\"><div class=\"grve-thumbnail\"  style=\"padding-top: 56.333%;\"><img width=\"1500\" height=\"845\" src=\"https:\/\/www.3sqair.com\/wp-content\/uploads\/2021\/05\/prueba-fondo1.jpg\" class=\"attachment-full size-full\" alt=\"\" data-column-space=\"auto\" data-lazyload=\"\" data-grve-filter=\"yes\" srcset=\"https:\/\/www.3sqair.com\/wp-content\/uploads\/2021\/05\/prueba-fondo1.jpg 1500w, https:\/\/www.3sqair.com\/wp-content\/uploads\/2021\/05\/prueba-fondo1-300x169.jpg 300w, https:\/\/www.3sqair.com\/wp-content\/uploads\/2021\/05\/prueba-fondo1-1024x577.jpg 1024w, https:\/\/www.3sqair.com\/wp-content\/uploads\/2021\/05\/prueba-fondo1-768x433.jpg 768w, https:\/\/www.3sqair.com\/wp-content\/uploads\/2021\/05\/prueba-fondo1-1390x782.jpg 1390w\" sizes=\"(max-width: 1500px) 100vw, 1500px\" \/><\/div><\/div>\t<\/div>\r\n\t<\/div>\r\n<\/div>\r\n[\/vc_column][\/vc_row][vc_row padding_top_multiplier=\u00bb\u00bb padding_bottom_multiplier=\u00bb4x\u00bb separator_top_color=\u00bb#1e73be\u00bb][vc_column full_height=\u00bbyes\u00bb rc_bg_type=\u00bbcolor\u00bb desktop_hide=\u00bbhide\u00bb tablet_width=\u00bbhide\u00bb mobile_text_align=\u00bbleft\u00bb grve_css=\u00bb{\u00abdesktop\u00ab:{\u00abpadding-left\u00ab:\u00ab2\u00ab,\u00abclass\u00ab:\u00abgrve-wpb-1620201796856\u00ab},\u00abtablet_landscape\u00ab:{\u00abpadding-right\u00ab:\u00ab15%\u00ab,\u00abpadding-left\u00ab:\u00ab2%\u00ab}}\u00bb]<h6 class=\"grve-element grve-title grve-align-left grve-h6 grve-text-primary-1\"><span><br>\n<h6 style=\"text-align: left;\">PLAN DE ACCI\u00d3N<\/h6>\n<\/span><\/h6><h1 class=\"grve-element grve-title grve-align-left grve-h1\"><span>Hoja de ruta<br \/>\ny <span style=\"color: #fdc608;\">estrategia RIS3<\/span><\/span><\/h1>[vc_column_text animation_delay=\u00bb2&#8243;]El plan de acci\u00f3n constituye la hoja de ruta que incluye la estrategia RIS3 para implementar los objetivos relacionados con la sostenibilidad de manera equilibrada, permitiendo su compatibilidad con una buena CAI en las aulas de los pa\u00edses involucrados.<\/p>\n<p>Esta estrategia permite obtener beneficios en la competitividad de los sistemas educativos de los socios, mediante la mejora del rendimiento de aprendizaje de los estudiantes.<br \/>\nAdem\u00e1s, las empresas relacionadas incrementar\u00e1n su conocimiento lo que supondr\u00e1 una mejora en la calidad de sus servicios para controlar la CAI.[\/vc_column_text][\/vc_column][\/vc_row][vc_row padding_top_multiplier=\u00bb\u00bb][vc_column tablet_sm_width=\u00bbhide\u00bb mobile_width=\u00bbhide\u00bb][\/vc_column][\/vc_row][vc_row section_type=\u00bbfullwidth\u00bb][vc_column tablet_sm_width=\u00bbhide\u00bb mobile_width=\u00bbhide\u00bb grve_css=\u00bb{\u00abdesktop\u00ab:{\u00abmargin-bottom\u00ab:\u00ab-22%\u00ab,\u00abclass\u00ab:\u00abgrve-wpb-1620201043011\u00ab}}\u00bb][vc_row_inner][vc_column_inner width=\u00bb1\/2&#8243;]<div data-animation=\"clipping-left\" data-delay=\"100\" data-duration=\"slow\" class=\"grve-element grve-image grve-align-center grve-clipping-animation grve-advanced-animation grve-animated-item\">\r\n\t<div class=\"grve-image-item\">\r\n\t\t\r\n\r\n<div class=\"grve-image-wrapper grve-radius-5 grve-shadow-small grve-no-effect\">\r\n\t\t<div class=\"grve-thumbnail-wrapper\"  style=\"width: 1500px;\"><div class=\"grve-thumbnail\"  style=\"padding-top: 56.333%;\"><img width=\"1500\" height=\"845\" src=\"https:\/\/www.3sqair.com\/wp-content\/uploads\/2021\/05\/action-plan-3sqair-img02.jpg\" class=\"attachment-full size-full\" alt=\"\" data-column-space=\"auto\" data-lazyload=\"\" data-grve-filter=\"yes\" srcset=\"https:\/\/www.3sqair.com\/wp-content\/uploads\/2021\/05\/action-plan-3sqair-img02.jpg 1500w, https:\/\/www.3sqair.com\/wp-content\/uploads\/2021\/05\/action-plan-3sqair-img02-300x169.jpg 300w, https:\/\/www.3sqair.com\/wp-content\/uploads\/2021\/05\/action-plan-3sqair-img02-1024x577.jpg 1024w, https:\/\/www.3sqair.com\/wp-content\/uploads\/2021\/05\/action-plan-3sqair-img02-768x433.jpg 768w, https:\/\/www.3sqair.com\/wp-content\/uploads\/2021\/05\/action-plan-3sqair-img02-1390x782.jpg 1390w\" sizes=\"(max-width: 1500px) 100vw, 1500px\" \/><\/div><\/div>\t<\/div>\r\n\t<\/div>\r\n<\/div>\r\n[\/vc_column_inner][vc_column_inner width=\u00bb1\/2&#8243;][\/vc_column_inner][\/vc_row_inner][\/vc_column][\/vc_row][vc_row rc_bg_type=\u00bbcolor\u00bb rc_bg_color=\u00bbrgba(0,51,153,0.08)\u00bb][vc_column tablet_sm_width=\u00bbhide\u00bb mobile_width=\u00bbhide\u00bb][vc_row_inner][vc_column_inner width=\u00bb1\/2&#8243;]<div style=\"height: 500px;\" class=\"grve-empty-space\"><\/div>[\/vc_column_inner][vc_column_inner width=\u00bb1\/2&#8243;]<div style=\"height: 70px;\" class=\"grve-empty-space\"><\/div><h1 data-animation=\"clipping-left\" data-delay=\"200\" data-duration=\"slow\" class=\"grve-element grve-title grve-align-left grve-clipping-animation grve-advanced-animation grve-animated-item grve-h1\"><span>Campa\u00f1as de<br \/>\nsensibilizaci\u00f3n<br>\n<\/span><\/h1>[vc_column_text animation=\u00bbfade-in-up\u00bb animation_delay=\u00bb2&#8243;]Transmitir el conocimiento adquirido y el aprovechamiento de todas las conclusiones y los estudios es uno de los fines del proyecto, que se materializar\u00e1n con el fin de que todos los agentes puedan beneficiarse.<\/p>\n<p>Esto incluye cursos de formaci\u00f3n sobre la mejora de la calidad del aire interior en edificios educativos en los tres pa\u00edses socios.[\/vc_column_text][\/vc_column_inner][\/vc_row_inner][vc_row_inner][vc_column_inner][vc_column_text animation=\u00bbfade-in-up\u00bb animation_delay=\u00bb2&#8243;]<\/p>\n<h5 style=\"text-align: center;\">Los beneficiarios de este material ser\u00e1n:<\/h5>\n<p>[\/vc_column_text][\/vc_column_inner][\/vc_row_inner]<div style=\"height: 50px;\" class=\"grve-empty-space\"><\/div>[vc_row_inner][vc_column_inner width=\u00bb1\/3&#8243;]<div class=\"grve-element grve-fancy-box grve-align-left grve-bg-light-grey grve-radius-5 grve-small-shadow\"><div class=\"grve-fancy-box-inner\"><div class=\"grve-fancy-box-icon\"><i class=\"et-icon-presentation grve-text-primary-1 grve-small\"><\/i><\/div><p class=\"grve-description\">Administraci\u00f3n general del Estado.<br \/>\nAsociaciones profesionales.<br \/>\nAsociaciones interprofesionales.<br \/>\nAsociaciones empresariales de productores y fabricantes.<br \/>\nUniversidad y centros de ense\u00f1anza superior.<br \/>\nOtros centros de ense\u00f1anza.<br \/>\nCentros y parques tecnol\u00f3gicos\/cient\u00edficos.<\/p>\n<p><\/p>  <\/div><div class=\"grve-fancy-box-bg grve-bg-primary-1 grve-radius-5\"><\/div><\/div>[\/vc_column_inner][vc_column_inner width=\u00bb1\/3&#8243;]<div class=\"grve-element grve-fancy-box grve-align-left grve-bg-light-grey grve-radius-5 grve-small-shadow\"><div class=\"grve-fancy-box-inner\"><div class=\"grve-fancy-box-icon\"><i class=\"et-icon-mobile grve-text-primary-2 grve-small\"><\/i><\/div><p class=\"grve-description\">Institutos, laboratorios y centros de investigaci\u00f3n.<br \/>\nAdministraci\u00f3n regional.<br \/>\nOtros actores p\u00fablicos de innovaci\u00f3n y transferencia tecnol\u00f3gica.<br \/>\nAgencias Regionales de Innovaci\u00f3n.<br \/>\nAgencias de desarrollo regional.<br \/>\nAsociaciones (excepto B2).<br \/>\nEntidades parap\u00fablicas pertenecientes a una estructura administrativa.<\/p>\n<p><\/p>  <\/div><div class=\"grve-fancy-box-bg grve-bg-primary-2 grve-radius-5\"><\/div><\/div>[\/vc_column_inner][vc_column_inner width=\u00bb1\/3&#8243;]<div class=\"grve-element grve-fancy-box grve-align-left grve-bg-light-grey grve-radius-5 grve-small-shadow\"><div class=\"grve-fancy-box-inner\"><div class=\"grve-fancy-box-icon\"><i class=\"et-icon-linegraph grve-text-primary-3 grve-small\"><\/i><\/div><p class=\"grve-description\">Entidades p\u00fablicas.<br \/>\nEmpresas p\u00fablicas.<br \/>\nAgrupaciones Europeas de Cooperaci\u00f3n Territorial.<br \/>\nMicroempresas.<br \/>\nPeque\u00f1as y medianas empresas.<br \/>\nGran empresa.<br \/>\nAdministraci\u00f3n local.<br \/>\nMancomunidades.<\/p>\n<p><\/p>  <\/div><div class=\"grve-fancy-box-bg grve-bg-primary-3 grve-radius-5\"><\/div><\/div>[\/vc_column_inner][\/vc_row_inner][vc_row_inner][vc_column_inner]<div style=\"height: 100px;\" class=\"grve-empty-space\"><\/div>[\/vc_column_inner][\/vc_row_inner][\/vc_column][\/vc_row][vc_row rc_bg_type=\u00bbcolor\u00bb rc_bg_color=\u00bbrgba(0,51,153,0.08)\u00bb][vc_column desktop_hide=\u00bbhide\u00bb tablet_width=\u00bbhide\u00bb]<div style=\"height: 100px;\" class=\"grve-empty-space\"><\/div><div class=\"grve-element grve-image grve-align-center\">\r\n\t<div class=\"grve-image-item\">\r\n\t\t\r\n\r\n<div class=\"grve-image-wrapper grve-radius-5 grve-shadow-small grve-no-effect\">\r\n\t\t<div class=\"grve-thumbnail-wrapper\"  style=\"width: 1500px;\"><div class=\"grve-thumbnail\"  style=\"padding-top: 56.333%;\"><img width=\"1500\" height=\"845\" src=\"https:\/\/www.3sqair.com\/wp-content\/uploads\/2021\/05\/prueba-fondo1.jpg\" class=\"attachment-full size-full\" alt=\"\" data-column-space=\"auto\" data-lazyload=\"\" data-grve-filter=\"yes\" srcset=\"https:\/\/www.3sqair.com\/wp-content\/uploads\/2021\/05\/prueba-fondo1.jpg 1500w, https:\/\/www.3sqair.com\/wp-content\/uploads\/2021\/05\/prueba-fondo1-300x169.jpg 300w, https:\/\/www.3sqair.com\/wp-content\/uploads\/2021\/05\/prueba-fondo1-1024x577.jpg 1024w, https:\/\/www.3sqair.com\/wp-content\/uploads\/2021\/05\/prueba-fondo1-768x433.jpg 768w, https:\/\/www.3sqair.com\/wp-content\/uploads\/2021\/05\/prueba-fondo1-1390x782.jpg 1390w\" sizes=\"(max-width: 1500px) 100vw, 1500px\" \/><\/div><\/div>\t<\/div>\r\n\t<\/div>\r\n<\/div>\r\n<div style=\"height: 50px;\" class=\"grve-empty-space\"><\/div><h1 class=\"grve-element grve-title grve-align-left grve-h1\"><span>Campa\u00f1as de<br \/>\nsensibilizaci\u00f3n<\/span><\/h1>[vc_column_text]Transmitir el conocimiento adquirido y el aprovechamiento de todas las conclusiones y los estudios es uno de los fines del proyecto, que se materializar\u00e1n con el fin de que todos los agentes puedan beneficiarse.<\/p>\n<p>Esto incluye cursos de formaci\u00f3n sobre la mejora de la calidad del aire interior en edificios educativos en los tres pa\u00edses socios.<\/p>\n<p>Los beneficiarios de este material ser\u00e1n:[\/vc_column_text]<div style=\"height: 50px;\" class=\"grve-empty-space\"><\/div><div class=\"grve-element grve-fancy-box grve-align-left grve-bg-light-grey grve-radius-5 grve-small-shadow\"><div class=\"grve-fancy-box-inner\"><div class=\"grve-fancy-box-icon\"><i class=\"et-icon-presentation grve-text-primary-1 grve-small\"><\/i><\/div><p class=\"grve-description\">Administraci\u00f3n general del Estado.<br \/>\nAsociaciones profesionales.<br \/>\nAsociaciones interprofesionales.<br \/>\nAsociaciones empresariales de productores y fabricantes.<br \/>\nUniversidad y centros de ense\u00f1anza superior.<br \/>\nOtros centros de ense\u00f1anza.<br \/>\nCentros y parques tecnol\u00f3gicos\/cient\u00edficos.<br \/>\n<\/p>  <\/div><div class=\"grve-fancy-box-bg grve-bg-primary-1 grve-radius-5\"><\/div><\/div><div style=\"height: 100px;\" class=\"grve-empty-space\"><\/div><div class=\"grve-element grve-fancy-box grve-align-left grve-bg-light-grey grve-radius-5 grve-small-shadow\"><div class=\"grve-fancy-box-inner\"><div class=\"grve-fancy-box-icon\"><i class=\"et-icon-mobile grve-text-primary-2 grve-small\"><\/i><\/div><p class=\"grve-description\">Institutos, laboratorios y centros de investigaci\u00f3n.<br \/>\nAdministraci\u00f3n regional.<br \/>\nOtros actores p\u00fablicos de innovaci\u00f3n y transferencia tecnol\u00f3gica.<br \/>\nAgencias Regionales de Innovaci\u00f3n.<br \/>\nAgencias de desarrollo regional.<br \/>\nAsociaciones (excepto B2).<br \/>\nEntidades parap\u00fablicas pertenecientes a una estructura administrativa.<br \/>\n<\/p>  <\/div><div class=\"grve-fancy-box-bg grve-bg-primary-2 grve-radius-5\"><\/div><\/div><div style=\"height: 100px;\" class=\"grve-empty-space\"><\/div><div class=\"grve-element grve-fancy-box grve-align-left grve-bg-light-grey grve-radius-5 grve-small-shadow\"><div class=\"grve-fancy-box-inner\"><div class=\"grve-fancy-box-icon\"><i class=\"et-icon-linegraph grve-text-primary-3 grve-small\"><\/i><\/div><p class=\"grve-description\">Entidades p\u00fablicas.<br \/>\nEmpresas p\u00fablicas.<br \/>\nAgrupaciones Europeas de Cooperaci\u00f3n Territorial.<br \/>\nMicroempresas.<br \/>\nPeque\u00f1as y medianas empresas.<br \/>\nGran empresa.<br \/>\nAdministraci\u00f3n local.<br \/>\nMancomunidades.<\/p>\n<p><\/p>  <\/div><div class=\"grve-fancy-box-bg grve-bg-primary-3 grve-radius-5\"><\/div><\/div><div style=\"height: 120px;\" class=\"grve-empty-space\"><\/div>[\/vc_column][\/vc_row]<\/p>\n","protected":false},"excerpt":{"rendered":"<p>[vc_row padding_bottom_multiplier=\u00bb3x\u00bb equal_column_height=\u00bbequal\u00bb separator_top_color=\u00bb#1e73be\u00bb][vc_column width=\u00bb1\/2&#8243; vertical_content_position=\u00bbmiddle\u00bb full_height=\u00bbyes\u00bb rc_bg_type=\u00bbcolor\u00bb tablet_sm_width=\u00bbhide\u00bb mobile_width=\u00bbhide\u00bb grve_css=\u00bb{\u00abdesktop\u00ab:{\u00abpadding-left\u00ab:\u00ab2\u00ab,\u00abclass\u00ab:\u00abgrve-wpb-1620388670143\u00ab},\u00abtablet_landscape\u00ab:{\u00abpadding-right\u00ab:\u00ab15%\u00ab,\u00abpadding-left\u00ab:\u00ab2%\u00ab}}\u00bb][vc_column_text animation=\u00bbfade-in-up\u00bb animation_delay=\u00bb2&#8243;]El plan de acci\u00f3n constituye la hoja de ruta que incluye la estrategia RIS3 para implementar los objetivos relacionados con la sostenibilidad de manera equilibrada, permitiendo su compatibilidad con una buena CAI en las aulas de los pa\u00edses involucrados. Esta estrategia permite obtener [&hellip;]<\/p>\n","protected":false},"author":1,"featured_media":1242,"parent":0,"menu_order":0,"comment_status":"closed","ping_status":"closed","template":"","meta":{"_monsterinsights_skip_tracking":false,"_monsterinsights_sitenote_active":false,"_monsterinsights_sitenote_note":"","_monsterinsights_sitenote_category":0},"acf":[],"yoast_head":"<!-- This site is optimized with the Yoast SEO plugin v20.4 - https:\/\/yoast.com\/wordpress\/plugins\/seo\/ -->\n<title>Plan de Acci\u00f3n - 3SqAIR<\/title>\n<meta name=\"robots\" content=\"index, follow, max-snippet:-1, max-image-preview:large, max-video-preview:-1\" \/>\n<link rel=\"canonical\" href=\"https:\/\/www.3sqair.com\/es\/plan-de-accion\/\" \/>\n<meta property=\"og:locale\" content=\"es_ES\" \/>\n<meta property=\"og:type\" content=\"article\" \/>\n<meta property=\"og:title\" content=\"Plan de Acci\u00f3n - 3SqAIR\" \/>\n<meta property=\"og:description\" content=\"[vc_row padding_bottom_multiplier=\u00bb3x\u00bb equal_column_height=\u00bbequal\u00bb separator_top_color=\u00bb#1e73be\u00bb][vc_column width=\u00bb1\/2&#8243; vertical_content_position=\u00bbmiddle\u00bb full_height=\u00bbyes\u00bb rc_bg_type=\u00bbcolor\u00bb tablet_sm_width=\u00bbhide\u00bb mobile_width=\u00bbhide\u00bb grve_css=\u00bb{\u00abdesktop\u00ab:{\u00abpadding-left\u00ab:\u00ab2\u00ab,\u00abclass\u00ab:\u00abgrve-wpb-1620388670143\u00ab},\u00abtablet_landscape\u00ab:{\u00abpadding-right\u00ab:\u00ab15%\u00ab,\u00abpadding-left\u00ab:\u00ab2%\u00ab}}\u00bb][vc_column_text animation=\u00bbfade-in-up\u00bb animation_delay=\u00bb2&#8243;]El plan de acci\u00f3n constituye la hoja de ruta que incluye la estrategia RIS3 para implementar los objetivos relacionados con la sostenibilidad de manera equilibrada, permitiendo su compatibilidad con una buena CAI en las aulas de los pa\u00edses involucrados. Esta estrategia permite obtener [&hellip;]\" \/>\n<meta property=\"og:url\" content=\"https:\/\/www.3sqair.com\/es\/plan-de-accion\/\" \/>\n<meta property=\"og:site_name\" content=\"3SqAIR\" \/>\n<meta property=\"article:modified_time\" content=\"2021-06-25T09:15:24+00:00\" \/>\n<meta property=\"og:image\" content=\"https:\/\/www.3sqair.com\/wp-content\/uploads\/2021\/05\/action-plan-3sqair-img02.jpg\" \/>\n\t<meta property=\"og:image:width\" content=\"1500\" \/>\n\t<meta property=\"og:image:height\" content=\"845\" \/>\n\t<meta property=\"og:image:type\" content=\"image\/jpeg\" \/>\n<meta name=\"twitter:card\" content=\"summary_large_image\" \/>\n<meta name=\"twitter:label1\" content=\"Tiempo de lectura\" \/>\n\t<meta name=\"twitter:data1\" content=\"7 minutos\" \/>\n<script type=\"application\/ld+json\" class=\"yoast-schema-graph\">{\"@context\":\"https:\/\/schema.org\",\"@graph\":[{\"@type\":\"WebPage\",\"@id\":\"https:\/\/www.3sqair.com\/es\/plan-de-accion\/\",\"url\":\"https:\/\/www.3sqair.com\/es\/plan-de-accion\/\",\"name\":\"Plan de Acci\u00f3n - 3SqAIR\",\"isPartOf\":{\"@id\":\"https:\/\/www.3sqair.com\/es\/#website\"},\"datePublished\":\"2021-06-22T10:51:36+00:00\",\"dateModified\":\"2021-06-25T09:15:24+00:00\",\"breadcrumb\":{\"@id\":\"https:\/\/www.3sqair.com\/es\/plan-de-accion\/#breadcrumb\"},\"inLanguage\":\"es\",\"potentialAction\":[{\"@type\":\"ReadAction\",\"target\":[\"https:\/\/www.3sqair.com\/es\/plan-de-accion\/\"]}]},{\"@type\":\"BreadcrumbList\",\"@id\":\"https:\/\/www.3sqair.com\/es\/plan-de-accion\/#breadcrumb\",\"itemListElement\":[{\"@type\":\"ListItem\",\"position\":1,\"name\":\"Home\",\"item\":\"https:\/\/www.3sqair.com\/es\/\"},{\"@type\":\"ListItem\",\"position\":2,\"name\":\"Plan de Acci\u00f3n\"}]},{\"@type\":\"WebSite\",\"@id\":\"https:\/\/www.3sqair.com\/es\/#website\",\"url\":\"https:\/\/www.3sqair.com\/es\/\",\"name\":\"3SqAIR\",\"description\":\"SUSTAINABLE SMART STRATEGY FOR AIR QUALITY ASSURANCE IN CLASSROOMS\",\"potentialAction\":[{\"@type\":\"SearchAction\",\"target\":{\"@type\":\"EntryPoint\",\"urlTemplate\":\"https:\/\/www.3sqair.com\/es\/?s={search_term_string}\"},\"query-input\":\"required name=search_term_string\"}],\"inLanguage\":\"es\"}]}<\/script>\n<!-- \/ Yoast SEO plugin. -->","yoast_head_json":{"title":"Plan de Acci\u00f3n - 3SqAIR","robots":{"index":"index","follow":"follow","max-snippet":"max-snippet:-1","max-image-preview":"max-image-preview:large","max-video-preview":"max-video-preview:-1"},"canonical":"https:\/\/www.3sqair.com\/es\/plan-de-accion\/","og_locale":"es_ES","og_type":"article","og_title":"Plan de Acci\u00f3n - 3SqAIR","og_description":"[vc_row padding_bottom_multiplier=\u00bb3x\u00bb equal_column_height=\u00bbequal\u00bb separator_top_color=\u00bb#1e73be\u00bb][vc_column width=\u00bb1\/2&#8243; vertical_content_position=\u00bbmiddle\u00bb full_height=\u00bbyes\u00bb rc_bg_type=\u00bbcolor\u00bb tablet_sm_width=\u00bbhide\u00bb mobile_width=\u00bbhide\u00bb grve_css=\u00bb{\u00abdesktop\u00ab:{\u00abpadding-left\u00ab:\u00ab2\u00ab,\u00abclass\u00ab:\u00abgrve-wpb-1620388670143\u00ab},\u00abtablet_landscape\u00ab:{\u00abpadding-right\u00ab:\u00ab15%\u00ab,\u00abpadding-left\u00ab:\u00ab2%\u00ab}}\u00bb][vc_column_text animation=\u00bbfade-in-up\u00bb animation_delay=\u00bb2&#8243;]El plan de acci\u00f3n constituye la hoja de ruta que incluye la estrategia RIS3 para implementar los objetivos relacionados con la sostenibilidad de manera equilibrada, permitiendo su compatibilidad con una buena CAI en las aulas de los pa\u00edses involucrados. Esta estrategia permite obtener [&hellip;]","og_url":"https:\/\/www.3sqair.com\/es\/plan-de-accion\/","og_site_name":"3SqAIR","article_modified_time":"2021-06-25T09:15:24+00:00","og_image":[{"width":1500,"height":845,"url":"https:\/\/www.3sqair.com\/wp-content\/uploads\/2021\/05\/action-plan-3sqair-img02.jpg","type":"image\/jpeg"}],"twitter_card":"summary_large_image","twitter_misc":{"Tiempo de lectura":"7 minutos"},"schema":{"@context":"https:\/\/schema.org","@graph":[{"@type":"WebPage","@id":"https:\/\/www.3sqair.com\/es\/plan-de-accion\/","url":"https:\/\/www.3sqair.com\/es\/plan-de-accion\/","name":"Plan de Acci\u00f3n - 3SqAIR","isPartOf":{"@id":"https:\/\/www.3sqair.com\/es\/#website"},"datePublished":"2021-06-22T10:51:36+00:00","dateModified":"2021-06-25T09:15:24+00:00","breadcrumb":{"@id":"https:\/\/www.3sqair.com\/es\/plan-de-accion\/#breadcrumb"},"inLanguage":"es","potentialAction":[{"@type":"ReadAction","target":["https:\/\/www.3sqair.com\/es\/plan-de-accion\/"]}]},{"@type":"BreadcrumbList","@id":"https:\/\/www.3sqair.com\/es\/plan-de-accion\/#breadcrumb","itemListElement":[{"@type":"ListItem","position":1,"name":"Home","item":"https:\/\/www.3sqair.com\/es\/"},{"@type":"ListItem","position":2,"name":"Plan de Acci\u00f3n"}]},{"@type":"WebSite","@id":"https:\/\/www.3sqair.com\/es\/#website","url":"https:\/\/www.3sqair.com\/es\/","name":"3SqAIR","description":"SUSTAINABLE SMART STRATEGY FOR AIR QUALITY ASSURANCE IN CLASSROOMS","potentialAction":[{"@type":"SearchAction","target":{"@type":"EntryPoint","urlTemplate":"https:\/\/www.3sqair.com\/es\/?s={search_term_string}"},"query-input":"required name=search_term_string"}],"inLanguage":"es"}]}},"_links":{"self":[{"href":"https:\/\/www.3sqair.com\/es\/wp-json\/wp\/v2\/pages\/1302"}],"collection":[{"href":"https:\/\/www.3sqair.com\/es\/wp-json\/wp\/v2\/pages"}],"about":[{"href":"https:\/\/www.3sqair.com\/es\/wp-json\/wp\/v2\/types\/page"}],"author":[{"embeddable":true,"href":"https:\/\/www.3sqair.com\/es\/wp-json\/wp\/v2\/users\/1"}],"replies":[{"embeddable":true,"href":"https:\/\/www.3sqair.com\/es\/wp-json\/wp\/v2\/comments?post=1302"}],"version-history":[{"count":0,"href":"https:\/\/www.3sqair.com\/es\/wp-json\/wp\/v2\/pages\/1302\/revisions"}],"wp:featuredmedia":[{"embeddable":true,"href":"https:\/\/www.3sqair.com\/es\/wp-json\/wp\/v2\/media\/1242"}],"wp:attachment":[{"href":"https:\/\/www.3sqair.com\/es\/wp-json\/wp\/v2\/media?parent=1302"}],"curies":[{"name":"wp","href":"https:\/\/api.w.org\/{rel}","templated":true}]}}