{"id":1288,"date":"2021-06-22T10:37:49","date_gmt":"2021-06-22T10:37:49","guid":{"rendered":"https:\/\/www.3sqair.com\/?page_id=1288"},"modified":"2021-06-25T08:21:02","modified_gmt":"2021-06-25T08:21:02","slug":"red-de-expertos","status":"publish","type":"page","link":"https:\/\/www.3sqair.com\/es\/red-de-expertos\/","title":{"rendered":"Red de expertos"},"content":{"rendered":"<p>[vc_row section_type=\u00bbfullwidth\u00bb padding_bottom_multiplier=\u00bb3x\u00bb equal_column_height=\u00bbequal\u00bb separator_top_color=\u00bb#1e73be\u00bb][vc_column width=\u00bb1\/2&#8243; animation=\u00bbzoom-in\u00bb animation_delay=\u00bb100&#8243; animation_duration=\u00bbslow\u00bb column_sticky=\u00bbyes\u00bb hover_animation=\u00bbmagnetism\u00bb]<div class=\"grve-element grve-image grve-align-right\">\r\n\t<div class=\"grve-image-item\">\r\n\t\t\r\n\r\n<div class=\"grve-image-wrapper grve-no-effect\">\r\n\t\t<div class=\"grve-thumbnail-wrapper\"  style=\"width: 824px;\"><div class=\"grve-thumbnail\"  style=\"padding-top: 76.214%;\"><img width=\"824\" height=\"628\" src=\"https:\/\/www.3sqair.com\/wp-content\/uploads\/2021\/04\/expert-networks-3sqair-img02.jpg\" class=\"attachment-full size-full\" alt=\"\" data-column-space=\"auto\" data-lazyload=\"\" data-grve-filter=\"yes\" srcset=\"https:\/\/www.3sqair.com\/wp-content\/uploads\/2021\/04\/expert-networks-3sqair-img02.jpg 824w, https:\/\/www.3sqair.com\/wp-content\/uploads\/2021\/04\/expert-networks-3sqair-img02-300x229.jpg 300w, https:\/\/www.3sqair.com\/wp-content\/uploads\/2021\/04\/expert-networks-3sqair-img02-768x585.jpg 768w\" sizes=\"(max-width: 824px) 100vw, 824px\" \/><\/div><\/div>\t<\/div>\r\n\t<\/div>\r\n<\/div>\r\n[\/vc_column][vc_column width=\u00bb1\/2&#8243; vertical_content_position=\u00bbmiddle\u00bb full_height=\u00bbyes\u00bb rc_bg_type=\u00bbcolor\u00bb grve_css=\u00bb{\u00abdesktop\u00ab:{\u00abpadding-right\u00ab:\u00ab30%\u00ab,\u00abpadding-left\u00ab:\u00ab2%\u00ab,\u00abclass\u00ab:\u00abgrve-wpb-1619681981569\u00ab},\u00abtablet_landscape\u00ab:{\u00abpadding-right\u00ab:\u00ab15%\u00ab,\u00abpadding-left\u00ab:\u00ab2%\u00ab}}\u00bb]<h6 data-animation=\"clipping-left\" data-delay=\"100\" data-duration=\"slow\" class=\"grve-element grve-title grve-align-left grve-clipping-animation grve-advanced-animation grve-animated-item grve-h6 grve-text-primary-1\"><span><br>\n<h6 style=\"text-align: left;\">RED DE EXPERTOS<\/h6>\n<\/span><\/h6><h1 data-animation=\"clipping-left\" data-delay=\"200\" data-duration=\"slow\" class=\"grve-element grve-title grve-align-left grve-clipping-animation grve-advanced-animation grve-animated-item grve-h1\"><span>El reto principal<br \/>\n<span style=\"color: #fdc608;\">del Proyecto<\/span><\/span><\/h1>[vc_column_text animation=\u00bbfade-in-up\u00bb animation_delay=\u00bb2&#8243;]Es identificar y promover las mejores pr\u00e1cticas durante y despu\u00e9s del proyecto, por ello, la identificaci\u00f3n e involucraci\u00f3n de los actores interesados en el proyecto y los grupos destinatarios, es fundamental.[\/vc_column_text][\/vc_column][\/vc_row][vc_row padding_top_multiplier=\u00bb3x\u00bb padding_bottom_multiplier=\u00bb3x\u00bb rc_bg_type=\u00bbgradient\u00bb rc_bg_gradient_color_1=\u00bbrgba(3,78,144,0.08)\u00bb rc_bg_gradient_color_2=\u00bbrgba(29,190,244,0.05)\u00bb rc_bg_gradient_direction=\u00bb45&#8243; separator_top=\u00bbwave-right-separator\u00bb separator_top_size=\u00bb60px\u00bb separator_bottom_size=\u00bb30px\u00bb][vc_column][vc_row_inner][vc_column_inner width=\u00bb1\/2&#8243;]<h2 data-animation=\"clipping-left\" data-delay=\"200\" data-duration=\"slow\" class=\"grve-element grve-title grve-align-left grve-clipping-animation grve-advanced-animation grve-animated-item grve-h2\"><span><br>\n<p style=\"text-align: left;\">Plataforma Online<br>\n<\/span><\/h2>[vc_column_text animation=\u00bbfade-in-up\u00bb animation_delay=\u00bb2&#8243;]El eje central de esa red de expertos ser\u00e1 una <strong>plataforma online<\/strong> que recoja recursos \u00fatiles, oportunidades de formaci\u00f3n, bibliograf\u00eda, estudios de casos de mejores pr\u00e1cticas, herramientas.<\/p>\n<p>As\u00ed como informaci\u00f3n de contacto sobre proyectos I+D, que se pondr\u00e1n a disposici\u00f3n de toda la red expertos interesados.[\/vc_column_text]<div style=\"height: 50px;\" class=\"grve-empty-space\"><\/div>[\/vc_column_inner][vc_column_inner width=\u00bb1\/2&#8243;]<div class=\"grve-element grve-image grve-align-center\">\r\n\t<div class=\"grve-image-item\">\r\n\t\t\r\n\r\n<div class=\"grve-image-wrapper grve-no-effect\">\r\n\t\t<div class=\"grve-thumbnail-wrapper\"  style=\"width: 627px;\"><div class=\"grve-thumbnail\"  style=\"padding-top: 68.102%;\"><img width=\"627\" height=\"427\" src=\"https:\/\/www.3sqair.com\/wp-content\/uploads\/2021\/04\/prueba3.png\" class=\"attachment-full size-full\" alt=\"\" data-column-space=\"auto\" data-lazyload=\"\" data-grve-filter=\"yes\" srcset=\"https:\/\/www.3sqair.com\/wp-content\/uploads\/2021\/04\/prueba3.png 627w, https:\/\/www.3sqair.com\/wp-content\/uploads\/2021\/04\/prueba3-300x204.png 300w\" sizes=\"(max-width: 627px) 100vw, 627px\" \/><\/div><\/div>\t<\/div>\r\n\t<\/div>\r\n<\/div>\r\n[\/vc_column_inner][\/vc_row_inner][vc_column_text animation=\u00bbfade-in-up\u00bb animation_delay=\u00bb2&#8243;]<span style=\"color: #003399;\"><strong>La plataforma incluir\u00e1:<\/strong><\/span>[\/vc_column_text]<div style=\"height: 50px;\" class=\"grve-empty-space\"><\/div>[vc_row_inner][vc_column_inner width=\u00bb1\/4&#8243;]<div class=\"grve-element grve-box-icon grve-small grve-top-icon grve-align-left\"><div class=\"grve-wrapper-icon\" style=\"\"><i class=\"grve-box-icon et-icon-map grve-text-primary-1\"><\/i><\/div><div class=\"grve-box-content\"><h5 class=\"grve-box-title grve-h5\">Mapa Interactivo<\/h5><p class=\"\">Mapa interactivo online<\/p><\/div><\/div>[\/vc_column_inner][vc_column_inner width=\u00bb1\/4&#8243;]<div class=\"grve-element grve-box-icon grve-small grve-top-icon grve-align-left\"><div class=\"grve-wrapper-icon\" style=\"\"><i class=\"grve-box-icon et-icon-book-open grve-text-primary-1\"><\/i><\/div><div class=\"grve-box-content\"><h5 class=\"grve-box-title grve-h5\">Bibliograf\u00eda<\/h5><p class=\"\">Una lista con referencia a recursos bibliogr\u00e1ficos<\/p><\/div><\/div>[\/vc_column_inner][vc_column_inner width=\u00bb1\/4&#8243;]<div class=\"grve-element grve-box-icon grve-small grve-top-icon grve-align-left\"><div class=\"grve-wrapper-icon\" style=\"\"><i class=\"grve-box-icon et-icon-bargraph grve-text-primary-1\"><\/i><\/div><div class=\"grve-box-content\"><h5 class=\"grve-box-title grve-h5\">Base de Datos<\/h5><p class=\"\">Una base de datos con empresas especializadas y su geolocalizaci\u00f3n <\/p><\/div><\/div>[\/vc_column_inner][vc_column_inner width=\u00bb1\/4&#8243;]<div class=\"grve-element grve-box-icon grve-small grve-top-icon grve-align-left\"><div class=\"grve-wrapper-icon\" style=\"\"><i class=\"grve-box-icon et-icon-profile-male grve-text-primary-1\"><\/i><\/div><div class=\"grve-box-content\"><h5 class=\"grve-box-title grve-h5\">Contacto<\/h5><p class=\"\">Informaci\u00f3n de contacto de actores claves<\/p><\/div><\/div>[\/vc_column_inner][\/vc_row_inner][vc_row_inner tablet_sm_visibility=\u00bbhide\u00bb mobile_visibility=\u00bbhide\u00bb][vc_column_inner]<div style=\"height: 80px;\" class=\"grve-empty-space\"><\/div>[\/vc_column_inner][\/vc_row_inner][vc_row_inner][vc_column_inner width=\u00bb1\/4&#8243;]<div class=\"grve-element grve-box-icon grve-small grve-top-icon grve-align-left\"><div class=\"grve-wrapper-icon\" style=\"\"><i class=\"grve-box-icon et-icon-magnifying-glass grve-text-primary-1\"><\/i><\/div><div class=\"grve-box-content\"><h5 class=\"grve-box-title grve-h5\">Informaci\u00f3n<\/h5><p class=\"\">Informaci\u00f3n relevante en blogs con proyectos de I+D+i<\/p><\/div><\/div>[\/vc_column_inner][vc_column_inner width=\u00bb1\/4&#8243;]<div class=\"grve-element grve-box-icon grve-small grve-top-icon grve-align-left\"><div class=\"grve-wrapper-icon\" style=\"\"><i class=\"grve-box-icon et-icon-desktop grve-text-primary-1\"><\/i><\/div><div class=\"grve-box-content\"><h5 class=\"grve-box-title grve-h5\">Formaci\u00f3n<\/h5><p class=\"\">Oportunidades de formaci\u00f3n<\/p><\/div><\/div>[\/vc_column_inner][vc_column_inner width=\u00bb1\/4&#8243;]<div class=\"grve-element grve-box-icon grve-small grve-top-icon grve-align-left\"><div class=\"grve-wrapper-icon\" style=\"\"><i class=\"grve-box-icon et-icon-quote grve-text-primary-1\"><\/i><\/div><div class=\"grve-box-content\"><h5 class=\"grve-box-title grve-h5\">FAQ<\/h5><p class=\"\">Un campo de preguntas frecuentes<\/p><\/div><\/div>[\/vc_column_inner][vc_column_inner width=\u00bb1\/4&#8243;][\/vc_column_inner][\/vc_row_inner][\/vc_column][\/vc_row][vc_row section_type=\u00bbfullwidth\u00bb padding_top_multiplier=\u00bb4x\u00bb padding_bottom_multiplier=\u00bb4x\u00bb columns_gap=\u00bb50&#8243; equal_column_height=\u00bbequal\u00bb][vc_column width=\u00bb1\/2&#8243; vertical_content_position=\u00bbmiddle\u00bb rc_bg_type=\u00bbimage\u00bb animation=\u00bbclipping\u00bb clipping_animation=\u00bbclipping-left\u00bb]<div class=\"grve-element grve-image grve-align-left\">\r\n\t<div class=\"grve-image-item\">\r\n\t\t\r\n\r\n<div class=\"grve-image-wrapper grve-radius-10 grve-shadow-small grve-no-effect\">\r\n\t\t<div class=\"grve-thumbnail-wrapper\"  style=\"width: 1000px;\"><div class=\"grve-thumbnail\"  style=\"padding-top: 70.7%;\"><img width=\"1000\" height=\"707\" src=\"https:\/\/www.3sqair.com\/wp-content\/uploads\/2021\/05\/expert-networks-3sqair-Interdisciplinary.jpg\" class=\"attachment-full size-full\" alt=\"\" data-column-space=\"auto\" data-lazyload=\"\" data-grve-filter=\"yes\" srcset=\"https:\/\/www.3sqair.com\/wp-content\/uploads\/2021\/05\/expert-networks-3sqair-Interdisciplinary.jpg 1000w, https:\/\/www.3sqair.com\/wp-content\/uploads\/2021\/05\/expert-networks-3sqair-Interdisciplinary-300x212.jpg 300w, https:\/\/www.3sqair.com\/wp-content\/uploads\/2021\/05\/expert-networks-3sqair-Interdisciplinary-768x543.jpg 768w\" sizes=\"(max-width: 1000px) 100vw, 1000px\" \/><\/div><\/div>\t<\/div>\r\n\t<\/div>\r\n<\/div>\r\n[\/vc_column][vc_column width=\u00bb1\/2&#8243; vertical_content_position=\u00bbmiddle\u00bb grve_css=\u00bb{\u00abdesktop\u00ab:{\u00abpadding-right\u00ab:\u00ab20%\u00ab,\u00abpadding-left\u00ab:\u00ab2%\u00ab,\u00abclass\u00ab:\u00abgrve-wpb-1620627407720\u00ab}}\u00bb]<h2 data-animation=\"clipping-left\" data-delay=\"200\" data-duration=\"slow\" class=\"grve-element grve-title grve-align-left grve-clipping-animation grve-advanced-animation grve-animated-item grve-h2\"><span><br>\n<h2>Taller<br \/>\ninterdisciplinario<\/h2>\n<\/span><\/h2>[vc_column_text]Igualmente, se realizar\u00e1 un taller interdisciplinario que servir\u00e1 para intercambiar conocimientos y experiencias sobre las mejores pr\u00e1cticas relacionadas con el desarrollo sostenible en instituciones educativas.<\/p>\n<p>La acci\u00f3n incluir\u00e1 el debate sobre c\u00f3mo hacer que las soluciones sostenibles sean accesibles para personas de entornos sociales y econ\u00f3micos m\u00e1s desfavorecidos[\/vc_column_text][\/vc_column][\/vc_row]<\/p>\n","protected":false},"excerpt":{"rendered":"<p>[vc_row section_type=\u00bbfullwidth\u00bb padding_bottom_multiplier=\u00bb3x\u00bb equal_column_height=\u00bbequal\u00bb separator_top_color=\u00bb#1e73be\u00bb][vc_column width=\u00bb1\/2&#8243; animation=\u00bbzoom-in\u00bb animation_delay=\u00bb100&#8243; animation_duration=\u00bbslow\u00bb column_sticky=\u00bbyes\u00bb hover_animation=\u00bbmagnetism\u00bb][\/vc_column][vc_column width=\u00bb1\/2&#8243; vertical_content_position=\u00bbmiddle\u00bb full_height=\u00bbyes\u00bb rc_bg_type=\u00bbcolor\u00bb grve_css=\u00bb{\u00abdesktop\u00ab:{\u00abpadding-right\u00ab:\u00ab30%\u00ab,\u00abpadding-left\u00ab:\u00ab2%\u00ab,\u00abclass\u00ab:\u00abgrve-wpb-1619681981569\u00ab},\u00abtablet_landscape\u00ab:{\u00abpadding-right\u00ab:\u00ab15%\u00ab,\u00abpadding-left\u00ab:\u00ab2%\u00ab}}\u00bb][vc_column_text animation=\u00bbfade-in-up\u00bb animation_delay=\u00bb2&#8243;]Es identificar y promover las mejores pr\u00e1cticas durante y despu\u00e9s del proyecto, por ello, la identificaci\u00f3n e involucraci\u00f3n de los actores interesados en el proyecto y los grupos destinatarios, es fundamental.[\/vc_column_text][\/vc_column][\/vc_row][vc_row padding_top_multiplier=\u00bb3x\u00bb padding_bottom_multiplier=\u00bb3x\u00bb rc_bg_type=\u00bbgradient\u00bb rc_bg_gradient_color_1=\u00bbrgba(3,78,144,0.08)\u00bb rc_bg_gradient_color_2=\u00bbrgba(29,190,244,0.05)\u00bb rc_bg_gradient_direction=\u00bb45&#8243; separator_top=\u00bbwave-right-separator\u00bb [&hellip;]<\/p>\n","protected":false},"author":1,"featured_media":589,"parent":0,"menu_order":0,"comment_status":"closed","ping_status":"closed","template":"","meta":{"_monsterinsights_skip_tracking":false,"_monsterinsights_sitenote_active":false,"_monsterinsights_sitenote_note":"","_monsterinsights_sitenote_category":0},"acf":[],"yoast_head":"<!-- This site is optimized with the Yoast SEO plugin v20.4 - https:\/\/yoast.com\/wordpress\/plugins\/seo\/ -->\n<title>Red de expertos - 3SqAIR<\/title>\n<meta name=\"robots\" content=\"index, follow, max-snippet:-1, max-image-preview:large, max-video-preview:-1\" \/>\n<link rel=\"canonical\" href=\"https:\/\/www.3sqair.com\/es\/red-de-expertos\/\" \/>\n<meta property=\"og:locale\" content=\"es_ES\" \/>\n<meta property=\"og:type\" content=\"article\" \/>\n<meta property=\"og:title\" content=\"Red de expertos - 3SqAIR\" \/>\n<meta property=\"og:description\" content=\"[vc_row section_type=\u00bbfullwidth\u00bb padding_bottom_multiplier=\u00bb3x\u00bb equal_column_height=\u00bbequal\u00bb separator_top_color=\u00bb#1e73be\u00bb][vc_column width=\u00bb1\/2&#8243; animation=\u00bbzoom-in\u00bb animation_delay=\u00bb100&#8243; animation_duration=\u00bbslow\u00bb column_sticky=\u00bbyes\u00bb hover_animation=\u00bbmagnetism\u00bb][\/vc_column][vc_column width=\u00bb1\/2&#8243; vertical_content_position=\u00bbmiddle\u00bb full_height=\u00bbyes\u00bb rc_bg_type=\u00bbcolor\u00bb grve_css=\u00bb{\u00abdesktop\u00ab:{\u00abpadding-right\u00ab:\u00ab30%\u00ab,\u00abpadding-left\u00ab:\u00ab2%\u00ab,\u00abclass\u00ab:\u00abgrve-wpb-1619681981569\u00ab},\u00abtablet_landscape\u00ab:{\u00abpadding-right\u00ab:\u00ab15%\u00ab,\u00abpadding-left\u00ab:\u00ab2%\u00ab}}\u00bb][vc_column_text animation=\u00bbfade-in-up\u00bb animation_delay=\u00bb2&#8243;]Es identificar y promover las mejores pr\u00e1cticas durante y despu\u00e9s del proyecto, por ello, la identificaci\u00f3n e involucraci\u00f3n de los actores interesados en el proyecto y los grupos destinatarios, es fundamental.[\/vc_column_text][\/vc_column][\/vc_row][vc_row padding_top_multiplier=\u00bb3x\u00bb padding_bottom_multiplier=\u00bb3x\u00bb rc_bg_type=\u00bbgradient\u00bb rc_bg_gradient_color_1=\u00bbrgba(3,78,144,0.08)\u00bb rc_bg_gradient_color_2=\u00bbrgba(29,190,244,0.05)\u00bb rc_bg_gradient_direction=\u00bb45&#8243; separator_top=\u00bbwave-right-separator\u00bb [&hellip;]\" \/>\n<meta property=\"og:url\" content=\"https:\/\/www.3sqair.com\/es\/red-de-expertos\/\" \/>\n<meta property=\"og:site_name\" content=\"3SqAIR\" \/>\n<meta property=\"article:modified_time\" content=\"2021-06-25T08:21:02+00:00\" \/>\n<meta property=\"og:image\" content=\"https:\/\/www.3sqair.com\/wp-content\/uploads\/2021\/04\/expert-networks-3sqair-img02.jpg\" \/>\n\t<meta property=\"og:image:width\" content=\"824\" \/>\n\t<meta property=\"og:image:height\" content=\"628\" \/>\n\t<meta property=\"og:image:type\" content=\"image\/jpeg\" \/>\n<meta name=\"twitter:card\" content=\"summary_large_image\" \/>\n<meta name=\"twitter:label1\" content=\"Tiempo de lectura\" \/>\n\t<meta name=\"twitter:data1\" content=\"4 minutos\" \/>\n<script type=\"application\/ld+json\" class=\"yoast-schema-graph\">{\"@context\":\"https:\/\/schema.org\",\"@graph\":[{\"@type\":\"WebPage\",\"@id\":\"https:\/\/www.3sqair.com\/es\/red-de-expertos\/\",\"url\":\"https:\/\/www.3sqair.com\/es\/red-de-expertos\/\",\"name\":\"Red de expertos - 3SqAIR\",\"isPartOf\":{\"@id\":\"https:\/\/www.3sqair.com\/es\/#website\"},\"datePublished\":\"2021-06-22T10:37:49+00:00\",\"dateModified\":\"2021-06-25T08:21:02+00:00\",\"breadcrumb\":{\"@id\":\"https:\/\/www.3sqair.com\/es\/red-de-expertos\/#breadcrumb\"},\"inLanguage\":\"es\",\"potentialAction\":[{\"@type\":\"ReadAction\",\"target\":[\"https:\/\/www.3sqair.com\/es\/red-de-expertos\/\"]}]},{\"@type\":\"BreadcrumbList\",\"@id\":\"https:\/\/www.3sqair.com\/es\/red-de-expertos\/#breadcrumb\",\"itemListElement\":[{\"@type\":\"ListItem\",\"position\":1,\"name\":\"Home\",\"item\":\"https:\/\/www.3sqair.com\/es\/\"},{\"@type\":\"ListItem\",\"position\":2,\"name\":\"Red de expertos\"}]},{\"@type\":\"WebSite\",\"@id\":\"https:\/\/www.3sqair.com\/es\/#website\",\"url\":\"https:\/\/www.3sqair.com\/es\/\",\"name\":\"3SqAIR\",\"description\":\"SUSTAINABLE SMART STRATEGY FOR AIR QUALITY ASSURANCE IN CLASSROOMS\",\"potentialAction\":[{\"@type\":\"SearchAction\",\"target\":{\"@type\":\"EntryPoint\",\"urlTemplate\":\"https:\/\/www.3sqair.com\/es\/?s={search_term_string}\"},\"query-input\":\"required name=search_term_string\"}],\"inLanguage\":\"es\"}]}<\/script>\n<!-- \/ Yoast SEO plugin. -->","yoast_head_json":{"title":"Red de expertos - 3SqAIR","robots":{"index":"index","follow":"follow","max-snippet":"max-snippet:-1","max-image-preview":"max-image-preview:large","max-video-preview":"max-video-preview:-1"},"canonical":"https:\/\/www.3sqair.com\/es\/red-de-expertos\/","og_locale":"es_ES","og_type":"article","og_title":"Red de expertos - 3SqAIR","og_description":"[vc_row section_type=\u00bbfullwidth\u00bb padding_bottom_multiplier=\u00bb3x\u00bb equal_column_height=\u00bbequal\u00bb separator_top_color=\u00bb#1e73be\u00bb][vc_column width=\u00bb1\/2&#8243; animation=\u00bbzoom-in\u00bb animation_delay=\u00bb100&#8243; animation_duration=\u00bbslow\u00bb column_sticky=\u00bbyes\u00bb hover_animation=\u00bbmagnetism\u00bb][\/vc_column][vc_column width=\u00bb1\/2&#8243; vertical_content_position=\u00bbmiddle\u00bb full_height=\u00bbyes\u00bb rc_bg_type=\u00bbcolor\u00bb grve_css=\u00bb{\u00abdesktop\u00ab:{\u00abpadding-right\u00ab:\u00ab30%\u00ab,\u00abpadding-left\u00ab:\u00ab2%\u00ab,\u00abclass\u00ab:\u00abgrve-wpb-1619681981569\u00ab},\u00abtablet_landscape\u00ab:{\u00abpadding-right\u00ab:\u00ab15%\u00ab,\u00abpadding-left\u00ab:\u00ab2%\u00ab}}\u00bb][vc_column_text animation=\u00bbfade-in-up\u00bb animation_delay=\u00bb2&#8243;]Es identificar y promover las mejores pr\u00e1cticas durante y despu\u00e9s del proyecto, por ello, la identificaci\u00f3n e involucraci\u00f3n de los actores interesados en el proyecto y los grupos destinatarios, es fundamental.[\/vc_column_text][\/vc_column][\/vc_row][vc_row padding_top_multiplier=\u00bb3x\u00bb padding_bottom_multiplier=\u00bb3x\u00bb rc_bg_type=\u00bbgradient\u00bb rc_bg_gradient_color_1=\u00bbrgba(3,78,144,0.08)\u00bb rc_bg_gradient_color_2=\u00bbrgba(29,190,244,0.05)\u00bb rc_bg_gradient_direction=\u00bb45&#8243; separator_top=\u00bbwave-right-separator\u00bb [&hellip;]","og_url":"https:\/\/www.3sqair.com\/es\/red-de-expertos\/","og_site_name":"3SqAIR","article_modified_time":"2021-06-25T08:21:02+00:00","og_image":[{"width":824,"height":628,"url":"https:\/\/www.3sqair.com\/wp-content\/uploads\/2021\/04\/expert-networks-3sqair-img02.jpg","type":"image\/jpeg"}],"twitter_card":"summary_large_image","twitter_misc":{"Tiempo de lectura":"4 minutos"},"schema":{"@context":"https:\/\/schema.org","@graph":[{"@type":"WebPage","@id":"https:\/\/www.3sqair.com\/es\/red-de-expertos\/","url":"https:\/\/www.3sqair.com\/es\/red-de-expertos\/","name":"Red de expertos - 3SqAIR","isPartOf":{"@id":"https:\/\/www.3sqair.com\/es\/#website"},"datePublished":"2021-06-22T10:37:49+00:00","dateModified":"2021-06-25T08:21:02+00:00","breadcrumb":{"@id":"https:\/\/www.3sqair.com\/es\/red-de-expertos\/#breadcrumb"},"inLanguage":"es","potentialAction":[{"@type":"ReadAction","target":["https:\/\/www.3sqair.com\/es\/red-de-expertos\/"]}]},{"@type":"BreadcrumbList","@id":"https:\/\/www.3sqair.com\/es\/red-de-expertos\/#breadcrumb","itemListElement":[{"@type":"ListItem","position":1,"name":"Home","item":"https:\/\/www.3sqair.com\/es\/"},{"@type":"ListItem","position":2,"name":"Red de expertos"}]},{"@type":"WebSite","@id":"https:\/\/www.3sqair.com\/es\/#website","url":"https:\/\/www.3sqair.com\/es\/","name":"3SqAIR","description":"SUSTAINABLE SMART STRATEGY FOR AIR QUALITY ASSURANCE IN CLASSROOMS","potentialAction":[{"@type":"SearchAction","target":{"@type":"EntryPoint","urlTemplate":"https:\/\/www.3sqair.com\/es\/?s={search_term_string}"},"query-input":"required name=search_term_string"}],"inLanguage":"es"}]}},"_links":{"self":[{"href":"https:\/\/www.3sqair.com\/es\/wp-json\/wp\/v2\/pages\/1288"}],"collection":[{"href":"https:\/\/www.3sqair.com\/es\/wp-json\/wp\/v2\/pages"}],"about":[{"href":"https:\/\/www.3sqair.com\/es\/wp-json\/wp\/v2\/types\/page"}],"author":[{"embeddable":true,"href":"https:\/\/www.3sqair.com\/es\/wp-json\/wp\/v2\/users\/1"}],"replies":[{"embeddable":true,"href":"https:\/\/www.3sqair.com\/es\/wp-json\/wp\/v2\/comments?post=1288"}],"version-history":[{"count":0,"href":"https:\/\/www.3sqair.com\/es\/wp-json\/wp\/v2\/pages\/1288\/revisions"}],"wp:featuredmedia":[{"embeddable":true,"href":"https:\/\/www.3sqair.com\/es\/wp-json\/wp\/v2\/media\/589"}],"wp:attachment":[{"href":"https:\/\/www.3sqair.com\/es\/wp-json\/wp\/v2\/media?parent=1288"}],"curies":[{"name":"wp","href":"https:\/\/api.w.org\/{rel}","templated":true}]}}