{"id":1275,"date":"2021-06-22T09:15:44","date_gmt":"2021-06-22T09:15:44","guid":{"rendered":"https:\/\/www.3sqair.com\/?page_id=1275"},"modified":"2021-06-25T08:07:37","modified_gmt":"2021-06-25T08:07:37","slug":"contexto","status":"publish","type":"page","link":"https:\/\/www.3sqair.com\/es\/contexto\/","title":{"rendered":"Contexto"},"content":{"rendered":"<p>[vc_row][vc_column]<div style=\"height: 50px;\" class=\"grve-empty-space\"><\/div>[\/vc_column][\/vc_row][vc_row padding_top_multiplier=\u00bb\u00bb padding_bottom_multiplier=\u00bb\u00bb rc_bg_type=\u00bbcolor\u00bb equal_column_height=\u00bbequal\u00bb separator_top_color=\u00bb#1e73be\u00bb][vc_column width=\u00bb5\/12&#8243; rc_bg_type=\u00bbcolor\u00bb]<div class=\"grve-element grve-cascading-images grve-image-expand-width\"><div class=\"grve-image-item-wrapper\"><div data-animation=\"fade-in-right\" data-delay=\"20\" data-duration=\"slow\" class=\"grve-image-item grve-animated-item\"><div style=\"transform: translate(10%,5%)\" class=\"grve-image-item-inner grve-radius-10\"><div class=\"grve-thumbnail-wrapper\"><div class=\"grve-thumbnail\"  style=\"padding-top: 125%;\"><img width=\"300\" height=\"375\" src=\"https:\/\/www.3sqair.com\/wp-content\/uploads\/2021\/04\/context-3sqair-texture02.jpg\" class=\"attachment-full size-full\" alt=\"\" data-column-space=\"100\" data-lazyload=\"native-lazyload\" data-grve-filter=\"yes\" srcset=\"https:\/\/www.3sqair.com\/wp-content\/uploads\/2021\/04\/context-3sqair-texture02.jpg 300w, https:\/\/www.3sqair.com\/wp-content\/uploads\/2021\/04\/context-3sqair-texture02-240x300.jpg 240w\" sizes=\"(max-width: 300px) 100vw, 300px\" loading=\"lazy\" \/><\/div><\/div><\/div><\/div><\/div><div class=\"grve-image-item-wrapper\"><div data-animation=\"fade-in-up\" data-delay=\"0\" data-duration=\"normal\" class=\"grve-image-item grve-animated-item\"><div style=\"transform: translate(-10%,0px)\" class=\"grve-image-item-inner grve-radius-5\"><div class=\"grve-thumbnail-wrapper\"><div class=\"grve-thumbnail\"  style=\"padding-top: 130.952%;\"><img width=\"420\" height=\"550\" src=\"https:\/\/www.3sqair.com\/wp-content\/uploads\/2021\/04\/context-3sqair-img02.jpg\" class=\"attachment-full size-full\" alt=\"\" data-column-space=\"100\" data-lazyload=\"native-lazyload\" data-grve-filter=\"yes\" srcset=\"https:\/\/www.3sqair.com\/wp-content\/uploads\/2021\/04\/context-3sqair-img02.jpg 420w, https:\/\/www.3sqair.com\/wp-content\/uploads\/2021\/04\/context-3sqair-img02-229x300.jpg 229w\" sizes=\"(max-width: 420px) 100vw, 420px\" loading=\"lazy\" \/><\/div><\/div><\/div><\/div><\/div><\/div>[\/vc_column][vc_column width=\u00bb7\/12&#8243; vertical_content_position=\u00bbmiddle\u00bb full_height=\u00bbyes\u00bb]<h6 data-animation=\"clipping-left\" data-delay=\"200\" data-duration=\"slow\" class=\"grve-element grve-title grve-align-left grve-clipping-animation grve-advanced-animation grve-animated-item grve-h6 grve-text-primary-2\" style=\"margin-bottom: 0px;\"><span><br>\n<h6><span style=\"color: #003399;\">CONTEXTO<\/span><\/h6>\n<\/span><\/h6><h2 data-animation=\"appear-down\" data-delay=\"200\" data-duration=\"slow\" class=\"grve-element grve-title grve-align-left grve-appear-animation grve-advanced-animation grve-animated-item grve-h2 grve-text-primary-1\" style=\"margin-bottom: 0px;\"><span><br>\n<h2>La calidad del aire que respiramos<br \/>\ntiene una incidencia directa <span style=\"color: #fdc608;\"><br \/>\nen nuestra salud<\/span><\/h2>\n<\/span><\/h2><div style=\"height: 20px;\" class=\"grve-empty-space\"><\/div>[vc_row_inner][vc_column_inner width=\u00bb1\/2&#8243;][vc_column_text animation=\u00bbfade-in-up\u00bb animation_delay=\u00bb2&#8243;]<\/p>\n<p style=\"text-align: left;\">Seg\u00fan varios estudios, la exposici\u00f3n cr\u00f3nica a contaminantes en el aire interior causa problemas como alergias y enfermedades respiratorias (asma, bronquitis etc.), y otros que pueden pasar desapercibidos como fatiga mental o disminuci\u00f3n de los niveles de concentraci\u00f3n, lo que afecta al rendimiento y a la productividad intelectual.<\/p>\n<p>[\/vc_column_text][\/vc_column_inner][vc_column_inner width=\u00bb1\/2&#8243;][vc_column_text animation=\u00bbfade-in-up\u00bb animation_delay=\u00bb2&#8243;]<\/p>\n<p style=\"text-align: left;\">En torno al 70% de los colegios europeos sufren al alg\u00fan momento aumentos de la cantidad de CO2 m\u00e1s all\u00e1 de los m\u00e1ximos admisibles y, a su vez, los centros docentes representan la quinta parte del parque inmobiliario del sector terciario.<\/p>\n<p style=\"text-align: left;\">Debido a la falta de ventilaci\u00f3n o al sistema deficiente de renovaci\u00f3n de aire y a la alta ocupaci\u00f3n en las aulas, el aire interior de estos edificios suele estar viciado.<\/p>\n<p>[\/vc_column_text][\/vc_column_inner][\/vc_row_inner][\/vc_column][\/vc_row][vc_row padding_bottom_multiplier=\u00bb2x\u00bb tablet_sm_visibility=\u00bbhide\u00bb mobile_visibility=\u00bbhide\u00bb][vc_column]<div style=\"height: 80px;\" class=\"grve-empty-space\"><\/div>[\/vc_column][\/vc_row][vc_row desktop_visibility=\u00bbhide\u00bb tablet_visibility=\u00bbhide\u00bb][vc_column]<div style=\"height: 50px;\" class=\"grve-empty-space\"><\/div>[\/vc_column][\/vc_row][vc_row padding_top_multiplier=\u00bb2x\u00bb padding_bottom_multiplier=\u00bb2x\u00bb rc_bg_type=\u00bbgradient\u00bb rc_bg_gradient_color_1=\u00bbrgba(0,51,153,0.09)\u00bb rc_bg_gradient_color_2=\u00bbrgba(190,244,243,0.16)\u00bb separator_bottom=\u00bbwave-left-separator\u00bb][vc_column]<div style=\"height: 10px;\" class=\"grve-empty-space\"><\/div><div class=\"grve-element grve-image grve-align-center\">\r\n\t<div class=\"grve-image-item\">\r\n\t\t\r\n\r\n<div class=\"grve-image-wrapper grve-radius-5 grve-no-effect\">\r\n\t\t<div class=\"grve-thumbnail-wrapper\"  style=\"width: 101px;\"><div class=\"grve-thumbnail\"  style=\"padding-top: 80.198%;\"><img width=\"101\" height=\"81\" src=\"https:\/\/www.3sqair.com\/wp-content\/uploads\/2021\/04\/A-seccion.png\" class=\"attachment-full size-full\" alt=\"\" data-column-space=\"auto\" data-lazyload=\"\" data-grve-filter=\"yes\" \/><\/div><\/div>\t<\/div>\r\n\t<\/div>\r\n<\/div>\r\n<h3 class=\"grve-element grve-title grve-align-center grve-h3\"><span><br>\n<h3 style=\"text-align: center;\">Conocimiento de la situaci\u00f3n de la calidad del aire, en diferentes espacios,<br \/>\nen tres fases:<\/h3>\n<\/span><\/h3><div style=\"height: 50px;\" class=\"grve-empty-space\"><\/div>[vc_row_inner equal_column_height=\u00bbequal\u00bb][vc_column_inner width=\u00bb5\/12&#8243; vertical_content_position=\u00bbmiddle\u00bb]<div data-animation=\"clipping-left\" data-delay=\"200\" data-duration=\"slow\" class=\"grve-element grve-image grve-align-center grve-clipping-animation grve-advanced-animation grve-animated-item\">\r\n\t<div class=\"grve-image-item\">\r\n\t\t\r\n\r\n<div class=\"grve-image-wrapper grve-radius-5 grve-no-effect\">\r\n\t\t<div class=\"grve-thumbnail-wrapper\"  style=\"width: 1000px;\"><div class=\"grve-thumbnail\"  style=\"padding-top: 50%;\"><img width=\"1000\" height=\"500\" src=\"https:\/\/www.3sqair.com\/wp-content\/uploads\/2021\/05\/context-3sqair-evaluation-phase.jpg\" class=\"attachment-full size-full\" alt=\"\" data-column-space=\"auto\" data-lazyload=\"\" data-grve-filter=\"yes\" srcset=\"https:\/\/www.3sqair.com\/wp-content\/uploads\/2021\/05\/context-3sqair-evaluation-phase.jpg 1000w, https:\/\/www.3sqair.com\/wp-content\/uploads\/2021\/05\/context-3sqair-evaluation-phase-300x150.jpg 300w, https:\/\/www.3sqair.com\/wp-content\/uploads\/2021\/05\/context-3sqair-evaluation-phase-768x384.jpg 768w\" sizes=\"(max-width: 1000px) 100vw, 1000px\" \/><\/div><\/div>\t<\/div>\r\n\t<\/div>\r\n<\/div>\r\n[\/vc_column_inner][vc_column_inner width=\u00bb7\/12&#8243; vertical_content_position=\u00bbmiddle\u00bb]<div class=\"grve-element grve-single-icon grve-align-left grve-small\"><div class=\"grve-wrapper-icon grve-text-primary-2\"><i class=\"et-icon-magnifying-glass\"><\/i><\/div><\/div><div style=\"height: 15px;\" class=\"grve-empty-space\"><\/div>[vc_column_text]<\/p>\n<h4><span style=\"color: #c16023;\">1. Fase de evaluaci\u00f3n, en la que se analizar\u00e1n:<\/span><\/h4>\n<p>Las tecnolog\u00edas que mejoran la CAI; la tecnolog\u00eda actual, los sistemas y dispositivos para medici\u00f3n de la CAI, las nuevas tendencias de la tecnolog\u00eda y los sistemas de medici\u00f3n y las pol\u00edticas relacionadas.<\/p>\n<p>Los estudios existentes sobre la calidad del aire interior, los contaminantes emergentes, la salud y el bienestar de los usuarios.[\/vc_column_text][\/vc_column_inner][\/vc_row_inner][vc_row_inner equal_column_height=\u00bbequal\u00bb][vc_column_inner vertical_content_position=\u00bbmiddle\u00bb]<div style=\"height: 100px;\" class=\"grve-empty-space\"><\/div>[\/vc_column_inner][\/vc_row_inner][vc_row_inner equal_column_height=\u00bbequal\u00bb][vc_column_inner width=\u00bb5\/12&#8243; vertical_content_position=\u00bbmiddle\u00bb]<div style=\"height: 30px;\" class=\"grve-empty-space\"><\/div><div data-animation=\"clipping-left\" data-delay=\"200\" data-duration=\"slow\" class=\"grve-element grve-image grve-align-center grve-clipping-animation grve-advanced-animation grve-animated-item\">\r\n\t<div class=\"grve-image-item\">\r\n\t\t\r\n\r\n<div class=\"grve-image-wrapper grve-radius-5 grve-no-effect\">\r\n\t\t<div class=\"grve-thumbnail-wrapper\"  style=\"width: 1000px;\"><div class=\"grve-thumbnail\"  style=\"padding-top: 75%;\"><img width=\"1000\" height=\"750\" src=\"https:\/\/www.3sqair.com\/wp-content\/uploads\/2021\/04\/context-3sqair-seccion-a-03.jpg\" class=\"attachment-full size-full\" alt=\"\" data-column-space=\"auto\" data-lazyload=\"\" data-grve-filter=\"yes\" srcset=\"https:\/\/www.3sqair.com\/wp-content\/uploads\/2021\/04\/context-3sqair-seccion-a-03.jpg 1000w, https:\/\/www.3sqair.com\/wp-content\/uploads\/2021\/04\/context-3sqair-seccion-a-03-300x225.jpg 300w, https:\/\/www.3sqair.com\/wp-content\/uploads\/2021\/04\/context-3sqair-seccion-a-03-768x576.jpg 768w, https:\/\/www.3sqair.com\/wp-content\/uploads\/2021\/04\/context-3sqair-seccion-a-03-560x420.jpg 560w, https:\/\/www.3sqair.com\/wp-content\/uploads\/2021\/04\/context-3sqair-seccion-a-03-900x675.jpg 900w\" sizes=\"(max-width: 1000px) 100vw, 1000px\" \/><\/div><\/div>\t<\/div>\r\n\t<\/div>\r\n<\/div>\r\n[\/vc_column_inner][vc_column_inner width=\u00bb7\/12&#8243; vertical_content_position=\u00bbmiddle\u00bb]<div class=\"grve-element grve-single-icon grve-align-inherit grve-small\"><div class=\"grve-wrapper-icon grve-text-primary-2\"><i class=\"et-icon-chat\"><\/i><\/div><\/div><div style=\"height: 15px;\" class=\"grve-empty-space\"><\/div>[vc_column_text]<\/p>\n<h4><span style=\"color: #c16023;\">2. Fase de participaci\u00f3n de otros actores vinculados,<\/span><\/h4>\n<p>que aportar\u00e1 diferentes puntos de vista, desde fabricantes de equipos de ventilaci\u00f3n; expertos de CAI; encargados de administrar y mantener las instalaciones; propietarios de edificios; usuarios de las aulas; asociaciones de padres; o autoridades locales a cargo de pol\u00edticas educativas, de salud p\u00fablica y de desarrollo econ\u00f3mico y sostenible.:<\/p>\n<p>La participaci\u00f3n de estos actores se llevar\u00e1 a cabo, entre otras acciones a trav\u00e9s de:<br \/>\nUn cuestionario.<br \/>\nUn taller de expertos.<br \/>\nCaf\u00e9s cient\u00edficos.<\/p>\n<p>Las actividades que se lleven a cabo en esta fase permitir\u00e1n crear una Red de Expertos en la cadena de valor de la Calidad del Aire Interior (CAI). [\/vc_column_text][\/vc_column_inner][\/vc_row_inner][vc_row_inner equal_column_height=\u00bbequal\u00bb][vc_column_inner vertical_content_position=\u00bbmiddle\u00bb]<div style=\"height: 100px;\" class=\"grve-empty-space\"><\/div>[\/vc_column_inner][\/vc_row_inner][vc_row_inner equal_column_height=\u00bbequal\u00bb][vc_column_inner width=\u00bb5\/12&#8243; vertical_content_position=\u00bbmiddle\u00bb]<div data-animation=\"clipping-left\" data-delay=\"200\" data-duration=\"slow\" class=\"grve-element grve-image grve-align-center grve-clipping-animation grve-advanced-animation grve-animated-item\">\r\n\t<div class=\"grve-image-item\">\r\n\t\t\r\n\r\n<div class=\"grve-image-wrapper grve-radius-5 grve-no-effect\">\r\n\t\t<div class=\"grve-thumbnail-wrapper\"  style=\"width: 1000px;\"><div class=\"grve-thumbnail\"  style=\"padding-top: 50%;\"><img width=\"1000\" height=\"500\" src=\"https:\/\/www.3sqair.com\/wp-content\/uploads\/2021\/04\/context-3sqair-seccion-a-04.jpg\" class=\"attachment-full size-full\" alt=\"\" data-column-space=\"auto\" data-lazyload=\"\" data-grve-filter=\"yes\" srcset=\"https:\/\/www.3sqair.com\/wp-content\/uploads\/2021\/04\/context-3sqair-seccion-a-04.jpg 1000w, https:\/\/www.3sqair.com\/wp-content\/uploads\/2021\/04\/context-3sqair-seccion-a-04-300x150.jpg 300w, https:\/\/www.3sqair.com\/wp-content\/uploads\/2021\/04\/context-3sqair-seccion-a-04-768x384.jpg 768w\" sizes=\"(max-width: 1000px) 100vw, 1000px\" \/><\/div><\/div>\t<\/div>\r\n\t<\/div>\r\n<\/div>\r\n[\/vc_column_inner][vc_column_inner width=\u00bb7\/12&#8243; vertical_content_position=\u00bbmiddle\u00bb]<div class=\"grve-element grve-single-icon grve-align-inherit grve-small\"><div class=\"grve-wrapper-icon grve-text-primary-2\"><i class=\"et-icon-presentation\"><\/i><\/div><\/div><div style=\"height: 15px;\" class=\"grve-empty-space\"><\/div>[vc_column_text]<\/p>\n<h4><span style=\"color: #c16023;\">3. Fase de definici\u00f3n el mecanismo interno de la Red de Expertos,<\/span><\/h4>\n<p>que asegure su funcionalidad. incluso despu\u00e9s de que finalice el proyecto.[\/vc_column_text][\/vc_column_inner][\/vc_row_inner][vc_row_inner equal_column_height=\u00bbequal\u00bb][vc_column_inner vertical_content_position=\u00bbmiddle\u00bb]<div style=\"height: 100px;\" class=\"grve-empty-space\"><\/div>[\/vc_column_inner][\/vc_row_inner][\/vc_column][\/vc_row][vc_row][vc_column]<div style=\"height: 50px;\" class=\"grve-empty-space\"><\/div>[\/vc_column][\/vc_row][vc_row padding_bottom_multiplier=\u00bb3x\u00bb][vc_column]<div class=\"grve-element grve-image grve-align-center\">\r\n\t<div class=\"grve-image-item\">\r\n\t\t\r\n\r\n<div class=\"grve-image-wrapper grve-radius-5 grve-no-effect\">\r\n\t\t<div class=\"grve-thumbnail-wrapper\"  style=\"width: 101px;\"><div class=\"grve-thumbnail\"  style=\"padding-top: 80.198%;\"><img width=\"101\" height=\"81\" src=\"https:\/\/www.3sqair.com\/wp-content\/uploads\/2021\/04\/b-seccion.png\" class=\"attachment-full size-full\" alt=\"\" data-column-space=\"auto\" data-lazyload=\"\" data-grve-filter=\"yes\" \/><\/div><\/div>\t<\/div>\r\n\t<\/div>\r\n<\/div>\r\n<h3 class=\"grve-element grve-title grve-align-center grve-h3\"><span><br>\n<h3 style=\"text-align: center;\">Identificaci\u00f3n de estrategias de innovaci\u00f3n inteligente y sostenible<br \/>\na nivel nacional y regional<\/h3>\n<\/span><\/h3><div style=\"height: 50px;\" class=\"grve-empty-space\"><\/div>[vc_row_inner equal_column_height=\u00bbequal\u00bb][vc_column_inner width=\u00bb5\/12&#8243; vertical_content_position=\u00bbmiddle\u00bb]<div class=\"grve-element grve-single-icon grve-align-inherit grve-small\"><div class=\"grve-wrapper-icon grve-text-primary-2\"><i class=\"et-icon-clock\"><\/i><\/div><\/div><div style=\"height: 15px;\" class=\"grve-empty-space\"><\/div>[vc_column_text]<\/p>\n<h4><span style=\"color: #c16023;\">1. Para implementar el proyecto con mayor precisi\u00f3n:<\/span><\/h4>\n<p>Es necesario conocer las estrategias que ya se llevan cabo en las diferentes regiones que forman parte del proyecto, para ello, se formular\u00e1 un marco com\u00fan para el espacio SUDOE enfocado en soluciones inteligentes y sostenibles para garantizar la CAI en las aulas. [\/vc_column_text][\/vc_column_inner][vc_column_inner width=\u00bb7\/12&#8243; vertical_content_position=\u00bbmiddle\u00bb]<div data-animation=\"clipping-left\" data-delay=\"200\" data-duration=\"slow\" class=\"grve-element grve-image grve-align-center grve-clipping-animation grve-advanced-animation grve-animated-item\">\r\n\t<div class=\"grve-image-item\">\r\n\t\t\r\n\r\n<div class=\"grve-image-wrapper grve-radius-5 grve-no-effect\">\r\n\t\t<div class=\"grve-thumbnail-wrapper\"  style=\"width: 1000px;\"><div class=\"grve-thumbnail\"  style=\"padding-top: 56.3%;\"><img width=\"1000\" height=\"563\" src=\"https:\/\/www.3sqair.com\/wp-content\/uploads\/2021\/05\/context-3sqair-implemen-project.jpg\" class=\"attachment-full size-full\" alt=\"\" data-column-space=\"auto\" data-lazyload=\"\" data-grve-filter=\"yes\" srcset=\"https:\/\/www.3sqair.com\/wp-content\/uploads\/2021\/05\/context-3sqair-implemen-project.jpg 1000w, https:\/\/www.3sqair.com\/wp-content\/uploads\/2021\/05\/context-3sqair-implemen-project-300x169.jpg 300w, https:\/\/www.3sqair.com\/wp-content\/uploads\/2021\/05\/context-3sqair-implemen-project-768x432.jpg 768w\" sizes=\"(max-width: 1000px) 100vw, 1000px\" \/><\/div><\/div>\t<\/div>\r\n\t<\/div>\r\n<\/div>\r\n[\/vc_column_inner][\/vc_row_inner][\/vc_column][\/vc_row][vc_row][vc_column]<div style=\"height: 50px;\" class=\"grve-empty-space\"><\/div>[\/vc_column][\/vc_row]<\/p>\n","protected":false},"excerpt":{"rendered":"<p>[vc_row][vc_column][\/vc_column][\/vc_row][vc_row padding_top_multiplier=\u00bb\u00bb padding_bottom_multiplier=\u00bb\u00bb rc_bg_type=\u00bbcolor\u00bb equal_column_height=\u00bbequal\u00bb separator_top_color=\u00bb#1e73be\u00bb][vc_column width=\u00bb5\/12&#8243; rc_bg_type=\u00bbcolor\u00bb][\/vc_column][vc_column width=\u00bb7\/12&#8243; vertical_content_position=\u00bbmiddle\u00bb full_height=\u00bbyes\u00bb][vc_row_inner][vc_column_inner width=\u00bb1\/2&#8243;][vc_column_text animation=\u00bbfade-in-up\u00bb animation_delay=\u00bb2&#8243;] Seg\u00fan varios estudios, la exposici\u00f3n cr\u00f3nica a contaminantes en el aire interior causa problemas como alergias y enfermedades respiratorias (asma, bronquitis etc.), y otros que pueden pasar desapercibidos como fatiga mental o disminuci\u00f3n de los niveles de concentraci\u00f3n, lo que afecta [&hellip;]<\/p>\n","protected":false},"author":1,"featured_media":450,"parent":0,"menu_order":0,"comment_status":"closed","ping_status":"closed","template":"","meta":{"_monsterinsights_skip_tracking":false,"_monsterinsights_sitenote_active":false,"_monsterinsights_sitenote_note":"","_monsterinsights_sitenote_category":0},"acf":[],"yoast_head":"<!-- This site is optimized with the Yoast SEO plugin v20.4 - https:\/\/yoast.com\/wordpress\/plugins\/seo\/ -->\n<title>Contexto - 3SqAIR<\/title>\n<meta name=\"robots\" content=\"index, follow, max-snippet:-1, max-image-preview:large, max-video-preview:-1\" \/>\n<link rel=\"canonical\" href=\"https:\/\/www.3sqair.com\/es\/contexto\/\" \/>\n<meta property=\"og:locale\" content=\"es_ES\" \/>\n<meta property=\"og:type\" content=\"article\" \/>\n<meta property=\"og:title\" content=\"Contexto - 3SqAIR\" \/>\n<meta property=\"og:description\" content=\"[vc_row][vc_column][\/vc_column][\/vc_row][vc_row padding_top_multiplier=\u00bb\u00bb padding_bottom_multiplier=\u00bb\u00bb rc_bg_type=\u00bbcolor\u00bb equal_column_height=\u00bbequal\u00bb separator_top_color=\u00bb#1e73be\u00bb][vc_column width=\u00bb5\/12&#8243; rc_bg_type=\u00bbcolor\u00bb][\/vc_column][vc_column width=\u00bb7\/12&#8243; vertical_content_position=\u00bbmiddle\u00bb full_height=\u00bbyes\u00bb][vc_row_inner][vc_column_inner width=\u00bb1\/2&#8243;][vc_column_text animation=\u00bbfade-in-up\u00bb animation_delay=\u00bb2&#8243;] Seg\u00fan varios estudios, la exposici\u00f3n cr\u00f3nica a contaminantes en el aire interior causa problemas como alergias y enfermedades respiratorias (asma, bronquitis etc.), y otros que pueden pasar desapercibidos como fatiga mental o disminuci\u00f3n de los niveles de concentraci\u00f3n, lo que afecta [&hellip;]\" \/>\n<meta property=\"og:url\" content=\"https:\/\/www.3sqair.com\/es\/contexto\/\" \/>\n<meta property=\"og:site_name\" content=\"3SqAIR\" \/>\n<meta property=\"article:modified_time\" content=\"2021-06-25T08:07:37+00:00\" \/>\n<meta property=\"og:image\" content=\"https:\/\/www.3sqair.com\/wp-content\/uploads\/2021\/04\/context-3sqair-img02.jpg\" \/>\n\t<meta property=\"og:image:width\" content=\"420\" \/>\n\t<meta property=\"og:image:height\" content=\"550\" \/>\n\t<meta property=\"og:image:type\" content=\"image\/jpeg\" \/>\n<meta name=\"twitter:card\" content=\"summary_large_image\" \/>\n<meta name=\"twitter:label1\" content=\"Tiempo de lectura\" \/>\n\t<meta name=\"twitter:data1\" content=\"6 minutos\" \/>\n<script type=\"application\/ld+json\" class=\"yoast-schema-graph\">{\"@context\":\"https:\/\/schema.org\",\"@graph\":[{\"@type\":\"WebPage\",\"@id\":\"https:\/\/www.3sqair.com\/es\/contexto\/\",\"url\":\"https:\/\/www.3sqair.com\/es\/contexto\/\",\"name\":\"Contexto - 3SqAIR\",\"isPartOf\":{\"@id\":\"https:\/\/www.3sqair.com\/es\/#website\"},\"datePublished\":\"2021-06-22T09:15:44+00:00\",\"dateModified\":\"2021-06-25T08:07:37+00:00\",\"breadcrumb\":{\"@id\":\"https:\/\/www.3sqair.com\/es\/contexto\/#breadcrumb\"},\"inLanguage\":\"es\",\"potentialAction\":[{\"@type\":\"ReadAction\",\"target\":[\"https:\/\/www.3sqair.com\/es\/contexto\/\"]}]},{\"@type\":\"BreadcrumbList\",\"@id\":\"https:\/\/www.3sqair.com\/es\/contexto\/#breadcrumb\",\"itemListElement\":[{\"@type\":\"ListItem\",\"position\":1,\"name\":\"Home\",\"item\":\"https:\/\/www.3sqair.com\/es\/\"},{\"@type\":\"ListItem\",\"position\":2,\"name\":\"Contexto\"}]},{\"@type\":\"WebSite\",\"@id\":\"https:\/\/www.3sqair.com\/es\/#website\",\"url\":\"https:\/\/www.3sqair.com\/es\/\",\"name\":\"3SqAIR\",\"description\":\"SUSTAINABLE SMART STRATEGY FOR AIR QUALITY ASSURANCE IN CLASSROOMS\",\"potentialAction\":[{\"@type\":\"SearchAction\",\"target\":{\"@type\":\"EntryPoint\",\"urlTemplate\":\"https:\/\/www.3sqair.com\/es\/?s={search_term_string}\"},\"query-input\":\"required name=search_term_string\"}],\"inLanguage\":\"es\"}]}<\/script>\n<!-- \/ Yoast SEO plugin. -->","yoast_head_json":{"title":"Contexto - 3SqAIR","robots":{"index":"index","follow":"follow","max-snippet":"max-snippet:-1","max-image-preview":"max-image-preview:large","max-video-preview":"max-video-preview:-1"},"canonical":"https:\/\/www.3sqair.com\/es\/contexto\/","og_locale":"es_ES","og_type":"article","og_title":"Contexto - 3SqAIR","og_description":"[vc_row][vc_column][\/vc_column][\/vc_row][vc_row padding_top_multiplier=\u00bb\u00bb padding_bottom_multiplier=\u00bb\u00bb rc_bg_type=\u00bbcolor\u00bb equal_column_height=\u00bbequal\u00bb separator_top_color=\u00bb#1e73be\u00bb][vc_column width=\u00bb5\/12&#8243; rc_bg_type=\u00bbcolor\u00bb][\/vc_column][vc_column width=\u00bb7\/12&#8243; vertical_content_position=\u00bbmiddle\u00bb full_height=\u00bbyes\u00bb][vc_row_inner][vc_column_inner width=\u00bb1\/2&#8243;][vc_column_text animation=\u00bbfade-in-up\u00bb animation_delay=\u00bb2&#8243;] Seg\u00fan varios estudios, la exposici\u00f3n cr\u00f3nica a contaminantes en el aire interior causa problemas como alergias y enfermedades respiratorias (asma, bronquitis etc.), y otros que pueden pasar desapercibidos como fatiga mental o disminuci\u00f3n de los niveles de concentraci\u00f3n, lo que afecta [&hellip;]","og_url":"https:\/\/www.3sqair.com\/es\/contexto\/","og_site_name":"3SqAIR","article_modified_time":"2021-06-25T08:07:37+00:00","og_image":[{"width":420,"height":550,"url":"https:\/\/www.3sqair.com\/wp-content\/uploads\/2021\/04\/context-3sqair-img02.jpg","type":"image\/jpeg"}],"twitter_card":"summary_large_image","twitter_misc":{"Tiempo de lectura":"6 minutos"},"schema":{"@context":"https:\/\/schema.org","@graph":[{"@type":"WebPage","@id":"https:\/\/www.3sqair.com\/es\/contexto\/","url":"https:\/\/www.3sqair.com\/es\/contexto\/","name":"Contexto - 3SqAIR","isPartOf":{"@id":"https:\/\/www.3sqair.com\/es\/#website"},"datePublished":"2021-06-22T09:15:44+00:00","dateModified":"2021-06-25T08:07:37+00:00","breadcrumb":{"@id":"https:\/\/www.3sqair.com\/es\/contexto\/#breadcrumb"},"inLanguage":"es","potentialAction":[{"@type":"ReadAction","target":["https:\/\/www.3sqair.com\/es\/contexto\/"]}]},{"@type":"BreadcrumbList","@id":"https:\/\/www.3sqair.com\/es\/contexto\/#breadcrumb","itemListElement":[{"@type":"ListItem","position":1,"name":"Home","item":"https:\/\/www.3sqair.com\/es\/"},{"@type":"ListItem","position":2,"name":"Contexto"}]},{"@type":"WebSite","@id":"https:\/\/www.3sqair.com\/es\/#website","url":"https:\/\/www.3sqair.com\/es\/","name":"3SqAIR","description":"SUSTAINABLE SMART STRATEGY FOR AIR QUALITY ASSURANCE IN CLASSROOMS","potentialAction":[{"@type":"SearchAction","target":{"@type":"EntryPoint","urlTemplate":"https:\/\/www.3sqair.com\/es\/?s={search_term_string}"},"query-input":"required name=search_term_string"}],"inLanguage":"es"}]}},"_links":{"self":[{"href":"https:\/\/www.3sqair.com\/es\/wp-json\/wp\/v2\/pages\/1275"}],"collection":[{"href":"https:\/\/www.3sqair.com\/es\/wp-json\/wp\/v2\/pages"}],"about":[{"href":"https:\/\/www.3sqair.com\/es\/wp-json\/wp\/v2\/types\/page"}],"author":[{"embeddable":true,"href":"https:\/\/www.3sqair.com\/es\/wp-json\/wp\/v2\/users\/1"}],"replies":[{"embeddable":true,"href":"https:\/\/www.3sqair.com\/es\/wp-json\/wp\/v2\/comments?post=1275"}],"version-history":[{"count":0,"href":"https:\/\/www.3sqair.com\/es\/wp-json\/wp\/v2\/pages\/1275\/revisions"}],"wp:featuredmedia":[{"embeddable":true,"href":"https:\/\/www.3sqair.com\/es\/wp-json\/wp\/v2\/media\/450"}],"wp:attachment":[{"href":"https:\/\/www.3sqair.com\/es\/wp-json\/wp\/v2\/media?parent=1275"}],"curies":[{"name":"wp","href":"https:\/\/api.w.org\/{rel}","templated":true}]}}